{"id":5700,"date":"2024-12-25T03:33:01","date_gmt":"2024-12-25T03:33:01","guid":{"rendered":"https:\/\/casinovape.de\/?post_type=product&#038;p=5700"},"modified":"2025-12-12T02:16:12","modified_gmt":"2025-12-12T02:16:12","slug":"entrepot-europeen-smpo-dl02-10000-bouffees-a-faible-teneur-en-nicotine-acheter-stylo-vapes-jetable-rechargeable-authentique-original-3","status":"publish","type":"product","link":"https:\/\/casinovape.de\/fr\/produit\/entrepot-europeen-smpo-dl02-10000-bouffees-a-faible-teneur-en-nicotine-acheter-stylo-vapes-jetable-rechargeable-authentique-original-3\/","title":{"rendered":"Entrep\u00f4t europ\u00e9en SMPO TRON35000 bouff\u00e9es Shisha faible nicotine Acheter Vape Pen jetable rechargeable authentique d'origine"},"content":{"rendered":"<div style=\"width: 1020px;\" class=\"wp-video\"><!--[if lt IE 9]><script>document.createElement('video');<\/script><![endif]-->\n<video class=\"wp-video-shortcode\" id=\"video-5700-1\" width=\"1020\" height=\"574\" preload=\"metadata\" controls=\"controls\"><source type=\"video\/mp4\" src=\"https:\/\/casinovape.de\/wp-content\/uploads\/2024\/12\/Smpo-TRON35000-Shisha-.mp4?_=1\" \/><a href=\"https:\/\/casinovape.de\/wp-content\/uploads\/2024\/12\/Smpo-TRON35000-Shisha-.mp4\">https:\/\/casinovape.de\/wp-content\/uploads\/2024\/12\/Smpo-TRON35000-Shisha-.mp4<\/a><\/video><\/div>\n<h2><strong><a href=\"https:\/\/casinovape.de\/fr\/categorie-de-produit\/vapes-jetables-smpo-dl02\/\">SMPO TRON35000 Puffs Shisha<\/a> Vape jetable : L'exp\u00e9rience de vapotage ultime<\/strong><\/h2>\n<h3><strong>Vue d'ensemble<\/strong><\/h3>\n<p>Le <strong>SMPO TRON35000 Puffs Shisha Einweg-Vape \n\nbecomes \n\nSMPO TRON35000 Puffs Shisha Vape jetable<\/strong> est l'\u00e9pitom\u00e9 de la technologie de vapotage innovante, m\u00e9ticuleusement con\u00e7ue pour les amateurs avertis qui exigent des performances exceptionnelles, un style et une commodit\u00e9. Cet appareil de pointe offre une exp\u00e9rience \u00e9poustouflante <strong>35 000 bouff\u00e9es<\/strong>assurant un plaisir durable \u00e0 chaque session. Con\u00e7u avec pr\u00e9cision et fonctionnalit\u00e9 \u00e0 l'esprit, il arbore un facteur de forme \u00e9l\u00e9gant et compact, parfait pour une utilisation en d\u00e9placement tout en maintenant une qualit\u00e9 de vapeur sup\u00e9rieure.<\/p>\n<p>Fabriqu\u00e9 pour r\u00e9pondre aux normes de s\u00e9curit\u00e9 et de qualit\u00e9 europ\u00e9ennes, le <strong>SMPO TRON35000<\/strong> est votre choix de confiance pour une exp\u00e9rience de vapotage haut de gamme. Avec un <strong>syst\u00e8me d'airflow r\u00e9glable<\/strong>les utilisateurs peuvent personnaliser leurs pr\u00e9f\u00e9rences d'inhalation, tandis que le <strong>technologie de stockage de e-liquide \u00e9tanche<\/strong> garantit une session sans d\u00e9sordre. Que vous soyez un vapoteur exp\u00e9riment\u00e9 ou un nouveau venu, cet appareil offre une satisfaction in\u00e9gal\u00e9e et une exp\u00e9rience fluide.<\/p>\n<p>\u00c0 <strong>casinovape.de<\/strong>, la plus grande plateforme en ligne allemande pour les vapes jetables, vous pouvez acheter le <strong>SMPO TRON35000 Puffs Shisha Einweg-Vape \n\nbecomes \n\nSMPO TRON35000 Puffs Shisha Vape jetable<\/strong> directement sans quantit\u00e9 minimale de commande. Notre entrep\u00f4t europ\u00e9en assure <strong>Livraison rapide (3-7 jours)<\/strong> \u00e0 travers l'UE, en vous apportant le vapotage haut de gamme directement \u00e0 votre porte.<\/p>\n<p><img loading=\"lazy\" decoding=\"async\" class=\"alignnone wp-image-5724 size-full\" src=\"https:\/\/casinovape.de\/wp-content\/uploads\/2024\/12\/Smpo-TRON35000-Shisha-3.webp\" alt=\"Entrep\u00f4t europ\u00e9en SMPO TRON35000 bouff\u00e9es Shisha faible nicotine Acheter Vape Pen jetable rechargeable authentique d&#039;origine \" width=\"1280\" height=\"1798\" srcset=\"https:\/\/casinovape.de\/wp-content\/uploads\/2024\/12\/Smpo-TRON35000-Shisha-3.webp 1280w, https:\/\/casinovape.de\/wp-content\/uploads\/2024\/12\/Smpo-TRON35000-Shisha-3-214x300.webp 214w, https:\/\/casinovape.de\/wp-content\/uploads\/2024\/12\/Smpo-TRON35000-Shisha-3-729x1024.webp 729w, https:\/\/casinovape.de\/wp-content\/uploads\/2024\/12\/Smpo-TRON35000-Shisha-3-768x1079.webp 768w, https:\/\/casinovape.de\/wp-content\/uploads\/2024\/12\/Smpo-TRON35000-Shisha-3-1093x1536.webp 1093w, https:\/\/casinovape.de\/wp-content\/uploads\/2024\/12\/Smpo-TRON35000-Shisha-3-9x12.webp 9w, https:\/\/casinovape.de\/wp-content\/uploads\/2024\/12\/Smpo-TRON35000-Shisha-3-600x843.webp 600w\" sizes=\"auto, (max-width: 1280px) 100vw, 1280px\" \/><\/p>\n<h3><strong>Fonctionnalit\u00e9s cl\u00e9s<\/strong><\/h3>\n<ul>\n<li><strong>35 000 bouff\u00e9es pour une utilisation prolong\u00e9e<\/strong><br \/>\nProfitez d'une exp\u00e9rience incroyable <strong>35 000 bouff\u00e9es<\/strong> par appareil, permettant des sessions de vapotage prolong\u00e9es sans remplacements constants.<\/li>\n<li><strong>Syst\u00e8me de d\u00e9bit d'air r\u00e9glable<\/strong><br \/>\nPersonnalisez votre exp\u00e9rience de vapotage avec une innovation <strong>syst\u00e8me d'airflow r\u00e9glable<\/strong> pour des tirages lisses ou intenses.<\/li>\n<li><strong>Conception \u00e9tanche<\/strong><br \/>\nConstruit avec un <strong>syst\u00e8me avanc\u00e9 de stockage de e-liquide \u00e9tanche aux fuites<\/strong>en garantissant une exp\u00e9rience propre et sans tracas.<\/li>\n<li><strong>Pile rechargeable<\/strong><br \/>\n\u00c9quip\u00e9 d'un <strong>batterie rechargeable<\/strong>permettant de profiter de chaque derni\u00e8re goutte de e-liquide sans interruptions.<\/li>\n<li><strong>Performance Shisha Premium<\/strong><br \/>\nLivraison \nou  Livres \nou  D\u00e9livre <strong>production de vapeur coh\u00e9rente et robuste<\/strong> pour une exp\u00e9rience de style shisha authentique.<\/li>\n<li><strong>Conception \u00e9l\u00e9gante et compacte<\/strong><br \/>\nL\u00e9ger, \u00e9l\u00e9gant et portable - id\u00e9al pour le vapotage en d\u00e9placement sans sacrifier la qualit\u00e9.<\/li>\n<li><strong>Normes conformes \u00e0 l'UE<\/strong><br \/>\nFabriqu\u00e9 conform\u00e9ment \u00e0 des r\u00e9glementations europ\u00e9ennes strictes pour assurer la qualit\u00e9 et la s\u00e9curit\u00e9.<\/li>\n<li><strong>Livraison rapide dans l'UE<\/strong><br \/>\nExp\u00e9di\u00e9 directement de notre <strong>Entrep\u00f4t de vape europ\u00e9en<\/strong>arrivant dans <strong>3-7 jours<\/strong>.<\/li>\n<\/ul>\n<hr \/>\n<h3><strong>Pourquoi choisir <a href=\"https:\/\/casinovape.de\/fr\/categorie-de-produit\/vapes-jetables-smpo-dl02\/\">SMPO TRON35000 Shisha<\/a> Einweg-Vape de Casinovape.de<\/strong><\/h3>\n<p>\u2705 <strong>Pas de quantit\u00e9 minimale de commande :<\/strong> Commandez ne serait-ce qu'un seul appareil et profitez toujours d'un service premium.<br \/>\n\u2705 <strong>Livraison rapide en Europe :<\/strong> La livraison directe depuis notre entrep\u00f4t europ\u00e9en garantit des d\u00e9lais de rotation rapides.<br \/>\n\u2705 <strong>Assurance qualit\u00e9 fiable :<\/strong> Tous les produits r\u00e9pondent aux normes de l'UE en mati\u00e8re de s\u00e9curit\u00e9 et de qualit\u00e9.<br \/>\n\u2705 <strong>Tarifs comp\u00e9titifs :<\/strong> Obtenez la meilleure valeur pour des vapes jetables de haute qualit\u00e9.<br \/>\n\u2705 <strong>Large s\u00e9lection de saveurs :<\/strong> Choisissez parmi un \u00e9ventail de saveurs d\u00e9licieuses adapt\u00e9es \u00e0 vos pr\u00e9f\u00e9rences.<\/p>\n<p>\u00c0 <strong>casinovape.de<\/strong>Nous sommes fiers de livrer l'excellence dans chaque produit. Que vous soyez un utilisateur occasionnel ou un passionn\u00e9, le <strong>SMPO TRON35000 Puffs Shisha Einweg-Vape \n\nbecomes \n\nSMPO TRON35000 Puffs Shisha Vape jetable<\/strong> est con\u00e7u pour d\u00e9passer vos attentes.<\/p>\n<hr \/>\n<h2><strong>Collection de saveurs<\/strong><\/h2>\n<p>Offrez-vous une vari\u00e9t\u00e9 de saveurs m\u00e9ticuleusement con\u00e7ues, chacune con\u00e7ue pour offrir une exp\u00e9rience de vapotage distincte et agr\u00e9able.<\/p>\n<ol>\n<li><strong>Double Pomme:<\/strong> Un classique intemporel, combinant la fra\u00eecheur des pommes vertes avec la douceur des pommes rouges pour une saveur rafra\u00eechissante et \u00e9quilibr\u00e9e.<\/li>\n<li><strong>Mango Freeze :<\/strong> Exp\u00e9rimentez la douceur tropicale de la mangue m\u00fbre associ\u00e9e \u00e0 une touche de menthol glac\u00e9e pour une sensation exaltante.<\/li>\n<li><strong>Glace au raisin :<\/strong> Jus de raisin juteux et baign\u00e9 de soleil m\u00e9lang\u00e9 \u00e0 une fra\u00eeche note menthol\u00e9e - id\u00e9al pour une inhalation lisse et fruit\u00e9e.<\/li>\n<li><strong>Bleu Razz Lemonade :<\/strong> Un m\u00e9lange piquant de framboises bleues et de citronnade piquante, offrant un profil sucr\u00e9 mais acide.<\/li>\n<li><strong>Cherry Cola: \nCoca-Cola aux cerises<\/strong> Une base de cola p\u00e9tillant avec une explosion de cerises sucr\u00e9es - id\u00e9al pour ceux qui aiment les saveurs de soda nostalgiques.<\/li>\n<li><strong>P\u00eache Glac\u00e9e :<\/strong> Notes de p\u00eache succulentes harmonis\u00e9es avec une finition glac\u00e9e rafra\u00eechissante pour une vapeur lisse et parfum\u00e9e.<\/li>\n<li><strong>M\u00e9lange de baies<\/strong> Une s\u00e9lection assortie de baies regorgeant de saveurs de fruits vibrantes pour un profil riche et nuanc\u00e9.<\/li>\n<li><strong>Glace de past\u00e8que<\/strong> Past\u00e8que juteuse rehauss\u00e9e d'une touche glac\u00e9e, offrant une exp\u00e9rience rafra\u00eechissante.<\/li>\n<li><strong>Amour magique :<\/strong> Un m\u00e9lange myst\u00e9rieux et d\u00e9licieux de notes fruit\u00e9es et florales - chaque bouff\u00e9e est une surprise enchanteresse.<\/li>\n<li><strong>Amour 66:<\/strong> Les saveurs exotiques de fruits se m\u00ealent \u00e0 des notes fra\u00eeches, cr\u00e9ant une vape irr\u00e9sistible et inoubliable.<\/li>\n<\/ol>\n<p>Chaque saveur a \u00e9t\u00e9 soigneusement formul\u00e9e pour offrir une satisfaction maximale \u00e0 chaque bouff\u00e9e, garantissant une sensation de gorge lisse et une saveur constante tout au long.<\/p>\n<hr \/>\n<h2><strong>Comment commander ?<\/strong><\/h2>\n<p>L'achat de la <strong>SMPO TRON35000 Puffs Shisha Einweg-Vape \n\nbecomes \n\nSMPO TRON35000 Puffs Shisha Vape jetable<\/strong> est facile et pratique :<\/p>\n<ol>\n<li><strong>Visitez <a href=\"https:\/\/casinovape.de\/fr\/\">casinovape.de<\/a><\/strong><\/li>\n<li>D\u00e9couvrez notre large s\u00e9lection de vapes jetables haut de gamme.<\/li>\n<li>S\u00e9lectionnez vos saveurs pr\u00e9f\u00e9r\u00e9es et la quantit\u00e9.<\/li>\n<li>Profitez d'une exp\u00e9dition rapide depuis notre entrep\u00f4t de vape europ\u00e9en dans <strong>3-7 jours<\/strong>!<\/li>\n<\/ol>\n<p>\u00c0 <strong>casinovape.de<\/strong>Nous donnons la priorit\u00e9 \u00e0 votre satisfaction pour chaque achat.<\/p>\n<hr \/>\n<h2><strong>Votre destination de vapotage premium en Allemagne<\/strong><\/h2>\n<p>Lorsqu'il s'agit de <strong>Vapes jetables<\/strong>, <strong>casinovape.de<\/strong> se d\u00e9marque comme le premier choix pour les amateurs \u00e0 travers l'Allemagne et l'UE. Avec <strong>produits de premier plan<\/strong>, <strong>Exp\u00e9dition \u00e9clair<\/strong>, et <strong>un engagement envers l'excellence<\/strong>Nous garantissons une exp\u00e9rience d'achat fluide \u00e0 chaque fois.<\/p>\n<p>Commandez vos <strong>SMPO TRON35000 Puffs Shisha Einweg-Vape \n\nbecomes \n\nSMPO TRON35000 Puffs Shisha Vape jetable<\/strong> Aujourd'hui et \u00e9levez votre exp\u00e9rience de vapotage !<\/p>\n<p><strong>\ud83d\uded2 Acheter maintenant sur <a href=\"#\" rel=\"noopener\">casinovape.de<\/a> \u2013 O\u00f9 la qualit\u00e9 rencontre la commodit\u00e9 !<\/strong><\/p>","protected":false},"excerpt":{"rendered":"<div class=\"flex-shrink-0 flex flex-col relative items-end\">\n<div class=\"pt-0\">\n<div class=\"gizmo-shadow-stroke flex h-8 w-8 items-center justify-center overflow-hidden rounded-full\">\n<div class=\"h-full w-full\">\n<div class=\"gizmo-shadow-stroke overflow-hidden rounded-full\">Le <strong>SMPO TRON35000 Puffs Shisha Einweg-Vape \n\nbecomes \n\nSMPO TRON35000 Puffs Shisha Vape jetable<\/strong> est une vape jetable rechargeable haut de gamme offrant jusqu'\u00e0 <strong>35 000 bouff\u00e9es<\/strong>, d\u00e9bit d'air r\u00e9glable, conception \u00e9tanche, et une vari\u00e9t\u00e9 de saveurs riches, garantissant une exp\u00e9rience de vapotage sup\u00e9rieure et personnalisable.<\/div>\n<\/div>\n<\/div>\n<\/div>\n<\/div>","protected":false},"featured_media":5728,"comment_status":"open","ping_status":"closed","template":"","meta":[],"product_brand":[],"product_cat":[20,78,79,80,82,83,84,86,88,90,92,94,99,65,66,67,68,69,70,71,72,73,74,75,76,77,57,64,45,48,50,47,52,54,55],"product_tag":[],"class_list":{"0":"post-5700","1":"product","2":"type-product","3":"status-publish","4":"has-post-thumbnail","6":"product_cat-smpo-dl02-disposable-vapes","7":"product_cat-buy-best-disposable-vape-flavors","8":"product_cat-apple-flavor-disposable-vapes","9":"product_cat-blue-razz-flavor-disposable-vapes","10":"product_cat-cherry-flavor-disposable-vapes","11":"product_cat-cola-flavor-disposable-vapes","12":"product_cat-grape-flavor-disposable-vapes","13":"product_cat-ice-flavor-disposable-vapes","14":"product_cat-lemon-flavor-disposable-vapes","15":"product_cat-mango-flavor-disposable-vapes","16":"product_cat-mixed-berries-flavor-disposable-vapes","17":"product_cat-peach-flavor-disposable-vapes","18":"product_cat-watermelon-flavor-disposable-vapes","19":"product_cat-best-disposable-vape-in-europe","20":"product_cat-buy-disposable-vapes-in-austria","21":"product_cat-buy-disposable-vapes-in-belgium","22":"product_cat-buy-disposable-vapes-in-france","23":"product_cat-buy-disposable-vapes-in-germany","24":"product_cat-buy-disposable-vapes-in-italy","25":"product_cat-buy-disposable-vapes-in-netherlands","26":"product_cat-buy-disposable-vapes-in-norway","27":"product_cat-buy-disposable-vapes-in-poland","28":"product_cat-buy-disposable-vapes-in-portugal","29":"product_cat-buy-disposable-vapes-in-spain","30":"product_cat-buy-disposable-vapes-in-sweden","31":"product_cat-buy-disposable-vapes-in-switzerland","32":"product_cat-shop-disposable-vapes-by-puffs","33":"product_cat-30000-puff-disposable-vape","34":"product_cat-disposable-vape-types","35":"product_cat-big-puffs-disposable-vapes","36":"product_cat-digital-box-disposable-vapes","37":"product_cat-full-screen-disposable-vapes","38":"product_cat-lower-nicotine-disposable-vapes","39":"product_cat-rechargeable-disposable-vapes","40":"product_cat-shisha-hookah-disposable-vapes","42":"first","43":"instock","44":"sale","45":"shipping-taxable","46":"purchasable","47":"product-type-variable"},"jetpack_sharing_enabled":true,"_links":{"self":[{"href":"https:\/\/casinovape.de\/fr\/wp-json\/wp\/v2\/product\/5700","targetHints":{"allow":["GET"]}}],"collection":[{"href":"https:\/\/casinovape.de\/fr\/wp-json\/wp\/v2\/product"}],"about":[{"href":"https:\/\/casinovape.de\/fr\/wp-json\/wp\/v2\/types\/product"}],"replies":[{"embeddable":true,"href":"https:\/\/casinovape.de\/fr\/wp-json\/wp\/v2\/comments?post=5700"}],"wp:featuredmedia":[{"embeddable":true,"href":"https:\/\/casinovape.de\/fr\/wp-json\/wp\/v2\/media\/5728"}],"wp:attachment":[{"href":"https:\/\/casinovape.de\/fr\/wp-json\/wp\/v2\/media?parent=5700"}],"wp:term":[{"taxonomy":"product_brand","embeddable":true,"href":"https:\/\/casinovape.de\/fr\/wp-json\/wp\/v2\/product_brand?post=5700"},{"taxonomy":"product_cat","embeddable":true,"href":"https:\/\/casinovape.de\/fr\/wp-json\/wp\/v2\/product_cat?post=5700"},{"taxonomy":"product_tag","embeddable":true,"href":"https:\/\/casinovape.de\/fr\/wp-json\/wp\/v2\/product_tag?post=5700"}],"curies":[{"name":"wp","href":"https:\/\/api.w.org\/{rel}","templated":true}]}}