{"id":4386,"date":"2024-11-27T13:05:58","date_gmt":"2024-11-27T13:05:58","guid":{"rendered":"https:\/\/casinovape.de\/?post_type=product&#038;p=4386"},"modified":"2025-05-12T07:26:20","modified_gmt":"2025-05-12T07:26:20","slug":"entrepot-europeen-fumot-randm-tornado-15000-bouffees-a-faible-teneur-en-nicotine-acheter-stylo-vapes-jetable-rechargeable-authentique-original","status":"publish","type":"product","link":"https:\/\/casinovape.de\/fr\/produit\/entrepot-europeen-fumot-randm-tornado-15000-bouffees-a-faible-teneur-en-nicotine-acheter-stylo-vapes-jetable-rechargeable-authentique-original\/","title":{"rendered":"Entrep\u00f4t europ\u00e9en Fumot RandM Tornado 15000 bouff\u00e9es Faible nicotine Acheter Vape Pen jetable Rechargeable Authentique d'origine"},"content":{"rendered":"<div style=\"width: 1020px;\" class=\"wp-video\"><!--[if lt IE 9]><script>document.createElement('video');<\/script><![endif]-->\n<video class=\"wp-video-shortcode\" id=\"video-4386-1\" width=\"1020\" height=\"574\" preload=\"metadata\" controls=\"controls\"><source type=\"video\/mp4\" src=\"https:\/\/casinovape.de\/wp-content\/uploads\/2024\/11\/tornado-15000-\u89c6\u9891-\u538b\u7f29\u7248.mp4?_=1\" \/><a href=\"https:\/\/casinovape.de\/wp-content\/uploads\/2024\/11\/tornado-15000-\u89c6\u9891-\u538b\u7f29\u7248.mp4\">https:\/\/casinovape.de\/wp-content\/uploads\/2024\/11\/tornado-15000-\u89c6\u9891-\u538b\u7f29\u7248.mp4<\/a><\/video><\/div>\n<h2><strong>Fumot RandM Tornado 15000 Puffs E-Cigarette Jetable - L'Exp\u00e9rience de Vapotage Ultime<\/strong><\/h2>\n<p>Si vous \u00eates un passionn\u00e9 de vape en Allemagne, il n'y a pas de meilleure fa\u00e7on de satisfaire vos envies qu'avec la cigarette \u00e9lectronique jetable Fumot RandM Tornado 15000 Puffs. R\u00e9put\u00e9e pour ses performances impressionnantes et ses saveurs riches, cette vape jetable haut de gamme est le compagnon id\u00e9al aussi bien pour les nouveaux vapoteurs que pour les amateurs exp\u00e9riment\u00e9s. Charg\u00e9e d'innovation et de fiabilit\u00e9, elle combine commodit\u00e9, style et satisfaction durable le tout dans un seul appareil.<\/p>\n<p>Disponible exclusivement sur casinovape.de, la plus grande plateforme de vente en ligne allemande pour les cigarettes \u00e9lectroniques jetables, le RandM Tornado 15000 est con\u00e7u pour offrir une exp\u00e9rience de vapotage sans \u00e9gale. Explorons tout ce que cet appareil a \u00e0 offrir.<\/p>\n<p><img loading=\"lazy\" decoding=\"async\" class=\"alignnone wp-image-2933 size-full\" src=\"https:\/\/casinovape.de\/wp-content\/uploads\/2024\/11\/Fumot-RandM-Tornado-15000-1-scaled.webp\" alt=\"Entrep\u00f4t europ\u00e9en Fumot RandM Tornado 15000 bouff\u00e9es Faible nicotine Acheter Vape Pen jetable Rechargeable Authentique d&#039;origine\" width=\"2560\" height=\"1641\" srcset=\"https:\/\/casinovape.de\/wp-content\/uploads\/2024\/11\/Fumot-RandM-Tornado-15000-1-scaled.webp 2560w, https:\/\/casinovape.de\/wp-content\/uploads\/2024\/11\/Fumot-RandM-Tornado-15000-1-300x192.webp 300w, https:\/\/casinovape.de\/wp-content\/uploads\/2024\/11\/Fumot-RandM-Tornado-15000-1-1024x656.webp 1024w, https:\/\/casinovape.de\/wp-content\/uploads\/2024\/11\/Fumot-RandM-Tornado-15000-1-768x492.webp 768w, https:\/\/casinovape.de\/wp-content\/uploads\/2024\/11\/Fumot-RandM-Tornado-15000-1-1536x984.webp 1536w, https:\/\/casinovape.de\/wp-content\/uploads\/2024\/11\/Fumot-RandM-Tornado-15000-1-2048x1313.webp 2048w, https:\/\/casinovape.de\/wp-content\/uploads\/2024\/11\/Fumot-RandM-Tornado-15000-1-18x12.webp 18w, https:\/\/casinovape.de\/wp-content\/uploads\/2024\/11\/Fumot-RandM-Tornado-15000-1-600x385.webp 600w\" sizes=\"auto, (max-width: 2560px) 100vw, 2560px\" \/><\/p>\n<h3><strong>Pr\u00e9sentation du produit \u2013 <a href=\"https:\/\/casinovape.de\/fr\/categorie-de-produit\/vapes-jetables-randm-fumot\/\">Fumot<\/a> RandM Tornado 15000 bouff\u00e9es<\/strong><\/h3>\n<p>La cigarette \u00e9lectronique jetable Fumot RandM Tornado 15000 Puffs se d\u00e9marque sur le march\u00e9 encombr\u00e9 de la vape en raison de ses caract\u00e9ristiques uniques. Elle est con\u00e7ue avec une batterie de 850mAh, garantissant une utilisation durable pour des sessions de vape prolong\u00e9es sans se soucier d'une recharge fr\u00e9quente.<\/p>\n<p>L'une des caract\u00e9ristiques remarquables de cette vape est sa capacit\u00e9 impressionnante de 25 ml de e-liquide, vous permettant de profiter de vos jus de vape pr\u00e9f\u00e9r\u00e9s pendant une p\u00e9riode prolong\u00e9e. Avec jusqu'\u00e0 15 000 bouff\u00e9es par appareil, vous pouvez vous adonner \u00e0 une exp\u00e9rience satisfaisante sans avoir besoin de recharger.<\/p>\n<p>Gr\u00e2ce \u00e0 sa bobine en maille de 0,90 hm, chaque bouff\u00e9e d\u00e9livre des nuages riches et lisses remplis de saveur. Que vous cherchiez \u00e0 profiter d'une vape occasionnelle ou \u00e0 plonger dans des nuages profonds et parfum\u00e9s, la bobine en maille garantit une production de vapeur constante.<\/p>\n<p>De plus, l'inclusion d'un port de charge de type C permet une recharge rapide et efficace, minimisant les temps d'arr\u00eat entre les sessions de vapotage. Le contr\u00f4le de d\u00e9bit d'air r\u00e9glable vous permet \u00e9galement de personnaliser votre tirage pour trouver l'exp\u00e9rience de vapotage parfaite adapt\u00e9e \u00e0 vos pr\u00e9f\u00e9rences.<\/p>\n<p>Pour couronner le tout, le Fumot RandM Tornado 15000 dispose d'une lumi\u00e8re RGB qui ajoute une touche visuellement frappante \u00e0 l'appareil tout en indiquant le statut de la batterie. Que vous vapiez chez vous ou en d\u00e9placement, cette vape jetable est con\u00e7ue pour se d\u00e9marquer et offrir un ajout fonctionnel et \u00e9l\u00e9gant \u00e0 votre routine de vapotage.<\/p>\n<h3><strong>Fonctionnalit\u00e9s cl\u00e9s de la <a href=\"https:\/\/casinovape.de\/fr\/categorie-de-produit\/vapes-jetables-randm-fumot\/\">Fumot<\/a> RandM Tornado 15000 Puffs Vape jetable<\/strong><\/h3>\n<ul>\n<li><strong>Batterie 850mAh<\/strong> \u2013 Fournit une puissance durable pour des sessions de vapotage prolong\u00e9es.<\/li>\n<li><strong>Capacit\u00e9 de e-liquide de 25 ml<\/strong> \u2013 Contient une grande quantit\u00e9 de liquide \u00e9lectronique, vous permettant de tirer le meilleur parti de votre appareil.<\/li>\n<li><strong>0,90hm Mesh Coil<\/strong> \u2013 Livr\u00e9 avec une vapeur lisse et constante et am\u00e9liore la production de saveur \u00e0 chaque bouff\u00e9e.<\/li>\n<li><strong>Port de charge Type-C<\/strong> \u2013 Profitez d'une recharge rapide pour minimiser les temps d'arr\u00eat et garder votre vape pr\u00eat \u00e0 l'emploi.<\/li>\n<li><strong>15 000 bouff\u00e9es<\/strong> \u2013 Une dur\u00e9e de vie impressionnante vous assure une satisfaction maximale sans avoir besoin de recharges.<\/li>\n<li><strong>Indicateur de lumi\u00e8re RGB<\/strong> Ajoute une touche de style et vous tient inform\u00e9 de l'\u00e9tat de votre batterie.<\/li>\n<li><strong>Contr\u00f4le du flux d'air<\/strong> \u2013 Personnalisez votre exp\u00e9rience de vapotage avec un d\u00e9bit d'air r\u00e9glable pour r\u00e9pondre \u00e0 vos pr\u00e9f\u00e9rences personnelles.<\/li>\n<li><strong>Rechargeable \n\n R\u00e9utilisable \n Rechargeable<\/strong> \u2013 Permet d'utiliser chaque goutte de e-liquide, gr\u00e2ce \u00e0 sa conception rechargeable.<\/li>\n<\/ul>\n<p>Avec ces sp\u00e9cifications impressionnantes, la cigarette \u00e9lectronique jetable Fumot RandM Tornado 15000 Puffs offre une combinaison imbattable de puissance, de commodit\u00e9 et de performances pour une exp\u00e9rience de vapotage ultime.<\/p>\n<h3><strong>Profil de saveur en profondeur - Une sensation gustative \u00e0 chaque bouff\u00e9e<\/strong><\/h3>\n<p>Lorsqu'il s'agit de vapoter, la saveur est primordiale. Avec le Fumot RandM Tornado 15000, vous vivrez une explosion de saveurs, soigneusement con\u00e7ues pour satisfaire vos papilles et \u00e9lever votre plaisir de vapoter.<\/p>\n<p>Cette cigarette \u00e9lectronique jetable offre une gamme de 41 saveurs d\u00e9licieuses, allant des fruits acidul\u00e9s aux m\u00e9langes glac\u00e9s rafra\u00eechissants, garantissant qu'il y a quelque chose pour chaque palais. Voici une plong\u00e9e plus profonde dans certaines des meilleures saveurs que vous pouvez appr\u00e9cier :<\/p>\n<p><img loading=\"lazy\" decoding=\"async\" class=\"alignnone wp-image-2934 size-full\" src=\"https:\/\/casinovape.de\/wp-content\/uploads\/2024\/11\/Fumot-RandM-Tornado-15000-3-1.webp\" alt=\"Entrep\u00f4t europ\u00e9en Fumot RandM Tornado 15000 bouff\u00e9es Faible nicotine Acheter Vape Pen jetable Rechargeable Authentique d&#039;origine\" width=\"2048\" height=\"1313\" srcset=\"https:\/\/casinovape.de\/wp-content\/uploads\/2024\/11\/Fumot-RandM-Tornado-15000-3-1.webp 2048w, https:\/\/casinovape.de\/wp-content\/uploads\/2024\/11\/Fumot-RandM-Tornado-15000-3-1-300x192.webp 300w, https:\/\/casinovape.de\/wp-content\/uploads\/2024\/11\/Fumot-RandM-Tornado-15000-3-1-1024x657.webp 1024w, https:\/\/casinovape.de\/wp-content\/uploads\/2024\/11\/Fumot-RandM-Tornado-15000-3-1-768x492.webp 768w, https:\/\/casinovape.de\/wp-content\/uploads\/2024\/11\/Fumot-RandM-Tornado-15000-3-1-1536x985.webp 1536w, https:\/\/casinovape.de\/wp-content\/uploads\/2024\/11\/Fumot-RandM-Tornado-15000-3-1-18x12.webp 18w, https:\/\/casinovape.de\/wp-content\/uploads\/2024\/11\/Fumot-RandM-Tornado-15000-3-1-600x385.webp 600w\" sizes=\"auto, (max-width: 2048px) 100vw, 2048px\" \/><\/p>\n<h4><strong>Bleu Razz Citronnade<\/strong><\/h4>\n<p>Un m\u00e9lange rafra\u00eechissant de framboises bleues sucr\u00e9es et de citronnade piquante, cette saveur est parfaite pour une chaude journ\u00e9e d'\u00e9t\u00e9. La pointe d'acidit\u00e9 de la citronnade compl\u00e8te les notes sucr\u00e9es et fruit\u00e9es de la framboise bleue, offrant une exp\u00e9rience de vapotage \u00e9quilibr\u00e9e et satisfaisante.<\/p>\n<h4><strong>P\u00eache Glac\u00e9e<\/strong><\/h4>\n<p>Si vous aimez une saveur juteuse et fruit\u00e9e avec une finition rafra\u00eechissante, Peach Ice est faite pour vous. Cette saveur combine le go\u00fbt sucr\u00e9 et aromatique de p\u00eaches m\u00fbres avec une expiration froide et rafra\u00eechissante, offrant une sensation de fra\u00eecheur qui laisse une finition lisse.<\/p>\n<h4><strong>Pomme verte acide<\/strong><\/h4>\n<p>La saveur de pomme verte acidul\u00e9e offre une touche piquante et acide \u00e0 chaque bouff\u00e9e. Cette saveur acide et piquante imite le go\u00fbt d'une pomme verte fra\u00eeche avec une touche acidul\u00e9e, ce qui en fait le choix id\u00e9al pour ceux qui recherchent quelque chose de bold et de revigorant.<\/p>\n<h4><strong>Glace de past\u00e8que<\/strong><\/h4>\n<p>La glace de past\u00e8que est un plaisir pour la foule qui ne se d\u00e9mode jamais. Le go\u00fbt sucr\u00e9 et juteux de la past\u00e8que associ\u00e9 \u00e0 la fra\u00eecheur du menthol cr\u00e9e une exp\u00e9rience de vape lisse et rafra\u00eechissante, parfaite pour une utilisation toute la journ\u00e9e.<\/p>\n<h4><strong>Myrtilles sur glace<\/strong><\/h4>\n<p>Pour les amateurs de saveurs de baies avec une touche de fra\u00eecheur, Blueberry On Ice est l\u00e0 pour vous. Les bleuets riches et sucr\u00e9s sont \u00e9quilibr\u00e9s par une finition lisse et glac\u00e9e qui am\u00e9liore l'exp\u00e9rience globale, laissant un arri\u00e8re-go\u00fbt rafra\u00eechissant.<\/p>\n<h4><strong>Glace au raisin<\/strong><\/h4>\n<p>Grape Ice est un autre favori des fans, offrant la saveur sucr\u00e9e et aromatique de raisins m\u00fbrs avec une finition menthol\u00e9e glac\u00e9e. C'est le m\u00e9lange parfait de douceur fruit\u00e9e et de fra\u00eecheur rafra\u00eechissante, cr\u00e9ant un profil de saveur \u00e9quilibr\u00e9 qui vous fera revenir pour plus.<\/p>\n<p>Avec 41 saveurs diff\u00e9rentes au choix, vous ne manquerez jamais d'options. Que vous ayez envie de quelque chose de fruit\u00e9, de rafra\u00eechissant ou m\u00eame d'un peu piquant, le Fumot RandM Tornado 15000 Puffs Disposable Vape a quelque chose pour chaque pr\u00e9f\u00e9rence gustative.<\/p>\n<p><img loading=\"lazy\" decoding=\"async\" class=\"alignnone wp-image-2935 size-full\" src=\"https:\/\/casinovape.de\/wp-content\/uploads\/2024\/11\/Fumot-RandM-Tornado-15000-6.webp\" alt=\"\" width=\"2048\" height=\"1313\" srcset=\"https:\/\/casinovape.de\/wp-content\/uploads\/2024\/11\/Fumot-RandM-Tornado-15000-6.webp 2048w, https:\/\/casinovape.de\/wp-content\/uploads\/2024\/11\/Fumot-RandM-Tornado-15000-6-300x192.webp 300w, https:\/\/casinovape.de\/wp-content\/uploads\/2024\/11\/Fumot-RandM-Tornado-15000-6-1024x657.webp 1024w, https:\/\/casinovape.de\/wp-content\/uploads\/2024\/11\/Fumot-RandM-Tornado-15000-6-768x492.webp 768w, https:\/\/casinovape.de\/wp-content\/uploads\/2024\/11\/Fumot-RandM-Tornado-15000-6-1536x985.webp 1536w, https:\/\/casinovape.de\/wp-content\/uploads\/2024\/11\/Fumot-RandM-Tornado-15000-6-18x12.webp 18w, https:\/\/casinovape.de\/wp-content\/uploads\/2024\/11\/Fumot-RandM-Tornado-15000-6-600x385.webp 600w\" sizes=\"auto, (max-width: 2048px) 100vw, 2048px\" \/><\/p>\n<h3><strong>Pourquoi choisir le Fumot RandM Tornado 15000 Puffs Vape jetable ?<\/strong><\/h3>\n<h4><strong>Convenance in\u00e9gal\u00e9e<\/strong><\/h4>\n<p>Contrairement aux vapes traditionnels qui n\u00e9cessitent un remplissage et un entretien, le Fumot RandM Tornado 15000 est un appareil jetable qui offre la commodit\u00e9 et la simplicit\u00e9. Il suffit de le prendre, de l'utiliser et, une fois \u00e9puis\u00e9, de l'\u00e9liminer de mani\u00e8re responsable. Il n'est pas n\u00e9cessaire de s'inqui\u00e9ter des remplissages salissants ou des routines d'entretien complexes.<\/p>\n<h4><strong>Vapotage durable<\/strong><\/h4>\n<p>Malgr\u00e9 being jetable, cette vape est con\u00e7ue pour durer plus longtemps que de nombreux autres mod\u00e8les. Avec 15 000 bouff\u00e9es, le Fumot RandM Tornado surpasse la plupart des vapes jetables, offrant une valeur sup\u00e9rieure et moins de d\u00e9chets.<\/p>\n<h4><strong>Styl\u00e9 et Fonctionnel<\/strong><\/h4>\n<p>Le design \u00e9l\u00e9gant et moderne du Fumot RandM Tornado 15000, associ\u00e9 \u00e0 l'indicateur lumineux RGB, offre non seulement une exp\u00e9rience de vapotage fonctionnelle, mais fait \u00e9galement une d\u00e9claration. C'est un appareil aussi stylis\u00e9 que pratique, ajoutant une touche d'\u00e9l\u00e9gance \u00e0 vos sessions de vapotage.<\/p>\n<h4><strong>Exp\u00e9rience de vapotage personnalisable<\/strong><\/h4>\n<p>Le contr\u00f4le de d\u00e9bit d'air r\u00e9glable assure que vous pouvez personnaliser votre aspiration en fonction de vos pr\u00e9f\u00e9rences, que vous pr\u00e9f\u00e9riez une inhalation serr\u00e9e et contr\u00f4l\u00e9e ou une aspiration plus a\u00e9r\u00e9e et ouverte. Combin\u00e9 avec la bobine en maille, le contr\u00f4le de d\u00e9bit d'air garantit que vous appr\u00e9cierez une vapeur lisse et parfum\u00e9e \u00e0 chaque fois.<\/p>\n<h4><strong>Disponibilit\u00e9 exclusive<\/strong><\/h4>\n<p>Exclusivement disponible sur casinovape.de, vous pouvez \u00eatre s\u00fbr d'obtenir un produit de haute qualit\u00e9 provenant de la plus grande plateforme de vente en ligne allemande pour les cigarettes \u00e9lectroniques jetables. Nous offrons une exp\u00e9rience d'achat fiable avec une livraison rapide, garantissant que vos produits de vape pr\u00e9f\u00e9r\u00e9s ne soient qu'\u00e0 un clic de distance.<\/p>\n<h3><strong>Conclusion<\/strong><\/h3>\n<p>La cigarette \u00e9lectronique jetable Fumot RandM Tornado 15000 Puffs offre une exp\u00e9rience de vapotage sup\u00e9rieure avec des performances durables, des fonctionnalit\u00e9s personnalisables et un \u00e9ventail impressionnant de saveurs. Que vous soyez d\u00e9butant ou vapoteur exp\u00e9riment\u00e9, cette vape jetable est s\u00fbre de r\u00e9pondre \u00e0 tous vos besoins en mati\u00e8re de vapotage. Rendez-vous sur <a href=\"https:\/\/casinovape.de\/fr\/\">casinovape.de<\/a> Pour acheter votre Fumot RandM Tornado aujourd'hui et profiter de la meilleure exp\u00e9rience de cigarette \u00e9lectronique jetable en Allemagne.<\/p>","protected":false},"excerpt":{"rendered":"<p>Magasin <strong>Fumot RandM Tornado 15000 bouff\u00e9es<\/strong> Cigarette \u00e9lectronique jetable sur casinovape.de pour une exp\u00e9rience de vapotage prolong\u00e9e avec 41 saveurs, 15000 bouff\u00e9es et contr\u00f4le de d\u00e9bit d'air personnalisable.<\/p>","protected":false},"featured_media":2857,"comment_status":"open","ping_status":"closed","template":"","meta":[],"product_brand":[],"product_cat":[15,78,79,80,81,82,83,84,85,86,87,88,89,90,93,94,95,96,98,99,65,66,67,68,69,70,71,72,73,74,75,76,77,57,61,45,48,50,52,54,56],"product_tag":[],"class_list":{"0":"post-4386","1":"product","2":"type-product","3":"status-publish","4":"has-post-thumbnail","6":"product_cat-randm-fumot-disposable-vapes","7":"product_cat-buy-best-disposable-vape-flavors","8":"product_cat-apple-flavor-disposable-vapes","9":"product_cat-blue-razz-flavor-disposable-vapes","10":"product_cat-blueberry-flavor-disposable-vapes","11":"product_cat-cherry-flavor-disposable-vapes","12":"product_cat-cola-flavor-disposable-vapes","13":"product_cat-grape-flavor-disposable-vapes","14":"product_cat-guava-flavor-disposable-vapes","15":"product_cat-ice-flavor-disposable-vapes","16":"product_cat-kiwi-flavor-disposable-vapes","17":"product_cat-lemon-flavor-disposable-vapes","18":"product_cat-lush-flavor-disposable-vapes","19":"product_cat-mango-flavor-disposable-vapes","20":"product_cat-passion-fruit-flavor-disposable-vapes","21":"product_cat-peach-flavor-disposable-vapes","22":"product_cat-pineapple-flavor-disposable-vapes","23":"product_cat-raspberry-flavor-disposable-vapes","24":"product_cat-strawberry-flavor-disposable-vapes","25":"product_cat-watermelon-flavor-disposable-vapes","26":"product_cat-best-disposable-vape-in-europe","27":"product_cat-buy-disposable-vapes-in-austria","28":"product_cat-buy-disposable-vapes-in-belgium","29":"product_cat-buy-disposable-vapes-in-france","30":"product_cat-buy-disposable-vapes-in-germany","31":"product_cat-buy-disposable-vapes-in-italy","32":"product_cat-buy-disposable-vapes-in-netherlands","33":"product_cat-buy-disposable-vapes-in-norway","34":"product_cat-buy-disposable-vapes-in-poland","35":"product_cat-buy-disposable-vapes-in-portugal","36":"product_cat-buy-disposable-vapes-in-spain","37":"product_cat-buy-disposable-vapes-in-sweden","38":"product_cat-buy-disposable-vapes-in-switzerland","39":"product_cat-shop-disposable-vapes-by-puffs","40":"product_cat-15000-puff-disposable-vape","41":"product_cat-disposable-vape-types","42":"product_cat-big-puffs-disposable-vapes","43":"product_cat-digital-box-disposable-vapes","44":"product_cat-lower-nicotine-disposable-vapes","45":"product_cat-rechargeable-disposable-vapes","46":"product_cat-tornado-disposable-vapes","48":"first","49":"outofstock","50":"shipping-taxable","51":"product-type-variable","52":"has-default-attributes"},"jetpack_sharing_enabled":true,"_links":{"self":[{"href":"https:\/\/casinovape.de\/fr\/wp-json\/wp\/v2\/product\/4386","targetHints":{"allow":["GET"]}}],"collection":[{"href":"https:\/\/casinovape.de\/fr\/wp-json\/wp\/v2\/product"}],"about":[{"href":"https:\/\/casinovape.de\/fr\/wp-json\/wp\/v2\/types\/product"}],"replies":[{"embeddable":true,"href":"https:\/\/casinovape.de\/fr\/wp-json\/wp\/v2\/comments?post=4386"}],"wp:featuredmedia":[{"embeddable":true,"href":"https:\/\/casinovape.de\/fr\/wp-json\/wp\/v2\/media\/2857"}],"wp:attachment":[{"href":"https:\/\/casinovape.de\/fr\/wp-json\/wp\/v2\/media?parent=4386"}],"wp:term":[{"taxonomy":"product_brand","embeddable":true,"href":"https:\/\/casinovape.de\/fr\/wp-json\/wp\/v2\/product_brand?post=4386"},{"taxonomy":"product_cat","embeddable":true,"href":"https:\/\/casinovape.de\/fr\/wp-json\/wp\/v2\/product_cat?post=4386"},{"taxonomy":"product_tag","embeddable":true,"href":"https:\/\/casinovape.de\/fr\/wp-json\/wp\/v2\/product_tag?post=4386"}],"curies":[{"name":"wp","href":"https:\/\/api.w.org\/{rel}","templated":true}]}}