{"id":4385,"date":"2024-11-27T13:05:57","date_gmt":"2024-11-27T13:05:57","guid":{"rendered":"https:\/\/casinovape.de\/?post_type=product&#038;p=4385"},"modified":"2025-09-06T00:40:44","modified_gmt":"2025-09-06T00:40:44","slug":"entrepot-europeen-al-fakher-crown-bar-8000-bouffees-pro-double-mode-vapes-jetables-originales-10-pieces-pack-mixte","status":"publish","type":"product","link":"https:\/\/casinovape.de\/fr\/produit\/entrepot-europeen-al-fakher-crown-bar-8000-bouffees-pro-double-mode-vapes-jetables-originales-10-pieces-pack-mixte\/","title":{"rendered":"Entrep\u00f4t europ\u00e9en Al Fakher Crown Bar 8000 Puffs Pro Double Mode Vapes jetables d'origine - Pack mixte de 10 pi\u00e8ces"},"content":{"rendered":"<div class=\"flex-1 overflow-hidden\">\n<div class=\"h-full\">\n<div class=\"react-scroll-to-bottom--css-zitxy-79elbk h-full\">\n<div class=\"react-scroll-to-bottom--css-zitxy-1n7m0yu\">\n<div class=\"flex flex-col text-sm md:pb-9\">\n<article class=\"w-full text-token-text-primary focus-visible:outline-2 focus-visible:outline-offset-[-4px]\" dir=\"auto\" data-testid=\"conversation-turn-3\" data-scroll-anchor=\"true\">\n<div class=\"text-base py-[18px] px-3 md:px-4 m-auto w-full md:px-5 lg:px-4 xl:px-5\">\n<div class=\"mx-auto flex flex-1 gap-4 text-base md:gap-5 lg:gap-6 md:max-w-3xl lg:max-w-[40rem] xl:max-w-[48rem]\">\n<div class=\"group\/conversation-turn relative flex w-full min-w-0 flex-col agent-turn\">\n<div class=\"flex-col gap-1 md:gap-3\">\n<div class=\"flex max-w-full flex-col flex-grow\"><img loading=\"lazy\" decoding=\"async\" class=\"alignnone wp-image-2962 size-full\" src=\"https:\/\/casinovape.de\/wp-content\/uploads\/2024\/11\/Al-Fakher-Crown-Bar-8000-Puffs-Pro-Dual-Mode-10-pieces-mixed-pack-4.webp\" alt=\"Entrep\u00f4t europ\u00e9en Al Fakher Crown Bar 8000 bouff\u00e9es Pro Mode double 0,5% Nicotine faible Acheter Vape jetable rechargeable authentique d&#039;origine - 10 pi\u00e8ces pack mixte\" width=\"1200\" height=\"1600\" srcset=\"https:\/\/casinovape.de\/wp-content\/uploads\/2024\/11\/Al-Fakher-Crown-Bar-8000-Puffs-Pro-Dual-Mode-10-pieces-mixed-pack-4.webp 1200w, https:\/\/casinovape.de\/wp-content\/uploads\/2024\/11\/Al-Fakher-Crown-Bar-8000-Puffs-Pro-Dual-Mode-10-pieces-mixed-pack-4-225x300.webp 225w, https:\/\/casinovape.de\/wp-content\/uploads\/2024\/11\/Al-Fakher-Crown-Bar-8000-Puffs-Pro-Dual-Mode-10-pieces-mixed-pack-4-768x1024.webp 768w, https:\/\/casinovape.de\/wp-content\/uploads\/2024\/11\/Al-Fakher-Crown-Bar-8000-Puffs-Pro-Dual-Mode-10-pieces-mixed-pack-4-1152x1536.webp 1152w, https:\/\/casinovape.de\/wp-content\/uploads\/2024\/11\/Al-Fakher-Crown-Bar-8000-Puffs-Pro-Dual-Mode-10-pieces-mixed-pack-4-9x12.webp 9w, https:\/\/casinovape.de\/wp-content\/uploads\/2024\/11\/Al-Fakher-Crown-Bar-8000-Puffs-Pro-Dual-Mode-10-pieces-mixed-pack-4-600x800.webp 600w\" sizes=\"auto, (max-width: 1200px) 100vw, 1200px\" \/><\/div>\n<\/div>\n<\/div>\n<\/div>\n<\/div>\n<\/article>\n<\/div>\n<\/div>\n<\/div>\n<\/div>\n<\/div>\n<div class=\"md:pt-0 dark:border-white\/20 md:border-transparent md:dark:border-transparent w-full\">\n<div class=\"\">\n<div class=\"relative w-full px-2 py-2 text-center text-xs text-token-text-secondary empty:hidden md:px-[60px]\">\n<div>\n<h2>\u00c9levez Votre Exp\u00e9rience de Vapotage avec le Al Fakher Crown Bar 8000 Puffs Pro en Mode Double<\/h2>\n<p>Le <strong>Al Fakher Crown Bar 8000 Puffs Pro Mode Double<\/strong> n'est pas juste une vape - c'est une r\u00e9volution dans le monde de la vape jetable. Pour les vapoteurs novices et exp\u00e9riment\u00e9s, ce stylo vape jetable rechargeable avanc\u00e9 offre une exp\u00e9rience de vapotage sans pr\u00e9c\u00e9dent, d\u00e9livrant une saveur premium et une performance satisfaisante. Que vous pr\u00e9f\u00e9riez une bouff\u00e9e de la bouche aux poumons (MTL) ou directement aux poumons (DTL), le <strong>Mode double<\/strong> La technologie offre la flexibilit\u00e9 pour personnaliser votre exp\u00e9rience.<\/p>\n<p>Con\u00e7u avec les meilleurs mat\u00e9riaux et des fonctionnalit\u00e9s de pointe, ce stylo vape est con\u00e7u pour vous offrir tous les avantages d'une exp\u00e9rience de shisha \u00e0 chaque bouff\u00e9e. En tant que d\u00e9taillant en ligne leader en Europe pour <strong>Vapes jetables<\/strong>Casinovape propose fi\u00e8rement les <strong>Al Fakher Crown Bar 8000 Puffs Pro<\/strong> <strong> Mode double <\/strong>pour les vapoteurs \u00e0 travers le continent.<\/p>\n<p>Avec un robuste <strong>Batterie rechargeable 800 mAh<\/strong> et un \u00e9norme <strong>18 ml de capacit\u00e9 de e-liquide<\/strong>cette vape est con\u00e7ue pour durer et performer. Profitez de nuages lisses et constants jusqu'\u00e0 <strong>8000 bouff\u00e9es<\/strong> avec chaque appareil, assurant une exp\u00e9rience de vapotage prolong\u00e9e qui surpasse bon nombre de ses concurrents.<\/p>\n<p><strong>Casinovape<\/strong> offre les <strong>Al Fakher Crown Bar 8000 Puffs Pro<\/strong> <strong> Mode double <\/strong>avec <strong>Pas de quantit\u00e9 minimale de commande<\/strong>, ce qui le rend parfait autant pour les clients individuels que pour les acheteurs en d\u00e9tail. Commandez sur notre <a href=\"https:\/\/casinovape.de\/fr\/\"><strong>Entrep\u00f4t Vape Europ\u00e9en<\/strong><\/a> et profitez d'une livraison rapide dans un d\u00e9lai de 3 \u00e0 7 jours partout dans l'UE.<\/p>\n<p><img loading=\"lazy\" decoding=\"async\" class=\"alignnone wp-image-2959 size-full\" src=\"https:\/\/casinovape.de\/wp-content\/uploads\/2024\/11\/Al-Fakher-Crown-Bar-8000-Puffs-Pro-Dual-Mode-10-pieces-mixed-pack-3.webp\" alt=\"Entrep\u00f4t europ\u00e9en Al Fakher Crown Bar 8000 bouff\u00e9es Pro Mode double 0,5% Nicotine faible Acheter Vape jetable rechargeable authentique d&#039;origine - 10 pi\u00e8ces pack mixte\" width=\"1280\" height=\"1280\" srcset=\"https:\/\/casinovape.de\/wp-content\/uploads\/2024\/11\/Al-Fakher-Crown-Bar-8000-Puffs-Pro-Dual-Mode-10-pieces-mixed-pack-3.webp 1280w, https:\/\/casinovape.de\/wp-content\/uploads\/2024\/11\/Al-Fakher-Crown-Bar-8000-Puffs-Pro-Dual-Mode-10-pieces-mixed-pack-3-300x300.webp 300w, https:\/\/casinovape.de\/wp-content\/uploads\/2024\/11\/Al-Fakher-Crown-Bar-8000-Puffs-Pro-Dual-Mode-10-pieces-mixed-pack-3-1024x1024.webp 1024w, https:\/\/casinovape.de\/wp-content\/uploads\/2024\/11\/Al-Fakher-Crown-Bar-8000-Puffs-Pro-Dual-Mode-10-pieces-mixed-pack-3-150x150.webp 150w, https:\/\/casinovape.de\/wp-content\/uploads\/2024\/11\/Al-Fakher-Crown-Bar-8000-Puffs-Pro-Dual-Mode-10-pieces-mixed-pack-3-768x768.webp 768w, https:\/\/casinovape.de\/wp-content\/uploads\/2024\/11\/Al-Fakher-Crown-Bar-8000-Puffs-Pro-Dual-Mode-10-pieces-mixed-pack-3-12x12.webp 12w, https:\/\/casinovape.de\/wp-content\/uploads\/2024\/11\/Al-Fakher-Crown-Bar-8000-Puffs-Pro-Dual-Mode-10-pieces-mixed-pack-3-600x600.webp 600w, https:\/\/casinovape.de\/wp-content\/uploads\/2024\/11\/Al-Fakher-Crown-Bar-8000-Puffs-Pro-Dual-Mode-10-pieces-mixed-pack-3-100x100.webp 100w\" sizes=\"auto, (max-width: 1280px) 100vw, 1280px\" \/><\/p>\n<h2><a href=\"https:\/\/casinovape.de\/fr\/\">Al Fakher<\/a> Crown Bar 8000 Puffs Pro Double Mode : Caract\u00e9ristiques cl\u00e9s<\/h2>\n<ul>\n<li><strong>Capacit\u00e9 de Puff \u00c9tendue<\/strong>: Profitez jusqu'\u00e0 <strong>8000 bouff\u00e9es<\/strong> Par appareil, assurant une exp\u00e9rience de vape longue dur\u00e9e et constante qui surpasse les autres vapes jetables sur le march\u00e9.<\/li>\n<li><strong>Grande capacit\u00e9 de liquide \u00e9lectronique<\/strong>Chaque <strong>Al Fakher Crown Bar 8000 Pro \n(Remarque : le texte semble \u00eatre un nom de produit, il est donc laiss\u00e9 inchang\u00e9 car il s'agit probablement d'un nom propre ou d'une marque d\u00e9pos\u00e9e) \nAl Fakher Crown Bar 8000 Pro<\/strong> <strong> Mode double <\/strong>pr\u00e9rempli avec <strong>18 ml<\/strong> d'e-liquide premium, offrant plus de sessions de vapotage et une saveur am\u00e9lior\u00e9e d\u00e8s la premi\u00e8re bouff\u00e9e jusqu'\u00e0 la derni\u00e8re.<\/li>\n<li><strong>Conception Rechargeable<\/strong>: \u00c9quip\u00e9 d'un <strong>Port de charge Type-C<\/strong> et un robuste <strong>Batterie rechargeable 800 mAh<\/strong>Vous pouvez rapidement recharger votre appareil, vous assurant de ne jamais manquer de puissance pendant vos s\u00e9ances de vapotage.<\/li>\n<li><strong>Vapotage en mode double<\/strong>: Avec des options pour <strong>Mouth-to-Lung (MTL)<\/strong> et <strong>Direct-to-Lung (DTL) -&gt; Direct-to-Poumon (DTL) \n becomes \nDirect-to-Poumon \nremains \nDirect-to-Lung (DTL)<\/strong> modes, personnalisez votre exp\u00e9rience de vapotage en fonction de vos pr\u00e9f\u00e9rences - que vous souhaitiez une aspiration plus serr\u00e9e et plus cibl\u00e9e ou une inhalation pulmonaire plus compl\u00e8te.<\/li>\n<li><strong>Saveur Authentique de Shisha<\/strong>: Connu pour sa qualit\u00e9 sup\u00e9rieure, <strong>Al Fakher<\/strong> apporte les saveurs riches, lisses et rafra\u00eechissantes du shisha traditionnel directement \u00e0 votre stylo vape, offrant une exp\u00e9rience \u00e0 la fois satisfaisante et authentique.<\/li>\n<li><strong>\u00c9cran LED<\/strong>: Surveillez facilement votre niveau d'e-liquide et la dur\u00e9e de vie de votre batterie gr\u00e2ce \u00e0 l'\u00e9cran LED int\u00e9gr\u00e9, vous tenant inform\u00e9 pour une exp\u00e9rience de vapotage sans tracas.<\/li>\n<li><strong>Aucun achat minimum requis<\/strong>Chez Casinovape, nous vendons <strong>Al Fakher Crown Bar 8000 Puffs Pro<\/strong> <strong> Mode double <\/strong>en unit\u00e9s simples, sans quantit\u00e9 minimale de commande, ce qui le rend id\u00e9al pour une utilisation personnelle et pour les achats en gros.<\/li>\n<li><strong>Livraison rapide dans l'UE<\/strong>: Gr\u00e2ce \u00e0 nos <strong>Entrep\u00f4t Vape Europ\u00e9en<\/strong>nous assurons une livraison rapide dans les <strong>3-7 jours<\/strong> partout dans l'UE, vous n'aurez donc pas \u00e0 attendre longtemps pour profiter de votre vape.<\/li>\n<\/ul>\n<h2>D\u00e9couvrez la Collection de Saveurs : Lib\u00e9rez le Meilleur des Saveurs Inspir\u00e9es du Shisha<\/h2>\n<p>L'un des points forts de la <strong>Al Fakher Crown Bar 8000 Puffs Pro<\/strong> c'est sa riche s\u00e9lection de saveurs inspir\u00e9es du shisha. Con\u00e7ues avec soin pour imiter le go\u00fbt authentique du shisha traditionnel, ces saveurs offrent une exp\u00e9rience satisfaisante et inoubliable \u00e0 chaque bouff\u00e9e. Avec chaque saveur offrant une combinaison unique de notes sucr\u00e9es, fruit\u00e9es ou menthol\u00e9es, il y a une saveur pour chaque vapoteur.<\/p>\n<h3>Saveur de Al Fakher Crown Bar 8000 Puffs Pro Dual Mode<\/h3>\n<ol>\n<li><strong>P\u00eache Glac\u00e9e<\/strong>D\u00e9gustez la saveur sucr\u00e9e et juteuse des p\u00eaches m\u00fbres, compl\u00e9t\u00e9e par une finition glac\u00e9e rafra\u00eechissante qui apporte la fra\u00eecheur de l'\u00e9t\u00e9 \u00e0 chaque bouff\u00e9e.<\/li>\n<li><strong>Cherry Fiesta<\/strong>: D\u00e9couvrez la saveur riche et sucr\u00e9e des cerises m\u00fbres, offrant un nuage audacieux et fruit\u00e9 \u00e0 chaque tirage.<\/li>\n<li><strong>Glace \u00e0 la mangue<\/strong>La douceur tropicale des mangues m\u00fbres est parfaitement \u00e9quilibr\u00e9e avec une finition froide et glac\u00e9e, offrant une exp\u00e9rience de vapotage rafra\u00eechissante et exotique.<\/li>\n<li><strong>Mangue Ananas<\/strong>Une d\u00e9licieusement m\u00e9lange tropical de mangue sucr\u00e9e et d'ananas piquant, vous transportant dans un paradis de plage \u00e0 chaque inspiration.<\/li>\n<li><strong>R\u00eave lucide<\/strong>Une fusion r\u00eaveuse de saveurs fruit\u00e9es qui offre une exp\u00e9rience de vapotage enchanteresse et magique, se m\u00e9langeant parfaitement pour une sensation revigorante et exaltante.<\/li>\n<li><strong>Hubba<\/strong>Le chewing-gum sucr\u00e9 rencontre une touche rafra\u00eechissante, cr\u00e9ant un m\u00e9lange inattendu et d\u00e9licieux, amusant et rafra\u00eechissant \u00e0 la fois.<\/li>\n<li><strong>Deux pommes<\/strong>Le m\u00e9lange classique de pommes rouges sucr\u00e9es et de pommes vertes acidul\u00e9es, offrant un \u00e9quilibre satisfaisant de saveurs fruit\u00e9es rappelant le shisha traditionnel.<\/li>\n<li><strong>Lush Ice<\/strong>Plongez dans la saveur juteuse de la past\u00e8que, sublim\u00e9e par une sensation croquante et rafra\u00eechissante qui revitalise vos sens.<\/li>\n<li><strong>Punch aux fraises<\/strong>: Un m\u00e9lange piquant et sucr\u00e9 de fraises fra\u00eeches, offrant une explosion rafra\u00eechissante de saveur qui ravit vos papilles.<\/li>\n<li><strong>Menthe \u00e0 la vigne<\/strong>Une saveur de raisin sucr\u00e9e et acidul\u00e9e, rehauss\u00e9e d'une finition menthol\u00e9e pour une exp\u00e9rience fra\u00eeche et satisfaisante.<\/li>\n<li><strong>Amour magique<\/strong>Une concoction myst\u00e9rieuse et fruit\u00e9es \u00e0 la fois sucr\u00e9e et rafra\u00eechissante, offrant une exp\u00e9rience de vapotage v\u00e9ritablement magique.<\/li>\n<li><strong>Citron Menthe<\/strong>Le go\u00fbt piquant du citron frais combin\u00e9 \u00e0 la sensation fra\u00eeche et rafra\u00eechissante de la menthe, parfait pour une vape toute la journ\u00e9e.<\/li>\n<li><strong>Glace aux fruits rouges<\/strong>Un m\u00e9lange de baies m\u00e9lang\u00e9es avec une expiration glac\u00e9e, offrant une exp\u00e9rience de vapotage sucr\u00e9e mais fra\u00eeche que les amateurs de baies appr\u00e9cieront.<\/li>\n<li><strong>Bleu Razz Citronnade<\/strong>Les framboises bleues acidul\u00e9es et le citron zesteux se r\u00e9unissent dans cette saveur nostalgique, procurant une ambiance estivale parfaite.<\/li>\n<li><strong>Oc\u00e9an Bleu<\/strong>Une saveur l\u00e9g\u00e8re et inspir\u00e9e de l'oc\u00e9an avec un profil l\u00e9g\u00e8rement sal\u00e9 qui vous transporte dans une journ\u00e9e au bord de la mer.<\/li>\n<li><strong>Glace \u00e0 la cassis<\/strong>: M\u00fbre noire riche avec une finition fra\u00eeche et glac\u00e9e, offrant une vape sophistiqu\u00e9e, lisse et rafra\u00eechissante.<\/li>\n<li><strong>Citron Lime<\/strong>Un \u00e9quilibre parfait de citron et de lime lumineux, offrant une exp\u00e9rience d'agrumes revigorante.<\/li>\n<li><strong>Gomme \u00e0 la myrtille<\/strong>Une saveur nostalgique de chewing-gum bleu framboise sucr\u00e9, offrant des notes \u00e0 la fois fruit\u00e9es et amusantes qui vous ram\u00e8neront \u00e0 votre enfance.<\/li>\n<li><strong>Gomme Menthe<\/strong>Le go\u00fbt sucr\u00e9 et moelleux de la gomme associ\u00e9 \u00e0 une touche de menthe rafra\u00eechissante, rendant chaque bouff\u00e9e une exp\u00e9rience extraordinaire.<\/li>\n<\/ol>\n<h2>Pourquoi choisir <a href=\"https:\/\/casinovape.de\/fr\/\">Al Fakhe<\/a>Couronne Bar 8000 Puffs Pro Mode Double<\/h2>\n<p>Le <strong>Al Fakher Crown Bar 8000 Puffs Pro<\/strong> se distingue comme l'un des vapes jetables les plus fiables et les plus savoureux disponibles sur le march\u00e9. Que vous soyez nouveau dans le vapotage ou un professionnel exp\u00e9riment\u00e9, cet appareil s'adapte \u00e0 toutes les pr\u00e9f\u00e9rences, offrant des options personnalisables avec <strong>Technologie \u00e0 double mode<\/strong> et <strong>8000 bouff\u00e9es<\/strong> Par appareil.<\/p>\n<p>Voici pourquoi vous devriez choisir ce produit :<\/p>\n<ul>\n<li><strong>Une vari\u00e9t\u00e9 de saveurs in\u00e9gal\u00e9e<\/strong>: Des sucr\u00e9s et fruit\u00e9es aux glaces et rafra\u00eechissantes, les <strong>Al Fakher Crown Bar 8000 Pro \n(Remarque : le texte semble \u00eatre un nom de produit, il est donc laiss\u00e9 inchang\u00e9 car il s'agit probablement d'un nom propre ou d'une marque d\u00e9pos\u00e9e) \nAl Fakher Crown Bar 8000 Pro<\/strong> <strong> Mode double<\/strong>offre une large gamme de saveurs inspir\u00e9es du shisha con\u00e7ues pour vous inciter \u00e0 revenir pour plus.<\/li>\n<li><strong>Qualit\u00e9 Premium<\/strong>: La r\u00e9putation d'Al Fakher dans le monde de la vape de shisha se traduit par cet appareil, offrant une exp\u00e9rience de saveur authentique et haut de gamme qui rivalise avec le shisha traditionnel.<\/li>\n<li><strong>Performance durable<\/strong>Avec ses <strong>Capacit\u00e9 de 8000 bouff\u00e9es<\/strong> et <strong>batterie rechargeable<\/strong>Cette vape permet une jouissance prolong\u00e9e, \u00e9liminant la n\u00e9cessit\u00e9 de remplacements fr\u00e9quents.<\/li>\n<li><strong>Convenance et Flexibilit\u00e9<\/strong>: Le <strong>Mode double<\/strong> cette fonctionnalit\u00e9 vous permet de choisir entre <strong>MTL<\/strong> ou <strong>DTL<\/strong> Les hits, ce qui rend cet appareil adapt\u00e9 \u00e0 tous les styles de vapotage.<\/li>\n<li><strong>Livraison rapide et fiable<\/strong>: Lorsque vous commandez chez <strong>Casinovape<\/strong>vous pouvez vous attendre \u00e0 une livraison rapide dans les <strong>3-7 jours<\/strong>avec exp\u00e9dition directe de notre part <strong>Entrep\u00f4t Vape Europ\u00e9en<\/strong>.<\/li>\n<li><strong>Pas de commande minimum<\/strong>Achetez autant ou aussi peu d'unit\u00e9s que vous le souhaitez, desservant \u00e0 la fois les acheteurs personnels et les d\u00e9taillants.<\/li>\n<\/ul>\n<h2>Commandez Votre Al Fakher Crown Bar 8000 Puffs Pro Dual Mode Aujourd'hui !<\/h2>\n<p>Transformez votre exp\u00e9rience de vapotage avec le <strong>Al Fakher Crown Bar 8000 Puffs Pro Mode Double<\/strong>disponible exclusivement chez<a href=\"https:\/\/casinovape.de\/fr\/\"> <strong>Casinovape<\/strong><\/a>Nous sommes fiers d'offrir <strong>Vapes jetables authentiques<\/strong> avec <strong>Livraison rapide en Europe<\/strong>ainsi, vous pouvez savourer chaque bouff\u00e9e en toute confiance. Visitez notre site Web pour parcourir notre s\u00e9lection, d\u00e9couvrir de nouvelles saveurs et passer votre commande aujourd'hui.<\/p>\n<p>Avec <a href=\"https:\/\/casinovape.de\/fr\/\"><strong>Casinovape<\/strong><\/a>Profitez du meilleur en qualit\u00e9, en commodit\u00e9 et en saveur, livr\u00e9 directement \u00e0 votre porte. <strong>Commandez maintenant<\/strong> et exp\u00e9rimentez le futur du vapotage jetable avec les <strong>Al Fakher Crown Bar 8000 Puffs Pro Mode Double<\/strong>!<\/p>\n<\/div>\n<\/div>\n<\/div>\n<\/div>","protected":false},"excerpt":{"rendered":"<p>D\u00e9couvrez le <strong>Al Fakher Crown Bar 8000 Puffs Pro Mode Double<em> Pack mixte de -10 pi\u00e8ces<\/em><\/strong> Vape jetable sur Casinovape. Profitez jusqu'\u00e0 8000 bouff\u00e9es avec des saveurs authentiques de shisha, une recharge pratique et une exp\u00e9dition europ\u00e9enne rapide. Commandez maintenant !<\/p>","protected":false},"featured_media":4520,"comment_status":"open","ping_status":"closed","template":"","meta":[],"product_brand":[],"product_cat":[16,78,79,80,81,82,84,86,88,89,90,91,92,94,95,98,99,65,66,67,68,69,70,71,72,73,74,75,76,77,57,58,45,48,50,47,52,54,55],"product_tag":[],"class_list":{"0":"post-4385","1":"product","2":"type-product","3":"status-publish","4":"has-post-thumbnail","6":"product_cat-al-fakher-disposable-vapes","7":"product_cat-buy-best-disposable-vape-flavors","8":"product_cat-apple-flavor-disposable-vapes","9":"product_cat-blue-razz-flavor-disposable-vapes","10":"product_cat-blueberry-flavor-disposable-vapes","11":"product_cat-cherry-flavor-disposable-vapes","12":"product_cat-grape-flavor-disposable-vapes","13":"product_cat-ice-flavor-disposable-vapes","14":"product_cat-lemon-flavor-disposable-vapes","15":"product_cat-lush-flavor-disposable-vapes","16":"product_cat-mango-flavor-disposable-vapes","17":"product_cat-mint-flavor-disposable-vapes","18":"product_cat-mixed-berries-flavor-disposable-vapes","19":"product_cat-peach-flavor-disposable-vapes","20":"product_cat-pineapple-flavor-disposable-vapes","21":"product_cat-strawberry-flavor-disposable-vapes","22":"product_cat-watermelon-flavor-disposable-vapes","23":"product_cat-best-disposable-vape-in-europe","24":"product_cat-buy-disposable-vapes-in-austria","25":"product_cat-buy-disposable-vapes-in-belgium","26":"product_cat-buy-disposable-vapes-in-france","27":"product_cat-buy-disposable-vapes-in-germany","28":"product_cat-buy-disposable-vapes-in-italy","29":"product_cat-buy-disposable-vapes-in-netherlands","30":"product_cat-buy-disposable-vapes-in-norway","31":"product_cat-buy-disposable-vapes-in-poland","32":"product_cat-buy-disposable-vapes-in-portugal","33":"product_cat-buy-disposable-vapes-in-spain","34":"product_cat-buy-disposable-vapes-in-sweden","35":"product_cat-buy-disposable-vapes-in-switzerland","36":"product_cat-shop-disposable-vapes-by-puffs","37":"product_cat-8000-puff-disposable-vape","38":"product_cat-disposable-vape-types","39":"product_cat-big-puffs-disposable-vapes","40":"product_cat-digital-box-disposable-vapes","41":"product_cat-full-screen-disposable-vapes","42":"product_cat-lower-nicotine-disposable-vapes","43":"product_cat-rechargeable-disposable-vapes","44":"product_cat-shisha-hookah-disposable-vapes","46":"first","47":"instock","48":"sale","49":"shipping-taxable","50":"purchasable","51":"product-type-variable"},"jetpack_sharing_enabled":true,"_links":{"self":[{"href":"https:\/\/casinovape.de\/fr\/wp-json\/wp\/v2\/product\/4385","targetHints":{"allow":["GET"]}}],"collection":[{"href":"https:\/\/casinovape.de\/fr\/wp-json\/wp\/v2\/product"}],"about":[{"href":"https:\/\/casinovape.de\/fr\/wp-json\/wp\/v2\/types\/product"}],"replies":[{"embeddable":true,"href":"https:\/\/casinovape.de\/fr\/wp-json\/wp\/v2\/comments?post=4385"}],"wp:featuredmedia":[{"embeddable":true,"href":"https:\/\/casinovape.de\/fr\/wp-json\/wp\/v2\/media\/4520"}],"wp:attachment":[{"href":"https:\/\/casinovape.de\/fr\/wp-json\/wp\/v2\/media?parent=4385"}],"wp:term":[{"taxonomy":"product_brand","embeddable":true,"href":"https:\/\/casinovape.de\/fr\/wp-json\/wp\/v2\/product_brand?post=4385"},{"taxonomy":"product_cat","embeddable":true,"href":"https:\/\/casinovape.de\/fr\/wp-json\/wp\/v2\/product_cat?post=4385"},{"taxonomy":"product_tag","embeddable":true,"href":"https:\/\/casinovape.de\/fr\/wp-json\/wp\/v2\/product_tag?post=4385"}],"curies":[{"name":"wp","href":"https:\/\/api.w.org\/{rel}","templated":true}]}}