{"id":4352,"date":"2024-11-27T12:52:05","date_gmt":"2024-11-27T12:52:05","guid":{"rendered":"https:\/\/casinovape.de\/?post_type=product&#038;p=4352"},"modified":"2025-04-08T08:13:44","modified_gmt":"2025-04-08T08:13:44","slug":"entrepot-europeen-vozol-star-20000-bouffees-a-faible-teneur-en-nicotine-acheter-stylo-vapes-jetable-rechargeable-authentique-original-2","status":"publish","type":"product","link":"https:\/\/casinovape.de\/fr\/produit\/entrepot-europeen-vozol-star-20000-bouffees-a-faible-teneur-en-nicotine-acheter-stylo-vapes-jetable-rechargeable-authentique-original-2\/","title":{"rendered":"Entrep\u00f4t europ\u00e9en Vozol Star 20000 bouff\u00e9es Nicotine faible Acheter Vape Pen jetable rechargeable Authentique d'origine"},"content":{"rendered":"<div class=\"flex-shrink-0 flex flex-col relative items-end\">\n<div>\n<div class=\"pt-0\">\n<div class=\"gizmo-shadow-stroke flex h-8 w-8 items-center justify-center overflow-hidden rounded-full\">\n<div class=\"h-full w-full\">\n<div style=\"width: 360px;\" class=\"wp-video\"><!--[if lt IE 9]><script>document.createElement('video');<\/script><![endif]-->\n<video class=\"wp-video-shortcode\" id=\"video-4352-1\" width=\"360\" height=\"640\" preload=\"metadata\" controls=\"controls\"><source type=\"video\/mp4\" src=\"https:\/\/casinovape.de\/wp-content\/uploads\/2024\/11\/vozol-star-20000.mp4?_=1\" \/><a href=\"https:\/\/casinovape.de\/wp-content\/uploads\/2024\/11\/vozol-star-20000.mp4\">https:\/\/casinovape.de\/wp-content\/uploads\/2024\/11\/vozol-star-20000.mp4<\/a><\/video><\/div>\n<\/div>\n<\/div>\n<\/div>\n<\/div>\n<\/div>\n<div class=\"group\/conversation-turn relative flex w-full min-w-0 flex-col agent-turn\">\n<div class=\"flex-col gap-1 md:gap-3\">\n<div class=\"flex max-w-full flex-col flex-grow\">\n<div class=\"min-h-8 text-message flex w-full flex-col items-end gap-2 whitespace-normal break-words [.text-message+&amp;]:mt-5\" dir=\"auto\" data-message-author-role=\"assistant\" data-message-id=\"19eefec6-29ef-4aae-8d64-1b6d062299fc\" data-message-model-slug=\"gpt-4o\">\n<div class=\"flex w-full flex-col gap-1 empty:hidden first:pt-[3px]\">\n<div class=\"markdown prose w-full break-words dark:prose-invert light\">\n<h2><a href=\"https:\/\/casinovape.de\/fr\/categorie-de-produit\/vapes-jetables-vozol\/\">Vozol<\/a> Star 20000 Puffs Vape Jetable : L'Exp\u00e9rience de Vapotage Ultime<\/h2>\n<p>Lorsqu'il s'agit de vapes jetables, le <strong>Vozol Star 20000 Puffs<\/strong> fixe une nouvelle norme en mati\u00e8re de performances, de style et de commodit\u00e9. Con\u00e7u avec une technologie de pointe, cet appareil offre tout ce qu'un vapoteur pourrait demander : une puissance durable, une exp\u00e9rience de vapotage sup\u00e9rieure et des esth\u00e9tiques \u00e9l\u00e9gantes. Que vous soyez un vapoteur exp\u00e9riment\u00e9 ou que vous commenciez tout juste, le Vozol Star 20000 Puffs est un ajout incontournable \u00e0 votre collection.<\/p>\n<h2>Vue d'ensemble d\u00e9taill\u00e9e du produit : <a href=\"https:\/\/casinovape.de\/fr\/categorie-de-produit\/vapes-jetables-vozol\/\">Vozol Star 20000 Puffs<\/a> Cigarette \u00e9lectronique jetable<\/h2>\n<p>Le <strong>Vozol Star 20000 Puffs Vape Jetable<\/strong> se d\u00e9marque sur le march\u00e9 encombr\u00e9 des vapes jetables avec ses performances impressionnantes et ses fonctionnalit\u00e9s conviviales. Contrairement aux vapes traditionnelles, la Vozol Star offre une option rechargeable, la rendant \u00e0 la fois \u00e9cologique et \u00e9conomique. Avec un large \u00e9ventail de saveurs vives et une gamme de fonctionnalit\u00e9s avanc\u00e9es, elle est con\u00e7ue pour r\u00e9pondre aux besoins de tout vapoteur.<\/p>\n<h3>Performances Puissantes et Durables<\/h3>\n<p>L'une des caract\u00e9ristiques remarquables de la Vozol Star 20000 Puffs est sa <strong>20 000 puffs de capacit\u00e9<\/strong>Cette long\u00e9vit\u00e9 vous permet de profiter de longues sessions de vapotage sans avoir \u00e0 remplacer le dispositif en permanence, ce qui le rend tr\u00e8s rentable pour les utilisateurs r\u00e9guliers. La batterie longue dur\u00e9e et les fonctionnalit\u00e9s int\u00e9gr\u00e9es telles que les bobines doubles \u00e0 mailles et une batterie rechargeable permettent une <strong>exp\u00e9rience de vapotage fluide<\/strong> \u00e0 chaque fois. Dites adieu aux recharges et remplacements fr\u00e9quents ; le Vozol Star garantit une durabilit\u00e9 sans compromettre la saveur ou la qualit\u00e9 de la vapeur.<\/p>\n<h3>Bobines \u00e0 double maille pour une saveur sup\u00e9rieure<\/h3>\n<p>Le Vozol Star 20000 utilise <strong>bobines \u00e0 double maille<\/strong> qui sont con\u00e7us pour fournir des saveurs plus riches et une vapeur plus dense. Ces bobines optimisent votre exp\u00e9rience de vapotage en am\u00e9liorant le go\u00fbt et la production de vapeur, cr\u00e9ant une aspiration satisfaisante et agr\u00e9able \u00e0 chaque fois que vous prenez une bouff\u00e9e. Que vous pr\u00e9f\u00e9riez <strong>vapeur l\u00e9g\u00e8re<\/strong> ou <strong>nuages denses<\/strong>Les bobines \u00e0 double maille garantissent que vous obteniez le profil de saveur que vous recherchez.<\/p>\n<h3>Modes doubles pour la personnalisation<\/h3>\n<p>Le <strong>fonctionnalit\u00e9 double mode<\/strong> du Vozol Star 20000 est parfait pour ceux qui veulent personnaliser leur exp\u00e9rience. Le <strong>Mode \u00c9co<\/strong> assure une vapeur plus lisse et plus l\u00e9g\u00e8re pour ceux qui pr\u00e9f\u00e8rent une sensation plus subtile, tandis que <strong>Mode Power<\/strong> livre des nuages plus gros et plus intenses pour une exp\u00e9rience de vapotage plus compl\u00e8te. La commutation entre ces modes est simple : il suffit d'appuyer sur un bouton pour passer de l'un \u00e0 l'autre, vous donnant le contr\u00f4le sur votre session de vapotage.<\/p>\n<h3>Conception Compacte, Stylis\u00e9e et Fonctionnelle<\/h3>\n<p>Avec son design \u00e9l\u00e9gant <strong>finition m\u00e9tallique d\u00e9grad\u00e9e<\/strong> et <strong>\u00e9cran HD miroir<\/strong>, le Vozol Star 20000 non seulement performe bien mais a \u00e9galement une belle apparence. Le <strong>\u00e9cran miroir<\/strong> fournit des informations claires, y compris les niveaux de batterie et l'\u00e9tat de l'e-liquide, afin que vous soyez toujours inform\u00e9 des performances de votre appareil. Le <strong>conception compacte<\/strong> assure une portabilit\u00e9, vous permettant d'emporter votre vape partout o\u00f9 vous allez, sans sacrifier le style.<\/p>\n<h3>Charge rapide et commodit\u00e9<\/h3>\n<p>Fatigu\u00e9 d'attendre que votre appareil se charge ? Le <strong>Vozol Star 20000<\/strong> peut \u00eatre compl\u00e8tement charg\u00e9 en seulement <strong>30 minutes<\/strong>assurer un retour rapide au vapotage. De plus, le <strong>MTL (de la bouche aux poumons)<\/strong> design offre une sensation famili\u00e8re similaire \u00e0 celle du tabagisme, ce qui en fait un excellent choix pour ceux qui passent des cigarettes.<\/p>\n<h3>Conception hygi\u00e9nique et s\u00fbre<\/h3>\n<p>Le <strong>protection de l'embouchure<\/strong> Cette fonctionnalit\u00e9 assure que l'embouchure reste propre et hygi\u00e9nique, \u00e9loignant les contaminants comme la poussi\u00e8re et les d\u00e9bris de l'embouchure lorsqu'elle n'est pas utilis\u00e9e. Cette attention port\u00e9e \u00e0 l'hygi\u00e8ne est l'une des raisons pour lesquelles le Vozol Star se d\u00e9marque en tant que dispositif de vapotage de premier plan.<\/p>\n<h3>Parfait pour les d\u00e9butants et les experts alike<\/h3>\n<p>Le <strong>Vozol Star 20000 Puffs<\/strong> est con\u00e7u pour \u00eatre convivial pour les d\u00e9butants, avec des fonctionnalit\u00e9s simples et une fonctionnalit\u00e9 facile. Que vous soyez un novice dans le monde de la vape ou un vapoteur exp\u00e9riment\u00e9, cet appareil est un excellent choix. Son design simple le rend id\u00e9al pour ceux qui commencent, tandis que ses fonctionnalit\u00e9s avanc\u00e9es satisferont les pr\u00e9f\u00e9rences des vapoteurs exp\u00e9riment\u00e9s.<\/p>\n<h2>Caract\u00e9ristiques du Vozol Star 20000 Puffs Vape Jetable<\/h2>\n<ul>\n<li><strong>20 000+ bouff\u00e9es<\/strong>: Sessions de vapotage prolong\u00e9es, r\u00e9duisant la n\u00e9cessit\u00e9 de remplacements fr\u00e9quents.<\/li>\n<li><strong>Rechargeable \n\n R\u00e9utilisable \n Rechargeable<\/strong>: \u00c9cologique et rentable avec une batterie \u00e0 charge rapide (enti\u00e8rement charg\u00e9e en seulement 30 minutes).<\/li>\n<li><strong>Bobines \u00e0 double maille<\/strong>: Offre une saveur riche et une vapeur dense pour une aspiration satisfaisante.<\/li>\n<li><strong>Modes doubles<\/strong>: Mode Eco pour une vapeur plus l\u00e9g\u00e8re et Mode Puissance pour des nuages denses.<\/li>\n<li><strong>\u00c9cran d'affichage \u00e0 LED<\/strong>: Fournit des mises \u00e0 jour en temps r\u00e9el sur les niveaux de batterie et d'e-liquide.<\/li>\n<li><strong>5% Nicotine Strength \nremplac\u00e9 par \n5% Intensit\u00e9 de la nicotine<\/strong>: Une bouff\u00e9e de nicotine satisfaisante pour une exp\u00e9rience de vapotage gratifiante.<\/li>\n<li><strong>Conception MTL<\/strong>: Id\u00e9al pour les vapoteurs de la bouche aux poumons qui veulent une exp\u00e9rience plus douce similaire au tabagisme.<\/li>\n<li><strong>Protection de la bouche<\/strong>La conception hygi\u00e9nique emp\u00eache la contamination.<\/li>\n<li><strong>Conception Stylis\u00e9e et Compacte<\/strong>: Finition m\u00e9tallique d\u00e9grad\u00e9e avec un bo\u00eetier blanc \u00e9l\u00e9gant pour la portabilit\u00e9 et l'attrait esth\u00e9tique.<\/li>\n<\/ul>\n<h2>Vozol Star 20000 Puffs Saveurs<\/h2>\n<p>Le Vozol Star 20000 Puffs est disponible dans une large vari\u00e9t\u00e9 de saveurs d\u00e9licieuses. Que vous ayez envie de quelque chose de fruit\u00e9, de glace ou de sucr\u00e9, il y a une saveur pour tout le monde. Voici une liste compl\u00e8te des saveurs disponibles :<\/p>\n<p><img loading=\"lazy\" decoding=\"async\" class=\"alignnone wp-image-3623 size-full\" src=\"https:\/\/casinovape.de\/wp-content\/uploads\/2024\/11\/vozol-star-20000.webp\" alt=\"Entrep\u00f4t europ\u00e9en Vozol Star 20000 bouff\u00e9es Nicotine faible Acheter Vape Pen jetable rechargeable Authentique d&#039;origine\" width=\"1131\" height=\"1600\" srcset=\"https:\/\/casinovape.de\/wp-content\/uploads\/2024\/11\/vozol-star-20000.webp 1131w, https:\/\/casinovape.de\/wp-content\/uploads\/2024\/11\/vozol-star-20000-212x300.webp 212w, https:\/\/casinovape.de\/wp-content\/uploads\/2024\/11\/vozol-star-20000-724x1024.webp 724w, https:\/\/casinovape.de\/wp-content\/uploads\/2024\/11\/vozol-star-20000-768x1086.webp 768w, https:\/\/casinovape.de\/wp-content\/uploads\/2024\/11\/vozol-star-20000-1086x1536.webp 1086w, https:\/\/casinovape.de\/wp-content\/uploads\/2024\/11\/vozol-star-20000-8x12.webp 8w, https:\/\/casinovape.de\/wp-content\/uploads\/2024\/11\/vozol-star-20000-600x849.webp 600w\" sizes=\"auto, (max-width: 1131px) 100vw, 1131px\" \/><\/p>\n<ol>\n<li><strong>Glace de past\u00e8que<\/strong>Une saveur de past\u00e8que rafra\u00eechissante et rafra\u00eechissante, parfaite pour les jours chauds. L'exhalaison glac\u00e9e ajoute une touche rafra\u00eechissante.<\/li>\n<li><strong>Glace au raisin<\/strong>Une saveur de raisin lisse et juteuse compl\u00e9t\u00e9e par une finition de glace rafra\u00eechissante \u00e0 la fois rafra\u00eechissante et satisfaisante.<\/li>\n<li><strong>Glace \u00e0 la mangue<\/strong>: Saveur de mangue tropicale sucr\u00e9e combin\u00e9e \u00e0 une finition glac\u00e9e rafra\u00eechissante, offrant la rafra\u00eechissante fruit\u00e9e ultime.<\/li>\n<li><strong>Double Pomme Glace<\/strong>Un m\u00e9lange de deux vari\u00e9t\u00e9s de pommes - sucr\u00e9e et acidul\u00e9e - associ\u00e9 \u00e0 une note de glace froide pour un \u00e9quilibre d\u00e9licieux.<\/li>\n<li><strong>Fraise Kiwi<\/strong>Le m\u00e9lange parfait de fraise juteuse et de kiwi acidul\u00e9, cr\u00e9ant un profil de saveur sucr\u00e9 et exotique.<\/li>\n<li><strong>Framboise Past\u00e8que<\/strong>Un m\u00e9lange fruit\u00e9 de framboises acidul\u00e9es et de past\u00e8que sucr\u00e9e, offrant une saveur l\u00e9g\u00e8re et rafra\u00eechissante.<\/li>\n<li><strong>Blue Razz Ice<\/strong>Une saveur de framboise bleue sucr\u00e9e et acidul\u00e9e, avec une finition glac\u00e9e rafra\u00eechissante pour sublimer le go\u00fbt.<\/li>\n<li><strong>Fraise Mangue<\/strong>Une combinaison tropicale de mangue m\u00fbre et de fraise sucr\u00e9e, cr\u00e9ant un m\u00e9lange fruit\u00e9 parfaitement \u00e9quilibr\u00e9.<\/li>\n<li><strong>P\u00eache Mangue Past\u00e8que<\/strong>Une combinaison de p\u00eaches juteuses, de mangues tropicales et de past\u00e8que sucr\u00e9e, parfaite pour ceux qui appr\u00e9cient les saveurs fruit\u00e9es superpos\u00e9es.<\/li>\n<li><strong>Cherry Cola<\/strong>Une saveur de cola \u00e0 la cerise nostalgique, offrant une exp\u00e9rience de vape sucr\u00e9e et p\u00e9tillante avec une finition lisse.<\/li>\n<li><strong>Glace P\u00eache Juteuse<\/strong>Le go\u00fbt sucr\u00e9 des p\u00eaches m\u00fbres rehauss\u00e9 d'une finition glac\u00e9e froide pour une exp\u00e9rience extra rafra\u00eechissante.<\/li>\n<li><strong>Dragon StrawNana<\/strong>Un m\u00e9lange unique de dragonfruit, de fraise et de banane, offrant un profil de saveur sucr\u00e9 et exotique.<\/li>\n<li><strong>Baies m\u00e9lang\u00e9es<\/strong>Une d\u00e9licieuse combinaison de diverses baies, procurant une explosion de saveurs sucr\u00e9es et acidul\u00e9es \u00e0 chaque bouff\u00e9e.<\/li>\n<li><strong>Citron Lime<\/strong>Un m\u00e9lange piquant de saveurs de citron et de lime acidul\u00e9es, parfait pour ceux qui aiment les vapeurs \u00e0 base d'agrumes.<\/li>\n<li><strong>Tropical Blast \n becomes \n\n Tropical Blast<\/strong>Un m\u00e9lange tropical de fruits exotiques, offrant une saveur sucr\u00e9e et rafra\u00eechissante \u00e0 chaque inspiration.<\/li>\n<li><strong>Orage de bleuets<\/strong>Une saveur de myrtille lisse avec des notes de douceur et une l\u00e9g\u00e8re acidit\u00e9, parfaite pour les amateurs de baies.<\/li>\n<li><strong>Parfum Citron<\/strong>Une saveur de citron florale et citronn\u00e9e, offrant un go\u00fbt frais et revigorant.<\/li>\n<li><strong>Orange Ananas Litchi<\/strong>Un m\u00e9lange tropical d'orange sucr\u00e9e, d'ananas acidul\u00e9 et de litchi exotique, parfait pour ceux qui veulent une explosion de saveur tropicale.<\/li>\n<li><strong>Love 777<\/strong>Un m\u00e9lange unique et myst\u00e9rieux de fruits et de bonbons, offrant une exp\u00e9rience sucr\u00e9e et parfum\u00e9e.<\/li>\n<li><strong>Framboise Pomme Past\u00e8que Ananas<\/strong>Un m\u00e9lange rafra\u00eechissant de framboise, de pomme, de past\u00e8que et d'ananas, offrant une combinaison sucr\u00e9e et acidul\u00e9e de saveurs.<\/li>\n<\/ol>\n<h2>Pourquoi choisir <a href=\"https:\/\/casinovape.de\/fr\/categorie-de-produit\/vapes-jetables-vozol\/\">Vozol<\/a> Star 20000 Puffs Vape Jetable<\/h2>\n<ul>\n<li><strong>Saveur exceptionnelle<\/strong>: Gr\u00e2ce \u00e0 une technologie de bobine de maillage avanc\u00e9e, le Vozol Star 20000 Puffs offre une saveur exceptionnelle qui satisfera vos envies \u00e0 chaque bouff\u00e9e.<\/li>\n<li><strong>Abordable et pratique<\/strong>Avec 20 000 bouff\u00e9es, cet appareil de vape offre un excellent rapport qualit\u00e9-prix, r\u00e9duisant la n\u00e9cessit\u00e9 de remplacements et de recharges fr\u00e9quents.<\/li>\n<li><strong>Charge rapide<\/strong>: Chargez compl\u00e8tement votre appareil en seulement 30 minutes, minimisant les temps d'arr\u00eat et maximisant votre plaisir de vapoter.<\/li>\n<li><strong>Large \u00e9ventail de saveurs<\/strong>Des options fruit\u00e9es aux options glac\u00e9es, il y a une saveur pour convenir \u00e0 chaque pr\u00e9f\u00e9rence, vous assurant de ne jamais vous ennuyer.<\/li>\n<li><strong>Qualit\u00e9 et S\u00e9curit\u00e9<\/strong>La Vozol Star 20000 Puffs est \u00e9quip\u00e9e d'une pi\u00e8ce buccale hygi\u00e9nique et d'une performance fiable, garantissant une exp\u00e9rience de vapotage s\u00fbre et agr\u00e9able.<\/li>\n<\/ul>\n<h2>Acheter Vozol Star 20000 Puffs sur <a href=\"https:\/\/casinovape.de\/fr\/\">Casinovape<\/a><\/h2>\n<p>Casinovape est le leader <strong>plateforme de vente au d\u00e9tail en ligne<\/strong> Pour les vapes jetables dans le <strong>Deutschland<\/strong>Nous proposons une large gamme de marques de haute qualit\u00e9, notamment <strong>Al Fakher<\/strong>, <strong>Fizzy<\/strong>, <strong>OBEELAB HHC<\/strong>, <strong>Randm Fumot<\/strong>, et <strong>SMPO DL02<\/strong>, le tout \u00e0 des prix imbattables. Sans quantit\u00e9 minimale de commande et exp\u00e9dition rapide depuis nos <strong>Entrep\u00f4t de vape europ\u00e9en<\/strong>Vous pouvez profiter de vos vapes jetables pr\u00e9f\u00e9r\u00e9es en seulement <strong>3-7 jours<\/strong>Que vous achetiez un seul produit ou plusieurs, Casinovape garantit une exp\u00e9rience d'achat fluide et sans tracas.<\/p>\n<p><strong>Commandez maintenant<\/strong> et profitez de l'exp\u00e9rience de vapotage ultime avec Vozol Star 20000 Puffs !<\/p>\n<\/div>\n<\/div>\n<\/div>\n<\/div>\n<\/div>\n<\/div>","protected":false},"excerpt":{"rendered":"<p>Magasin <strong>Vozol Star 20000 Puffs<\/strong> Vape jetable chez Casinovape, offrant des performances durables, des saveurs riches et une charge rapide. Profitez d'un vapotage de qualit\u00e9 sup\u00e9rieure sans commande minimale et livraison rapide depuis notre entrep\u00f4t europ\u00e9en.<\/p>","protected":false},"featured_media":5259,"comment_status":"open","ping_status":"closed","template":"","meta":[],"product_brand":[],"product_cat":[22,78,79,80,81,82,83,84,86,87,88,90,92,94,95,96,98,99,65,66,67,68,69,70,71,72,73,74,75,76,77,57,63,45,48,50,51,47,52,54],"product_tag":[],"class_list":{"0":"post-4352","1":"product","2":"type-product","3":"status-publish","4":"has-post-thumbnail","6":"product_cat-vozol-disposable-vapes","7":"product_cat-buy-best-disposable-vape-flavors","8":"product_cat-apple-flavor-disposable-vapes","9":"product_cat-blue-razz-flavor-disposable-vapes","10":"product_cat-blueberry-flavor-disposable-vapes","11":"product_cat-cherry-flavor-disposable-vapes","12":"product_cat-cola-flavor-disposable-vapes","13":"product_cat-grape-flavor-disposable-vapes","14":"product_cat-ice-flavor-disposable-vapes","15":"product_cat-kiwi-flavor-disposable-vapes","16":"product_cat-lemon-flavor-disposable-vapes","17":"product_cat-mango-flavor-disposable-vapes","18":"product_cat-mixed-berries-flavor-disposable-vapes","19":"product_cat-peach-flavor-disposable-vapes","20":"product_cat-pineapple-flavor-disposable-vapes","21":"product_cat-raspberry-flavor-disposable-vapes","22":"product_cat-strawberry-flavor-disposable-vapes","23":"product_cat-watermelon-flavor-disposable-vapes","24":"product_cat-best-disposable-vape-in-europe","25":"product_cat-buy-disposable-vapes-in-austria","26":"product_cat-buy-disposable-vapes-in-belgium","27":"product_cat-buy-disposable-vapes-in-france","28":"product_cat-buy-disposable-vapes-in-germany","29":"product_cat-buy-disposable-vapes-in-italy","30":"product_cat-buy-disposable-vapes-in-netherlands","31":"product_cat-buy-disposable-vapes-in-norway","32":"product_cat-buy-disposable-vapes-in-poland","33":"product_cat-buy-disposable-vapes-in-portugal","34":"product_cat-buy-disposable-vapes-in-spain","35":"product_cat-buy-disposable-vapes-in-sweden","36":"product_cat-buy-disposable-vapes-in-switzerland","37":"product_cat-shop-disposable-vapes-by-puffs","38":"product_cat-20000-puff-disposable-vape","39":"product_cat-disposable-vape-types","40":"product_cat-big-puffs-disposable-vapes","41":"product_cat-digital-box-disposable-vapes","42":"product_cat-dual-mesh-disposable-vapes","43":"product_cat-full-screen-disposable-vapes","44":"product_cat-lower-nicotine-disposable-vapes","45":"product_cat-rechargeable-disposable-vapes","47":"first","48":"instock","49":"sale","50":"shipping-taxable","51":"purchasable","52":"product-type-variable"},"jetpack_sharing_enabled":true,"_links":{"self":[{"href":"https:\/\/casinovape.de\/fr\/wp-json\/wp\/v2\/product\/4352","targetHints":{"allow":["GET"]}}],"collection":[{"href":"https:\/\/casinovape.de\/fr\/wp-json\/wp\/v2\/product"}],"about":[{"href":"https:\/\/casinovape.de\/fr\/wp-json\/wp\/v2\/types\/product"}],"replies":[{"embeddable":true,"href":"https:\/\/casinovape.de\/fr\/wp-json\/wp\/v2\/comments?post=4352"}],"wp:featuredmedia":[{"embeddable":true,"href":"https:\/\/casinovape.de\/fr\/wp-json\/wp\/v2\/media\/5259"}],"wp:attachment":[{"href":"https:\/\/casinovape.de\/fr\/wp-json\/wp\/v2\/media?parent=4352"}],"wp:term":[{"taxonomy":"product_brand","embeddable":true,"href":"https:\/\/casinovape.de\/fr\/wp-json\/wp\/v2\/product_brand?post=4352"},{"taxonomy":"product_cat","embeddable":true,"href":"https:\/\/casinovape.de\/fr\/wp-json\/wp\/v2\/product_cat?post=4352"},{"taxonomy":"product_tag","embeddable":true,"href":"https:\/\/casinovape.de\/fr\/wp-json\/wp\/v2\/product_tag?post=4352"}],"curies":[{"name":"wp","href":"https:\/\/api.w.org\/{rel}","templated":true}]}}