{"id":4263,"date":"2024-11-27T12:51:52","date_gmt":"2024-11-27T12:51:52","guid":{"rendered":"https:\/\/casinovape.de\/?post_type=product&#038;p=4263"},"modified":"2025-05-12T07:40:05","modified_gmt":"2025-05-12T07:40:05","slug":"entrepot-europeen-lavande-bm18000-bouffees-a-faible-teneur-en-nicotine-acheter-stylo-vapes-jetable-rechargeable-authentique-original","status":"publish","type":"product","link":"https:\/\/casinovape.de\/fr\/produit\/entrepot-europeen-lavande-bm18000-bouffees-a-faible-teneur-en-nicotine-acheter-stylo-vapes-jetable-rechargeable-authentique-original\/","title":{"rendered":"Vape Stylo Jetable Rechargeable Authentique Lavande BM18000 Puffs Faible Nicotine Achat Original Entrep\u00f4t Europ\u00e9en"},"content":{"rendered":"<p><img loading=\"lazy\" decoding=\"async\" class=\"alignnone wp-image-3545 size-full\" src=\"https:\/\/casinovape.de\/wp-content\/uploads\/2024\/11\/Lavande-BM18000\uff085\uff09.webp\" alt=\"\" width=\"800\" height=\"800\" srcset=\"https:\/\/casinovape.de\/wp-content\/uploads\/2024\/11\/Lavande-BM18000\uff085\uff09.webp 800w, https:\/\/casinovape.de\/wp-content\/uploads\/2024\/11\/Lavande-BM18000\uff085\uff09-300x300.webp 300w, https:\/\/casinovape.de\/wp-content\/uploads\/2024\/11\/Lavande-BM18000\uff085\uff09-150x150.webp 150w, https:\/\/casinovape.de\/wp-content\/uploads\/2024\/11\/Lavande-BM18000\uff085\uff09-768x768.webp 768w, https:\/\/casinovape.de\/wp-content\/uploads\/2024\/11\/Lavande-BM18000\uff085\uff09-12x12.webp 12w, https:\/\/casinovape.de\/wp-content\/uploads\/2024\/11\/Lavande-BM18000\uff085\uff09-600x600.webp 600w, https:\/\/casinovape.de\/wp-content\/uploads\/2024\/11\/Lavande-BM18000\uff085\uff09-100x100.webp 100w\" sizes=\"auto, (max-width: 800px) 100vw, 800px\" \/><\/p>\n<p>Dans le monde de la vape, le <strong>Lavande BM 18000 Puffs<\/strong> se distingue comme l'une des options les plus avanc\u00e9es et innovantes disponibles. Ce stylo vape jetable rechargeable de pointe est con\u00e7u pour ceux qui recherchent une exp\u00e9rience de vapotage plus durable, plus savoureuse et personnalisable. Avec son design \u00e9l\u00e9gant, sa technologie de pointe et sa capacit\u00e9 impressionnante de 18 000 bouff\u00e9es, le Lavande BM 18000 Puffs promet d'\u00e9lever votre exp\u00e9rience de vapotage.<\/p>\n<p>\u00c0 <strong>Casinovape<\/strong>, la plus grande plateforme de vente en ligne pour les vapes jetables en Allemagne, nous sommes fiers de proposer les <strong>Lavande BM 18000 Puffs<\/strong> et une vari\u00e9t\u00e9 d'autres produits de vape de qualit\u00e9 sup\u00e9rieure de marques comme <strong>Al Fakher<\/strong>, <strong>Fizzy<\/strong>, <strong>OBEELAB HHC<\/strong>, <strong>Randm Fumot<\/strong>, et <strong>SMPO DL02<\/strong>Nous desservons des clients de d\u00e9tail \u00e0 travers l'Union europ\u00e9enne, en garantissant que vous obteniez les meilleurs produits \u00e0 des prix comp\u00e9titifs avec une livraison rapide directement depuis notre entrep\u00f4t de vape europ\u00e9en.<\/p>\n<h3><a href=\"https:\/\/casinovape.de\/fr\/categorie-de-produit\/vapes-jetables-a-la-lavande\/\">Lavande BM 18000 Puffs <\/a>Description d\u00e9taill\u00e9e du produit<\/h3>\n<p>Le <strong>Lavande BM 18000 Puffs<\/strong> est un <strong>stylo vape jetable rechargeable<\/strong> qui combine la commodit\u00e9 avec des performances \u00e9lev\u00e9es. Con\u00e7u avec un <strong>Syst\u00e8me de chauffage \u00e0 bobine de maillage 6x<\/strong>cette vape d\u00e9livre une vapeur lisse et parfum\u00e9e \u00e0 chaque bouff\u00e9e. Le <strong>Batterie 650mAh<\/strong> est con\u00e7u pour une puissance optimale, vous permettant de profiter de votre vape pendant une longue p\u00e9riode sans recharges fr\u00e9quentes. Le dispositif <strong>Capacit\u00e9 de e-liquide pr\u00e9rempli de 24 ml<\/strong> garantit que vous b\u00e9n\u00e9ficierez de nuages constants et satisfaisants du d\u00e9but \u00e0 la fin.<\/p>\n<p>L'une des caract\u00e9ristiques remarquables de la Lavande BM 18000 Puffs est son <strong>18 000 puff<\/strong> capacit\u00e9. Cela le rend id\u00e9al pour ceux qui pr\u00e9f\u00e8rent une vape longue dur\u00e9e sans les tracas des remplacements constants. Que vous soyez un vapoteur occasionnel ou quelqu'un qui aime vapoter toute la journ\u00e9e, cet appareil vous offrira une exp\u00e9rience sans tracas.<\/p>\n<p>Une autre caract\u00e9ristique cl\u00e9 est la <strong>fonctionnement activ\u00e9 par dessin<\/strong>signifiant que vous n'avez pas besoin d'appuyer sur des boutons pour commencer \u00e0 vapoter. Il suffit d'inspirer, et l'appareil s'activera automatiquement, d\u00e9livrant une vapeur lisse et parfum\u00e9e \u00e0 chaque fois. Le <strong>\u00c9cran Mega Full HD 3,0\u201d<\/strong> assure une exp\u00e9rience visuellement am\u00e9lior\u00e9e, permettant de surveiller facilement vos param\u00e8tres, la dur\u00e9e de vie de la batterie et le nombre de bouff\u00e9es. Cet appareil riche en fonctionnalit\u00e9s offre \u00e9galement <strong>Mode Normal<\/strong> et <strong>Mode Boost<\/strong>permettant de personnaliser votre exp\u00e9rience de vapotage en fonction de vos pr\u00e9f\u00e9rences.<\/p>\n<p>Le <strong>Charge USB Type-C<\/strong> capacit\u00e9 garantit que votre appareil se recharge rapidement, afin que vous puissiez reprendre votre vape. Avec <strong>Types de modes<\/strong> Pour des performances normales et am\u00e9lior\u00e9es, les utilisateurs peuvent personnaliser leur exp\u00e9rience de vapotage en fonction de leurs go\u00fbts sp\u00e9cifiques. Que vous souhaitiez prolonger la dur\u00e9e de vie de votre vape ou profiter d'une explosion de saveur suppl\u00e9mentaire, cet appareil est con\u00e7u pour vous.<\/p>\n<h3>Fonctionnalit\u00e9s cl\u00e9s de <a href=\"https:\/\/casinovape.de\/fr\/categorie-de-produit\/vapes-jetables-a-la-lavande\/\">Lavande BM 18000 Puffs<\/a><\/h3>\n<ul>\n<li><strong>Capacit\u00e9 pr\u00e9d\u00e9finie<\/strong>: 24ml<\/li>\n<li><strong>Capacit\u00e9 de la batterie<\/strong>: 650mAh pour une utilisation prolong\u00e9e<\/li>\n<li><strong>Max Puffs<\/strong>: 18 000 bouff\u00e9es, offrant un plaisir de vapotage durable<\/li>\n<li><strong>Op\u00e9ration<\/strong>: Activation par dessin pour une utilisation facile<\/li>\n<li><strong>\u00c9l\u00e9ment chauffant<\/strong>: 6x M\u00e8ches \u00e0 spirales pour un ar\u00f4me optimal et une vapeur lisse<\/li>\n<li><strong>\u00c9cran d'affichage<\/strong>: \u00c9cran Mega Full HD de 3,0\u2033 pour une meilleure visibilit\u00e9 et un contr\u00f4le accru<\/li>\n<li><strong>Type de charge<\/strong>: USB Type-C pour une charge rapide<\/li>\n<li><strong>Types de modes<\/strong>: Mode Normal et Mode Boost pour une exp\u00e9rience personnalisable<\/li>\n<li><strong>Param\u00e8tres d'affichage et de contr\u00f4le<\/strong>: Ajustez facilement les param\u00e8tres avec des commandes conviviales<\/li>\n<\/ul>\n<h3>Pourquoi vous devriez acheter le <a href=\"https:\/\/casinovape.de\/fr\/categorie-de-produit\/vapes-jetables-a-la-lavande\/\">Lavande BM 18000 Puffs<\/a><\/h3>\n<ol>\n<li><strong>Longues bouff\u00e9es<\/strong>Avec 18 000 bouff\u00e9es par appareil, le Lavande BM vous assure de ne pas avoir \u00e0 vous soucier de remplacements fr\u00e9quents. Profitez d'une exp\u00e9rience de vapotage sans tracas qui peut durer des jours ou m\u00eame des semaines, selon votre utilisation.<\/li>\n<li><strong>Saveur Sup\u00e9rieure et Qualit\u00e9 de Vapeur<\/strong>: Le syst\u00e8me de chauffage \u00e0 bobine en maille 6x avanc\u00e9 am\u00e9liore la d\u00e9livrance de la saveur, assurant des nuages lisses et parfum\u00e9s \u00e0 chaque inspiration. Que vous pr\u00e9f\u00e9riez des saveurs fruit\u00e9es, glac\u00e9es ou menthol\u00e9es, le Lavande BM 18000 Puffs impressionnera par sa consistance et sa douceur.<\/li>\n<li><strong>Pratique et convivial<\/strong>Avec un fonctionnement activ\u00e9 par aspiration, vous n'avez pas besoin d'appuyer sur des boutons pour commencer \u00e0 vapoter. Il suffit d'inspirer, et vous \u00eates pr\u00eat \u00e0 partir. C'est parfait pour les d\u00e9butants et les vapoteurs exp\u00e9riment\u00e9s qui appr\u00e9cient la simplicit\u00e9.<\/li>\n<li><strong>Rechargeable pour la durabilit\u00e9<\/strong>Contrairement aux vapes jetables traditionnels qui doivent \u00eatre remplac\u00e9s apr\u00e8s un certain nombre de bouff\u00e9es, le Lavande BM 18000 Puffs est rechargeable, vous permettant de continuer \u00e0 profiter de votre vape sans gaspillage inutile.<\/li>\n<li><strong>Charge rapide<\/strong>Avec <strong>USB Type-C<\/strong> Le chargement, l'appareil se charge rapidement, assurant un temps d'arr\u00eat minimal et plus de temps pour vous permettre de profiter de votre vape.<\/li>\n<li><strong>Conception \u00c9l\u00e9gante et Moderne<\/strong>La Lavande BM 18000 Puffs combine la fonctionnalit\u00e9 avec l'esth\u00e9tique, offrant un design \u00e9l\u00e9gant, portable et discret que vous pouvez emporter partout.<\/li>\n<\/ol>\n<p><img loading=\"lazy\" decoding=\"async\" class=\"alignnone wp-image-3532 size-full\" src=\"https:\/\/casinovape.de\/wp-content\/uploads\/2024\/11\/Lavande-BM18000\uff083\uff09-scaled.webp\" alt=\"Vape Stylo Jetable Rechargeable Authentique Lavande BM18000 Puffs Faible Nicotine Achat Original Entrep\u00f4t Europ\u00e9en\" width=\"759\" height=\"2560\" srcset=\"https:\/\/casinovape.de\/wp-content\/uploads\/2024\/11\/Lavande-BM18000\uff083\uff09-scaled.webp 759w, https:\/\/casinovape.de\/wp-content\/uploads\/2024\/11\/Lavande-BM18000\uff083\uff09-89x300.webp 89w, https:\/\/casinovape.de\/wp-content\/uploads\/2024\/11\/Lavande-BM18000\uff083\uff09-455x1536.webp 455w, https:\/\/casinovape.de\/wp-content\/uploads\/2024\/11\/Lavande-BM18000\uff083\uff09-607x2048.webp 607w, https:\/\/casinovape.de\/wp-content\/uploads\/2024\/11\/Lavande-BM18000\uff083\uff09-4x12.webp 4w, https:\/\/casinovape.de\/wp-content\/uploads\/2024\/11\/Lavande-BM18000\uff083\uff09-600x2025.webp 600w\" sizes=\"auto, (max-width: 759px) 100vw, 759px\" \/><\/p>\n<h3>Les saveurs les plus populaires pour Lavande BM 18000 Puffs<\/h3>\n<p>Lavande BM 18000 Puffs propose une vari\u00e9t\u00e9 de saveurs excitantes et rafra\u00eechissantes pour r\u00e9pondre \u00e0 toutes les pr\u00e9f\u00e9rences gustatives. Que vous aimiez les saveurs fruit\u00e9es, menthol\u00e9es ou inspir\u00e9es des bonbons, Lavande a quelque chose pour tout le monde. Voici une liste d\u00e9taill\u00e9e des meilleures saveurs qui sont s\u00fbres d'am\u00e9liorer votre exp\u00e9rience de vapotage :<\/p>\n<ol>\n<li><strong>Past\u00e8que Framboise<\/strong> \u2013 Un m\u00e9lange sucr\u00e9 et juteux de past\u00e8que m\u00fbre et de framboise piquante. Ce m\u00e9lange rafra\u00eechissant est parfait pour ceux qui aiment une explosion fruit\u00e9es \u00e0 chaque bouff\u00e9e.<\/li>\n<li><strong>Glace de past\u00e8que<\/strong> \u2013 Une saveur de past\u00e8que fra\u00eeche et rafra\u00eechissante associ\u00e9e \u00e0 une finition glac\u00e9e rafra\u00eechissante. C'est comme mordre dans une past\u00e8que juteuse un jour d'\u00e9t\u00e9 chaud.<\/li>\n<li><strong>Rainbow Skittz<\/strong> Une d\u00e9licieuse m\u00e9lodie de saveurs inspir\u00e9es des bonbons. Sucr\u00e9, piquant et color\u00e9, c'est pour ceux qui aiment le go\u00fbt des bonbons en forme de vape.<\/li>\n<li><strong>Glace \u00e0 l'ananas<\/strong> Une d\u00e9lice tropicale avec l'\u00e9quilibre parfait de l'ananas sucr\u00e9 et d'une finition menthol\u00e9e rafra\u00eechissante. La sensation glac\u00e9e compl\u00e8te la douceur du fruit \u00e0 la perfection.<\/li>\n<li><strong>Glace \u00e0 la fraise<\/strong> \u2013 Une saveur de fraise lisse et sucr\u00e9e avec une touche glac\u00e9e rafra\u00eechissante. C'est un vape parfait pour ceux qui aiment les saveurs fruit\u00e9es et fra\u00eeches.<\/li>\n<li><strong>P\u00eache Glac\u00e9e<\/strong> \u2013 Le go\u00fbt juteux et sucr\u00e9 des p\u00eaches m\u00fbres rencontre une fra\u00eecheur menthol\u00e9e, cr\u00e9ant une saveur app\u00e9tissante \u00e0 la fois rafra\u00eechissante et satisfaisante.<\/li>\n<li><strong>M. Blue<\/strong> \u2013 Un m\u00e9lange audacieux de framboise bleue et d'autres saveurs de baies. Celui-ci est un favori des fans pour ceux qui aiment une vapeur acide et sucr\u00e9e.<\/li>\n<li><strong>Glace \u00e0 la mangue<\/strong> \u2013 Une saveur de mangue tropicale avec une finition fra\u00eeche et glac\u00e9e. Cette saveur est parfaite pour quiconque appr\u00e9cie une vapeur fruit\u00e9e avec un extra frais.<\/li>\n<li><strong>Mangue Fruit du Dragon<\/strong> \u2013 Une fusion tropicale de mangue sucr\u00e9e et de fruit dragon exotique. Cette combinaison est \u00e0 la fois fruit\u00e9e et rafra\u00eechissante, avec une touche de douceur.<\/li>\n<li><strong>Love 66 \n\n(Remarque : Rien \u00e0 traduire, un num\u00e9ro et un mot simple) \nAmour 66<\/strong> \u2013 Un m\u00e9lange de saveurs secret et myst\u00e9rieux qui offre une combinaison de notes sucr\u00e9es, acidul\u00e9es et l\u00e9g\u00e8rement cr\u00e9meuses. C'est une saveur qui vous laissera deviner.<\/li>\n<li><strong>Citron Menthe<\/strong> \u2013 Un citron piquant associ\u00e9 \u00e0 de la menthe fra\u00eeche, offrant une saveur \u00e2pre et pourtant fra\u00eeche qui est \u00e0 la fois rafra\u00eechissante et \u00e9nergisante.<\/li>\n<li><strong>Menthe \u00e0 la vigne<\/strong> \u2013 Des raisins doux et juteux avec une finale de menthe croquante. C'est un \u00e9quilibre parfait de fruit\u00e9 et de menthol\u00e9 qui titillera vos papilles.<\/li>\n<li><strong>Double Raisin<\/strong> \u2013 Une saveur de raisin riche et profonde, sucr\u00e9e, audacieuse et totalement satisfaisante. La double dose de raisin fait de ce parfum un v\u00e9ritable chef de file.<\/li>\n<li><strong>Double Pomme<\/strong> \u2013 Une saveur de pomme sucr\u00e9e et croquante avec un double coup d'intensit\u00e9. C'est un excellent choix pour ceux qui adorent le go\u00fbt des pommes fra\u00eeches.<\/li>\n<li><strong>Chewy Watermelon \n remains \nNo translation needed for \"Chewy Watermelon\" as it seems to be a product or brand name. However, if a translation for a description or context is required, it could be:\n\n\nM\u00e9lon d'eau moelleux<\/strong> \u2013 Une saveur de past\u00e8que \u00e0 la fois sucr\u00e9e et moelleuse, rappelant les bonbons classiques \u00e0 la past\u00e8que. C'est une saveur nostalgique qui est s\u00fbre de plaire.<\/li>\n<li><strong>Menthe \u00e0 fruits rouges<\/strong> \u2013 Un m\u00e9lange de baies sucr\u00e9es avec une finition rafra\u00eechissante \u00e0 la menthe. C'est une saveur de menthe fruit\u00e9 rafra\u00eechissante, parfaite pour une vape toute la journ\u00e9e.<\/li>\n<li><strong>Glace \u00e0 la cassis<\/strong> \u2013 Saveur de cassis noire bold et piquante combin\u00e9e \u00e0 une finition glac\u00e9e. C'est un choix id\u00e9al pour ceux qui appr\u00e9cient les saveurs riches et acidul\u00e9es avec une touche de menthol.<\/li>\n<li><strong>Glace Bleue \u00e0 la Myrtille<\/strong> \u2013 Une saveur de myrtille lisse avec une finition menthol\u00e9e glac\u00e9e. C'est fruit\u00e9, frais et parfait pour ceux qui aiment les saveurs de baies sucr\u00e9es.<\/li>\n<li><strong>Mythe Bleuette Menthe<\/strong> \u2013 La combinaison parfaite de bleuets sucr\u00e9s et de menthe rafra\u00eechissante. C'est une saveur satisfaisante \u00e0 la fois fruit\u00e9e et fra\u00eeche.<\/li>\n<li><strong>Chewy Mint -&gt; \nMenthe collante \nor \nMenthe \u00e0 m\u00e2cher \nor \nPastille de menthe \u00e0 m\u00e2cher \n -&gt; \n Chewy Mint \nis translated to \nMenthe \u00e0 m\u00e2cher<\/strong> \u2013 Une saveur de menthe sucr\u00e9e et moelleuse, rafra\u00eechissante et apaisante. C'est une excellente option pour ceux qui veulent une exp\u00e9rience de vapotage fra\u00eeche mais douce.<\/li>\n<\/ol>\n<h3>Pourquoi choisir <a href=\"https:\/\/casinovape.de\/fr\/\">Casinovape<\/a> Pour vos besoins en vapoteuse jetable ?<\/h3>\n<p>\u00c0 <strong>Casinovape<\/strong>Nous proposons des vapes jetables de haute qualit\u00e9 comme le <strong>Lavande BM 18000 Puffs<\/strong> sans quantit\u00e9 minimale de commande, \u00e0 partir de juste <strong>1 pi\u00e8ce<\/strong>Nos produits sont exp\u00e9di\u00e9s de nos <strong>Entrep\u00f4t Vape Europ\u00e9en<\/strong>en garantissant une livraison rapide dans <strong>3-7 jours<\/strong> \u00e0 nos clients \u00e0 travers l'UE. Que vous soyez un vapoteur individuel ou faisant partie d'un groupe de d\u00e9taillants, nous offrons les meilleurs prix et un service client exceptionnel.<\/p>\n<p>Choisir <a href=\"https:\/\/casinovape.de\/fr\/\"><strong>Casinovape<\/strong><\/a> Pour une exp\u00e9rience de shopping exceptionnelle et un acc\u00e8s \u00e0 des stylo-vape jetables premium qui r\u00e9pondent \u00e0 vos besoins. Explorez notre collection et d\u00e9couvrez les meilleures vapeurs jetables disponibles sur le march\u00e9 aujourd'hui.<\/p>","protected":false},"excerpt":{"rendered":"<div class=\"flex-shrink-0 flex flex-col relative items-end\">\n<div>\n<div class=\"pt-0\">\n<div class=\"gizmo-shadow-stroke flex h-8 w-8 items-center justify-center overflow-hidden rounded-full\">\n<div class=\"h-full w-full\">\n<div class=\"gizmo-shadow-stroke overflow-hidden rounded-full\"><span style=\"color: #555555;\">D\u00e9couvrez le<strong> Lavande BM18000 Puffs<\/strong>Vape jetable, offrant des performances durables, des saveurs premium et une conception rechargeable. Achetez maintenant sur Casinovape pour une livraison rapide dans l'UE depuis notre entrep\u00f4t de vape europ\u00e9en.<\/span><\/div>\n<\/div>\n<\/div>\n<\/div>\n<\/div>\n<\/div>","protected":false},"featured_media":3538,"comment_status":"open","ping_status":"closed","template":"","meta":[],"product_brand":[],"product_cat":[35,78,79,81,84,86,88,90,91,94,95,96,98,99,65,66,67,68,69,70,71,72,73,74,75,76,77,57,102,45,48,50,52,54],"product_tag":[],"class_list":{"0":"post-4263","1":"product","2":"type-product","3":"status-publish","4":"has-post-thumbnail","6":"product_cat-lavande-disposable-vapes","7":"product_cat-buy-best-disposable-vape-flavors","8":"product_cat-apple-flavor-disposable-vapes","9":"product_cat-blueberry-flavor-disposable-vapes","10":"product_cat-grape-flavor-disposable-vapes","11":"product_cat-ice-flavor-disposable-vapes","12":"product_cat-lemon-flavor-disposable-vapes","13":"product_cat-mango-flavor-disposable-vapes","14":"product_cat-mint-flavor-disposable-vapes","15":"product_cat-peach-flavor-disposable-vapes","16":"product_cat-pineapple-flavor-disposable-vapes","17":"product_cat-raspberry-flavor-disposable-vapes","18":"product_cat-strawberry-flavor-disposable-vapes","19":"product_cat-watermelon-flavor-disposable-vapes","20":"product_cat-best-disposable-vape-in-europe","21":"product_cat-buy-disposable-vapes-in-austria","22":"product_cat-buy-disposable-vapes-in-belgium","23":"product_cat-buy-disposable-vapes-in-france","24":"product_cat-buy-disposable-vapes-in-germany","25":"product_cat-buy-disposable-vapes-in-italy","26":"product_cat-buy-disposable-vapes-in-netherlands","27":"product_cat-buy-disposable-vapes-in-norway","28":"product_cat-buy-disposable-vapes-in-poland","29":"product_cat-buy-disposable-vapes-in-portugal","30":"product_cat-buy-disposable-vapes-in-spain","31":"product_cat-buy-disposable-vapes-in-sweden","32":"product_cat-buy-disposable-vapes-in-switzerland","33":"product_cat-shop-disposable-vapes-by-puffs","34":"product_cat-18000-puff-disposable-vape","35":"product_cat-disposable-vape-types","36":"product_cat-big-puffs-disposable-vapes","37":"product_cat-digital-box-disposable-vapes","38":"product_cat-lower-nicotine-disposable-vapes","39":"product_cat-rechargeable-disposable-vapes","41":"first","42":"outofstock","43":"shipping-taxable","44":"product-type-variable"},"jetpack_sharing_enabled":true,"_links":{"self":[{"href":"https:\/\/casinovape.de\/fr\/wp-json\/wp\/v2\/product\/4263","targetHints":{"allow":["GET"]}}],"collection":[{"href":"https:\/\/casinovape.de\/fr\/wp-json\/wp\/v2\/product"}],"about":[{"href":"https:\/\/casinovape.de\/fr\/wp-json\/wp\/v2\/types\/product"}],"replies":[{"embeddable":true,"href":"https:\/\/casinovape.de\/fr\/wp-json\/wp\/v2\/comments?post=4263"}],"wp:featuredmedia":[{"embeddable":true,"href":"https:\/\/casinovape.de\/fr\/wp-json\/wp\/v2\/media\/3538"}],"wp:attachment":[{"href":"https:\/\/casinovape.de\/fr\/wp-json\/wp\/v2\/media?parent=4263"}],"wp:term":[{"taxonomy":"product_brand","embeddable":true,"href":"https:\/\/casinovape.de\/fr\/wp-json\/wp\/v2\/product_brand?post=4263"},{"taxonomy":"product_cat","embeddable":true,"href":"https:\/\/casinovape.de\/fr\/wp-json\/wp\/v2\/product_cat?post=4263"},{"taxonomy":"product_tag","embeddable":true,"href":"https:\/\/casinovape.de\/fr\/wp-json\/wp\/v2\/product_tag?post=4263"}],"curies":[{"name":"wp","href":"https:\/\/api.w.org\/{rel}","templated":true}]}}