{"id":2078,"date":"2024-10-30T07:47:17","date_gmt":"2024-10-30T07:47:17","guid":{"rendered":"https:\/\/casinovape.de\/?post_type=product&#038;p=2078"},"modified":"2025-05-12T07:43:09","modified_gmt":"2025-05-12T07:43:09","slug":"entrepot-europeen-smpo-dl02-10000-bouffees-a-faible-teneur-en-nicotine-acheter-original-authentique-rechargeable-vapes-jetables-stylo-boite-entiere","status":"publish","type":"product","link":"https:\/\/casinovape.de\/fr\/produit\/entrepot-europeen-smpo-dl02-10000-bouffees-a-faible-teneur-en-nicotine-acheter-original-authentique-rechargeable-vapes-jetables-stylo-boite-entiere\/","title":{"rendered":"Entrep\u00f4t europ\u00e9en SMPO DL02 10000 bouff\u00e9es Faible nicotine Acheter Vape jetable rechargeable authentique d'origine - Bo\u00eete compl\u00e8te"},"content":{"rendered":"<h2><img loading=\"lazy\" decoding=\"async\" class=\"alignnone wp-image-2102 size-full\" src=\"https:\/\/casinovape.de\/wp-content\/uploads\/2024\/10\/SMPO-DL02-product-profile_00.webp\" alt=\"Entrep\u00f4t europ\u00e9en SMPO DL02 10000 bouff\u00e9es Nicotine faible Acheter Vape Pen jetable rechargeable authentique d&#039;origine - bo\u00eete enti\u00e8re\" width=\"2133\" height=\"1200\" srcset=\"https:\/\/casinovape.de\/wp-content\/uploads\/2024\/10\/SMPO-DL02-product-profile_00.webp 2133w, https:\/\/casinovape.de\/wp-content\/uploads\/2024\/10\/SMPO-DL02-product-profile_00-300x169.webp 300w, https:\/\/casinovape.de\/wp-content\/uploads\/2024\/10\/SMPO-DL02-product-profile_00-1024x576.webp 1024w, https:\/\/casinovape.de\/wp-content\/uploads\/2024\/10\/SMPO-DL02-product-profile_00-768x432.webp 768w, https:\/\/casinovape.de\/wp-content\/uploads\/2024\/10\/SMPO-DL02-product-profile_00-1536x864.webp 1536w, https:\/\/casinovape.de\/wp-content\/uploads\/2024\/10\/SMPO-DL02-product-profile_00-2048x1152.webp 2048w, https:\/\/casinovape.de\/wp-content\/uploads\/2024\/10\/SMPO-DL02-product-profile_00-600x338.webp 600w\" sizes=\"auto, (max-width: 2133px) 100vw, 2133px\" \/><\/h2>\n<h2><strong><a href=\"https:\/\/casinovape.de\/fr\/\">Entrep\u00f4t Vape Europ\u00e9en<\/a> SMPO DL02 10000 bouff\u00e9es Rechargeable <a href=\"https:\/\/casinovape.de\/fr\/\">Stylo Vape Jetable<\/a>: Exp\u00e9rience de vapotage premium pour les amateurs de vape en Allemagne<\/strong><\/h2>\n<p>Chez Casinovape, le plus grand d\u00e9taillant en ligne allemand de vapes jetables, nous sommes fiers de proposer <strong>Stylo Vape jetable rechargeable SMPO DL02 10000 bouff\u00e9es entrep\u00f4t europ\u00e9en<\/strong>Disponible d\u00e9sormais dans des options de gros pratiques - choisissez entre une bo\u00eete de 9 paquets ou un paquet unique de 10 stylo - le SMPO DL02 apporte une exp\u00e9rience de vapotage haut de gamme directement \u00e0 votre porte. Con\u00e7u avec des fonctionnalit\u00e9s avanc\u00e9es et une ing\u00e9nierie de qualit\u00e9, cet appareil est con\u00e7u pour satisfaire les vapoteurs nouveaux et exp\u00e9riment\u00e9s, offrant une satisfaction constante d\u00e8s la premi\u00e8re bouff\u00e9e jusqu'\u00e0 la derni\u00e8re.<\/p>\n<h3><a href=\"https:\/\/casinovape.de\/fr\/categorie-de-produit\/vapes-jetables-smpo-dl02\/\">SMPO<\/a> DL02 10000 Puffs Pr\u00e9sentation du produit<\/h3>\n<p>Le <strong>Stylo Vape Jetable SMPO DL02<\/strong> est un appareil innovant haute performance qui combine durabilit\u00e9 et facilit\u00e9 d'utilisation. Aliment\u00e9 par une batterie rechargeable robuste de 750mAh, il offre une exp\u00e9rience de vapotage puissante et constante sur un nombre impressionnant de 10 000 bouff\u00e9es. Son design \u00e9l\u00e9gant et ergonomique assure une prise en main confortable, rendant chaque session de vapotage agr\u00e9able. Avec une puissance de sortie de 20W et une technologie avanc\u00e9e de bobine en maille, il d\u00e9livre des nuages lisses et riches qui am\u00e9liorent la saveur. Le d\u00e9bit d'air ajustable offre la flexibilit\u00e9 de personnaliser votre exp\u00e9rience, des bouff\u00e9es l\u00e9g\u00e8res aux nuages denses.<\/p>\n<p>Chez Casinovape, nous sommes engag\u00e9s \u00e0 offrir une qualit\u00e9, une fiabilit\u00e9 et un service client exceptionnel. Nos produits proviennent de marques de confiance et sont stock\u00e9s dans notre entrep\u00f4t de vape europ\u00e9en, garantissant une livraison rapide dans l'UE dans un d\u00e9lai de 3 \u00e0 7 jours.<\/p>\n<h3>Fonctionnalit\u00e9s cl\u00e9s du SMPO DL02<\/h3>\n<ul>\n<li><strong>Capacit\u00e9 de 10 000 puffs \u00e9tendue<\/strong>Profitez de longues sessions de vapotage sans remplacements fr\u00e9quents.<\/li>\n<li><strong>Pile rechargeable 750mAh<\/strong>La batterie est con\u00e7ue pour des performances constantes et une recharge pratique.<\/li>\n<li><strong>Technologie de protection contre la chaleur s\u00e8che CRUX<\/strong>: Maintient l'int\u00e9grit\u00e9 du go\u00fbt et emp\u00eache la surchauffe pour une exp\u00e9rience fluide.<\/li>\n<li><strong>Bobine de maillage 0,6\u03a9<\/strong>: Fournit un chauffage rapide, une vapeur douce et une consommation d'\u00e9nergie optimis\u00e9e.<\/li>\n<li><strong>Capacit\u00e9 de e-liquide de 20ml<\/strong>Un r\u00e9servoir liquide g\u00e9n\u00e9reux assure un plaisir de vapotage ininterrompu.<\/li>\n<li><strong>1% Niveau de Nicotine<\/strong>: Une force de nicotine \u00e9quilibr\u00e9e et douce, adapt\u00e9e \u00e0 une gamme de pr\u00e9f\u00e9rences.<\/li>\n<li><strong>Contr\u00f4le de d\u00e9bit d'air r\u00e9glable<\/strong>: Personnalisez la densit\u00e9 de la vapeur selon vos pr\u00e9f\u00e9rences, des bouff\u00e9es subtiles aux nuages \u00e9pais.<\/li>\n<li><strong>Conception compacte et ergonomique<\/strong>L\u00e9ger et facile \u00e0 tenir, parfait pour voyager et pour une utilisation quotidienne.<\/li>\n<\/ul>\n<h3>Pourquoi choisir le <a href=\"https:\/\/casinovape.de\/fr\/categorie-de-produit\/vapes-jetables-smpo-dl02\/\">SMPO<\/a> DL02 Stylo Vape Jetable<\/h3>\n<p>Le <strong>SMPO DL02<\/strong> est con\u00e7u pour am\u00e9liorer votre exp\u00e9rience de vapotage, que vous soyez d\u00e9butant ou utilisateur exp\u00e9riment\u00e9. Avec un nombre \u00e9lev\u00e9 de bouff\u00e9es, une construction durable et une dur\u00e9e de vie de la batterie fiable, il offre des performances exceptionnelles \u00e0 chaque utilisation. Chez Casinovape, notre focus sur la satisfaction client signifie que vous pouvez avoir confiance pour recevoir des produits authentiques et de haute qualit\u00e9. Disponible \u00e0 l'achat en gros sans exigence de commande minimale, notre entrep\u00f4t europ\u00e9en assure une livraison rapide et efficace dans tous les pays de l'UE.<\/p>\n<p>Casinovape propose la plus large s\u00e9lection de vapes jetables d'Allemagne, y compris des marques de premier plan comme <strong>Al Fakher, Fizzy, OBEELAB HHC<\/strong>, et le <strong>SMPO DL02<\/strong>.<\/p>\n<h3>S\u00e9lection de saveurs : Un \u00e9ventail de saveurs riches<\/h3>\n<p>Le SMPO DL02 propose une large gamme de saveurs con\u00e7ues pour offrir une exp\u00e9rience de vapotage unique et agr\u00e9able. Explorez les profils de saveur suivants :<\/p>\n<ul>\n<li><strong>Jus de mangue<\/strong>Une explosion tropicale de mangues m\u00fbres pour un go\u00fbt sucr\u00e9 et exotique.<\/li>\n<li><strong>Beurre d'arachide<\/strong>: Cr\u00e9meux et noiset\u00e9, parfait pour un vape quotidien doux.<\/li>\n<li><strong>Cr\u00e8me Glac\u00e9e \u00e0 la Fraise<\/strong>: Un m\u00e9lange sucr\u00e9 de fraises fra\u00eeches et de cr\u00e8me glac\u00e9e onctueuse.<\/li>\n<li><strong>Bonbon au citron<\/strong>: Piquant et sucr\u00e9, avec une touche de citron rafra\u00eechissante.<\/li>\n<li><strong>M\u00e9lange de baies<\/strong>Un m\u00e9lange savoureux de diverses baies, sucr\u00e9 et l\u00e9g\u00e8rement acidul\u00e9.<\/li>\n<li><strong>Fraise Kiwi<\/strong>: Des fraises sucr\u00e9es \u00e9quilibr\u00e9es par des kiwis acidul\u00e9s pour une saveur fra\u00eeche.<\/li>\n<li><strong>Cranberry Grape \n becomes \n canneberge raisin<\/strong>Un m\u00e9lange unique de raisin avec l'acidit\u00e9 de la canneberge.<\/li>\n<li><strong>Glace de past\u00e8que<\/strong>: Past\u00e8que juteuse associ\u00e9e \u00e0 une finition fra\u00eeche et glac\u00e9e.<\/li>\n<li><strong>Glace aux bleuets<\/strong>Myrtille m\u00fbre avec une fra\u00eecheur rafra\u00eechissante.<\/li>\n<li><strong>Vanille Tabac<\/strong>Une combinaison classique de vanille lisse et de tabac riche.<\/li>\n<\/ul>\n<h3>Commandez vos <a href=\"https:\/\/casinovape.de\/fr\/categorie-de-produit\/vapes-jetables-smpo-dl02\/\">SMPO<\/a> DL02 10000 Puffs Vape jetable en gros chez <a href=\"https:\/\/casinovape.de\/fr\/\">Casinovape<\/a><\/h3>\n<p>Pour ceux qui recherchent un vape fiable et de qualit\u00e9 sup\u00e9rieure, le SMPO DL02 est d\u00e9sormais disponible en options de gros chez Casinovape. Achetez un paquet unique de 10 stylo ou une grande bo\u00eete contenant 90 stylo pour r\u00e9pondre \u00e0 vos besoins. Casinovape est votre source de confiance pour les vapes jetables en Allemagne, offrant des produits de qualit\u00e9, des prix comp\u00e9titifs et une exp\u00e9dition rapide dans toute l'UE.<\/p>\n<p>Commandez maintenant pour profiter d'une exp\u00e9rience de vapotage fluide et satisfaisante avec le SMPO DL02, un choix de premier plan pour les vapoteurs \u00e0 travers l'Europe.<\/p>","protected":false},"excerpt":{"rendered":"<div class=\"flex-shrink-0 flex flex-col relative items-end\">\n<div class=\"pt-0\">\n<div class=\"gizmo-shadow-stroke flex h-8 w-8 items-center justify-center overflow-hidden rounded-full\">\n<div class=\"h-full w-full\">\n<div class=\"gizmo-shadow-stroke overflow-hidden rounded-full\">Magasin en ligne<strong> SMPO DL02 10000 Puffs<\/strong> Stylo Vape Jetable Rechargeable chez Casinovape \u2013 Le d\u00e9taillant de vape en ligne num\u00e9ro un en Allemagne. Profitez d'options en vrac, d'une exp\u00e9dition rapide dans l'UE et d'une s\u00e9lection de saveurs premium pour une exp\u00e9rience de vapotage sans pareil.<\/div>\n<\/div>\n<\/div>\n<\/div>\n<\/div>","protected":false},"featured_media":2101,"comment_status":"open","ping_status":"closed","template":"","meta":[],"product_brand":[],"product_cat":[20,78,81,84,86,87,88,90,98,99,65,66,67,68,69,70,71,72,73,74,75,76,77,57,59,45,48,52,54],"product_tag":[],"class_list":{"0":"post-2078","1":"product","2":"type-product","3":"status-publish","4":"has-post-thumbnail","6":"product_cat-smpo-dl02-disposable-vapes","7":"product_cat-buy-best-disposable-vape-flavors","8":"product_cat-blueberry-flavor-disposable-vapes","9":"product_cat-grape-flavor-disposable-vapes","10":"product_cat-ice-flavor-disposable-vapes","11":"product_cat-kiwi-flavor-disposable-vapes","12":"product_cat-lemon-flavor-disposable-vapes","13":"product_cat-mango-flavor-disposable-vapes","14":"product_cat-strawberry-flavor-disposable-vapes","15":"product_cat-watermelon-flavor-disposable-vapes","16":"product_cat-best-disposable-vape-in-europe","17":"product_cat-buy-disposable-vapes-in-austria","18":"product_cat-buy-disposable-vapes-in-belgium","19":"product_cat-buy-disposable-vapes-in-france","20":"product_cat-buy-disposable-vapes-in-germany","21":"product_cat-buy-disposable-vapes-in-italy","22":"product_cat-buy-disposable-vapes-in-netherlands","23":"product_cat-buy-disposable-vapes-in-norway","24":"product_cat-buy-disposable-vapes-in-poland","25":"product_cat-buy-disposable-vapes-in-portugal","26":"product_cat-buy-disposable-vapes-in-spain","27":"product_cat-buy-disposable-vapes-in-sweden","28":"product_cat-buy-disposable-vapes-in-switzerland","29":"product_cat-shop-disposable-vapes-by-puffs","30":"product_cat-10000-puff-disposable-vape","31":"product_cat-disposable-vape-types","32":"product_cat-big-puffs-disposable-vapes","33":"product_cat-lower-nicotine-disposable-vapes","34":"product_cat-rechargeable-disposable-vapes","36":"first","37":"outofstock","38":"shipping-taxable","39":"product-type-variable"},"jetpack_sharing_enabled":true,"_links":{"self":[{"href":"https:\/\/casinovape.de\/fr\/wp-json\/wp\/v2\/product\/2078","targetHints":{"allow":["GET"]}}],"collection":[{"href":"https:\/\/casinovape.de\/fr\/wp-json\/wp\/v2\/product"}],"about":[{"href":"https:\/\/casinovape.de\/fr\/wp-json\/wp\/v2\/types\/product"}],"replies":[{"embeddable":true,"href":"https:\/\/casinovape.de\/fr\/wp-json\/wp\/v2\/comments?post=2078"}],"wp:featuredmedia":[{"embeddable":true,"href":"https:\/\/casinovape.de\/fr\/wp-json\/wp\/v2\/media\/2101"}],"wp:attachment":[{"href":"https:\/\/casinovape.de\/fr\/wp-json\/wp\/v2\/media?parent=2078"}],"wp:term":[{"taxonomy":"product_brand","embeddable":true,"href":"https:\/\/casinovape.de\/fr\/wp-json\/wp\/v2\/product_brand?post=2078"},{"taxonomy":"product_cat","embeddable":true,"href":"https:\/\/casinovape.de\/fr\/wp-json\/wp\/v2\/product_cat?post=2078"},{"taxonomy":"product_tag","embeddable":true,"href":"https:\/\/casinovape.de\/fr\/wp-json\/wp\/v2\/product_tag?post=2078"}],"curies":[{"name":"wp","href":"https:\/\/api.w.org\/{rel}","templated":true}]}}