{"id":1418,"date":"2024-10-22T09:00:08","date_gmt":"2024-10-22T09:00:08","guid":{"rendered":"https:\/\/casinovape.de\/?post_type=product&#038;p=1418"},"modified":"2025-01-12T13:52:49","modified_gmt":"2025-01-12T13:52:49","slug":"entrepot-europeen-magic-bar-ultimate-12000-bouffees-a-faible-teneur-en-nicotine-acheter-stylo-vapes-jetable-rechargeable-authentique-original","status":"publish","type":"product","link":"https:\/\/casinovape.de\/fr\/produit\/entrepot-europeen-magic-bar-ultimate-12000-bouffees-a-faible-teneur-en-nicotine-acheter-stylo-vapes-jetable-rechargeable-authentique-original\/","title":{"rendered":"Barre magique d'entrep\u00f4t europ\u00e9en Ultimate 12000 bouff\u00e9es Faible nicotine Acheter Vape jetable rechargeable authentique Original stylo"},"content":{"rendered":"<h2><img loading=\"lazy\" decoding=\"async\" class=\"alignnone wp-image-1446 size-full\" src=\"https:\/\/casinovape.de\/wp-content\/uploads\/2024\/10\/11Magic-Bar-12000.webp\" alt=\"Barre magique d&#039;entrep\u00f4t europ\u00e9en Ultimate 12000 bouff\u00e9es Faible nicotine Acheter Vape jetable rechargeable authentique Original stylo\" width=\"2560\" height=\"1440\" srcset=\"https:\/\/casinovape.de\/wp-content\/uploads\/2024\/10\/11Magic-Bar-12000.webp 2560w, https:\/\/casinovape.de\/wp-content\/uploads\/2024\/10\/11Magic-Bar-12000-300x169.webp 300w, https:\/\/casinovape.de\/wp-content\/uploads\/2024\/10\/11Magic-Bar-12000-1024x576.webp 1024w, https:\/\/casinovape.de\/wp-content\/uploads\/2024\/10\/11Magic-Bar-12000-768x432.webp 768w, https:\/\/casinovape.de\/wp-content\/uploads\/2024\/10\/11Magic-Bar-12000-1536x864.webp 1536w, https:\/\/casinovape.de\/wp-content\/uploads\/2024\/10\/11Magic-Bar-12000-2048x1152.webp 2048w, https:\/\/casinovape.de\/wp-content\/uploads\/2024\/10\/11Magic-Bar-12000-600x338.webp 600w\" sizes=\"auto, (max-width: 2560px) 100vw, 2560px\" \/><\/h2>\n<h2><strong>Magie Bar ultime 12000 bouff\u00e9es pour entrep\u00f4t europ\u00e9en - <a href=\"https:\/\/casinovape.de\/fr\/\">Vape jetable rechargeable<\/a><\/strong><\/h2>\n<p>D\u00e9couvrez une exp\u00e9rience de vapotage haut de gamme avec le <strong>Magic Bar Ultimate 12000 Puffs \n\n(Remarque : le texte semble \u00eatre un nom de produit, je le traduis donc de mani\u00e8re minimale)\n\nBarre Magique Ultimate 12000 Puffs<\/strong> De Casinovape, votre source de confiance pour des vapes de qualit\u00e9 en Europe. Avec une capacit\u00e9 remarquable de 12 000 bouff\u00e9es et un design rechargeable, cet appareil de vape jetable est con\u00e7u pour \u00e0 la fois la commodit\u00e9 et la satisfaction. De sa construction ergonomique \u00e0 ses profils de saveurs diversifi\u00e9s, le Magic Bar Ultimate \u00e9l\u00e8ve votre exp\u00e9rience de vapotage avec facilit\u00e9 et style. Id\u00e9al pour les nouveaux venus comme pour les amateurs exp\u00e9riment\u00e9s, l'appareil promet une exp\u00e9rience de vapotage prolong\u00e9e \u00e0 chaque bouff\u00e9e.<\/p>\n<h3><strong><a href=\"https:\/\/casinovape.de\/fr\/categorie-de-produit\/vapes-jetables-de-barre-magique\/\">Magic Bar <\/a><\/strong><strong>Ultime 1<\/strong><strong>2000 <\/strong><strong>Vue d'ensemble du produit<\/strong><\/h3>\n<p>Con\u00e7u pour une utilisation sans effort, le Magic Bar Ultimate 12000 Puffs combine une technologie de vapotage de pointe avec un design \u00e9l\u00e9gant et portable. Mesurant seulement 32\u00d7115,5 mm, il se glisse confortablement dans votre main ou votre poche, ce qui le rend parfait pour une utilisation en d\u00e9placement. L'appareil ne n\u00e9cessite aucun entretien - pas de remplissage, pas de changement de r\u00e9sistance, juste un plaisir de vapotage fluide. Avec plusieurs intensit\u00e9s de nicotine (0%, 2%, 3% ou 5%), cet appareil s'adapte \u00e0 diverses pr\u00e9f\u00e9rences, que vous recherchiez une session sans nicotine ou un hit plus fort.<\/p>\n<h3><strong><a href=\"https:\/\/casinovape.de\/fr\/categorie-de-produit\/vapes-jetables-de-barre-magique\/\">Magic Bar <\/a><\/strong><strong>Ultime 1<\/strong><strong>2000 <\/strong><strong>Fonctionnalit\u00e9s cl\u00e9s<\/strong><\/h3>\n<ul>\n<li><strong>Haute capacit\u00e9 de puff<\/strong>: Offre un nombre impressionnant de 12 000 bouff\u00e9es par appareil, garantissant une exp\u00e9rience durable.<\/li>\n<li><strong>Options de nicotine<\/strong>Disponible dans une gamme de concentrations en nicotine (0%, 2%, 3%, 5%) pour r\u00e9pondre \u00e0 vos pr\u00e9f\u00e9rences individuelles.<\/li>\n<li><strong>Rechargeabilit\u00e9 Pratique<\/strong>: Contrairement aux vapes jetables traditionnels, cet appareil offre la possibilit\u00e9 de recharger, prolongeant sa dur\u00e9e de vie et r\u00e9duisant les d\u00e9chets.<\/li>\n<li><strong>Compact et adapt\u00e9 aux voyages<\/strong>Assez petit pour glisser dans n'importe quelle poche ou sac, id\u00e9al pour vapoter en d\u00e9placement.<\/li>\n<li><strong>Polyvalent pour les styles DTL et MTL<\/strong>: Profitez \u00e0 la fois des styles de vapotage Direct-to-Lung (DTL) et Mouth-to-Lung (MTL) avec un d\u00e9bit d'air personnalisable.<\/li>\n<li><strong>M\u00e9canisme activ\u00e9 par tirage<\/strong>: Activ\u00e9 par votre inspiration - pas de boutons, pas de tracas.<\/li>\n<li><strong>Vari\u00e9t\u00e9 savoureuse<\/strong>: Offrez-vous une gamme de profils de saveurs, de fruit\u00e9 \u00e0 glac\u00e9, pour correspondre \u00e0 votre humeur.<\/li>\n<li><strong>D\u00e9bit d'air r\u00e9glable<\/strong>: Personnalisez votre exp\u00e9rience de vapotage en ajustant le d\u00e9bit d'air selon votre tirage pr\u00e9f\u00e9r\u00e9.<\/li>\n<\/ul>\n<h3><strong><a href=\"https:\/\/casinovape.de\/fr\/categorie-de-produit\/vapes-jetables-de-barre-magique\/\">Magic Bar <\/a><\/strong><strong>Ultime 1<\/strong><strong>2000<\/strong><strong>Collection de saveurs<\/strong><\/h3>\n<p>Chez Casinovape, nous croyons que le go\u00fbt est primordial, et la Magic Bar Ultimate offre une large s\u00e9lection de saveurs uniques et rafra\u00eechissantes qui satisfont toutes les pr\u00e9f\u00e9rences.<\/p>\n<ol>\n<li><strong>Glace de past\u00e8que<\/strong><br \/>\nUne saveur de past\u00e8que sucr\u00e9e et juteuse avec une finition menthol\u00e9e glac\u00e9e, procurant une sensation fra\u00eeche et rafra\u00eechissante - id\u00e9ale pour les jours chauds.<\/li>\n<li><strong>Blue Razz<\/strong><br \/>\nCe m\u00e9lange classique de bleuets et de framboises offre un \u00e9quilibre d'acidit\u00e9 et de douceur, cr\u00e9ant une explosion vibrante de baies dans chaque bouff\u00e9e.<\/li>\n<li><strong>Bleu Razz Citronnade<\/strong><br \/>\nUne variante p\u00e9tillante de citronnade combin\u00e9e \u00e0 la framboise bleue offre un m\u00e9lange rafra\u00eechissant \u00e0 la fois sucr\u00e9 et acide.<\/li>\n<li><strong>Kiwi Passion Guava<\/strong><br \/>\n\u00c9chappez-vous sous les tropiques avec cette fusion exotique de kiwi acidul\u00e9, de passion fruit juteux et de goyave lisse - parfait pour une \u00e9chapp\u00e9e vibrante.<\/li>\n<li><strong>P\u00eache Glac\u00e9e<\/strong><br \/>\nDes notes de p\u00eache lisses et m\u00fbres compl\u00e9t\u00e9es par une pointe de menthol offrent une vape fruit\u00e9e et rafra\u00eechissante \u00e0 chaque inspiration.<\/li>\n<li><strong>Framboise Past\u00e8que<\/strong><br \/>\nUn mariage unique de framboises acidul\u00e9es et de past\u00e8que sucr\u00e9e, offrant un m\u00e9lange bien \u00e9quilibr\u00e9 de saveurs.<\/li>\n<li><strong>Past\u00e8que aux fraises<\/strong><br \/>\nDes fraises sucr\u00e9es se m\u00e9langent \u00e0 la past\u00e8que rafra\u00eechissante pour une vape l\u00e9g\u00e8re et agr\u00e9able, parfaite pour les journ\u00e9es d'\u00e9t\u00e9.<\/li>\n<li><strong>Glace \u00e0 la fraise<\/strong><br \/>\nSaveur de fraise fra\u00eeche avec une finition menthol\u00e9e croquante pour une sensation de fra\u00eecheur fruit\u00e9e et rafra\u00eechissante.<\/li>\n<li><strong>Limonade rose<\/strong><br \/>\nUne saveur de limonade rose vive et p\u00e9tillante, combinant la douceur des agrumes et des baies dans une vape nostalgique.<\/li>\n<li><strong>Cola Glac\u00e9<\/strong><br \/>\nLe go\u00fbt embl\u00e9matique de cola, rafra\u00eechi d'une touche glac\u00e9e, apporte une exp\u00e9rience de soda classique \u00e0 votre session de vape.<\/li>\n<li><strong>Glace aux bleuets<\/strong><br \/>\nD\u00e9gustez de d\u00e9licieuses myrtilles avec une finition menthol\u00e9e froide pour une exp\u00e9rience rafra\u00eechissante et fruit\u00e9e.<\/li>\n<li><strong>Love 212<\/strong><br \/>\nUn m\u00e9lange mystifiant de notes florales et fruit\u00e9es, parfait pour ceux qui aiment exp\u00e9rimenter de nouvelles saveurs.<\/li>\n<li><strong>Double Pomme<\/strong><br \/>\nCroquant et piquant, Double Apple m\u00e9lange des notes de pomme rouge et verte pour une saveur \u00e9quilibr\u00e9e et rafra\u00eechissante.<\/li>\n<li><strong>Gum Melon<\/strong><br \/>\nD\u00e9gustez la saveur juteuse de la past\u00e8que avec une pointe de chewing-gum nostalgique - sucr\u00e9 et amusant !<\/li>\n<li><strong>Gomme Menthe<\/strong><br \/>\nUne base de chewing-gum sucr\u00e9 associ\u00e9e \u00e0 une menthe fra\u00eeche cr\u00e9e une vape rafra\u00eechissante et agr\u00e9able \u00e0 chaque bouff\u00e9e.<\/li>\n<li><strong>M\u00e9lange de baies<\/strong><br \/>\nUn m\u00e9lange d\u00e9licieux de fraises, de bleuets et de framboises offre une m\u00e9daille de baies sucr\u00e9es et acidul\u00e9es.<\/li>\n<li><strong>Citron Menthe<\/strong><br \/>\nLe citron rafra\u00eechissant se marie avec la menthe fra\u00eeche pour une vape piquante et revigorante qui \u00e9veille les sens.<\/li>\n<li><strong>Tropical<\/strong><br \/>\nUn m\u00e9lange fruit\u00e9 d'ananas, de mangue et de noix de coco qui vous transporte dans un paradis tropical ensoleill\u00e9.<\/li>\n<li><strong>Gomme \u00e0 m\u00e2cher \u00e0 la past\u00e8que<\/strong><br \/>\nPast\u00e8que douce et juteuse avec une touche nostalgique de chewing-gum pour une exp\u00e9rience amusante et parfum\u00e9e.<\/li>\n<\/ol>\n<p><img loading=\"lazy\" decoding=\"async\" class=\"alignnone wp-image-1487 size-full\" src=\"https:\/\/casinovape.de\/wp-content\/uploads\/2024\/10\/8Magic-Bar-12000.webp\" alt=\"Barre magique d&#039;entrep\u00f4t europ\u00e9en Ultimate 12000 bouff\u00e9es Faible nicotine Acheter Vape jetable rechargeable authentique Original stylo\" width=\"1600\" height=\"1600\" srcset=\"https:\/\/casinovape.de\/wp-content\/uploads\/2024\/10\/8Magic-Bar-12000.webp 1600w, https:\/\/casinovape.de\/wp-content\/uploads\/2024\/10\/8Magic-Bar-12000-300x300.webp 300w, https:\/\/casinovape.de\/wp-content\/uploads\/2024\/10\/8Magic-Bar-12000-1024x1024.webp 1024w, https:\/\/casinovape.de\/wp-content\/uploads\/2024\/10\/8Magic-Bar-12000-150x150.webp 150w, https:\/\/casinovape.de\/wp-content\/uploads\/2024\/10\/8Magic-Bar-12000-768x768.webp 768w, https:\/\/casinovape.de\/wp-content\/uploads\/2024\/10\/8Magic-Bar-12000-1536x1536.webp 1536w, https:\/\/casinovape.de\/wp-content\/uploads\/2024\/10\/8Magic-Bar-12000-600x600.webp 600w, https:\/\/casinovape.de\/wp-content\/uploads\/2024\/10\/8Magic-Bar-12000-100x100.webp 100w\" sizes=\"auto, (max-width: 1600px) 100vw, 1600px\" \/><\/p>\n<h3><strong>Pourquoi choisir le <\/strong><strong><a href=\"https:\/\/casinovape.de\/fr\/categorie-de-produit\/vapes-jetables-de-barre-magique\/\">Magic Bar <\/a><\/strong><strong>Ultime 1<\/strong><strong>2000?<\/strong><\/h3>\n<ul>\n<li><strong>Confort ultime<\/strong>Pr\u00eat \u00e0 l'emploi d\u00e8s la sortie de la bo\u00eete, sans recharge ni entretien n\u00e9cessaires - il suffit de profiter et de jeter.<\/li>\n<li><strong>Joie durable<\/strong>Avec une impressionnante 12 000 bouff\u00e9es par appareil, vous obtenez une exp\u00e9rience durable et constante dans le temps.<\/li>\n<li><strong>Vari\u00e9t\u00e9 de saveurs<\/strong>: D\u00e9couvrez une s\u00e9lection diversifi\u00e9e de profils de saveurs adapt\u00e9s pour satisfaire tous les go\u00fbts.<\/li>\n<li><strong>Flexibilit\u00e9 de la nicotine<\/strong>Choisissez parmi plusieurs niveaux de nicotine pour r\u00e9pondre \u00e0 vos besoins, que vous cherchiez \u00e0 r\u00e9duire ou \u00e0 vous adonner.<\/li>\n<li><strong>Adaptable \u00e0 tous les styles<\/strong>: Prend en charge \u00e0 la fois le vapotage DTL et MTL, r\u00e9pondant \u00e0 toutes les pr\u00e9f\u00e9rences de vapotage.<\/li>\n<li><strong>Rechargeable et \u00e9cologique<\/strong>: Prolongez la dur\u00e9e de vie de votre vape gr\u00e2ce \u00e0 sa fonctionnalit\u00e9 rechargeable, r\u00e9duisant les d\u00e9chets et offrant une utilisation \u00e0 long terme.<\/li>\n<\/ul>\n<h3><strong>D\u00e9couvrez Une Exp\u00e9rience de Vapotage In\u00e9gal\u00e9e Avec <a href=\"https:\/\/casinovape.de\/fr\/\">Casinovape<\/a><\/strong><\/h3>\n<p>Sans quantit\u00e9 minimale de commande et exp\u00e9dition rapide depuis nos <a href=\"https:\/\/casinovape.de\/fr\/\">Entrep\u00f4t de vape europ\u00e9en<\/a>Casinovape facilite le d\u00e9marrage avec le Magic Bar Ultimate 12000. Exp\u00e9dition directe vers l'UE dans les 3 \u00e0 7 jours, nos vapes jetables sont accessibles aux clients de l'ensemble de l'Allemagne et du reste de l'Europe. D\u00e9couvrez le Magic Bar et une large s\u00e9lection d'autres marques premium comme Al Fakher, Fizzy, OBEELAB HHC et SMPO DL02 sur Casinovape.de d\u00e8s aujourd'hui !<\/p>\n<h3><strong>Obtenez le v\u00f4tre aujourd'hui<\/strong><\/h3>\n<p>Offrez-vous l'exp\u00e9rience de vapotage sup\u00e9rieure propos\u00e9e par le Magic Bar Ultimate 12000 Puffs, disponible maintenant sur Casinovape. Visitez notre site, explorez notre catalogue complet et \u00e9levez votre exp\u00e9rience de vapotage avec une qualit\u00e9 et une vari\u00e9t\u00e9 in\u00e9gal\u00e9es.<\/p>","protected":false},"excerpt":{"rendered":"<p>D\u00e9couvrez le <strong>Magic Bar Ultimate 12000 Puffs \n\n(Remarque : le texte semble \u00eatre un nom de produit, je le traduis donc de mani\u00e8re minimale)\n\nBarre Magique Ultimate 12000 Puffs<\/strong> Vape jetable chez Casinovape \u2013 le d\u00e9taillant de vape n\u00b01 en Europe. Rechargeable, compact et disponible en plusieurs saveurs, exp\u00e9di\u00e9 rapidement depuis notre entrep\u00f4t UE.<\/p>","protected":false},"featured_media":1444,"comment_status":"open","ping_status":"closed","template":"","meta":[],"product_brand":[],"product_cat":[23,78,79,80,81,83,85,86,87,88,90,91,93,94,95,96,98,99,65,66,67,68,69,70,71,72,73,74,75,76,77,57,60,45,48,52,54],"product_tag":[],"class_list":{"0":"post-1418","1":"product","2":"type-product","3":"status-publish","4":"has-post-thumbnail","6":"product_cat-magic-bar-disposable-vapes","7":"product_cat-buy-best-disposable-vape-flavors","8":"product_cat-apple-flavor-disposable-vapes","9":"product_cat-blue-razz-flavor-disposable-vapes","10":"product_cat-blueberry-flavor-disposable-vapes","11":"product_cat-cola-flavor-disposable-vapes","12":"product_cat-guava-flavor-disposable-vapes","13":"product_cat-ice-flavor-disposable-vapes","14":"product_cat-kiwi-flavor-disposable-vapes","15":"product_cat-lemon-flavor-disposable-vapes","16":"product_cat-mango-flavor-disposable-vapes","17":"product_cat-mint-flavor-disposable-vapes","18":"product_cat-passion-fruit-flavor-disposable-vapes","19":"product_cat-peach-flavor-disposable-vapes","20":"product_cat-pineapple-flavor-disposable-vapes","21":"product_cat-raspberry-flavor-disposable-vapes","22":"product_cat-strawberry-flavor-disposable-vapes","23":"product_cat-watermelon-flavor-disposable-vapes","24":"product_cat-best-disposable-vape-in-europe","25":"product_cat-buy-disposable-vapes-in-austria","26":"product_cat-buy-disposable-vapes-in-belgium","27":"product_cat-buy-disposable-vapes-in-france","28":"product_cat-buy-disposable-vapes-in-germany","29":"product_cat-buy-disposable-vapes-in-italy","30":"product_cat-buy-disposable-vapes-in-netherlands","31":"product_cat-buy-disposable-vapes-in-norway","32":"product_cat-buy-disposable-vapes-in-poland","33":"product_cat-buy-disposable-vapes-in-portugal","34":"product_cat-buy-disposable-vapes-in-spain","35":"product_cat-buy-disposable-vapes-in-sweden","36":"product_cat-buy-disposable-vapes-in-switzerland","37":"product_cat-shop-disposable-vapes-by-puffs","38":"product_cat-12000-puff-disposable-vape","39":"product_cat-disposable-vape-types","40":"product_cat-big-puffs-disposable-vapes","41":"product_cat-lower-nicotine-disposable-vapes","42":"product_cat-rechargeable-disposable-vapes","44":"first","45":"outofstock","46":"shipping-taxable","47":"purchasable","48":"product-type-variable"},"jetpack_sharing_enabled":true,"_links":{"self":[{"href":"https:\/\/casinovape.de\/fr\/wp-json\/wp\/v2\/product\/1418","targetHints":{"allow":["GET"]}}],"collection":[{"href":"https:\/\/casinovape.de\/fr\/wp-json\/wp\/v2\/product"}],"about":[{"href":"https:\/\/casinovape.de\/fr\/wp-json\/wp\/v2\/types\/product"}],"replies":[{"embeddable":true,"href":"https:\/\/casinovape.de\/fr\/wp-json\/wp\/v2\/comments?post=1418"}],"wp:featuredmedia":[{"embeddable":true,"href":"https:\/\/casinovape.de\/fr\/wp-json\/wp\/v2\/media\/1444"}],"wp:attachment":[{"href":"https:\/\/casinovape.de\/fr\/wp-json\/wp\/v2\/media?parent=1418"}],"wp:term":[{"taxonomy":"product_brand","embeddable":true,"href":"https:\/\/casinovape.de\/fr\/wp-json\/wp\/v2\/product_brand?post=1418"},{"taxonomy":"product_cat","embeddable":true,"href":"https:\/\/casinovape.de\/fr\/wp-json\/wp\/v2\/product_cat?post=1418"},{"taxonomy":"product_tag","embeddable":true,"href":"https:\/\/casinovape.de\/fr\/wp-json\/wp\/v2\/product_tag?post=1418"}],"curies":[{"name":"wp","href":"https:\/\/api.w.org\/{rel}","templated":true}]}}