{"id":1027,"date":"2024-10-20T09:27:32","date_gmt":"2024-10-20T09:27:32","guid":{"rendered":"https:\/\/casinovape.de\/?page_id=1027"},"modified":"2024-11-03T10:00:46","modified_gmt":"2024-11-03T10:00:46","slug":"methodes-de-paiement-casinovape","status":"publish","type":"page","link":"https:\/\/casinovape.de\/fr\/methodes-de-paiement-casinovape\/","title":{"rendered":"M\u00e9thodes de paiement CasinoVape"},"content":{"rendered":"<p>Chez CasinoVape, nous donnons la priorit\u00e9 \u00e0 vous offrir une exp\u00e9rience d'achat fluide et s\u00e9curis\u00e9e. Notre objectif est de vous proposer des options de paiement pratiques et fiables afin que vous puissiez facilement acheter vos vapes jetables premium pr\u00e9f\u00e9r\u00e9s.<\/p>\n<h3>Cartes de cr\u00e9dit<\/h3>\n<p>Nous acceptons toutes les principales cartes de cr\u00e9dit, vous offrant un moyen de paiement rapide et simple. Il vous suffit de s\u00e9lectionner vos produits, de payer avec votre carte pr\u00e9f\u00e9r\u00e9e, et de profiter d'un traitement de commande rapide pour recevoir vos articles \u00e0 temps.<\/p>\n<h3>PayPal<\/h3>\n<p>Pour les clients qui accordent de l'importance \u00e0 la s\u00e9curit\u00e9 et \u00e0 la facilit\u00e9, nous proposons PayPal comme option de paiement. PayPal garantit que vos paiements sont s\u00e9curis\u00e9s et offre une protection \u00e9tendue pour les acheteurs, vous permettant de faire vos achats en toute confiance et s\u00e9r\u00e9nit\u00e9.<\/p>\n<h3>Cryptomonnaie<\/h3>\n<p>Profitez des avantages des devises num\u00e9riques ! Au CasinoVape, nous acceptons les crypto-monnaies, vous donnant acc\u00e8s \u00e0 un moyen de paiement moderne et d\u00e9centralis\u00e9. Profitez d'une plus grande confidentialit\u00e9 et flexibilit\u00e9 lorsque vous choisissez cette option.<\/p>\n<h3>Virement Bancaire SEPA<\/h3>\n<p>Pour nos clients au sein de l'Union europ\u00e9enne, nous proposons un virement bancaire SEPA, permettant des paiements abordables et directs dans la zone euro. Cette m\u00e9thode est id\u00e9ale si vous pr\u00e9f\u00e9rez des transactions bancaires avec des frais de transfert faibles.<\/p>\n<h3>Support Client<\/h3>\n<p>Si vous avez des questions sur nos options de paiement ou si vous avez besoin d'une aide sp\u00e9cifique, notre \u00e9quipe de service client d\u00e9di\u00e9e est l\u00e0 pour vous aider. N'h\u00e9sitez pas \u00e0 nous contacter par e-mail \u00e0 <a rel=\"noopener\">info@casinovape.de<\/a>et nous serons ravis de vous aider.<\/p>\n<p><strong>Exp\u00e9dition et Livraison<\/strong> Nous livrons depuis notre entrep\u00f4t europ\u00e9en, garantissant une livraison rapide dans un d\u00e9lai de 3 \u00e0 7 jours. En Allemagne, les commandes sup\u00e9rieures \u00e0 49,99 \u20ac sont exp\u00e9di\u00e9es gratuitement ; pour les commandes UE, profitez d'une exp\u00e9dition gratuite pour les achats sup\u00e9rieurs \u00e0 99,99 \u20ac.<\/p>\n<p>Merci d'avoir choisi CasinoVape. Nous sommes impatients de vous offrir une exp\u00e9rience d'achat de haute qualit\u00e9 !<\/p>","protected":false},"excerpt":{"rendered":"<p>Chez CasinoVape, nous donnons la priorit\u00e9 \u00e0 vous offrir une exp\u00e9rience d'achat fluide et s\u00e9curis\u00e9e. Notre objectif est de vous proposer des options de paiement pratiques et fiables afin que vous puissiez facilement acheter vos vapes jetables premium pr\u00e9f\u00e9r\u00e9s. Cartes de cr\u00e9dit Nous acceptons toutes les principales cartes de cr\u00e9dit, vous offrant un moyen de paiement rapide et simple. Il suffit de s\u00e9lectionner vos produits, de payer [\u2026]","protected":false},"author":1,"featured_media":0,"parent":0,"menu_order":0,"comment_status":"closed","ping_status":"closed","template":"page-blank-title-center.php","meta":{"footnotes":""},"class_list":["post-1027","page","type-page","status-publish","hentry"],"jetpack_sharing_enabled":true,"_links":{"self":[{"href":"https:\/\/casinovape.de\/fr\/wp-json\/wp\/v2\/pages\/1027","targetHints":{"allow":["GET"]}}],"collection":[{"href":"https:\/\/casinovape.de\/fr\/wp-json\/wp\/v2\/pages"}],"about":[{"href":"https:\/\/casinovape.de\/fr\/wp-json\/wp\/v2\/types\/page"}],"author":[{"embeddable":true,"href":"https:\/\/casinovape.de\/fr\/wp-json\/wp\/v2\/users\/1"}],"replies":[{"embeddable":true,"href":"https:\/\/casinovape.de\/fr\/wp-json\/wp\/v2\/comments?post=1027"}],"version-history":[{"count":0,"href":"https:\/\/casinovape.de\/fr\/wp-json\/wp\/v2\/pages\/1027\/revisions"}],"wp:attachment":[{"href":"https:\/\/casinovape.de\/fr\/wp-json\/wp\/v2\/media?parent=1027"}],"curies":[{"name":"wp","href":"https:\/\/api.w.org\/{rel}","templated":true}]}}