{"id":4262,"date":"2024-11-27T12:51:52","date_gmt":"2024-11-27T12:51:52","guid":{"rendered":"https:\/\/casinovape.de\/?post_type=product&#038;p=4262"},"modified":"2025-06-29T07:22:48","modified_gmt":"2025-06-29T07:22:48","slug":"almacen-europeo-last-love-20000-inhalaciones-con-bajo-contenido-de-nicotina-compra-original-pluma-vape-desechable-recargable-autentica","status":"publish","type":"product","link":"https:\/\/casinovape.de\/es\/producto\/almacen-europeo-last-love-20000-inhalaciones-con-bajo-contenido-de-nicotina-compra-original-pluma-vape-desechable-recargable-autentica\/","title":{"rendered":"Almac\u00e9n Europeo \u00daltimo Amor 20000 Puffs Bajo Contenido de Nicotina Compra Original Aut\u00e9ntico Vaporizador Recargable DTL Desechable Bol\u00edgrafo Vape"},"content":{"rendered":"<h2><a href=\"https:\/\/casinovape.de\/es\/categoria-de-producto\/vaporizadores-desechables-del-ultimo-amor\/\">\u00daltimo Amor<\/a> Kit de Vape Desechable Recargable de 20000 Puffs: Un Cambio de Juego en la Experiencia de Vapeo<\/h2>\n<p>\u00daltimoAmor se enorgullece de ser la f\u00e1brica de primera generaci\u00f3n de<a href=\"https:\/\/casinovape.de\/es\/categoria-de-producto\/vaporizadores-desechables-al-fakher\/\"> <strong>Al Fakher<\/strong><\/a>, uno de los nombres m\u00e1s reconocidos en el mundo de los productos de vapeo y shisha. Con a\u00f1os de experiencia y dedicaci\u00f3n a la calidad, LastLove combina el legado de confianza de Al Fakher con innovaci\u00f3n de vanguardia para crear productos que elevan la experiencia de vapeo a nuevas alturas. Su compromiso con la excelencia se refleja en cada producto, desde el dise\u00f1o hasta el rendimiento, asegurando que cada calada proporcione una sensaci\u00f3n inolvidable.<\/p>\n<h4>Ahora, presentando el <strong>\u00daltimo Amor 20000 Puffs Vape Kit Desechable Recargable (EURO2024)<\/strong>\u2014un revolucionario en el vapeo.<\/h4>\n<p>El <strong>\u00daltimo Amor 20000 Puffs Vape Kit Desechable Recargable<\/strong> (EURO2024) est\u00e1 dise\u00f1ado para proporcionar una experiencia de vapeo sin igual. Con su dise\u00f1o elegante, su alta calidad de fabricaci\u00f3n y un impresionante recuento de caladas de 20.000, esta es una opci\u00f3n destacada para cualquier vapeador que busque tanto rendimiento como comodidad. Ya sea principiante o un entusiasta experimentado, este kit de vapeo desechable est\u00e1 construido para ofrecer caladas consistentes y sabrosas en cada puff. Lo que distingue a este kit de vapeo es su caracter\u00edstica recargable, que le permite disfrutar de la \u00faltima gota de l\u00edquido de vapeo sin desperdicio. \u00a1Adi\u00f3s a la frustraci\u00f3n y hola a una experiencia de vapeo superior!<\/p>\n<h3><a href=\"https:\/\/casinovape.de\/es\/categoria-de-producto\/vaporizadores-desechables-del-ultimo-amor\/\">\u00daltimo Amor<\/a> 20000 Puffs? Descripci\u00f3n del Producto<\/h3>\n<p>El <strong>\u00daltimo Amor 20000 Puffs Vape Kit Desechable Recargable<\/strong> es la combinaci\u00f3n perfecta de rendimiento duradero y tecnolog\u00eda moderna. Este dispositivo de edici\u00f3n limitada con tem\u00e1tica de f\u00fatbol no se trata solo de est\u00e9tica, est\u00e1 repleto de caracter\u00edsticas que satisfacen las necesidades de todos los vapeadores. El <strong>EURO2024<\/strong> la edici\u00f3n destaca el ambiente festivo del mundo del f\u00fatbol, ofreciendo un dise\u00f1o \u00fanico junto con una funcionalidad superior.<\/p>\n<p>Este kit de vapeo ofrece <strong>22ml de e-l\u00edquido<\/strong> con una fuerza de nicotina de 2% (20mg), lo que te permite disfrutar hasta <strong>20,000 puff<\/strong> de sabor rico y intenso. El incorporado <strong>0.6 Bobina de Malla<\/strong> garantiza que cada calada sea suave y consistente, mientras que el <strong>Bater\u00eda recargable integrada de 800mAh<\/strong> ofrece amplia potencia para sesiones duraderas. Un pr\u00e1ctico <strong>indicador de nivel de bater\u00eda y l\u00edquido<\/strong> garantiza que siempre est\u00e9s al tanto del estado de tu vape, para que puedas recargarlo o rellenarlo en el momento perfecto.<\/p>\n<p>Lo que realmente hace que este dispositivo sea \u00fanico es su <strong>puerto recargable<\/strong> ubicado en la parte inferior del dispositivo. Esta caracter\u00edstica garantiza que puedas terminar hasta la \u00faltima gota de e-l\u00edquido, maximizando el valor de tu compra y reduciendo el desperdicio. Con <strong>12 sabores emocionantes<\/strong> para elegir, hay algo para todos en esta extensa colecci\u00f3n.<\/p>\n<h3><a href=\"https:\/\/casinovape.de\/es\/categoria-de-producto\/vaporizadores-desechables-del-ultimo-amor\/\">\u00daltimo Amor<\/a> Caracter\u00edsticas clave de 20000 Puffs \n\n( No change, direct translation ) \n Caracter\u00edsticas clave de 20000 Puffs<\/h3>\n<ul>\n<li><strong>20000 Puffs<\/strong>: Disfruta de una experiencia de vapeo prolongada de hasta 20,000 bocanadas por dispositivo, lo que hace que este sea uno de los vaporizadores desechables de mayor duraci\u00f3n en el mercado.<\/li>\n<li><strong>Capacidad de l\u00edquido electr\u00f3nico de 22ml<\/strong>: El gran tanque de l\u00edquido electr\u00f3nico garantiza sesiones de vapeo m\u00e1s largas sin necesidad de rellenar frecuentemente.<\/li>\n<li><strong>Dise\u00f1o Recargable<\/strong>: Viene con un puerto recargable, lo que te permite aprovechar al m\u00e1ximo cada vapeo agotando completamente el e-l\u00edquido en el tanque.<\/li>\n<li><strong>Bater\u00eda integrada de 800mAh<\/strong>: La bater\u00eda de alta capacidad garantiza que el kit de vapeo dure m\u00e1s tiempo, mientras que el dise\u00f1o recargable elimina la necesidad de reemplazos constantes.<\/li>\n<li><strong>Tecnolog\u00eda de Bobina de Malla<\/strong>: La bobina de 0,6 mesh garantiza que el vapor sea suave y sabroso, mejorando la experiencia general de vapeo.<\/li>\n<li><strong>Pantalla de nivel de bater\u00eda y l\u00edquido<\/strong>: Mant\u00e9ngase informado con un monitoreo en tiempo real de la vida \u00fatil de su bater\u00eda y el nivel de l\u00edquido electr\u00f3nico, para que nunca se quede sin ellos de manera inesperada.<\/li>\n<li><strong>12 Sabores para Elegir<\/strong>: Una amplia variedad de sabores que atienden a diferentes preferencias, desde afrutados y mentolados hasta mezclas \u00fanicas.<\/li>\n<\/ul>\n<h3>Por Qu\u00e9 Debe Elegir el<a href=\"https:\/\/casinovape.de\/es\/categoria-de-producto\/vaporizadores-desechables-del-ultimo-amor\/\"> \u00daltimo Amor<\/a> Kit de vapeo desechable recargable de 20000 bocanegra<\/h3>\n<p>Si est\u00e1s buscando un dispositivo de vapeo que combine conveniencia, longevidad y sabor, no busques m\u00e1s all\u00e1 del <strong>\u00daltimo Amor 20000 Puffs Vape Kit Desechable Recargable<\/strong>Ya seas nuevo en el vapeo o un experto experimentado, este dispositivo har\u00e1 que tu experiencia de vapeo sea inolvidable. Su <strong>gran recuento de puff<\/strong> significa que puedes disfrutar de sesiones de vapeo prolongadas, lo que la convierte en una opci\u00f3n perfecta para aquellos que prefieren un vape desechable de larga duraci\u00f3n. <strong>Caracter\u00edstica recargable<\/strong> garantiza que saque el m\u00e1ximo provecho de su dispositivo, y la variedad de sabores significa que hay algo para todos.<\/p>\n<p>Al comprar de <strong>Casinovape<\/strong>, la plataforma de ventas minoristas en l\u00ednea m\u00e1s grande para vaporizadores desechables en Deutschland, te garantizamos el mejor servicio al cliente y entrega r\u00e1pida. Nuestros <strong>Almac\u00e9n de Vapes Europeo<\/strong> garantiza que sus productos lleguen dentro de <strong>3-7 d\u00edas<\/strong>, lo que te brinda la comodidad de un env\u00edo r\u00e1pido sin espera. Adem\u00e1s, sin cantidad m\u00ednima de pedido, puedes comprar desde una sola pieza, ya seas un vapeador casual o parte de un grupo minorista m\u00e1s grande.<\/p>\n<p><img loading=\"lazy\" decoding=\"async\" class=\"alignnone wp-image-3423 size-full\" src=\"https:\/\/casinovape.de\/wp-content\/uploads\/2024\/11\/last-love.webp\" alt=\"Almac\u00e9n Europeo \u00daltimo Amor 20000 Puffs Bajo Contenido de Nicotina Compra Original Aut\u00e9ntico Vape Pen Desechable Recargable\" width=\"600\" height=\"599\" srcset=\"https:\/\/casinovape.de\/wp-content\/uploads\/2024\/11\/last-love.webp 600w, https:\/\/casinovape.de\/wp-content\/uploads\/2024\/11\/last-love-300x300.webp 300w, https:\/\/casinovape.de\/wp-content\/uploads\/2024\/11\/last-love-150x150.webp 150w, https:\/\/casinovape.de\/wp-content\/uploads\/2024\/11\/last-love-12x12.webp 12w, https:\/\/casinovape.de\/wp-content\/uploads\/2024\/11\/last-love-100x100.webp 100w\" sizes=\"auto, (max-width: 600px) 100vw, 600px\" \/><\/p>\n<h3>Una Experiencia de Sabor Integral: 12 Sabores para Satisfacer Todos los Paladares<\/h3>\n<p>El <strong>\u00daltimo Amor 20000 Puffs Vape Kit Desechable Recargable<\/strong> ofrece una amplia variedad de <strong>12 sabores distintivos<\/strong>cada uno dise\u00f1ado para satisfacer una preferencia de sabor diferente. Ya sea que est\u00e9s de humor para algo afrutado, mentolado o una combinaci\u00f3n \u00fanica de sabores, este kit de vapeo lo tiene todo. A continuaci\u00f3n, se proporciona una descripci\u00f3n detallada de cada uno de los sabores disponibles:<\/p>\n<ol>\n<li><strong>Grosella Negra<\/strong>Un sabor a frutas del bosque profundo y rico, que ofrece una sensaci\u00f3n suave y \u00e1cida que atraer\u00e1 a aquellos que aman los perfiles frutales y \u00e1cidos.<\/li>\n<li><strong>Ar\u00e1ndano<\/strong>: Un sabor cl\u00e1sico que captura perfectamente el sabor dulce, jugoso y ligeramente \u00e1cido de los ar\u00e1ndanos maduros. Ideal para los amantes de los sabores de frutas frescas.<\/li>\n<li><strong>Menta Uva<\/strong>: Una refrescante mezcla de uvas dulces y maduras con un final fresco a menta. Este sabor proporciona un equilibrio perfecto de dulzura afrutada y frescura mentolada.<\/li>\n<li><strong>Gum Mint \n\nbecomes \n\nGoma de Menta<\/strong>Un sabor nost\u00e1lgico e invigorante que combina la dulzura cl\u00e1sica de la goma con una frescura menta refrescante, lo que lo hace perfecto para vapear todo el d\u00eda.<\/li>\n<li><strong>Limoncillo de menta<\/strong>: Una mezcla c\u00edtrica y fresca de lim\u00f3n \u00e1cido con el refrescante frescor de la menta, que ofrece una experiencia de sabor revitalizante y energizante.<\/li>\n<li><strong>Hielo Lush<\/strong>Una mezcla de frutas tropicales con un potente acabado mentolado. Este sabor ofrece el sabor de melones jugosos y una brisa refrescante en cada calada.<\/li>\n<li><strong>Amor M\u00e1gico<\/strong>: Una mezcla dulce y misteriosa de sabores frutales, que combina frutas ex\u00f3ticas para crear una experiencia de vapeo verdaderamente m\u00e1gica.<\/li>\n<li><strong>Mango Hielo<\/strong>: Sabor dulce y tropical de mango combinado con un toque de mentol refrescante. Este sabor es perfecto para aquellos que aman las notas frutales y refrescantes con un toque helado.<\/li>\n<li><strong>Hielo de Frijol Mung<\/strong>: Una intrigante mezcla de sabores con un sabor suave y terroso de frijoles mung, complementado por una exhalaci\u00f3n fresca y helada. Una opci\u00f3n \u00fanica para vapeadores aventureros.<\/li>\n<li><strong>Peach Ice<\/strong>: Un sabor a melocot\u00f3n suculento y jugoso que ofrece un sabor dulce y natural con un toque refrescante de mentol. Ideal para aquellos que aman los vapores frutales y helados.<\/li>\n<li><strong>Fresa<\/strong>: Las fresas dulces y maduras cobran vida en este sabor, proporcionando una experiencia deliciosamente fresca y con sabor a frutas, con una dulzura natural.<\/li>\n<li><strong>Dos manzanas<\/strong>: Una mezcla crujiente y \u00e1cida de dos variedades de manzanas, que ofrece un perfil dulce y \u00e1cido perfectamente equilibrado. Una opci\u00f3n refrescante para los amantes de las manzanas.<\/li>\n<\/ol>\n<h3>Por qu\u00e9 comprar de <a href=\"https:\/\/casinovape.de\/es\/\">Casinovape<\/a>?<\/h3>\n<p>En <strong>Casinovape<\/strong>nos comprometemos a brindar a nuestros clientes solo los vaporizadores desechables de la m\u00e1s alta calidad. Con nuestros <a href=\"https:\/\/casinovape.de\/es\/\"><strong>Almac\u00e9n de Vapes Europeo<\/strong><\/a>, puede esperar una entrega r\u00e1pida y fiable dentro de <strong>3-7 d\u00edas<\/strong>Nuestra extensa colecci\u00f3n incluye marcas populares como <strong>Al Fakher<\/strong>, <strong>Fizzy<\/strong>, <strong>OBEELAB HHC<\/strong>, <strong>Randm Fumot<\/strong>y <strong>SMPO DL02<\/strong>asegurando que obtenga los mejores productos disponibles en el mercado. \u00bfY la mejor parte? Ofrecemos opciones de compra flexibles, sin requisitos de pedido m\u00ednimo, lo que es perfecto tanto para compradores individuales como para grupos minoristas.<\/p>\n<p>Ya sea que necesite un <strong>bol\u00edgrafo vapeador desechable recargable<\/strong>o est\u00e1n buscando un dispositivo con un conteo de caladas impresionante, <a href=\"https:\/\/casinovape.de\/es\/\"><strong>Casinovape<\/strong><\/a> es tu destino de referencia. <strong>Ordene ahora<\/strong> para experimentar lo mejor en calidad, sabor y conveniencia!<\/p>","protected":false},"excerpt":{"rendered":"<p>Descubre la <strong>\u00daltimo Amor 20000 Puffs Vape Kit Desechable Recargable<\/strong> con 12 sabores premium, 20,000 bocanegra, y un dise\u00f1o recargable. Entrega r\u00e1pida desde nuestro <strong>Almac\u00e9n de Vapes Europeo<\/strong>. Compra ahora en <strong>Casinovape<\/strong> para la mejor experiencia de vapeo!<\/p>","protected":false},"featured_media":3423,"comment_status":"open","ping_status":"closed","template":"","meta":[],"product_brand":[],"product_cat":[34,78,79,81,84,86,88,89,90,91,94,98,65,66,67,68,69,70,71,72,73,74,75,76,77,57,45],"product_tag":[],"class_list":{"0":"post-4262","1":"product","2":"type-product","3":"status-publish","4":"has-post-thumbnail","6":"product_cat-last-love-disposable-vapes","7":"product_cat-buy-best-disposable-vape-flavors","8":"product_cat-apple-flavor-disposable-vapes","9":"product_cat-blueberry-flavor-disposable-vapes","10":"product_cat-grape-flavor-disposable-vapes","11":"product_cat-ice-flavor-disposable-vapes","12":"product_cat-lemon-flavor-disposable-vapes","13":"product_cat-lush-flavor-disposable-vapes","14":"product_cat-mango-flavor-disposable-vapes","15":"product_cat-mint-flavor-disposable-vapes","16":"product_cat-peach-flavor-disposable-vapes","17":"product_cat-strawberry-flavor-disposable-vapes","18":"product_cat-best-disposable-vape-in-europe","19":"product_cat-buy-disposable-vapes-in-austria","20":"product_cat-buy-disposable-vapes-in-belgium","21":"product_cat-buy-disposable-vapes-in-france","22":"product_cat-buy-disposable-vapes-in-germany","23":"product_cat-buy-disposable-vapes-in-italy","24":"product_cat-buy-disposable-vapes-in-netherlands","25":"product_cat-buy-disposable-vapes-in-norway","26":"product_cat-buy-disposable-vapes-in-poland","27":"product_cat-buy-disposable-vapes-in-portugal","28":"product_cat-buy-disposable-vapes-in-spain","29":"product_cat-buy-disposable-vapes-in-sweden","30":"product_cat-buy-disposable-vapes-in-switzerland","31":"product_cat-shop-disposable-vapes-by-puffs","32":"product_cat-disposable-vape-types","34":"first","35":"outofstock","36":"shipping-taxable","37":"product-type-variable"},"jetpack_sharing_enabled":true,"_links":{"self":[{"href":"https:\/\/casinovape.de\/es\/wp-json\/wp\/v2\/product\/4262","targetHints":{"allow":["GET"]}}],"collection":[{"href":"https:\/\/casinovape.de\/es\/wp-json\/wp\/v2\/product"}],"about":[{"href":"https:\/\/casinovape.de\/es\/wp-json\/wp\/v2\/types\/product"}],"replies":[{"embeddable":true,"href":"https:\/\/casinovape.de\/es\/wp-json\/wp\/v2\/comments?post=4262"}],"wp:featuredmedia":[{"embeddable":true,"href":"https:\/\/casinovape.de\/es\/wp-json\/wp\/v2\/media\/3423"}],"wp:attachment":[{"href":"https:\/\/casinovape.de\/es\/wp-json\/wp\/v2\/media?parent=4262"}],"wp:term":[{"taxonomy":"product_brand","embeddable":true,"href":"https:\/\/casinovape.de\/es\/wp-json\/wp\/v2\/product_brand?post=4262"},{"taxonomy":"product_cat","embeddable":true,"href":"https:\/\/casinovape.de\/es\/wp-json\/wp\/v2\/product_cat?post=4262"},{"taxonomy":"product_tag","embeddable":true,"href":"https:\/\/casinovape.de\/es\/wp-json\/wp\/v2\/product_tag?post=4262"}],"curies":[{"name":"wp","href":"https:\/\/api.w.org\/{rel}","templated":true}]}}