{"id":1039,"date":"2024-10-20T09:42:59","date_gmt":"2024-10-20T09:42:59","guid":{"rendered":"https:\/\/casinovape.de\/?page_id=1039"},"modified":"2024-11-03T09:47:43","modified_gmt":"2024-11-03T09:47:43","slug":"como-comprar-vaporizadores-desechables-en-casinovape","status":"publish","type":"page","link":"https:\/\/casinovape.de\/es\/como-comprar-vaporizadores-desechables-en-casinovape\/","title":{"rendered":"C\u00f3mo comprar vaporizadores desechables en CasinoVape"},"content":{"rendered":"<h3>C\u00f3mo comprar vaporizadores desechables en CasinoVape.de<\/h3>\n<h4>Paso 1: Explora Nuestra Colecci\u00f3n<\/h4>\n<ol>\n<li><strong>Visita la p\u00e1gina de inicio<\/strong><br \/>\nComienza yendo a <a href=\"https:\/\/casinovape.de\/es\/\" target=\"_new\" rel=\"noopener\">casinovape.de<\/a>, su destino para vaporizadores desechables premium en Europa.<\/li>\n<li><strong>Explorar los Productos<\/strong><br \/>\nHaga clic en la pesta\u00f1a \u201cTienda\u201d en el men\u00fa principal. Aqu\u00ed, encontrar\u00e1 una variedad de vaporizadores desechables de alta calidad de marcas l\u00edderes como <strong>Al Fakher<\/strong>, <strong>Fizzy<\/strong>, <strong>OBEELAB HHC<\/strong>y <strong>SMPO DL02<\/strong>CasinoVape ofrece una selecci\u00f3n seleccionada de sabores y modelos para adaptarse a todas las preferencias.<\/li>\n<\/ol>\n<h4>Paso 2: Seleccione su Vape<\/h4>\n<ol>\n<li><strong>Elige Tu Marca o Sabor<\/strong><br \/>\nUtilice los filtros o despl\u00e1cese por nuestra amplia selecci\u00f3n para encontrar la marca, modelo o sabor que mejor se adapte a su estilo de vapeo.<\/li>\n<li><strong>Detalles del producto<\/strong><br \/>\nHaga clic en la imagen del producto o el nombre para ver m\u00e1s informaci\u00f3n. Encontrar\u00e1 descripciones, perfiles de sabor, recuento de bocanegra y detalles de precios para cada modelo. Las rese\u00f1as de los clientes tambi\u00e9n est\u00e1n disponibles para ayudarlo a elegir.<\/li>\n<\/ol>\n<h4>Paso 3: Revisar el Producto<\/h4>\n<ol>\n<li><strong>Lee la Descripci\u00f3n<\/strong><br \/>\nFamiliar\u00edzate con las notas de sabor \u00fanicas de cada producto y otras especificaciones.<\/li>\n<li><strong>Seleccione Cantidad<\/strong><br \/>\nSeleccione el n\u00famero deseado de unidades. En CasinoVape, puede comprar cada art\u00edculo individualmente, lo que le permite probar diferentes sabores y marcas sin ning\u00fan requisito de pedido m\u00ednimo.<\/li>\n<li><strong>Agregar al Carrito<\/strong><br \/>\nCuando est\u00e9s listo, haz clic en \"Agregar al carrito\" para incluir el art\u00edculo en tu compra.<\/li>\n<\/ol>\n<h4>Paso 4: Ver su Carrito<\/h4>\n<ol>\n<li><strong>Acceder al Carrito<\/strong><br \/>\nPara revisar los art\u00edculos seleccionados, haga clic en el icono de la cesta situado en la esquina superior derecha de la p\u00e1gina.<\/li>\n<li><strong>Verifique su pedido<\/strong><br \/>\nAseg\u00farese de que la cantidad y los productos seleccionados sean correctos. Ajuste las cantidades o retire los art\u00edculos seg\u00fan sea necesario.<\/li>\n<li><strong>Proceder al Pago<\/strong><br \/>\nUna vez que est\u00e9 satisfecho, haga clic en \"Finalizar compra\" para iniciar el proceso de pago.<\/li>\n<\/ol>\n<h4>Paso 5: Complete sus detalles de facturaci\u00f3n y env\u00edo<\/h4>\n<ol>\n<li><strong>Ingrese Informaci\u00f3n de Facturaci\u00f3n<\/strong><br \/>\nIngrese sus detalles personales, incluyendo nombre, direcci\u00f3n de facturaci\u00f3n e informaci\u00f3n de contacto.<\/li>\n<li><strong>Especificar Informaci\u00f3n de Env\u00edo<\/strong><br \/>\nSi su direcci\u00f3n de env\u00edo difiere de la direcci\u00f3n de facturaci\u00f3n, por favor complete los detalles alternativos.<\/li>\n<li><strong>Seleccione M\u00e9todo de Pago<\/strong><br \/>\nCasinoVape ofrece m\u00faltiples m\u00e9todos de pago para su comodidad:<\/p>\n<ul>\n<li><strong>PayPal<\/strong><\/li>\n<li><strong>Tarjeta de Cr\u00e9dito<\/strong> (Visa, MasterCard, etc.)<\/li>\n<li><strong>Criptomoneda<\/strong> para mayor seguridad y privacidad<\/li>\n<li><strong>Transferencia bancaria SEPA<\/strong> (disponible dentro de la UE)<\/li>\n<\/ul>\n<\/li>\n<\/ol>\n<h4>Paso 6: Realizar su pedido<\/h4>\n<ol>\n<li><strong>Revisa el Resumen de tu Pedido<\/strong><br \/>\nT\u00f3mese un momento para verificar dos veces los detalles del pedido, incluidos los art\u00edculos, las cantidades y los costos totales.<\/li>\n<li><strong>Completar Compra<\/strong><br \/>\nCuando todo parezca correcto, haga clic en \u201cRealizar pedido\u201d para finalizar su compra.<\/li>\n<\/ol>\n<h4>Paso 7: Confirmaci\u00f3n del pedido<\/h4>\n<ol>\n<li><strong>Confirmaci\u00f3n en pantalla<\/strong><br \/>\nDespu\u00e9s de enviar su pedido, ver\u00e1 una confirmaci\u00f3n en pantalla con su n\u00famero de pedido \u00fanico.<\/li>\n<li><strong>Confirmaci\u00f3n de correo electr\u00f3nico<\/strong><br \/>\nSe le enviar\u00e1 un correo electr\u00f3nico de confirmaci\u00f3n con todos los detalles de su pedido. Compruebe su bandeja de entrada para asegurarse de haber recibido este correo, ya que servir\u00e1 como comprobante de su compra.<\/li>\n<\/ol>\n<hr \/>\n<h3>Por qu\u00e9 elegir CasinoVape?<\/h3>\n<ul>\n<li><strong>Env\u00edo Gratis:<\/strong> Disfruta de entrega gratuita en pedidos superiores a \u20ac49,99 dentro de Alemania y \u20ac99,99 dentro de la UE.<\/li>\n<li><strong>Entrega R\u00e1pida:<\/strong> Los pedidos se despachan desde nuestro almac\u00e9n en Europa y normalmente llegan en 3-7 d\u00edas h\u00e1biles.<\/li>\n<li><strong>Selecci\u00f3n Excepcional de Productos:<\/strong> CasinoVape ofrece solo las marcas m\u00e1s reputadas con una amplia variedad de sabores y conteos de caladas, lo que te permite explorar y disfrutar de lo mejor del vapeo.<\/li>\n<li><strong>Opciones de Pago Seguro:<\/strong> CasinoVape admite PayPal, tarjetas de cr\u00e9dito, criptomonedas y transferencias bancarias SEPA, lo que garantiza flexibilidad y seguridad en cada transacci\u00f3n.<\/li>\n<\/ul>\n<p>Para cualquier pregunta o asistencia adicional, no dude en ponerse en contacto con nuestro amable equipo de atenci\u00f3n al cliente en <a rel=\"noopener\">info@casinovape.de<\/a>.<\/p>","protected":false},"excerpt":{"rendered":"<p>C\u00f3mo Comprar Vapes Desechables en CasinoVape.de Paso 1: Explora Nuestra Colecci\u00f3n Visita la P\u00e1gina de Inicio Comienza yendo a casinovape.de, tu destino para vapes desechables premium en Europa. Explora los Productos Haz clic en la pesta\u00f1a \u201cTienda\u201d en el men\u00fa principal. Aqu\u00ed, encontrar\u00e1s una variedad de vapes desechables de alta calidad de marcas l\u00edderes como Al Fakher, [\u2026]","protected":false},"author":1,"featured_media":0,"parent":0,"menu_order":0,"comment_status":"closed","ping_status":"closed","template":"page-blank-title-center.php","meta":{"footnotes":""},"class_list":["post-1039","page","type-page","status-publish","hentry"],"jetpack_sharing_enabled":true,"_links":{"self":[{"href":"https:\/\/casinovape.de\/es\/wp-json\/wp\/v2\/pages\/1039","targetHints":{"allow":["GET"]}}],"collection":[{"href":"https:\/\/casinovape.de\/es\/wp-json\/wp\/v2\/pages"}],"about":[{"href":"https:\/\/casinovape.de\/es\/wp-json\/wp\/v2\/types\/page"}],"author":[{"embeddable":true,"href":"https:\/\/casinovape.de\/es\/wp-json\/wp\/v2\/users\/1"}],"replies":[{"embeddable":true,"href":"https:\/\/casinovape.de\/es\/wp-json\/wp\/v2\/comments?post=1039"}],"version-history":[{"count":0,"href":"https:\/\/casinovape.de\/es\/wp-json\/wp\/v2\/pages\/1039\/revisions"}],"wp:attachment":[{"href":"https:\/\/casinovape.de\/es\/wp-json\/wp\/v2\/media?parent=1039"}],"curies":[{"name":"wp","href":"https:\/\/api.w.org\/{rel}","templated":true}]}}