{"id":1034,"date":"2024-10-20T09:33:26","date_gmt":"2024-10-20T09:33:26","guid":{"rendered":"https:\/\/casinovape.de\/?page_id=1034"},"modified":"2024-11-03T09:44:59","modified_gmt":"2024-11-03T09:44:59","slug":"ofertas-de-cupones-de-casinovape","status":"publish","type":"page","link":"https:\/\/casinovape.de\/es\/ofertas-de-cupones-de-casinovape\/","title":{"rendered":"Cupones y Ofertas de CasinoVape"},"content":{"rendered":"<section class=\"section\" id=\"section_239003208\">\n\t\t<div class=\"section-bg fill\" >\n\t\t\t\t\t\t\t\t\t\n\t\t\t\n\n\t\t<\/div>\n\n\t\t\n\n\t\t<div class=\"section-content relative\">\n\t\t\t\n<div class=\"row row-small\"  id=\"row-678543955\">\n\n\t<div id=\"col-575013496\" class=\"col medium-12 small-12 large-6\"  >\n\t\t\t\t<div class=\"col-inner\"  >\n\t\t\t\n\t\t\t\n<h2><strong>Vapeador Desechable <\/strong><strong>Cupones y Ofertas \u2013 CasinoVape<\/strong><\/h2>\n<p>Bienvenido a CasinoVape, su tienda en l\u00ednea premium para cigarrillos electr\u00f3nicos desechables de alta calidad, que atiende con orgullo al mercado de la UE. Le ofrecemos una impresionante selecci\u00f3n de las marcas de vape m\u00e1s buscadas como Al Fakher, Fizzy, OBEELAB HHC y SMPO DL02. Dise\u00f1ados para ofrecer una experiencia de vapeo perfecta, CasinoVape se compromete a brindar un excelente servicio al cliente y ofertas emocionantes dise\u00f1adas solo para usted.<\/p>\n<h3>Ofertas Actuales:<\/h3>\n<ul>\n<li><strong>Env\u00edo Gratis<\/strong>: Disfruta de env\u00edo gratuito en toda Alemania en pedidos superiores a \u20ac49,99. Enviamos r\u00e1pidamente desde nuestros almacenes europeos, con entrega en 3-7 d\u00edas laborables.<\/li>\n<li><strong>Promociones Especiales<\/strong>: No te pierdas nuestros descuentos por tiempo limitado y ofertas exclusivas, actualizados peri\u00f3dicamente. Aseg\u00farate de volver a consultar con frecuencia para descubrir ofertas especiales en tus vaporizadores favoritos.<\/li>\n<\/ul>\n<h3>Opciones de Pago Flexibles<\/h3>\n<p>Ofrecemos opciones de pago seguras y vers\u00e1tiles, incluyendo PayPal, tarjetas de cr\u00e9dito y transferencias bancarias SEPA para clientes de toda Europa. Adem\u00e1s, aceptamos pagos en criptomonedas para mayor comodidad.<\/p>\n<h3>Por qu\u00e9 comprar en CasinoVape?<\/h3>\n<ul>\n<li><strong>Calidad Premium<\/strong>Nuestros cigarrillos electr\u00f3nicos desechables son cuidadosamente seleccionados para ofrecer una experiencia de vapeo superior con una variedad de sabores refinados.<\/li>\n<li><strong>Env\u00edo R\u00e1pido<\/strong>: Con entrega desde nuestros almacenes con sede en la UE, su pedido llegar\u00e1 en solo unos d\u00edas.<\/li>\n<li><strong>Satisfacci\u00f3n del Cliente<\/strong>Nuestro equipo de soporte dedicado est\u00e1 aqu\u00ed para usted, priorizando su satisfacci\u00f3n en cada paso del camino.<\/li>\n<\/ul>\n<h3>Cont\u00e1ctenos:<\/h3>\n<p>\u00bfTiene preguntas o comentarios? Cont\u00e1ctenos en cualquier momento al:<br \/>\n<strong>Correo electr\u00f3nico<\/strong>: <a rel=\"noopener\">info@casinovape.de<\/a><\/p>\n<p>Mant\u00e9ngase actualizado con las \u00faltimas ofertas de CasinoVape y asegure descuentos exclusivos en pedidos m\u00e1s grandes, lo que facilita disfrutar de cigarrillos electr\u00f3nicos desechables de alta calidad a precios atractivos.<\/p>\n<a href=\"\/es\/comercio\/\" class=\"button primary\"  >\n\t\t<span>Ordene Ahora\uff01<\/span>\n\t<\/a>\n\n\t\t<\/div>\n\t\t\t\t\t<\/div>\n\n\t\n\n\t<div id=\"col-158721826\" class=\"col medium-12 small-12 large-6\"  >\n\t\t\t\t<div class=\"col-inner\"  >\n\t\t\t\n\t\t\t\n\n\t\t<div class=\"icon-box featured-box icon-box-left text-left\"  >\n\t\t\t\t<div class=\"icon-box-text last-reset\">\n\t\t\t\t\t\t\t\t\t\n<h2><strong>Asegure un descuento 1%<\/strong><\/h2>\n<h4>Obt\u00e9n un <strong>1% descuento<\/strong> en pedidos superiores a <strong>\u20ac100<\/strong> o <strong>$100<\/strong>.<\/h4>\n<p><strong>V\u00e1lido hasta<\/strong>: 12\/31\/2024<\/p>\n<a class=\"button primary\"  >\n\t\t<span>Coupon: casino1<\/span>\n\t<\/a>\n\n\t\t<\/div>\n\t<\/div>\n\t\n\t\n\t<div id=\"gap-1946834072\" class=\"gap-element clearfix\" style=\"display:block; height:auto;\">\n\t\t\n<style>\n#gap-1946834072 {\n  padding-top: 30px;\n}\n<\/style>\n\t<\/div>\n\t\n\n\t\t<div class=\"icon-box featured-box icon-box-left text-left\"  >\n\t\t\t\t<div class=\"icon-box-text last-reset\">\n\t\t\t\t\t\t\t\t\t\n<h2><strong>Asegure un descuento 2%<\/strong><\/h2>\n<h4>Obt\u00e9n un <strong>2% descuento<\/strong> en pedidos superiores a <strong>\u20ac250<\/strong> o <strong>$250<\/strong>.<\/h4>\n<p><strong>V\u00e1lido hasta<\/strong>: 12\/31\/2024<\/p>\n<a class=\"button primary\"  >\n\t\t<span>Coupon: casino2<\/span>\n\t<\/a>\n\n\t\t<\/div>\n\t<\/div>\n\t\n\t\n\t<div id=\"gap-476497033\" class=\"gap-element clearfix\" style=\"display:block; height:auto;\">\n\t\t\n<style>\n#gap-476497033 {\n  padding-top: 30px;\n}\n<\/style>\n\t<\/div>\n\t\n\n\t\t<div class=\"icon-box featured-box icon-box-left text-left\"  >\n\t\t\t\t<div class=\"icon-box-text last-reset\">\n\t\t\t\t\t\t\t\t\t\n<h2><strong>Secure un descuento 3%<\/strong><\/h2>\n<h4>Obt\u00e9n un <strong>3% descuento<\/strong> en pedidos superiores a <strong>\u20ac500<\/strong> o <strong>$500<\/strong>.<\/h4>\n<p><strong>V\u00e1lido hasta<\/strong>: 12\/31\/2024<\/p>\n<a class=\"button primary\"  >\n\t\t<span>Cup\u00f3n: casino3<\/span>\n\t<\/a>\n\n\t\t<\/div>\n\t<\/div>\n\t\n\t\n\t\t<\/div>\n\t\t\t\t\t<\/div>\n\n\t\n<\/div>\n<div class=\"row\"  id=\"row-419232073\">\n\n\t<div id=\"col-2123634778\" class=\"col small-12 large-12\"  >\n\t\t\t\t<div class=\"col-inner\"  >\n\t\t\t\n\t\t\t\n\t<div class=\"img has-hover x md-x lg-x y md-y lg-y\" id=\"image_1653167137\">\n\t\t\t\t\t\t\t\t<div class=\"img-inner dark\" >\n\t\t\t\t\t\t\t\t\t\n\t\t\t\t\t<\/div>\n\t\t\t\t\t\t\t\t\n<style>\n#image_1653167137 {\n  width: 100%;\n}\n<\/style>\n\t<\/div>\n\t\n\t\t<\/div>\n\t\t\t\t\t<\/div>\n\n\t\n<\/div>\n\t\t<\/div>\n\n\t\t\n<style>\n#section_239003208 {\n  padding-top: 0px;\n  padding-bottom: 0px;\n}\n@media (min-width:550px) {\n  #section_239003208 {\n    padding-top: 30px;\n    padding-bottom: 30px;\n  }\n}\n<\/style>\n\t<\/section>","protected":false},"excerpt":{"rendered":"","protected":false},"author":1,"featured_media":0,"parent":0,"menu_order":0,"comment_status":"closed","ping_status":"closed","template":"page-blank-title-center.php","meta":{"footnotes":""},"class_list":["post-1034","page","type-page","status-publish","hentry"],"jetpack_sharing_enabled":true,"_links":{"self":[{"href":"https:\/\/casinovape.de\/es\/wp-json\/wp\/v2\/pages\/1034","targetHints":{"allow":["GET"]}}],"collection":[{"href":"https:\/\/casinovape.de\/es\/wp-json\/wp\/v2\/pages"}],"about":[{"href":"https:\/\/casinovape.de\/es\/wp-json\/wp\/v2\/types\/page"}],"author":[{"embeddable":true,"href":"https:\/\/casinovape.de\/es\/wp-json\/wp\/v2\/users\/1"}],"replies":[{"embeddable":true,"href":"https:\/\/casinovape.de\/es\/wp-json\/wp\/v2\/comments?post=1034"}],"version-history":[{"count":0,"href":"https:\/\/casinovape.de\/es\/wp-json\/wp\/v2\/pages\/1034\/revisions"}],"wp:attachment":[{"href":"https:\/\/casinovape.de\/es\/wp-json\/wp\/v2\/media?parent=1034"}],"curies":[{"name":"wp","href":"https:\/\/api.w.org\/{rel}","templated":true}]}}