{"id":1027,"date":"2024-10-20T09:27:32","date_gmt":"2024-10-20T09:27:32","guid":{"rendered":"https:\/\/casinovape.de\/?page_id=1027"},"modified":"2024-11-03T10:00:46","modified_gmt":"2024-11-03T10:00:46","slug":"metodos-de-pago-casinovape","status":"publish","type":"page","link":"https:\/\/casinovape.de\/es\/metodos-de-pago-casinovape\/","title":{"rendered":"M\u00e9todos de Pago de CasinoVape"},"content":{"rendered":"<p>En CasinoVape, priorizamos brindarle una experiencia de compra fluida y segura. Nuestro objetivo es ofrecerle opciones de pago convenientes y confiables para que pueda comprar f\u00e1cilmente sus vaporizadores desechables premium favoritos.<\/p>\n<h3>Tarjetas de Cr\u00e9dito<\/h3>\n<p>Aceptamos todas las tarjetas de cr\u00e9dito principales, lo que le brinda un m\u00e9todo de pago r\u00e1pido y sencillo. Solo seleccione sus productos, pague con la tarjeta que prefiera y disfrute de un procesamiento r\u00e1pido de su pedido para recibir sus art\u00edculos a tiempo.<\/p>\n<h3>PayPal<\/h3>\n<p>Para los clientes que valoran la seguridad y la facilidad, ofrecemos PayPal como opci\u00f3n de pago. PayPal garantiza que sus pagos sean seguros y ofrece una amplia protecci\u00f3n al comprador, lo que le permite comprar con confianza y tranquilidad.<\/p>\n<h3>Criptomoneda<\/h3>\n<p>\u00a1Aprovecha los beneficios de las monedas digitales! En CasinoVape, aceptamos criptomonedas, lo que te da acceso a una forma de pago moderna y descentralizada. Disfruta de m\u00e1s privacidad y flexibilidad cuando elijas esta opci\u00f3n.<\/p>\n<h3>Transferencia bancaria SEPA<\/h3>\n<p>Para nuestros clientes dentro de la Uni\u00f3n Europea, ofrecemos transferencia bancaria SEPA, que permite pagos asequibles y directos en toda la Eurozona. Este m\u00e9todo es ideal si prefiere transacciones basadas en bancos con tarifas de transferencia bajas.<\/p>\n<h3>Soporte al Cliente<\/h3>\n<p>Si tiene preguntas sobre nuestras opciones de pago o necesita asistencia espec\u00edfica, nuestro equipo de servicio al cliente dedicado est\u00e1 aqu\u00ed para ayudarlo. No dude en hacernos llegar sus consultas por correo electr\u00f3nico a <a rel=\"noopener\">info@casinovape.de<\/a>y estaremos encantados de ayudarte.<\/p>\n<p><strong>Env\u00edo y entrega<\/strong> Entregamos desde nuestro almac\u00e9n en Europa, lo que garantiza una entrega r\u00e1pida en 3-7 d\u00edas. En Alemania, los pedidos superiores a \u20ac49,99 se env\u00edan gratis; para pedidos en la UE, disfruta de env\u00edo gratis en compras superiores a \u20ac99,99.<\/p>\n<p>Gracias por elegir CasinoVape. Estamos ansiosos por brindarle una experiencia de compras premium.<\/p>","protected":false},"excerpt":{"rendered":"<p>En CasinoVape, priorizamos brindarle una experiencia de compra fluida y segura. Nuestro objetivo es ofrecerle opciones de pago convenientes y confiables para que pueda comprar f\u00e1cilmente sus vaporizadores desechables premium favoritos. Tarjetas de Cr\u00e9dito Aceptamos todas las tarjetas de cr\u00e9dito principales, lo que le brinda un m\u00e9todo de pago r\u00e1pido y sencillo. Solo seleccione sus productos, pague [\u2026]","protected":false},"author":1,"featured_media":0,"parent":0,"menu_order":0,"comment_status":"closed","ping_status":"closed","template":"page-blank-title-center.php","meta":{"footnotes":""},"class_list":["post-1027","page","type-page","status-publish","hentry"],"jetpack_sharing_enabled":true,"_links":{"self":[{"href":"https:\/\/casinovape.de\/es\/wp-json\/wp\/v2\/pages\/1027","targetHints":{"allow":["GET"]}}],"collection":[{"href":"https:\/\/casinovape.de\/es\/wp-json\/wp\/v2\/pages"}],"about":[{"href":"https:\/\/casinovape.de\/es\/wp-json\/wp\/v2\/types\/page"}],"author":[{"embeddable":true,"href":"https:\/\/casinovape.de\/es\/wp-json\/wp\/v2\/users\/1"}],"replies":[{"embeddable":true,"href":"https:\/\/casinovape.de\/es\/wp-json\/wp\/v2\/comments?post=1027"}],"version-history":[{"count":0,"href":"https:\/\/casinovape.de\/es\/wp-json\/wp\/v2\/pages\/1027\/revisions"}],"wp:attachment":[{"href":"https:\/\/casinovape.de\/es\/wp-json\/wp\/v2\/media?parent=1027"}],"curies":[{"name":"wp","href":"https:\/\/api.w.org\/{rel}","templated":true}]}}