{"id":6767,"date":"2025-04-14T22:36:18","date_gmt":"2025-04-14T22:36:18","guid":{"rendered":"https:\/\/casinovape.de\/?post_type=product&#038;p=6767"},"modified":"2025-09-06T00:39:54","modified_gmt":"2025-09-06T00:39:54","slug":"request-failed-with-status-code-649","status":"publish","type":"product","link":"https:\/\/casinovape.de\/de\/produkt\/request-failed-with-status-code-649\/","title":{"rendered":"Europ\u00e4isches Lager Al Fakher Crown Bar Hypermax 15000 Puffs 0.2% Niedrig Nikotin Kaufen Original Authentisch Aufladbare Einweg-Vapes-Pen"},"content":{"rendered":"<div style=\"width: 848px;\" class=\"wp-video\"><!--[if lt IE 9]><script>document.createElement('video');<\/script><![endif]-->\n<video class=\"wp-video-shortcode\" id=\"video-6767-1\" width=\"848\" height=\"480\" preload=\"metadata\" controls=\"controls\"><source type=\"video\/mp4\" src=\"https:\/\/casinovape.de\/wp-content\/uploads\/2025\/04\/AF-15K-HYPERMAX-.mp4?_=1\" \/><a href=\"https:\/\/casinovape.de\/wp-content\/uploads\/2025\/04\/AF-15K-HYPERMAX-.mp4\">https:\/\/casinovape.de\/wp-content\/uploads\/2025\/04\/AF-15K-HYPERMAX-.mp4<\/a><\/video><\/div>\n<h2 class=\"\" data-start=\"478\" data-end=\"581\"><a href=\"https:\/\/casinovape.de\/de\/produktkategorie\/al-fakher-einweg-vapes\/\">AL Fakher Crown Bar Hypermax 15000<\/a> Puffs \u2013 Premium Einweg-Vapes f\u00fcr ein \u00fcberlegenes Vaperlebnis<\/h2>\n<p class=\"\" data-start=\"583\" data-end=\"1127\">Suchen Sie nach einem verbesserten Vaping-Erlebnis, das sowohl Bequemlichkeit als auch Premium-Qualit\u00e4t kombiniert? Suchen Sie nicht weiter als <strong data-start=\"710\" data-end=\"754\">AL Fakher Crown Bar Hypermax 15000 Puffs<\/strong>, das ultimative Einweg-Vape-Ger\u00e4t, das eine perfekte Balance aus Geschmack, Langlebigkeit und Benutzerfreundlichkeit verspricht. Mit <strong data-start=\"868\" data-end=\"884\">15.000 Z\u00fcge<\/strong> Von glattem, aromatischem Dampf ist dieses Einweg-Vape-Ger\u00e4t konzipiert, um selbst die anspruchsvollsten Dampfer zufriedenzustellen. Ob Sie neu in der Welt des Dampfens sind oder ein erfahrener Enthusiast, die Crown Bar Hypermax wird Ihr Erlebnis mit jedem Zug erh\u00f6hen.<\/p>\n<p class=\"\" data-start=\"1129\" data-end=\"1560\">Bei Casinovape bieten wir stolz an <strong data-start=\"1161\" data-end=\"1205\">AL Fakher Crown Bar Hypermax 15000 Puffs<\/strong> in einer Vielzahl von mundwassermachenden Geschmacksrichtungen, die jeweils sorgf\u00e4ltig entwickelt wurden, um ein au\u00dfergew\u00f6hnliches Vaperlebnis zu bieten. Diese Vapes sind vorgef\u00fcllt mit einer gro\u00dfz\u00fcgigen <strong data-start=\"1346\" data-end=\"1365\">15ml E-Liquid<\/strong>, um sicherzustellen, dass Sie eine langanhaltende, zufriedenstellende Vaping-Sitzung erhalten. Das Ger\u00e4t\u2019s <strong data-start=\"1445\" data-end=\"1461\">wiederaufladbar<\/strong> Diese Funktion erweitert ihre Benutzerfreundlichkeit und ihr elegantes Design, <strong data-start=\"1508\" data-end=\"1526\">kompaktes Design<\/strong> erm\u00f6glicht ein einfaches Tragen unterwegs.<\/p>\n<h3 class=\"\" data-start=\"1562\" data-end=\"1618\">Warum w\u00e4hlen <a href=\"https:\/\/casinovape.de\/de\/produktkategorie\/al-fakher-einweg-vapes\/\">AL Fakher Crown Bar Hypermax 15000<\/a> Puffs<\/h3>\n<p class=\"\" data-start=\"1620\" data-end=\"1756\">Der AL Fakher Crown Bar Hypermax 15000 Puffs ist konzipiert, um bei jedem Zug eine herausragende Leistung zu liefern. Hier ist der Grund, warum er sich abhebt:<\/p>\n<ul data-start=\"1758\" data-end=\"3124\">\n<li class=\"\" data-start=\"1758\" data-end=\"1982\">\n<p class=\"\" data-start=\"1760\" data-end=\"1982\"><strong data-start=\"1760\" data-end=\"1787\">15.000 Puffs voller Geschmack:<\/strong> Mit einer gro\u00dfz\u00fcgigen E-Liquid-Kapazit\u00e4t von 15 ml bietet die Crown Bar Hypermax bis zu 15.000 Z\u00fcge, sodass Sie verl\u00e4ngerte Sitzungen genie\u00dfen k\u00f6nnen, ohne das Ger\u00e4t st\u00e4ndig nachf\u00fcllen oder ersetzen zu m\u00fcssen.<\/p>\n<\/li>\n<li class=\"\" data-start=\"1983\" data-end=\"2253\">\n<p class=\"\" data-start=\"1985\" data-end=\"2253\"><strong data-start=\"1985\" data-end=\"2007\">Authentische Aromen:<\/strong> Jeder Geschmack wird sorgf\u00e4ltig ausgew\u00e4hlt, um Ihnen den reichen, authentischen Geschmack zu bieten, der das Erlebnis des Rauchens einer traditionellen Wasserpfeife nachahmt. Ob Sie Lust auf fruchtige, minzige oder tabakinspirierte Aromen haben, es gibt etwas f\u00fcr jede Vorliebe.<\/p>\n<\/li>\n<li class=\"\" data-start=\"2254\" data-end=\"2457\">\n<p class=\"\" data-start=\"2256\" data-end=\"2457\"><strong data-start=\"2256\" data-end=\"2285\">Ziehaktivierungsmechanismus:<\/strong> Erleben Sie eine problemlose und nahtlose Erfahrung mit dem ziehaktivierten Mechanismus. Einfach einatmen, und die E-Zigarette aktiviert sich automatisch, um eine gleichm\u00e4\u00dfige und konsistente Dampfabgabe zu liefern.<\/p>\n<\/li>\n<li class=\"\" data-start=\"2458\" data-end=\"2650\">\n<p class=\"\" data-start=\"2460\" data-end=\"2650\"><strong data-start=\"2460\" data-end=\"2489\">Aufladbare Bequemlichkeit:<\/strong> The \nwird zu \nDas <strong data-start=\"2494\" data-end=\"2512\">600mAh-Akku<\/strong> ist \u00fcber einen Typ-C-Anschluss aufladbar (Kabel nicht im Lieferumfang enthalten), sodass Sie l\u00e4ngere Dampfsitzungen genie\u00dfen k\u00f6nnen, ohne sich um die Batterielebensdauer sorgen zu m\u00fcssen.<\/p>\n<\/li>\n<li class=\"\" data-start=\"2651\" data-end=\"2835\">\n<p class=\"\" data-start=\"2653\" data-end=\"2835\"><strong data-start=\"2653\" data-end=\"2686\">Perfekt f\u00fcr das Vapen unterwegs:<\/strong> Kompakt, portabel und benutzerfreundlich, ist die Crown Bar Hypermax f\u00fcr diejenigen konzipiert, die ein Premium-Dampferlebnis wollen, das sie \u00fcberall hin mitnehmen k\u00f6nnen.<\/p>\n<\/li>\n<li class=\"\" data-start=\"2836\" data-end=\"2988\">\n<p class=\"\" data-start=\"2838\" data-end=\"2988\"><strong data-start=\"2838\" data-end=\"2867\">Bequemer Ledergriff:<\/strong> Das ergonomische Design umfasst einen bequemen Ledergrip, wodurch es leicht und angenehm zu halten ist w\u00e4hrend deiner Vape-Sitzungen.<\/p>\n<\/li>\n<li class=\"\" data-start=\"2989\" data-end=\"3121\">\n<p class=\"\" data-start=\"2991\" data-end=\"3121\"><strong data-start=\"2991\" data-end=\"3013\">Nikotinst\u00e4rke:<\/strong> Das E-Liquid ist enthalten bei <strong data-start=\"3034\" data-end=\"3050\">2% (20mg\/ml)<\/strong> Nikotinst\u00e4rke, die einen befriedigenden Halskitzel und Nikotinsto\u00df bietet.<\/p>\n<\/li>\n<\/ul>\n<h3 class=\"\" data-start=\"3125\" data-end=\"3179\"><a href=\"https:\/\/casinovape.de\/de\/produktkategorie\/al-fakher-einweg-vapes\/\">AL Fakher Crown Bar Hypermax 15000<\/a> Puffs Funktionen:<\/h3>\n<ul data-start=\"3181\" data-end=\"3599\">\n<li class=\"\" data-start=\"3181\" data-end=\"3209\">\n<p class=\"\" data-start=\"3183\" data-end=\"3209\"><strong data-start=\"3183\" data-end=\"3204\">E-Liquid-Kapazit\u00e4t:<\/strong> 15ml<\/p>\n<\/li>\n<li class=\"\" data-start=\"3210\" data-end=\"3240\">\n<p class=\"\" data-start=\"3212\" data-end=\"3240\"><strong data-start=\"3212\" data-end=\"3233\">Batteriekapazit\u00e4t:<\/strong> 600mAh<\/p>\n<\/li>\n<li class=\"\" data-start=\"3241\" data-end=\"3278\">\n<p class=\"\" data-start=\"3243\" data-end=\"3278\"><strong data-start=\"3243\" data-end=\"3265\">Nikotinst\u00e4rke:<\/strong> 2% (20mg\/ml)<\/p>\n<\/li>\n<li class=\"\" data-start=\"3279\" data-end=\"3330\">\n<p class=\"\" data-start=\"3281\" data-end=\"3330\"><strong data-start=\"3281\" data-end=\"3309\">Aufladbar via Typ-C:<\/strong> (Kabel nicht enthalten)<\/p>\n<\/li>\n<li class=\"\" data-start=\"3331\" data-end=\"3413\">\n<p class=\"\" data-start=\"3333\" data-end=\"3413\"><strong data-start=\"3333\" data-end=\"3362\">Batterie &amp; Fl\u00fcssigkeitsdisplay:<\/strong> Zur einfachen \u00dcberwachung von Batterie- und E-Liquid-St\u00e4nden<\/p>\n<\/li>\n<li class=\"\" data-start=\"3414\" data-end=\"3511\">\n<p class=\"\" data-start=\"3416\" data-end=\"3511\"><strong data-start=\"3416\" data-end=\"3448\">DTL (Direct to Lung) Dampfen:<\/strong> Erleben Sie einen reichen, aromatischen Dampf mit ordentlicher DTL-Verdampfungsleistung<\/p>\n<\/li>\n<li class=\"\" data-start=\"3512\" data-end=\"3564\">\n<p class=\"\" data-start=\"3514\" data-end=\"3564\"><strong data-start=\"3514\" data-end=\"3531\">Ledergriff:<\/strong> Bequemes und ergonomisches Design<\/p>\n<\/li>\n<li class=\"\" data-start=\"3565\" data-end=\"3599\">\n<p class=\"\" data-start=\"3567\" data-end=\"3599\"><strong data-start=\"3567\" data-end=\"3599\">Perfekt f\u00fcr das Dampfen unterwegs<\/strong><\/p>\n<\/li>\n<\/ul>\n<h3 class=\"\" data-start=\"3601\" data-end=\"3676\">AL Fakher Crown Bar Hypermax 15000 Puffs \u2013 Ein genauerer Blick auf die Aromen<\/h3>\n<p class=\"\" data-start=\"3678\" data-end=\"3925\">Wenn es um das Dampfen geht, ist der Geschmack entscheidend, und die <strong data-start=\"3726\" data-end=\"3758\">AL Fakher Crown Bar Hypermax<\/strong> entt\u00e4uscht nicht. Das Ger\u00e4t ist in einer breiten Palette aufregender Geschmacksrichtungen erh\u00e4ltlich, die jedem Geschmack gerecht werden. Hier ist eine detaillierte Aufschl\u00fcsselung der verf\u00fcgbaren Geschmacksrichtungen:<\/p>\n<ol data-start=\"3927\" data-end=\"6013\">\n<li class=\"\" data-start=\"3927\" data-end=\"4070\">\n<p class=\"\" data-start=\"3930\" data-end=\"4070\"><strong data-start=\"3930\" data-end=\"3944\">Berry-Eis:<\/strong> Eine erfrischende Mischung aus gemischten Beeren, erg\u00e4nzt durch ein k\u00fchlendes, eisiges Finish, perfekt f\u00fcr diejenigen, die ein s\u00fc\u00dfes und k\u00fchles Vape genie\u00dfen.<\/p>\n<\/li>\n<li class=\"\" data-start=\"4071\" data-end=\"4192\">\n<p class=\"\" data-start=\"4074\" data-end=\"4192\"><strong data-start=\"4074\" data-end=\"4092\">Kirsch-Fiesta:<\/strong> Ein lebendiges und saures Kirscharoma mit einer Note von S\u00fc\u00dfe, das Ihre Geschmacksknospen zum Tanzen bringt.<\/p>\n<\/li>\n<li class=\"\" data-start=\"4193\" data-end=\"4309\">\n<p class=\"\" data-start=\"4196\" data-end=\"4309\"><strong data-start=\"4196\" data-end=\"4211\">Zitrone Limette:<\/strong> Eine w\u00fcrzige Kombination aus saurer Zitrone und erfrischender Limette, die einen scharfen und belebenden Geschmack liefert.<\/p>\n<\/li>\n<li class=\"\" data-start=\"4310\" data-end=\"4432\">\n<p class=\"\" data-start=\"4313\" data-end=\"4432\"><strong data-start=\"4313\" data-end=\"4326\">Lush-Eis:<\/strong> S\u00fc\u00dfe und saftige Wassermelone, kombiniert mit einem Menthol-Finish f\u00fcr einen k\u00fchlenden Effekt, der perfekt f\u00fcr hei\u00dfe Tage ist.<\/p>\n<\/li>\n<li class=\"\" data-start=\"4433\" data-end=\"4562\">\n<p class=\"\" data-start=\"4436\" data-end=\"4562\"><strong data-start=\"4436\" data-end=\"4446\">Hubba:<\/strong> Eine nostalgische Kaugummigeschmack, der Erinnerungen an Ihren Lieblings-Kauartikel weckt, mit einem s\u00fc\u00dfen und glatten Geschmack.<\/p>\n<\/li>\n<li class=\"\" data-start=\"4563\" data-end=\"4688\">\n<p class=\"\" data-start=\"4566\" data-end=\"4688\"><strong data-start=\"4566\" data-end=\"4588\">Schwarze Johannisbeere Minze<\/strong> Fette schwarze Johannisbeeren mit einem knackigen, minzigen Unterton erzeugen eine perfekte Mischung aus S\u00fc\u00dfe und Frische.<\/p>\n<\/li>\n<li class=\"\" data-start=\"4689\" data-end=\"4824\">\n<p class=\"\" data-start=\"4692\" data-end=\"4824\"><strong data-start=\"4692\" data-end=\"4706\">Zwei \u00c4pfel:<\/strong> Eine leckere Fusion aus sauren gr\u00fcnen \u00c4pfeln und s\u00fc\u00dfen roten \u00c4pfeln, die ein befriedigendes und ausgewogenes fruchtiges Aroma liefert.<\/p>\n<\/li>\n<li class=\"\" data-start=\"4825\" data-end=\"4960\">\n<p class=\"\" data-start=\"4828\" data-end=\"4960\"><strong data-start=\"4828\" data-end=\"4843\">Traubenminze:<\/strong> S\u00fc\u00dfe und saftige Trauben, kombiniert mit einem k\u00fchlen Minz-Finish, erzeugen ein ausgewogenes Vape-Erlebnis, das sowohl erfrischend als auch luxuri\u00f6s ist.<\/p>\n<\/li>\n<li class=\"\" data-start=\"4961\" data-end=\"5093\">\n<p class=\"\" data-start=\"4964\" data-end=\"5093\"><strong data-start=\"4964\" data-end=\"4979\">Berry Blue<\/strong> Eine Explosion von gemischten Beeren mit einer leichten S\u00e4ure, die ein frisches und fruchtiges Aroma bringt, das Sie bei jedem Zug lieben werden.<\/p>\n<\/li>\n<li class=\"\" data-start=\"5094\" data-end=\"5224\">\n<p class=\"\" data-start=\"5098\" data-end=\"5224\"><strong data-start=\"5098\" data-end=\"5122\">Blaubeer Himbeere:<\/strong> Eine Kombination aus s\u00fc\u00dfen Blaubeeren und s\u00e4uerlichen Himbeeren, die einen perfekt ausbalancierten Beeren-Geschmack erzeugt.<\/p>\n<\/li>\n<li class=\"\" data-start=\"5225\" data-end=\"5365\">\n<p class=\"\" data-start=\"5229\" data-end=\"5365\"><strong data-start=\"5229\" data-end=\"5254\">Wassermelone Ananas:<\/strong> Eine tropische Mischung aus saftigem Wassermelone und s\u00fc\u00dfer Ananas, die Ihrem Vape einen erfrischenden und exotischen Geschmack verleiht.<\/p>\n<\/li>\n<li class=\"\" data-start=\"5366\" data-end=\"5511\">\n<p class=\"\" data-start=\"5370\" data-end=\"5511\"><strong data-start=\"5370\" data-end=\"5386\">Kirschbrause:<\/strong> Eine prickelnde Kirschengeschmacknote mit einer sprudeligen, erfrischenden Note, perfekt f\u00fcr diejenigen, die ein s\u00fc\u00dfes, saures Vape mit einem Hauch von Funkeln lieben.<\/p>\n<\/li>\n<li class=\"\" data-start=\"5512\" data-end=\"5636\">\n<p class=\"\" data-start=\"5516\" data-end=\"5636\"><strong data-start=\"5516\" data-end=\"5531\">Cherry-Eis:<\/strong> Ein s\u00fc\u00dfer und saurer Kirschgeschmack mit einem k\u00fchlen, eisigen Finish f\u00fcr ein erfrischendes und befriedigendes Vape-Erlebnis.<\/p>\n<\/li>\n<li class=\"\" data-start=\"5637\" data-end=\"5774\">\n<p class=\"\" data-start=\"5641\" data-end=\"5774\"><strong data-start=\"5641\" data-end=\"5661\">Wassermelone Limette:<\/strong> Eine pikante Wassermelonen-Geschmacknote, kombiniert mit der spritzigen Frische von Limette, bietet eine perfekte Balance von s\u00fc\u00df und sauer.<\/p>\n<\/li>\n<li class=\"\" data-start=\"5775\" data-end=\"5899\">\n<p class=\"\" data-start=\"5779\" data-end=\"5899\"><strong data-start=\"5779\" data-end=\"5794\">K\u00fchle Mango:<\/strong> Ein smoother, tropischer Mango-Geschmack mit einem k\u00fchlenden Menthol-Finish, ideal f\u00fcr ein entspannendes und erfrischendes Vapen.<\/p>\n<\/li>\n<li class=\"\" data-start=\"5900\" data-end=\"6013\">\n<p class=\"\" data-start=\"5904\" data-end=\"6013\"><strong data-start=\"5904\" data-end=\"5913\">Minze:<\/strong> Ein einfacher, aber befriedigender Minzgeschmack, der ein knackiges, sauberes und erfrischendes Vaperlebnis bietet.<\/p>\n<\/li>\n<\/ol>\n<p><img loading=\"lazy\" decoding=\"async\" class=\"alignnone wp-image-6791 size-full\" src=\"https:\/\/casinovape.de\/wp-content\/uploads\/2025\/04\/AF-15K-HYPERMAX-2.webp\" alt=\"Europ\u00e4isches Lager Al Fakher Crown Bar Hypermax 15000 Puffs 0.2% Niedrig Nikotin Kaufen Original Authentisch Aufladbare Einweg-Vapes-Pen \" width=\"1058\" height=\"726\" srcset=\"https:\/\/casinovape.de\/wp-content\/uploads\/2025\/04\/AF-15K-HYPERMAX-2.webp 1058w, https:\/\/casinovape.de\/wp-content\/uploads\/2025\/04\/AF-15K-HYPERMAX-2-300x206.webp 300w, https:\/\/casinovape.de\/wp-content\/uploads\/2025\/04\/AF-15K-HYPERMAX-2-1024x703.webp 1024w, https:\/\/casinovape.de\/wp-content\/uploads\/2025\/04\/AF-15K-HYPERMAX-2-768x527.webp 768w, https:\/\/casinovape.de\/wp-content\/uploads\/2025\/04\/AF-15K-HYPERMAX-2-18x12.webp 18w, https:\/\/casinovape.de\/wp-content\/uploads\/2025\/04\/AF-15K-HYPERMAX-2-600x412.webp 600w\" sizes=\"auto, (max-width: 1058px) 100vw, 1058px\" \/><\/p>\n<h3 class=\"\" data-start=\"6015\" data-end=\"6078\">Warum Sie den AL Fakher Crown Bar Hypermax 15000 Puffs kaufen sollten<\/h3>\n<p class=\"\" data-start=\"6080\" data-end=\"6321\">Wenn Sie das w\u00e4hlen <strong data-start=\"6100\" data-end=\"6144\">AL Fakher Crown Bar Hypermax 15000 Puffs<\/strong>Sie bekommen nicht nur eine Einweg-E-Zigarette; Sie investieren in ein Premium-Erlebnis, das Bequemlichkeit, Geschmack und Leistung miteinander verbindet. Hier ist, warum es die richtige Wahl f\u00fcr Sie ist:<\/p>\n<ul data-start=\"6323\" data-end=\"7263\">\n<li class=\"\" data-start=\"6323\" data-end=\"6466\">\n<p class=\"\" data-start=\"6325\" data-end=\"6466\"><strong data-start=\"6325\" data-end=\"6354\">Langanhaltende Leistung:<\/strong> Mit <strong data-start=\"6360\" data-end=\"6376\">15.000 Z\u00fcge<\/strong> Pro Ger\u00e4t k\u00f6nnen Sie eine lange Dampfsitzung genie\u00dfen, ohne dass h\u00e4ufige Ersatzteile erforderlich sind.<\/p>\n<\/li>\n<li class=\"\" data-start=\"6467\" data-end=\"6676\">\n<p class=\"\" data-start=\"6469\" data-end=\"6676\"><strong data-start=\"6469\" data-end=\"6501\">Authentisches Hookah-Erlebnis:<\/strong> AL Fakher ist eine renommierte Marke in der Welt des Hookahs, und die Crown Bar Hypermax bringt denselben reichen Geschmack und das gleiche sanfte Erlebnis in ein bequemes, portables, wegwerfbares Vape-Ger\u00e4t.<\/p>\n<\/li>\n<li class=\"\" data-start=\"6677\" data-end=\"6848\">\n<p class=\"\" data-start=\"6679\" data-end=\"6848\"><strong data-start=\"6679\" data-end=\"6705\">Gro\u00dfe Auswahl an Geschmacksrichtungen:<\/strong> Von fruchtigen Mischungen bis hin zu coolen Mentholen - es gibt einen Geschmack f\u00fcr jeden, alle sorgf\u00e4ltig mit hochwertigen Zutaten hergestellt, um ein befriedigendes Erlebnis zu gew\u00e4hrleisten.<\/p>\n<\/li>\n<li class=\"\" data-start=\"6849\" data-end=\"7062\">\n<p class=\"\" data-start=\"6851\" data-end=\"7062\"><strong data-start=\"6851\" data-end=\"6888\">Europ\u00e4ische Vape-Lager-Versand:<\/strong> Wenn Sie bei uns kaufen<a href=\"https:\/\/casinovape.de\/de\/\"> <strong data-start=\"6907\" data-end=\"6921\">Casinovape<\/strong><\/a>, Sie sind garantiert schnelle und zuverl\u00e4ssige Lieferung von unseren <strong data-start=\"6977\" data-end=\"7004\">Europ\u00e4ischer E-Lagerhaus<\/strong>mit Bestellungen, die in nur <strong data-start=\"7035\" data-end=\"7047\">3-7 Tage<\/strong> innerhalb der EU.<\/p>\n<\/li>\n<li class=\"\" data-start=\"7063\" data-end=\"7263\">\n<p class=\"\" data-start=\"7065\" data-end=\"7263\"><strong data-start=\"7065\" data-end=\"7095\">Keine Mindestbestellmenge:<\/strong> Ob Sie kaufen <strong data-start=\"7122\" data-end=\"7133\">1 St\u00fcck<\/strong> F\u00fcr mehrere Ger\u00e4te k\u00f6nnen Sie so viel oder so wenig kaufen, wie Sie m\u00f6chten, was es sowohl f\u00fcr einzelne Benutzer als auch f\u00fcr Einzelhandelsgruppen perfekt macht.<\/p>\n<\/li>\n<\/ul>\n<h3 class=\"\" data-start=\"7265\" data-end=\"7320\">H\u00e4ufig gestellte Fragen zu AL Fakher Crown Bar Hypermax 15000 Puffs<\/h3>\n<p class=\"\" data-start=\"7322\" data-end=\"7514\"><strong data-start=\"7322\" data-end=\"7390\">A:  15000 Puffs<\/strong><br data-start=\"7390\" data-end=\"7393\" \/>Der AL Fakher Crown Bar Hypermax bietet bis zu <strong data-start=\"7442\" data-end=\"7458\">15.000 Z\u00fcge<\/strong> pro Ger\u00e4t und bietet ein langanhaltendes Vaperlebnis.<\/p>\n<p class=\"\" data-start=\"7516\" data-end=\"7680\"><strong data-start=\"7516\" data-end=\"7550\">A: Ja, das Ger\u00e4t ist aufladbar.<\/strong><br data-start=\"7550\" data-end=\"7553\" \/>Ja, das Ger\u00e4t wird mit einem geliefert <strong data-start=\"7585\" data-end=\"7616\">600mAh wiederaufladbare Batterie<\/strong> das \u00fcber ein \n(Auto) via \neingeladen werden kann <strong data-start=\"7643\" data-end=\"7653\">Type-C<\/strong> Port (Kabel nicht im Lieferumfang enthalten).<\/p>\n<p class=\"\" data-start=\"7682\" data-end=\"7847\"><strong data-start=\"7682\" data-end=\"7750\">A: Die AL Fakher Crown Bar 15K enth\u00e4lt 18mg Nikotin.<\/strong><br data-start=\"7750\" data-end=\"7753\" \/>A: Das Ger\u00e4t wird geliefert mit <strong data-start=\"7778\" data-end=\"7794\">2% (20mg\/ml)<\/strong> Nikotinst\u00e4rke, die einen befriedigenden Halskick bietet.<\/p>\n<p class=\"\" data-start=\"7849\" data-end=\"8002\"><strong data-start=\"7849\" data-end=\"7884\">A: Die Lieferzeit variiert je nach Versandart und Zielort.<\/strong><br data-start=\"7884\" data-end=\"7887\" \/>A: Wir liefern direkt von unserem <strong data-start=\"7916\" data-end=\"7943\">Europ\u00e4ischer E-Lagerhaus<\/strong>und Ihre Bestellung wird innerhalb von <strong data-start=\"7979\" data-end=\"7991\">3-7 Tage<\/strong> in der EU.<\/p>\n<p class=\"\" data-start=\"8004\" data-end=\"8213\"><strong data-start=\"8004\" data-end=\"8049\">Gibt es weitere verf\u00fcgbare Geschmacksrichtungen?<\/strong><br data-start=\"8049\" data-end=\"8052\" \/>Ja, es gibt viele verf\u00fcgbare Geschmacksrichtungen, darunter <strong data-start=\"8104\" data-end=\"8117\">Berry-Eis<\/strong>, <strong data-start=\"8119\" data-end=\"8136\">Kirsch-Fiesta<\/strong>, <strong data-start=\"8138\" data-end=\"8146\">Minze<\/strong>, und vieles mehr. Jedes Aroma ist f\u00fcr ein Premium-Vaping-Erlebnis konzipiert.<\/p>\n<hr class=\"\" data-start=\"8215\" data-end=\"8218\" \/>\n<p class=\"\" data-start=\"8220\" data-end=\"8452\">Mit dem AL Fakher Crown Bar Hypermax 15000 Puffs w\u00e4hlen Sie mehr als nur eine E-Zigarette; Sie w\u00e4hlen ein Erlebnis. <strong data-start=\"8341\" data-end=\"8354\">Jetzt bestellen<\/strong> an <a href=\"https:\/\/casinovape.de\/de\/\"><strong data-start=\"8358\" data-end=\"8372\">Casinovape<\/strong> <\/a>und genie\u00dfen Sie ein <strong data-start=\"8385\" data-end=\"8412\">Premium Einweg-Vape<\/strong> mit kostenlosem, schnellem Versand innerhalb der EU.<\/p>","protected":false},"excerpt":{"rendered":"<p>Erlangen Sie ein langanhaltendes, geschmackvolles Vapen mit dem <strong>AL Fakher Crown Bar Hypermax 15000<\/strong> Puffs \u2013 wo Premium-Qualit\u00e4t auf ultimative Bequemlichkeit trifft.<\/p>","protected":false},"featured_media":6789,"comment_status":"open","ping_status":"closed","template":"","meta":[],"product_brand":[],"product_cat":[16,78,79,82,84,86,88,89,90,91,95,96,99,65,66,67,68,69,70,71,72,73,74,75,76,77,57,61,45,48,50,52,54],"product_tag":[],"class_list":{"0":"post-6767","1":"product","2":"type-product","3":"status-publish","4":"has-post-thumbnail","6":"product_cat-al-fakher-disposable-vapes","7":"product_cat-buy-best-disposable-vape-flavors","8":"product_cat-apple-flavor-disposable-vapes","9":"product_cat-cherry-flavor-disposable-vapes","10":"product_cat-grape-flavor-disposable-vapes","11":"product_cat-ice-flavor-disposable-vapes","12":"product_cat-lemon-flavor-disposable-vapes","13":"product_cat-lush-flavor-disposable-vapes","14":"product_cat-mango-flavor-disposable-vapes","15":"product_cat-mint-flavor-disposable-vapes","16":"product_cat-pineapple-flavor-disposable-vapes","17":"product_cat-raspberry-flavor-disposable-vapes","18":"product_cat-watermelon-flavor-disposable-vapes","19":"product_cat-best-disposable-vape-in-europe","20":"product_cat-buy-disposable-vapes-in-austria","21":"product_cat-buy-disposable-vapes-in-belgium","22":"product_cat-buy-disposable-vapes-in-france","23":"product_cat-buy-disposable-vapes-in-germany","24":"product_cat-buy-disposable-vapes-in-italy","25":"product_cat-buy-disposable-vapes-in-netherlands","26":"product_cat-buy-disposable-vapes-in-norway","27":"product_cat-buy-disposable-vapes-in-poland","28":"product_cat-buy-disposable-vapes-in-portugal","29":"product_cat-buy-disposable-vapes-in-spain","30":"product_cat-buy-disposable-vapes-in-sweden","31":"product_cat-buy-disposable-vapes-in-switzerland","32":"product_cat-shop-disposable-vapes-by-puffs","33":"product_cat-15000-puff-disposable-vape","34":"product_cat-disposable-vape-types","35":"product_cat-big-puffs-disposable-vapes","36":"product_cat-digital-box-disposable-vapes","37":"product_cat-lower-nicotine-disposable-vapes","38":"product_cat-rechargeable-disposable-vapes","40":"first","41":"instock","42":"sale","43":"shipping-taxable","44":"purchasable","45":"product-type-variable"},"jetpack_sharing_enabled":true,"_links":{"self":[{"href":"https:\/\/casinovape.de\/de\/wp-json\/wp\/v2\/product\/6767","targetHints":{"allow":["GET"]}}],"collection":[{"href":"https:\/\/casinovape.de\/de\/wp-json\/wp\/v2\/product"}],"about":[{"href":"https:\/\/casinovape.de\/de\/wp-json\/wp\/v2\/types\/product"}],"replies":[{"embeddable":true,"href":"https:\/\/casinovape.de\/de\/wp-json\/wp\/v2\/comments?post=6767"}],"wp:featuredmedia":[{"embeddable":true,"href":"https:\/\/casinovape.de\/de\/wp-json\/wp\/v2\/media\/6789"}],"wp:attachment":[{"href":"https:\/\/casinovape.de\/de\/wp-json\/wp\/v2\/media?parent=6767"}],"wp:term":[{"taxonomy":"product_brand","embeddable":true,"href":"https:\/\/casinovape.de\/de\/wp-json\/wp\/v2\/product_brand?post=6767"},{"taxonomy":"product_cat","embeddable":true,"href":"https:\/\/casinovape.de\/de\/wp-json\/wp\/v2\/product_cat?post=6767"},{"taxonomy":"product_tag","embeddable":true,"href":"https:\/\/casinovape.de\/de\/wp-json\/wp\/v2\/product_tag?post=6767"}],"curies":[{"name":"wp","href":"https:\/\/api.w.org\/{rel}","templated":true}]}}