{"id":6712,"date":"2025-04-11T02:05:58","date_gmt":"2025-04-11T02:05:58","guid":{"rendered":"https:\/\/casinovape.de\/?post_type=product&#038;p=6712"},"modified":"2025-09-06T00:50:06","modified_gmt":"2025-09-06T00:50:06","slug":"request-failed-with-status-code-648","status":"publish","type":"product","link":"https:\/\/casinovape.de\/de\/produkt\/request-failed-with-status-code-648\/","title":{"rendered":"Europ\u00e4isches Lager Fumot RandM Tornado 7000 Puffs Niedrig Nikotin Kaufen Original Authentisch Aufladbare Einweg-Vapes Pen"},"content":{"rendered":"<div style=\"width: 1020px;\" class=\"wp-video\"><!--[if lt IE 9]><script>document.createElement('video');<\/script><![endif]-->\n<video class=\"wp-video-shortcode\" id=\"video-6712-1\" width=\"1020\" height=\"574\" preload=\"metadata\" controls=\"controls\"><source type=\"video\/mp4\" src=\"https:\/\/casinovape.de\/wp-content\/uploads\/2025\/04\/Fumot-RandM-Tornado-7000.mp4?_=1\" \/><a href=\"https:\/\/casinovape.de\/wp-content\/uploads\/2025\/04\/Fumot-RandM-Tornado-7000.mp4\">https:\/\/casinovape.de\/wp-content\/uploads\/2025\/04\/Fumot-RandM-Tornado-7000.mp4<\/a><\/video><\/div>\n<h2 class=\"\" data-start=\"388\" data-end=\"456\"><strong data-start=\"391\" data-end=\"456\"><a href=\"https:\/\/casinovape.de\/de\/produktkategorie\/randm-fumot-einweg-vapes\/\">FUMOT RandM Tornado 7000<\/a> Puffs \u2013 Die Kunst des Vapens neu definiert<\/strong><\/h2>\n<h3 class=\"\" data-start=\"458\" data-end=\"510\"><strong data-start=\"462\" data-end=\"510\">Ungeheure Leistung trifft urbane \u00c4sthetik<\/strong><\/h3>\n<p class=\"\" data-start=\"512\" data-end=\"965\">Vaping trifft auf Kunst in der <strong data-start=\"536\" data-end=\"590\">FUMOT RandM Tornado 7000 Puffs Einweg-Vape-Stift<\/strong>, eine Premium-Innovation, die mutiges Street-Style-Design mit Next-Generation-Vape-Technologie verbindet. Mit einem graffiti-inspirierten \u00c4u\u00dferen und brillanten RGB-Beleuchtungseffekten ist dieses Ger\u00e4t ebenso visuell faszinierend wie leistungsstark. Entwickelt f\u00fcr moderne Dampfer, die nach hohen Puff-Zahlen, einfacher Bedienung und reichen Aromen suchen, macht der Tornado 7000 keine Kompromisse bei Form oder Funktion.<\/p>\n<p class=\"\" data-start=\"967\" data-end=\"1307\">An <strong data-start=\"970\" data-end=\"984\">Casinovape<\/strong>, Deutschlands gr\u00f6\u00dfte Online-Plattform f\u00fcr Einweg-Vapes, k\u00f6nnen Sie den Tornado 7000 kaufen mit <strong data-start=\"1076\" data-end=\"1096\">kein Mindestbestellwert<\/strong>\u2014ideal f\u00fcr Einzelpersonen, Einzelh\u00e4ndler und Enthusiasten auf der ganzen <strong data-start=\"1160\" data-end=\"1178\">EU-Vape-Markt<\/strong>Jede Bestellung wird aus unserem <strong data-start=\"1213\" data-end=\"1240\">Europ\u00e4ische Vape-Lagerhaus<\/strong>, um eine schnelle und effiziente <strong data-start=\"1272\" data-end=\"1292\">3-7 Tage Lieferung<\/strong> in ganz Europa.<\/p>\n<hr class=\"\" data-start=\"1309\" data-end=\"1312\" \/>\n<h3 data-start=\"1314\" data-end=\"1371\"><strong data-start=\"1317\" data-end=\"1371\">Warum der FUMOT<a href=\"https:\/\/casinovape.de\/de\/produktkategorie\/randm-fumot-einweg-vapes\/\"> RandM Tornado 7000<\/a> ist ein Game-Changer<\/strong><\/h3>\n<p class=\"\" data-start=\"1373\" data-end=\"1583\">Von seiner robusten Konstruktion bis hin zu seiner leistungsstarken Leistung ist jedes Detail des Tornado 7000 f\u00fcr Zufriedenheit konzipiert. Dieses Ger\u00e4t ist mehr als nur eine Einwegartikel\u2014es ist ein vollwertiges Vape-Erlebnis in Ihrer Tasche.<\/p>\n<h3 class=\"\" data-start=\"1585\" data-end=\"1624\"><strong data-start=\"1589\" data-end=\"1624\">Wichtige Highlights &amp; Technische Daten<\/strong><\/h3>\n<ul data-start=\"1626\" data-end=\"2557\">\n<li class=\"\" data-start=\"1626\" data-end=\"1738\">\n<p class=\"\" data-start=\"1628\" data-end=\"1738\"><strong data-start=\"1628\" data-end=\"1651\">Maximale Puff-Ausgabe<\/strong>: Liefert bis zu <strong data-start=\"1668\" data-end=\"1682\">7000 Puffs<\/strong>, ideal f\u00fcr den langfristigen Einsatz ohne st\u00e4ndige Ersetzungen.<\/p>\n<\/li>\n<li class=\"\" data-start=\"1739\" data-end=\"1838\">\n<p class=\"\" data-start=\"1741\" data-end=\"1838\"><strong data-start=\"1741\" data-end=\"1767\">14ml E-Liquid-Kapazit\u00e4t<\/strong>: Vorgef\u00fcllt mit Premium-E-Liquid f\u00fcr verl\u00e4ngerte Zufriedenheit.<\/p>\n<\/li>\n<li class=\"\" data-start=\"1839\" data-end=\"1938\">\n<p class=\"\" data-start=\"1841\" data-end=\"1938\"><strong data-start=\"1841\" data-end=\"1876\">Individualisierbare Nikotinst\u00e4rken<\/strong>: W\u00e4hlen Sie aus <strong data-start=\"1890\" data-end=\"1912\">0%, 2%, 3% und 5%<\/strong> um Ihren Vorlieben zu entsprechen.<\/p>\n<\/li>\n<li class=\"\" data-start=\"1939\" data-end=\"2078\">\n<p class=\"\" data-start=\"1941\" data-end=\"2078\"><strong data-start=\"1941\" data-end=\"1984\">Integrierte 1000mAh wiederaufladbare Batterie<\/strong>: USB-aufladbar, f\u00fcr eine verl\u00e4ngerte Nutzbarkeit, bis der letzte Tropfen E-Liquid genossen wird.<\/p>\n<\/li>\n<li class=\"\" data-start=\"2079\" data-end=\"2182\">\n<p class=\"\" data-start=\"2081\" data-end=\"2182\"><strong data-start=\"2081\" data-end=\"2110\">Verstellbares Luftstromsystem<\/strong>: Personalisieren Sie Ihren Zug f\u00fcr straffere oder luftigere Puffs - Ihr Vape, Ihre Art.<\/p>\n<\/li>\n<li class=\"\" data-start=\"2183\" data-end=\"2273\">\n<p class=\"\" data-start=\"2185\" data-end=\"2273\"><strong data-start=\"2185\" data-end=\"2209\">Mesh-Coil-Technologie<\/strong>: Liefert einen glatteren, sauberen Dampf mit intensiver Aromablieferung.<\/p>\n<\/li>\n<li class=\"\" data-start=\"2274\" data-end=\"2370\">\n<p class=\"\" data-start=\"2276\" data-end=\"2370\"><strong data-start=\"2276\" data-end=\"2296\">Ergonomisches Design<\/strong>: Weiches, lebensmitteltaugliches Gummimundst\u00fcck f\u00fcr ein Premium- und komfortables Einatmen.<\/p>\n<\/li>\n<li class=\"\" data-start=\"2371\" data-end=\"2461\">\n<p class=\"\" data-start=\"2373\" data-end=\"2461\"><strong data-start=\"2373\" data-end=\"2402\">6-Farben-RGB-Lichtdisplay<\/strong>: Genie\u00dfen Sie ein dynamisches, farbenfrohes visuelles Erlebnis w\u00e4hrend des Dampfens.<\/p>\n<\/li>\n<li class=\"\" data-start=\"2462\" data-end=\"2557\">\n<p class=\"\" data-start=\"2464\" data-end=\"2557\"><strong data-start=\"2464\" data-end=\"2490\">Verkaufsfertige Verpackung<\/strong>: 10 Einheiten pro Display-Box, 240 pro Karton - ideal f\u00fcr Einzelhandelsgruppen.<\/p>\n<\/li>\n<\/ul>\n<hr class=\"\" data-start=\"2559\" data-end=\"2562\" \/>\n<h3 data-start=\"2564\" data-end=\"2601\"><strong data-start=\"2567\" data-end=\"2601\">Ihr EU-Vape-Quelle mit Vorteilen<\/strong><\/h3>\n<p class=\"\" data-start=\"2603\" data-end=\"2918\">Bei Casinovape sind wir auf h\u00f6chstem Niveau auf Marken spezialisiert, darunter <strong data-start=\"2661\" data-end=\"2670\">Fumot<\/strong>, <strong data-start=\"2672\" data-end=\"2685\">Al Fakher<\/strong>, <strong data-start=\"2687\" data-end=\"2696\">Fizzy<\/strong>, <strong data-start=\"2698\" data-end=\"2713\">OBEELAB HHC<\/strong>und <strong data-start=\"2719\" data-end=\"2732\">SMPO DL02<\/strong>Unsere Politik ohne Mindestbestellmenge (MOQ) bedeutet, dass Sie nur <strong data-start=\"2780\" data-end=\"2811\">Einzelst\u00fcck oder im Gro\u00dfhandel kaufen<\/strong>mit zuverl\u00e4ssigem Versand von unserem <strong data-start=\"2845\" data-end=\"2867\">Europ\u00e4isches Lager<\/strong> direkt an Ihre T\u00fcr - schnell, sicher und problemlos.<\/p>\n<hr class=\"\" data-start=\"2920\" data-end=\"2923\" \/>\n<h3 data-start=\"2925\" data-end=\"2986\"><strong data-start=\"2928\" data-end=\"2986\">Geschmackserlebnis \u2013 20 Dynamische Profile zur Auswahl<\/strong><\/h3>\n<p class=\"\" data-start=\"2988\" data-end=\"3199\">Genie\u00dfen Sie eine au\u00dfergew\u00f6hnliche Auswahl an Aromen, die jeweils darauf abzielen, unterschiedliche Geschmacksvorlieben zu bedienen - von eisigen Erfrischungen bis hin zu fruchtigen Mischungen. Hier ist die komplette <strong data-start=\"3138\" data-end=\"3155\">Geschmacksvielfalt \n( or ) \nSortiment an Geschmacksrichtungen \n( or ) \nGeschmacksangebot<\/strong>nummeriert und beschrieben f\u00fcr eine einfache Auswahl:<\/p>\n<ol data-start=\"3201\" data-end=\"5218\">\n<li class=\"\" data-start=\"3201\" data-end=\"3328\">\n<p class=\"\" data-start=\"3204\" data-end=\"3328\"><strong data-start=\"3204\" data-end=\"3224\">Schwarze Johannisbeere Eis<\/strong> \u2013 Eine scharfe schwarze Johannisbeeren-Explosion, gek\u00fchlt durch einen frostigen Menthol-Finish, ideal f\u00fcr Fruchtliebhaber, die nach einer Abk\u00fchlung suchen.<\/p>\n<\/li>\n<li class=\"\" data-start=\"3329\" data-end=\"3426\">\n<p class=\"\" data-start=\"3332\" data-end=\"3426\"><strong data-start=\"3332\" data-end=\"3343\">Eis Lutscher<\/strong> \u2013 Nostalgische Eisbonbon-Geschmacksnoten vermischen sich mit einem erfrischenden Dampf und einem k\u00fchlen Nachgeschmack.<\/p>\n<\/li>\n<li class=\"\" data-start=\"3427\" data-end=\"3535\">\n<p class=\"\" data-start=\"3430\" data-end=\"3535\"><strong data-start=\"3430\" data-end=\"3452\">Bluesour Himbeere<\/strong> \u2013 Eine scharfe blaue Himbeermischung mit einem Zitruskick, der Ihre Geschmacksknospen herausfordert.<\/p>\n<\/li>\n<li class=\"\" data-start=\"3536\" data-end=\"3637\">\n<p class=\"\" data-start=\"3539\" data-end=\"3637\"><strong data-start=\"3539\" data-end=\"3560\">Apfel-Beeren-Explosion<\/strong> S\u00fc\u00dfe \u00c4pfel treffen auf eine Fusion von wilden Beeren in dieser ausgewogenen und saftigen Mischung.<\/p>\n<\/li>\n<li class=\"\" data-start=\"3638\" data-end=\"3741\">\n<p class=\"\" data-start=\"3641\" data-end=\"3741\"><strong data-start=\"3641\" data-end=\"3651\">Kirsche<\/strong> \u2013 Reiner, s\u00fc\u00dfer Kirschgeschmack mit genau der richtigen Menge an S\u00e4ure \u2013 einfach und befriedigend.<\/p>\n<\/li>\n<li class=\"\" data-start=\"3742\" data-end=\"3850\">\n<p class=\"\" data-start=\"3745\" data-end=\"3850\"><strong data-start=\"3745\" data-end=\"3763\">Pacific Cooler<\/strong> Ein tropischer Punch aus Ananas, Mango und Zitrus, umh\u00fcllt von einer luftigen Menthol-Note.<\/p>\n<\/li>\n<li class=\"\" data-start=\"3851\" data-end=\"3964\">\n<p class=\"\" data-start=\"3854\" data-end=\"3964\"><strong data-start=\"3854\" data-end=\"3872\">Brombeer-Limonade<\/strong> \u2013 Beeren und Limonade vereinen sich in einer s\u00fc\u00df-sauren Mischung, die bei jedem Zug erfrischt.<\/p>\n<\/li>\n<li class=\"\" data-start=\"3965\" data-end=\"4080\">\n<p class=\"\" data-start=\"3968\" data-end=\"4080\"><strong data-start=\"3968\" data-end=\"3983\">Tigermilch<\/strong> \u2013 Exotisch und k\u00fchn, diese Mischung aus Erdbeere, Wassermelone und Kokos bringt einen wilden Geschmacksschlag.<\/p>\n<\/li>\n<li class=\"\" data-start=\"4081\" data-end=\"4179\">\n<p class=\"\" data-start=\"4084\" data-end=\"4179\"><strong data-start=\"4084\" data-end=\"4095\">Herr Blau<\/strong> \u2013 Eine mysteri\u00f6se und coole Mischung aus Beeren und Menthol, umh\u00fcllt von subtiler S\u00fc\u00dfe.<\/p>\n<\/li>\n<li class=\"\" data-start=\"4180\" data-end=\"4281\">\n<p class=\"\" data-start=\"4184\" data-end=\"4281\"><strong data-start=\"4184\" data-end=\"4202\">Red Energy Eis<\/strong> \u2013 Inspiriert von Energy-Drinks, belebt es Ihre Sinne mit zus\u00e4tzlicher eisiger K\u00fchlung.<\/p>\n<\/li>\n<li class=\"\" data-start=\"4282\" data-end=\"4365\">\n<p class=\"\" data-start=\"4286\" data-end=\"4365\"><strong data-start=\"4286\" data-end=\"4303\">Rote Apfel Eis<\/strong> \u2013 Knackige rote \u00c4pfel, abgerundet mit einer k\u00fchlenden Menthol-Note.<\/p>\n<\/li>\n<li class=\"\" data-start=\"4366\" data-end=\"4476\">\n<p class=\"\" data-start=\"4370\" data-end=\"4476\"><strong data-start=\"4370\" data-end=\"4400\">Blaubeere Kirsche Preiselbeere<\/strong> \u2013 Ein triumphierendes Trio von Fr\u00fcchten, das s\u00fc\u00df, sauer und herb zugleich liefert.<\/p>\n<\/li>\n<li class=\"\" data-start=\"4477\" data-end=\"4575\">\n<p class=\"\" data-start=\"4481\" data-end=\"4575\"><strong data-start=\"4481\" data-end=\"4501\">Blauer Razz Kirsche<\/strong> \u2013 Lebendiges Blaues Himbeeraroma verbunden mit saftiger Kirsche f\u00fcr eine s\u00e4uerlich-s\u00fc\u00dfe Note.<\/p>\n<\/li>\n<li class=\"\" data-start=\"4576\" data-end=\"4663\">\n<p class=\"\" data-start=\"4580\" data-end=\"4663\"><strong data-start=\"4580\" data-end=\"4593\">Trauben Eis<\/strong> \u2013 \u00dcppiger Traubengeschmack, geschichtet mit eisigem Menthol f\u00fcr eine vollmundige Erfrischung.<\/p>\n<\/li>\n<li class=\"\" data-start=\"4664\" data-end=\"4739\">\n<p class=\"\" data-start=\"4668\" data-end=\"4739\"><strong data-start=\"4668\" data-end=\"4681\">Mango-Eis<\/strong> \u2013 Tropischer Mango-Aufschwung, unterst\u00fctzt durch einen erfrischenden Menthol-Ausatem.<\/p>\n<\/li>\n<li class=\"\" data-start=\"4740\" data-end=\"4836\">\n<p class=\"\" data-start=\"4744\" data-end=\"4836\"><strong data-start=\"4744\" data-end=\"4764\">Bananen-Milchshake<\/strong> - Eine cremige, traumhafte Bananen-Dessertnote, perfekt f\u00fcr genussvolle Momente.<\/p>\n<\/li>\n<li class=\"\" data-start=\"4837\" data-end=\"4928\">\n<p class=\"\" data-start=\"4841\" data-end=\"4928\"><strong data-start=\"4841\" data-end=\"4866\">Erdbeere Wassermelone<\/strong> Sommerfr\u00fcchte kollidieren in dieser saftigen, erfrischenden Vape-Kombination.<\/p>\n<\/li>\n<li class=\"\" data-start=\"4929\" data-end=\"5026\">\n<p class=\"\" data-start=\"4933\" data-end=\"5026\"><strong data-start=\"4933\" data-end=\"4946\">Pfirsich-Eis<\/strong> Zarter Pfirsichnektar, durchzogen von einer mentholischen Brise f\u00fcr einen sanften, s\u00fc\u00dfen Einatemzug.<\/p>\n<\/li>\n<li class=\"\" data-start=\"5027\" data-end=\"5125\">\n<p class=\"\" data-start=\"5031\" data-end=\"5125\"><strong data-start=\"5031\" data-end=\"5051\">Blaubeere auf Eis<\/strong> - Saftige Blaubeernoten, gek\u00fchlt bis zur Perfektion, machen jeden Zug eiskalt frisch.<\/p>\n<\/li>\n<li class=\"\" data-start=\"5126\" data-end=\"5218\">\n<p class=\"\" data-start=\"5130\" data-end=\"5218\"><strong data-start=\"5130\" data-end=\"5147\">Rosa Limonade<\/strong> - Eine pikante rosa Zitrusmischung, die sauer, s\u00fc\u00df und voller Charakter ist.<\/p>\n<\/li>\n<\/ol>\n<hr class=\"\" data-start=\"5220\" data-end=\"5223\" \/>\n<h3 data-start=\"5225\" data-end=\"5248\"><strong data-start=\"5228\" data-end=\"5248\">F\u00fcr wen ist das?<\/strong><\/h3>\n<p class=\"\" data-start=\"5250\" data-end=\"5520\">Egal, ob Sie ein erfahrener Dampfer sind, der nach Bequemlichkeit sucht, oder ein Einzelh\u00e4ndler, der nach einer zuverl\u00e4ssigen Produktlinie sucht, die <a href=\"https:\/\/casinovape.de\/de\/produktkategorie\/randm-fumot-einweg-vapes\/\"><strong data-start=\"5361\" data-end=\"5389\">FUMOT RandM Tornado 7000<\/strong> <\/a>bietet f\u00fcr jeden etwas. Ohne komplizierte Einrichtung ist es ideal f\u00fcr diejenigen, die Geschmack, Benutzerfreundlichkeit und Leistung in einem stilvollen Ger\u00e4t priorisieren.<\/p>\n<hr class=\"\" data-start=\"5522\" data-end=\"5525\" \/>\n<h3 data-start=\"5527\" data-end=\"5557\"><strong data-start=\"5530\" data-end=\"5557\">Warum bei uns kaufen <a href=\"https:\/\/casinovape.de\/de\/\">Casinovape<\/a>?<\/strong><\/h3>\n<ul data-start=\"5559\" data-end=\"5855\">\n<li class=\"\" data-start=\"5559\" data-end=\"5614\">\n<p class=\"\" data-start=\"5561\" data-end=\"5614\">\u2705 <strong data-start=\"5563\" data-end=\"5614\">Gr\u00f6\u00dfter Einzelh\u00e4ndler f\u00fcr Einweg-Vapes in Deutschland<\/strong><\/p>\n<\/li>\n<li class=\"\" data-start=\"5615\" data-end=\"5684\">\n<p class=\"\" data-start=\"5617\" data-end=\"5684\">\u2705 <strong data-start=\"5619\" data-end=\"5684\">Top-Marken nur \u2013 FUMOT, Al Fakher, OBEELAB HHC, Fizzy &amp; More<\/strong><\/p>\n<\/li>\n<li class=\"\" data-start=\"5685\" data-end=\"5725\">\n<p class=\"\" data-start=\"5687\" data-end=\"5725\">\u2705 <strong data-start=\"5689\" data-end=\"5725\">Kaufe 1 oder im Gro\u00dfhandel \u2013 Keine Mindestbestellung<\/strong><\/p>\n<\/li>\n<li class=\"\" data-start=\"5726\" data-end=\"5786\">\n<p class=\"\" data-start=\"5728\" data-end=\"5786\">\u2705 <strong data-start=\"5730\" data-end=\"5786\">Schneller EU-Versand \u2013 3\u20137 Tage aus Europ\u00e4ischem Lager<\/strong><\/p>\n<\/li>\n<li class=\"\" data-start=\"5787\" data-end=\"5855\">\n<p class=\"\" data-start=\"5789\" data-end=\"5855\">\u2705 <strong data-start=\"5791\" data-end=\"5855\">Gewidmet Qualit\u00e4t, Originalit\u00e4t und Kundenzufriedenheit<\/strong><\/p>\n<\/li>\n<\/ul>\n<hr class=\"\" data-start=\"5857\" data-end=\"5860\" \/>\n<h3 data-start=\"5862\" data-end=\"5873\"><strong data-start=\"5865\" data-end=\"5873\">H\u00e4ufig gestellte Fragen<\/strong><\/h3>\n<p class=\"\" data-start=\"5875\" data-end=\"6069\"><strong data-start=\"5875\" data-end=\"5940\">Ist das FUMOT RandM Tornado 7000 Disposable Vape aufladbar?<\/strong><br data-start=\"5940\" data-end=\"5943\" \/>Ja, es enth\u00e4lt eine integrierte 1000mAh Batterie, die vollst\u00e4ndig \u00fcber USB aufladbar ist, sodass du sie bis zum letzten Zug verwenden kannst.<\/p>\n<p class=\"\" data-start=\"6071\" data-end=\"6219\"><strong data-start=\"6071\" data-end=\"6110\">Welche Nikotinst\u00e4rken sind verf\u00fcgbar?<\/strong><br data-start=\"6110\" data-end=\"6113\" \/>Dieses Modell unterst\u00fctzt 0%-, 2%-, 3%- und 5%-Nikotinst\u00e4rken und bietet Flexibilit\u00e4t basierend auf Ihren Vorlieben.<\/p>\n<p class=\"\" data-start=\"6221\" data-end=\"6386\"><strong data-start=\"6221\" data-end=\"6254\">Ist es f\u00fcr Anf\u00e4nger geeignet?<\/strong><br data-start=\"6254\" data-end=\"6257\" \/>Absolut. Es ist sowohl f\u00fcr neue als auch f\u00fcr erfahrene Dampfer konzipiert. Einfach auspacken, bei Bedarf aufladen und genie\u00dfen - keine Einrichtung oder Nachf\u00fcllungen erforderlich.<\/p>\n<p class=\"\" data-start=\"6388\" data-end=\"6509\"><strong data-start=\"6388\" data-end=\"6423\">Wie viele Geschmacksrichtungen sind verf\u00fcgbar?<\/strong><br data-start=\"6423\" data-end=\"6426\" \/>Derzeit gibt es <strong data-start=\"6446\" data-end=\"6460\">20 Geschmacksrichtungen<\/strong>, von eisigen Coolern bis hin zu reichen Fruchtfusionsgetr\u00e4nken.<\/p>\n<p class=\"\" data-start=\"6511\" data-end=\"6660\"><strong data-start=\"6511\" data-end=\"6541\">Casinovape<\/strong><br data-start=\"6541\" data-end=\"6544\" \/>Wir sind in Deutschland ans\u00e4ssig und operieren von einem dedizierten <strong data-start=\"6599\" data-end=\"6626\">Europ\u00e4ischer E-Lagerhaus<\/strong>, beliefert Kunden in der gesamten EU.<\/p>","protected":false},"excerpt":{"rendered":"<p>Ein leistungsstarker und stilvoller Einweg-Vape, der 7000 aromatische Z\u00fcge liefert, mit einem aufladbaren Akku und lebendiger RGB-Beleuchtung.<\/p>","protected":false},"featured_media":6734,"comment_status":"open","ping_status":"closed","template":"","meta":[],"product_brand":[],"product_cat":[15,78,79,80,82,86,90,96,65,66,67,68,69,70,71,72,73,74,75,76,77,57,45,56],"product_tag":[],"class_list":{"0":"post-6712","1":"product","2":"type-product","3":"status-publish","4":"has-post-thumbnail","6":"product_cat-randm-fumot-disposable-vapes","7":"product_cat-buy-best-disposable-vape-flavors","8":"product_cat-apple-flavor-disposable-vapes","9":"product_cat-blue-razz-flavor-disposable-vapes","10":"product_cat-cherry-flavor-disposable-vapes","11":"product_cat-ice-flavor-disposable-vapes","12":"product_cat-mango-flavor-disposable-vapes","13":"product_cat-raspberry-flavor-disposable-vapes","14":"product_cat-best-disposable-vape-in-europe","15":"product_cat-buy-disposable-vapes-in-austria","16":"product_cat-buy-disposable-vapes-in-belgium","17":"product_cat-buy-disposable-vapes-in-france","18":"product_cat-buy-disposable-vapes-in-germany","19":"product_cat-buy-disposable-vapes-in-italy","20":"product_cat-buy-disposable-vapes-in-netherlands","21":"product_cat-buy-disposable-vapes-in-norway","22":"product_cat-buy-disposable-vapes-in-poland","23":"product_cat-buy-disposable-vapes-in-portugal","24":"product_cat-buy-disposable-vapes-in-spain","25":"product_cat-buy-disposable-vapes-in-sweden","26":"product_cat-buy-disposable-vapes-in-switzerland","27":"product_cat-shop-disposable-vapes-by-puffs","28":"product_cat-disposable-vape-types","29":"product_cat-tornado-disposable-vapes","31":"first","32":"instock","33":"sale","34":"shipping-taxable","35":"purchasable","36":"product-type-variable"},"jetpack_sharing_enabled":true,"_links":{"self":[{"href":"https:\/\/casinovape.de\/de\/wp-json\/wp\/v2\/product\/6712","targetHints":{"allow":["GET"]}}],"collection":[{"href":"https:\/\/casinovape.de\/de\/wp-json\/wp\/v2\/product"}],"about":[{"href":"https:\/\/casinovape.de\/de\/wp-json\/wp\/v2\/types\/product"}],"replies":[{"embeddable":true,"href":"https:\/\/casinovape.de\/de\/wp-json\/wp\/v2\/comments?post=6712"}],"wp:featuredmedia":[{"embeddable":true,"href":"https:\/\/casinovape.de\/de\/wp-json\/wp\/v2\/media\/6734"}],"wp:attachment":[{"href":"https:\/\/casinovape.de\/de\/wp-json\/wp\/v2\/media?parent=6712"}],"wp:term":[{"taxonomy":"product_brand","embeddable":true,"href":"https:\/\/casinovape.de\/de\/wp-json\/wp\/v2\/product_brand?post=6712"},{"taxonomy":"product_cat","embeddable":true,"href":"https:\/\/casinovape.de\/de\/wp-json\/wp\/v2\/product_cat?post=6712"},{"taxonomy":"product_tag","embeddable":true,"href":"https:\/\/casinovape.de\/de\/wp-json\/wp\/v2\/product_tag?post=6712"}],"curies":[{"name":"wp","href":"https:\/\/api.w.org\/{rel}","templated":true}]}}