{"id":6420,"date":"2025-04-03T03:37:55","date_gmt":"2025-04-03T03:37:55","guid":{"rendered":"https:\/\/casinovape.de\/?post_type=product&#038;p=6420"},"modified":"2025-06-09T01:13:44","modified_gmt":"2025-06-09T01:13:44","slug":"europaisches-lager-vozol-getriebe-leistung-20000-puffs-niedrigen-nikotin-kaufen-original-authentisch-wiederaufladbare-einweg-vapes-stift","status":"publish","type":"product","link":"https:\/\/casinovape.de\/de\/produkt\/europaisches-lager-vozol-getriebe-leistung-20000-puffs-niedrigen-nikotin-kaufen-original-authentisch-wiederaufladbare-einweg-vapes-stift\/","title":{"rendered":"Europ\u00e4isches Lager Vozol Gear Power 20000 Puffs Niedriger Nikotin Kauf Original Authentisch Aufladbare Einweg-Vapes Pen"},"content":{"rendered":"<div style=\"width: 888px;\" class=\"wp-video\"><!--[if lt IE 9]><script>document.createElement('video');<\/script><![endif]-->\n<video class=\"wp-video-shortcode\" id=\"video-6420-1\" width=\"888\" height=\"498\" preload=\"metadata\" controls=\"controls\"><source type=\"video\/mp4\" src=\"https:\/\/casinovape.de\/wp-content\/uploads\/2025\/04\/VOZOL-GEAR-POWER-20000.mp4?_=1\" \/><a href=\"https:\/\/casinovape.de\/wp-content\/uploads\/2025\/04\/VOZOL-GEAR-POWER-20000.mp4\">https:\/\/casinovape.de\/wp-content\/uploads\/2025\/04\/VOZOL-GEAR-POWER-20000.mp4<\/a><\/video><\/div>\n<h2 class=\"\" data-start=\"507\" data-end=\"548\"><a href=\"https:\/\/casinovape.de\/de\/produktkategorie\/vozol-einweg-vapes\/\">VOZOL Gear Power 20000<\/a> Einweg E-Zigarette<\/h2>\n<h3 class=\"\" data-start=\"550\" data-end=\"565\">Beschreibung<\/h3>\n<p class=\"\" data-start=\"567\" data-end=\"724\"><span class=\"relative -mx-px my-[-0.2rem] rounded-sm px-px py-[0.2rem]\">Das VOZOL Gear Power 20000 Disposable Vape ist ein hochmodernes Ger\u00e4t, das f\u00fcr Vaper entwickelt wurde, die sowohl Langlebigkeit als auch au\u00dfergew\u00f6hnliche Leistung suchen.<\/span> <span class=\"relative -mx-px my-[-0.2rem] rounded-sm px-px py-[0.2rem]\">Mit einem innovativen Dual-Power-Modus-System k\u00f6nnen Benutzer zwischen dem Eco-Modus, der bis zu 20.000 Z\u00fcge bietet, und dem Power-Modus, der etwa 12.000 Z\u00fcge liefert, w\u00e4hlen.<\/span> <span class=\"relative -mx-px my-[-0.2rem] rounded-sm px-px py-[0.2rem]\">Diese Flexibilit\u00e4t erm\u00f6glicht es Ihnen, Ihr Vaping-Erlebnis an Ihre Vorlieben anzupassen, egal ob Sie eine l\u00e4ngere Nutzung oder eine intensivere Sitzung bevorzugen.<\/span>\u200b<\/p>\n<p class=\"\" data-start=\"726\" data-end=\"883\"><span class=\"relative -mx-px my-[-0.2rem] rounded-sm px-px py-[0.2rem]\">Ausgestattet mit einem betr\u00e4chtlichen 20mL vorgef\u00fcllten E-Liquid-Reservoir mit einer Nikotinst\u00e4rke von 5% (50mg), sorgt die VOZOL Gear Power f\u00fcr eine befriedigende und verl\u00e4ngerte Dampferfahrung.<\/span> <span class=\"relative -mx-px my-[-0.2rem] rounded-sm px-px py-[0.2rem]\">Das Ger\u00e4t verf\u00fcgt \u00fcber eine 650mAh wiederaufladbare Batterie, erg\u00e4nzt durch einen USB-Typ-C-Ladeanschluss f\u00fcr schnelles und bequemes Wiederaufladen.<\/span> <span class=\"relative -mx-px my-[-0.2rem] rounded-sm px-px py-[0.2rem]\">Das Vollbild-LED-Display liefert Echtzeitinformationen \u00fcber die Batterielebensdauer, den E-Liquid-Pegel und den Leistungsstatus, h\u00e4lt Sie informiert und unter Kontrolle.<\/span>\u200b<\/p>\n<p class=\"\" data-start=\"885\" data-end=\"1010\"><span class=\"relative -mx-px my-[-0.2rem] rounded-sm px-px py-[0.2rem]\">Durch die Integration von fortschrittlicher S.i.L.C. (Glatt, Identisch, Langlebig, Sauber) Technologie und einem dualen Mesh-Coil-System liefert dieses Einweg-Vape konstante, reiche Aromen und eine glatte Dampfproduktion vom ersten bis zum letzten Zug.<\/span> <span class=\"relative -mx-px my-[-0.2rem] rounded-sm px-px py-[0.2rem]\">Die Aufnahme eines Mundst\u00fcckschutzes gew\u00e4hrleistet Hygiene und Sauberkeit und verbessert das gesamte Benutzererlebnis.<\/span>\u200b<\/p>\n<h3 class=\"\" data-start=\"1012\" data-end=\"1028\">Hauptfunktionen<\/h3>\n<ul data-start=\"1030\" data-end=\"1916\">\n<li class=\"\" data-start=\"1030\" data-end=\"1217\">\n<p class=\"\" data-start=\"1032\" data-end=\"1055\"><strong data-start=\"1032\" data-end=\"1053\">Duale Leistungsmodi:<\/strong><\/p>\n<ul data-start=\"1058\" data-end=\"1217\">\n<li class=\"\" data-start=\"1058\" data-end=\"1113\">\n<p class=\"\" data-start=\"1060\" data-end=\"1113\"><em data-start=\"1060\" data-end=\"1071\">Eco-Modus:<\/em> <span class=\"relative -mx-px my-[-0.2rem] rounded-sm px-px py-[0.2rem]\">Liefert bis zu 20.000 Z\u00fcge f\u00fcr eine verl\u00e4ngerte Nutzung.<\/span><\/p>\n<\/li>\n<li class=\"\" data-start=\"1116\" data-end=\"1217\">\n<p class=\"\" data-start=\"1118\" data-end=\"1217\"><em data-start=\"1118\" data-end=\"1131\">Power Mode:<\/em> <span class=\"relative -mx-px my-[-0.2rem] rounded-sm px-px py-[0.2rem]\">Bietet ungef\u00e4hr 12.000 Z\u00fcge f\u00fcr ein intensiveres Vaperlebnis.<\/span><\/p>\n<\/li>\n<\/ul>\n<\/li>\n<li class=\"\" data-start=\"1219\" data-end=\"1338\">\n<p class=\"\" data-start=\"1221\" data-end=\"1338\"><strong data-start=\"1221\" data-end=\"1252\">Gro\u00dfz\u00fcgige E-Liquid-Kapazit\u00e4t:<\/strong> <span class=\"relative -mx-px my-[-0.2rem] rounded-sm px-px py-[0.2rem]\">Vorgef\u00fcllt mit 20 mL E-Liquid mit 50 mg Nikotinst\u00e4rke f\u00fcr langanhaltende Befriedigung.<\/span>\u200b<\/p>\n<\/li>\n<li class=\"\" data-start=\"1340\" data-end=\"1453\">\n<p class=\"\" data-start=\"1342\" data-end=\"1453\"><strong data-start=\"1342\" data-end=\"1367\">Aufladbare Batterie<\/strong> <span class=\"relative -mx-px my-[-0.2rem] rounded-sm px-px py-[0.2rem]\">Ausgestattet mit einem 650mAh-Akku und USB-Typ-C-Laden f\u00fcr schnelles und bequemes Aufladen.<\/span>\u200b<\/p>\n<\/li>\n<li class=\"\" data-start=\"1455\" data-end=\"1571\">\n<p class=\"\" data-start=\"1457\" data-end=\"1571\"><strong data-start=\"1457\" data-end=\"1485\">Vollbild-LED-Display<\/strong> <span class=\"relative -mx-px my-[-0.2rem] rounded-sm px-px py-[0.2rem]\">Bietet Echtzeit-Updates zu Akkulaufzeit, E-Liquid-St\u00e4nden und Leistungsstatus.<\/span>\u200b<\/p>\n<\/li>\n<li class=\"\" data-start=\"1573\" data-end=\"1687\">\n<p class=\"\" data-start=\"1575\" data-end=\"1687\"><strong data-start=\"1575\" data-end=\"1601\">Dual-Mesh-Spulen-System<\/strong> <span class=\"relative -mx-px my-[-0.2rem] rounded-sm px-px py-[0.2rem]\">Verbessert die Intensit\u00e4t des Geschmacks und die Dampfproduktion f\u00fcr ein \u00fcberlegenes Vaperlebnis.<\/span>\u200b<\/p>\n<\/li>\n<li class=\"\" data-start=\"1689\" data-end=\"1801\">\n<p class=\"\" data-start=\"1691\" data-end=\"1801\"><strong data-start=\"1691\" data-end=\"1715\">S.i.L.C. Technologie:<\/strong> <span class=\"relative -mx-px my-[-0.2rem] rounded-sm px-px py-[0.2rem]\">Gew\u00e4hrleistet einen reibungslosen, gleichm\u00e4\u00dfigen und sauberen Zug w\u00e4hrend der gesamten Lebensdauer des Ger\u00e4ts.<\/span>\u200b<\/p>\n<\/li>\n<li class=\"\" data-start=\"1803\" data-end=\"1916\">\n<p class=\"\" data-start=\"1805\" data-end=\"1916\"><strong data-start=\"1805\" data-end=\"1830\">Mundst\u00fcckschutz:<\/strong> <span class=\"relative -mx-px my-[-0.2rem] rounded-sm px-px py-[0.2rem]\">h\u00e4lt die Hygiene und Sauberkeit des Ger\u00e4ts aufrecht.<\/span><\/p>\n<\/li>\n<\/ul>\n<h3 class=\"\" data-start=\"1918\" data-end=\"1956\">Warum w\u00e4hlen <a href=\"https:\/\/casinovape.de\/de\/produktkategorie\/vozol-einweg-vapes\/\">VOZOL Gear Power 20000<\/a>?<\/h3>\n<p class=\"\" data-start=\"1958\" data-end=\"2163\"><span class=\"relative -mx-px my-[-0.2rem] rounded-sm px-px py-[0.2rem]\">Der VOZOL Gear Power 20000 sticht auf dem Markt f\u00fcr Einweg-Vapes hervor durch seine Kombination aus hoher Kapazit\u00e4t, fortschrittlicher Technologie und benutzerorientiertem Design.<\/span> <span class=\"relative -mx-px my-[-0.2rem] rounded-sm px-px py-[0.2rem]\">Die dualen Leistungsmodi bieten Vielseitigkeit f\u00fcr unterschiedliche Vorlieben beim Dampfen, w\u00e4hrend die betr\u00e4chtliche E-Liquid-Kapazit\u00e4t und der aufladbare Akku eine langanhaltende Nutzung ohne h\u00e4ufige Ersetzungen gew\u00e4hrleisten.<\/span> <span class=\"relative -mx-px my-[-0.2rem] rounded-sm px-px py-[0.2rem]\">Die Integration von S.i.L.C.-Technologie und einem Dual-Mesh-Coil-System gew\u00e4hrleistet ein durchg\u00e4ngig glattes und aromatisches Erlebnis.<\/span> <span class=\"relative -mx-px my-[-0.2rem] rounded-sm px-px py-[0.2rem]\">Zus\u00e4tzlich bieten das Vollbild-LED-Display und der Mundst\u00fcckschutz Bequemlichkeit und Hygiene, was dieses Ger\u00e4t zu einer Top-Wahl f\u00fcr anspruchsvolle Dampfer macht.<\/span><\/p>\n<p class=\"\" data-start=\"1958\" data-end=\"2163\"><img loading=\"lazy\" decoding=\"async\" class=\"alignnone wp-image-6452 size-full\" src=\"https:\/\/casinovape.de\/wp-content\/uploads\/2025\/04\/Vozol-gear-power-20000-2-scaled.webp\" alt=\"Europ\u00e4isches Lager Vozol Gear Power 20000 Puffs Niedriger Nikotin Kauf Original Authentisch Aufladbare Einweg-Vapes Pen\" width=\"2560\" height=\"1440\" srcset=\"https:\/\/casinovape.de\/wp-content\/uploads\/2025\/04\/Vozol-gear-power-20000-2-scaled.webp 2560w, https:\/\/casinovape.de\/wp-content\/uploads\/2025\/04\/Vozol-gear-power-20000-2-300x169.webp 300w, https:\/\/casinovape.de\/wp-content\/uploads\/2025\/04\/Vozol-gear-power-20000-2-1024x576.webp 1024w, https:\/\/casinovape.de\/wp-content\/uploads\/2025\/04\/Vozol-gear-power-20000-2-768x432.webp 768w, https:\/\/casinovape.de\/wp-content\/uploads\/2025\/04\/Vozol-gear-power-20000-2-1536x864.webp 1536w, https:\/\/casinovape.de\/wp-content\/uploads\/2025\/04\/Vozol-gear-power-20000-2-2048x1152.webp 2048w, https:\/\/casinovape.de\/wp-content\/uploads\/2025\/04\/Vozol-gear-power-20000-2-18x10.webp 18w, https:\/\/casinovape.de\/wp-content\/uploads\/2025\/04\/Vozol-gear-power-20000-2-600x337.webp 600w\" sizes=\"auto, (max-width: 2560px) 100vw, 2560px\" \/>\u200b<\/p>\n<h3 class=\"\" data-start=\"2165\" data-end=\"2186\">Verf\u00fcgbare Geschmacksrichtungen<\/h3>\n<p class=\"\" data-start=\"2188\" data-end=\"2273\"><span class=\"relative -mx-px my-[-0.2rem] rounded-sm px-px py-[0.2rem]\">Der VOZOL Gear Power 20000 ist in einer Vielzahl von sorgf\u00e4ltig ausgearbeiteten Geschmacksrichtungen erh\u00e4ltlich, um unterschiedliche Geschmacksrichtungen zu bedienen:<\/span>\u200b<\/p>\n<ol data-start=\"2275\" data-end=\"3378\">\n<li class=\"\" data-start=\"2275\" data-end=\"2382\">\n<p class=\"\" data-start=\"2278\" data-end=\"2382\"><strong data-start=\"2278\" data-end=\"2296\">Blauer Razz-Eis:<\/strong> <span class=\"relative -mx-px my-[-0.2rem] rounded-sm px-px py-[0.2rem]\">Eine pikante Mischung aus blauer Himbeere mit einem erfrischenden Menthol-Finish, die ein perfektes Gleichgewicht von s\u00fc\u00df und eisig bietet.<\/span><\/p>\n<\/li>\n<li class=\"\" data-start=\"2384\" data-end=\"2493\">\n<p class=\"\" data-start=\"2387\" data-end=\"2493\"><strong data-start=\"2387\" data-end=\"2407\">Karibik-Saft:<\/strong> <span class=\"relative -mx-px my-[-0.2rem] rounded-sm px-px py-[0.2rem]\">Eine exotische Mischung aus tropischen Fr\u00fcchten, die Sie mit jedem Zug in ein sonniges Paradies entf\u00fchrt.<\/span>\u200b<\/p>\n<\/li>\n<li class=\"\" data-start=\"2495\" data-end=\"2605\">\n<p class=\"\" data-start=\"2498\" data-end=\"2605\"><strong data-start=\"2498\" data-end=\"2519\">Cherry Berry Eis:<\/strong> <span class=\"relative -mx-px my-[-0.2rem] rounded-sm px-px py-[0.2rem]\">Eine s\u00fc\u00dfe und s\u00e4uerliche Kombination aus Kirschen und gemischten Beeren, verst\u00e4rkt mit einem k\u00fchlenden Menthol-Kick.<\/span>\u200b<\/p>\n<\/li>\n<li class=\"\" data-start=\"2607\" data-end=\"2710\">\n<p class=\"\" data-start=\"2610\" data-end=\"2710\"><strong data-start=\"2610\" data-end=\"2624\">K\u00fchle Minze:<\/strong> <span class=\"relative -mx-px my-[-0.2rem] rounded-sm px-px py-[0.2rem]\">Ein knackiger und erfrischender Minzgeschmack, der ein sauberes und erfrischendes Vaperlebnis bietet.<\/span>\u200b<\/p>\n<\/li>\n<li class=\"\" data-start=\"2712\" data-end=\"2822\">\n<p class=\"\" data-start=\"2715\" data-end=\"2822\"><strong data-start=\"2715\" data-end=\"2736\">Doppel Apfel Eis:<\/strong> <span class=\"relative -mx-px my-[-0.2rem] rounded-sm px-px py-[0.2rem]\">Eine harmonische Mischung aus roten und gr\u00fcnen \u00c4pfeln mit einem k\u00fchlen Menthol-Unterton, die S\u00fc\u00dfe und S\u00e4ure ausbalanciert.<\/span>\u200b<\/p>\n<\/li>\n<li class=\"\" data-start=\"2824\" data-end=\"2927\">\n<p class=\"\" data-start=\"2827\" data-end=\"2927\"><strong data-start=\"2827\" data-end=\"2841\">Traube Eis:<\/strong> <span class=\"relative -mx-px my-[-0.2rem] rounded-sm px-px py-[0.2rem]\">Saftige, sonnenreife Trauben, erg\u00e4nzt durch eine frische Menthol-Note, erzeugen eine k\u00fchle und s\u00fc\u00dfe Empfindung.<\/span>\u200b<\/p>\n<\/li>\n<li class=\"\" data-start=\"2929\" data-end=\"3040\">\n<p class=\"\" data-start=\"2932\" data-end=\"3040\"><strong data-start=\"2932\" data-end=\"2954\">Mexikanisches Mango-Eis:<\/strong> <span class=\"relative -mx-px my-[-0.2rem] rounded-sm px-px py-[0.2rem]\">Lussige, reife Mangos, infundiert mit einem Hauch von Menthol, bieten eine tropische Flucht mit jedem Einatmen.<\/span>\u200b<\/p>\n<\/li>\n<li class=\"\" data-start=\"3042\" data-end=\"3156\">\n<p class=\"\" data-start=\"3045\" data-end=\"3156\"><strong data-start=\"3045\" data-end=\"3070\">Himbeere Wassermelone:<\/strong> <span class=\"relative -mx-px my-[-0.2rem] rounded-sm px-px py-[0.2rem]\">Eine k\u00f6stliche Fusion von s\u00fc\u00dfen Himbeeren und saftigem Wassermelone, die ein erfrischendes und fruchtiges Vape-Erlebnis bietet.<\/span>\u200b<\/p>\n<\/li>\n<li class=\"\" data-start=\"3158\" data-end=\"3267\">\n<p class=\"\" data-start=\"3161\" data-end=\"3267\"><strong data-start=\"3161\" data-end=\"3181\">Erdbeere Kiwi:<\/strong> <span class=\"relative -mx-px my-[-0.2rem] rounded-sm px-px py-[0.2rem]\">Eine klassische Kombination von saftigen Erdbeeren und s\u00e4uerlichem Kiwi, die ein cremiges und aromatisches Erlebnis bietet.<\/span>\u200b<\/p>\n<\/li>\n<li class=\"\" data-start=\"3269\" data-end=\"3378\">\n<p class=\"\" data-start=\"3273\" data-end=\"3378\"><strong data-start=\"3273\" data-end=\"3292\">Wassermelonen-Eis:<\/strong> <span class=\"relative -mx-px my-[-0.2rem] rounded-sm px-px py-[0.2rem]\">Erfrischender Wassermelonen-Geschmack mit einer k\u00fchlen Menthol-Note, perfekt f\u00fcr hei\u00dfe Sommertage.<\/span>\u200b<\/p>\n<\/li>\n<\/ol>\n<h3 class=\"\" data-start=\"3380\" data-end=\"3388\">H\u00e4ufig gestellte Fragen<\/h3>\n<p class=\"\" data-start=\"3390\" data-end=\"3525\"><strong data-start=\"3390\" data-end=\"3437\">Ist das VOZOL Gear Power 20000 aufladbar?<\/strong><br data-start=\"3437\" data-end=\"3440\" \/><span class=\"relative -mx-px my-[-0.2rem] rounded-sm px-px py-[0.2rem]\">Ja, es verf\u00fcgt \u00fcber einen 650mAh wiederaufladbaren Akku mit einem USB-Typ-C-Ladeanschluss f\u00fcr schnelles und bequemes Aufladen.<\/span><\/p>\n<p class=\"\" data-start=\"3527\" data-end=\"3652\"><strong data-start=\"3527\" data-end=\"3564\">Wie funktionieren die dualen Leistungsmodi?<\/strong><br data-start=\"3564\" data-end=\"3567\" \/><span class=\"relative -mx-px my-[-0.2rem] rounded-sm px-px py-[0.2rem]\">Das Ger\u00e4t bietet zwei Modi: Eco-Modus f\u00fcr bis zu 20.000 Z\u00fcge, konzentriert sich auf die verl\u00e4ngerte Nutzung, und Power-Modus f\u00fcr etwa 12.000 Z\u00fcge, liefert ein intensiveres Vaperlebnis.<\/span>\u200b<\/p>\n<p class=\"\" data-start=\"3654\" data-end=\"3774\"><strong data-start=\"3654\" data-end=\"3686\">S.i.L.C.-Technologie<\/strong><br data-start=\"3686\" data-end=\"3689\" \/><span class=\"relative -mx-px my-[-0.2rem] rounded-sm px-px py-[0.2rem]\">S.i.L.C. steht f\u00fcr Smooth, Identical, Long-lasting, Clean Technologie, die eine konsistente, hochwertige Geschmacksqualit\u00e4t und eine glatte Dampfproduktion w\u00e4hrend der gesamten Lebensdauer des Ger\u00e4ts gew\u00e4hrleistet.<\/span>\u200b<\/p>\n<p class=\"\" data-start=\"3776\" data-end=\"3918\"><strong data-start=\"3776\" data-end=\"3830\">Wie kann ich den Akku- und E-Liquid-Stand \u00fcberwachen?<\/strong><br data-start=\"3830\" data-end=\"3833\" \/><span class=\"relative -mx-px my-[-0.2rem] rounded-sm px-px py-[0.2rem]\">Das Vollbild-LED-Display liefert Echtzeitinformationen \u00fcber die Batterielebensdauer, den E-Liquid-Pegel und den Leistungsstatus, h\u00e4lt Sie informiert und unter Kontrolle.<\/span>\u200b<\/p>","protected":false},"excerpt":{"rendered":"<p>The \nwird zu \nDas<strong> VOZOL Gear Power 20000<\/strong> Einweg-Vape bietet bis zu 20.000 Z\u00fcge, ein Vollbild-Display, zwei Leistungsmodi und einen aufladbaren Akku f\u00fcr ein Premium-Dampferlebnis.<\/p>","protected":false},"featured_media":6463,"comment_status":"open","ping_status":"closed","template":"","meta":[],"product_brand":[],"product_cat":[22],"product_tag":[],"class_list":{"0":"post-6420","1":"product","2":"type-product","3":"status-publish","4":"has-post-thumbnail","6":"product_cat-vozol-disposable-vapes","8":"first","9":"instock","10":"sale","11":"shipping-taxable","12":"purchasable","13":"product-type-variable"},"jetpack_sharing_enabled":true,"_links":{"self":[{"href":"https:\/\/casinovape.de\/de\/wp-json\/wp\/v2\/product\/6420","targetHints":{"allow":["GET"]}}],"collection":[{"href":"https:\/\/casinovape.de\/de\/wp-json\/wp\/v2\/product"}],"about":[{"href":"https:\/\/casinovape.de\/de\/wp-json\/wp\/v2\/types\/product"}],"replies":[{"embeddable":true,"href":"https:\/\/casinovape.de\/de\/wp-json\/wp\/v2\/comments?post=6420"}],"wp:featuredmedia":[{"embeddable":true,"href":"https:\/\/casinovape.de\/de\/wp-json\/wp\/v2\/media\/6463"}],"wp:attachment":[{"href":"https:\/\/casinovape.de\/de\/wp-json\/wp\/v2\/media?parent=6420"}],"wp:term":[{"taxonomy":"product_brand","embeddable":true,"href":"https:\/\/casinovape.de\/de\/wp-json\/wp\/v2\/product_brand?post=6420"},{"taxonomy":"product_cat","embeddable":true,"href":"https:\/\/casinovape.de\/de\/wp-json\/wp\/v2\/product_cat?post=6420"},{"taxonomy":"product_tag","embeddable":true,"href":"https:\/\/casinovape.de\/de\/wp-json\/wp\/v2\/product_tag?post=6420"}],"curies":[{"name":"wp","href":"https:\/\/api.w.org\/{rel}","templated":true}]}}