{"id":5952,"date":"2025-01-03T08:05:25","date_gmt":"2025-01-03T08:05:25","guid":{"rendered":"https:\/\/casinovape.de\/?post_type=product&#038;p=5952"},"modified":"2025-08-29T08:51:49","modified_gmt":"2025-08-29T08:51:49","slug":"request-failed-with-status-code-590","status":"publish","type":"product","link":"https:\/\/casinovape.de\/de\/produkt\/request-failed-with-status-code-590\/","title":{"rendered":"Europ\u00e4isches Lager HighPuffs HHC Einweg-Vape-Stift Niedriger Nikotingehalt Kaufen Sie Originale Authentische Aufladbare Einweg-Vapes-Stift"},"content":{"rendered":"<h2><img loading=\"lazy\" decoding=\"async\" class=\"alignnone wp-image-5457 size-full\" src=\"https:\/\/casinovape.de\/wp-content\/uploads\/2024\/12\/HighPuffs-HHC-VAPE-2.webp\" alt=\"European Warehouse GELATO %95 HHC DISPOSABLE PEN Low Nicotine Buy Original Authentisch Rechargeable Disposable Vapes Pen \" width=\"1280\" height=\"1280\" srcset=\"https:\/\/casinovape.de\/wp-content\/uploads\/2024\/12\/HighPuffs-HHC-VAPE-2.webp 1280w, https:\/\/casinovape.de\/wp-content\/uploads\/2024\/12\/HighPuffs-HHC-VAPE-2-300x300.webp 300w, https:\/\/casinovape.de\/wp-content\/uploads\/2024\/12\/HighPuffs-HHC-VAPE-2-1024x1024.webp 1024w, https:\/\/casinovape.de\/wp-content\/uploads\/2024\/12\/HighPuffs-HHC-VAPE-2-150x150.webp 150w, https:\/\/casinovape.de\/wp-content\/uploads\/2024\/12\/HighPuffs-HHC-VAPE-2-768x768.webp 768w, https:\/\/casinovape.de\/wp-content\/uploads\/2024\/12\/HighPuffs-HHC-VAPE-2-12x12.webp 12w, https:\/\/casinovape.de\/wp-content\/uploads\/2024\/12\/HighPuffs-HHC-VAPE-2-600x600.webp 600w, https:\/\/casinovape.de\/wp-content\/uploads\/2024\/12\/HighPuffs-HHC-VAPE-2-100x100.webp 100w\" sizes=\"auto, (max-width: 1280px) 100vw, 1280px\" \/><\/h2>\n<h2><strong><a href=\"https:\/\/casinovape.de\/de\/produktkategorie\/gelato-hhc-einweg-vapes\/\">GELATO 95% HHC<\/a> Einweg-Vape: Das ultimative Erlebnis in Geschmack und Entspannung<\/strong><\/h2>\n<p><strong>Einf\u00fchrung in GELATO 95% HHC Einweg-Vape<\/strong><\/p>\n<p>Entdecken Sie die n\u00e4chste Ebene der Entspannung mit dem <strong>GELATO 95% HHC Einweg-Vape<\/strong> von <strong>HighPuffs<\/strong>, die neueste Innovation im Premium-Vaping-Bereich. Mit seiner sorgf\u00e4ltig hergestellten Mischung aus 95% <strong>HHC (Hydroxyhexahydrocannabinol)<\/strong> und reiche Terpene, bietet dieser Einweg-Vape-Pen ein intensives und befriedigendes Erlebnis, das Ihre Sinne auf neue H\u00f6hen hebt. Ob Sie neu in der Welt der <strong>HHC Vapes<\/strong> F\u00fcr einen erfahrenen Enthusiasten bietet das GELATO Disposable Vape ein ausgewogenes, sanftes und potentes Erlebnis, das Qualit\u00e4t und Zufriedenheit in jedem Zug liefert.<\/p>\n<p>An <strong>casinovape.de<\/strong>wir sind stolz darauf, das Angebot zu machen <strong>GELATO HHC Einweg-Vape<\/strong> neben anderen Top-Marken wie <strong>Al Fakher<\/strong>, <strong>Fizzy<\/strong>, <strong>OBEELAB HHC<\/strong>, <strong>Randm Fumot<\/strong>und <strong>SMPO DL02<\/strong>Als gr\u00f6\u00dfte Online-Handelsplattform f\u00fcr Einweg-Vapes in Deutschland sorgen wir daf\u00fcr, dass Ihre Bestellung schnell und effizient direkt von uns eintrifft, <strong>Europ\u00e4ischer E-Lagerhaus<\/strong> Innerhalb von 3 bis 7 Tagen.<\/p>\n<h3>Warum w\u00e4hlen <a href=\"https:\/\/casinovape.de\/de\/produktkategorie\/gelato-hhc-einweg-vapes\/\">GELATO 95% HHC<\/a> Einweg E-Zigarette<\/h3>\n<p><strong>GELATO 95% HHC Einweg-Vape<\/strong> zeichnet sich durch seinen reibungslosen Betrieb und seine Premium-Formulierung aus. Ohne dass ein Nachf\u00fcllen oder Aufladen erforderlich ist, ist es eine ideale Wahl f\u00fcr diejenigen, die Wert auf Komfort legen, ohne den Geschmack oder das Erlebnis zu beeintr\u00e4chtigen. Jeder Vape-Pen ist vorab aufgeladen und vorgef\u00fcllt, was ein problemloses Vapen vom ersten bis zum letzten Zug bietet.<\/p>\n<p>Gef\u00fcllt mit <strong>95% HHC<\/strong>, dieses Einweg-Vape gew\u00e4hrleistet eine potente, aber ausgewogene Wirkung. Im Gegensatz zu herk\u00f6mmlichen THC-basierten Vapes ist HHC (Hydroxyhexahydrocannabinol) f\u00fcr seine sanften, aber angenehmen Wirkungen bekannt, was es zu einer perfekten Wahl f\u00fcr diejenigen macht, die nach einem subtileren, aber immer noch angenehmen Erlebnis suchen. HHC ist in den meisten F\u00e4llen nicht psychoaktiv, kann aber ein Gef\u00fchl der Entspannung und geistigen Klarheit vermitteln, das die Nutzer lieben.<\/p>\n<hr \/>\n<h3><strong>Schl\u00fcsselmerkmale des GELATO 95% HHC Einweg-Vapes:<\/strong><\/h3>\n<ul>\n<li><strong>95% HHC-Konzentration<\/strong>: Bietet ein hochwertiges Vaping-Erlebnis, das <strong>GELATO 95% HHC Einweg-Vape<\/strong> features 95% <strong>Hydroxyhexahydrocannabinol (HHC)<\/strong>, liefert potente, aber dennoch sanfte Wirkungen.<\/li>\n<li><strong>Harmonisches Terpen-Gemisch<\/strong>: Die E-Zigarette verf\u00fcgt \u00fcber eine sorgf\u00e4ltig ausbalancierte Mischung von Terpenen, die das Aromaprofil verbessern und jeden Zug angenehm und aromatisch machen.<\/li>\n<li><strong>Keine Notwendigkeit f\u00fcr Nachf\u00fcllungen oder Aufladungen<\/strong>: Dies <strong>Einweg-Vape-Pen<\/strong> ist vorab aufgeladen und vorgef\u00fcllt, was eine bequeme L\u00f6sung f\u00fcr diejenigen bietet, die ein problemloses Vaperlebnis bevorzugen. Wenn es fertig ist, entsorgen Sie es einfach verantwortungsvoll.<\/li>\n<li><strong>Portabel und einfach zu bedienen<\/strong>: Kompakt, schlank und leicht, die <strong>GELATO 95% HHC Einweg-Vape<\/strong> passt nahtlos in Ihre Tasche und eignet sich daher ideal f\u00fcr den Einsatz unterwegs.<\/li>\n<li><strong>Premium-Aromen f\u00fcr ultimatives Genie\u00dfen<\/strong>Tauchen Sie ein in reiche, vollmundige Aromen mit jedem Zug und genie\u00dfen Sie ein sanftes, befriedigendes Erlebnis.<\/li>\n<li><strong>Schnelllieferung<\/strong>: Mit unserem <strong>Europ\u00e4ischer E-Lagerhaus<\/strong>, gew\u00e4hrleisten wir eine schnelle Lieferung Ihrer Bestellung innerhalb von 3 bis 7 Tagen, um sicherzustellen, dass Ihr Vaperlebnis so schnell wie m\u00f6glich beginnt.<\/li>\n<\/ul>\n<hr \/>\n<h3><strong>Benutzungshinweise <a href=\"https:\/\/casinovape.de\/de\/produktkategorie\/gelato-hhc-einweg-vapes\/\">GELATO 95% HHC<\/a> Einweg E-Zigarette<\/strong><\/h3>\n<p>Mithilfe der <strong>GELATO 95% HHC Einweg-Vape<\/strong> ist einfach und unkompliziert. Da es bereits vorab aufgeladen und vorgef\u00fcllt ist, m\u00fcssen Sie nur noch durch das Mundst\u00fcck einatmen und die glatten, reichen Aromen genie\u00dfen.<\/p>\n<p>es wird empfohlen, 6 Z\u00fcge pro Tag nicht zu \u00fcberschreiten, um eine \u00fcberw\u00e4ltigende Wirkung zu vermeiden. Da <strong>HHC<\/strong> Kann unterschiedliche Auswirkungen auf verschiedene Personen haben. Wenn man mit einer kleinen Menge beginnt und diese allm\u00e4hlich erh\u00f6ht, kann man sicherstellen, dass man das beste Erlebnis hat.<\/p>\n<p><strong>Wichtige Warnungen und Richtlinien:<\/strong><\/p>\n<ul>\n<li><strong>Nur f\u00fcr wissenschaftliche Zwecke<\/strong>: Dieses Produkt ist nicht f\u00fcr medizinische Zwecke oder zur Behandlung, Diagnose, Vorbeugung oder Heilung von Krankheiten vorgesehen. Bitte verwenden Sie dieses Produkt mit Vorsicht.<\/li>\n<li><strong>Au\u00dferhalb der Reichweite von Kindern aufbewahren<\/strong>: Der <strong>GELATO 95% HHC Einweg-Vape<\/strong> ist f\u00fcr die Verwendung durch Personen \u00fcber 18 Jahren vorgesehen. Es ist wichtig, das Produkt von Kindern und Jugendlichen fernzuhalten, um eine versehentliche Verwendung zu vermeiden.<\/li>\n<li><strong>Nicht mit Fahrzeugen fahren<\/strong>: Aufgrund der potenziellen Auswirkungen von HHC d\u00fcrfen Sie nach der Verwendung dieses Produkts keine Maschinen bedienen oder fahren. Verwenden Sie es immer in einer sicheren, komfortablen Umgebung.<\/li>\n<\/ul>\n<h3><strong>Warum Sie w\u00e4hlen sollten <a href=\"https:\/\/casinovape.de\/de\/produktkategorie\/gelato-hhc-einweg-vapes\/\">GELATO 95% HHC<\/a> Einweg E-Zigarette<\/strong><\/h3>\n<ul>\n<li><strong>Premiumqualit\u00e4t<\/strong>: Der <strong>GELATO 95% HHC Einweg-Vape<\/strong> bietet ein Premium-Dampferlebnis mit seinen hochwertigen Inhaltsstoffen und perfekten Geschmacksprofilen. Sie k\u00f6nnen HighPuffs f\u00fcr ein erstklassiges Produkt vertrauen, das eine befriedigende Erfahrung bei jedem Zug gew\u00e4hrleistet.<\/li>\n<li><strong>Bequemlichkeit und Einfachheit<\/strong>: Ohne dass ein Aufladen oder Nachf\u00fcllen erforderlich ist, bietet dieser Einweg-Vape-Pen Komfort ohne Qualit\u00e4tseinbu\u00dfen. Einfach einatmen und genie\u00dfen, ohne jegliche M\u00fche oder Unordnung.<\/li>\n<li><strong>Gro\u00dfe Vielfalt an Geschmacksrichtungen<\/strong>: Der Bereich von <strong>GELATO<\/strong> Aromen bieten eine Vielzahl von Geschmacksrichtungen, von fruchtig und s\u00e4uerlich bis hin zu glatt und cremig. Ob Sie erfrischendes Minze oder exotische tropische Aromen bevorzugen, es gibt etwas f\u00fcr jeden Gaumen.<\/li>\n<li><strong>Schnelllieferung in ganz Europa<\/strong>: Wir bieten schnelle Lieferung von unserem <strong>Europ\u00e4ischer E-Lagerhaus<\/strong>, um sicherzustellen, dass Ihr Produkt innerhalb von 3-7 Tagen ankommt. Kein langes Warten auf Ihre Lieblings-Einweg-Vapes erforderlich.<\/li>\n<li><strong>Sicher und Zuverl\u00e4ssig<\/strong>: Mit klaren Nutzungsrichtlinien und Warnhinweisen, das <strong>GELATO 95% HHC Einweg-Vape<\/strong> ist mit Ihrer Sicherheit im Sinn konzipiert. Sie k\u00f6nnen es genie\u00dfen, ohne Bedenken, da Sie wissen, dass es mit hochwertigen Inhaltsstoffen hergestellt wurde.<\/li>\n<\/ul>\n<hr \/>\n<p><strong>Bereit, das ultimative Entspannungserlebnis und Aroma zu genie\u00dfen? Bestellen Sie Ihren GELATO 95% HHC Disposable Vape noch heute bei <a href=\"https:\/\/casinovape.de\/de\/\">casinovape.de<\/a><\/strong> und tauchen Sie ein in die Welt reicher, smoother und befriedigender Vape-Erfahrungen. Ob Sie nach einer entspannenden Sitzung oder einem anregenden Hit suchen, unsere Auswahl an HHC-Vapes bietet alles, was Sie brauchen! **<\/p>","protected":false},"excerpt":{"rendered":"<p>The \nwird zu \nDas <strong>GELATO 95% HHC Einweg-Vape<\/strong> von <strong>HighPuffs<\/strong> bietet ein sanftes, aromatisches und potentes Vaperlebnis mit einer 95% HHC-Konzentration, erh\u00e4ltlich in einer Vielzahl leckerer Geschmacksrichtungen und konzipiert f\u00fcr Bequemlichkeit ohne Notwendigkeit f\u00fcr Nachf\u00fcllungen oder Aufladungen.<\/p>","protected":false},"featured_media":5458,"comment_status":"open","ping_status":"closed","template":"","meta":[],"product_brand":[],"product_cat":[42,78,86,91,65,66,67,68,69,70,71,72,73,74,75,76,77,57,45,48,52,54],"product_tag":[],"class_list":{"0":"post-5952","1":"product","2":"type-product","3":"status-publish","4":"has-post-thumbnail","6":"product_cat-gelato-hhc-disposable-vapes","7":"product_cat-buy-best-disposable-vape-flavors","8":"product_cat-ice-flavor-disposable-vapes","9":"product_cat-mint-flavor-disposable-vapes","10":"product_cat-best-disposable-vape-in-europe","11":"product_cat-buy-disposable-vapes-in-austria","12":"product_cat-buy-disposable-vapes-in-belgium","13":"product_cat-buy-disposable-vapes-in-france","14":"product_cat-buy-disposable-vapes-in-germany","15":"product_cat-buy-disposable-vapes-in-italy","16":"product_cat-buy-disposable-vapes-in-netherlands","17":"product_cat-buy-disposable-vapes-in-norway","18":"product_cat-buy-disposable-vapes-in-poland","19":"product_cat-buy-disposable-vapes-in-portugal","20":"product_cat-buy-disposable-vapes-in-spain","21":"product_cat-buy-disposable-vapes-in-sweden","22":"product_cat-buy-disposable-vapes-in-switzerland","23":"product_cat-shop-disposable-vapes-by-puffs","24":"product_cat-disposable-vape-types","25":"product_cat-big-puffs-disposable-vapes","26":"product_cat-lower-nicotine-disposable-vapes","27":"product_cat-rechargeable-disposable-vapes","29":"first","30":"instock","31":"sale","32":"shipping-taxable","33":"purchasable","34":"product-type-variable"},"jetpack_sharing_enabled":true,"_links":{"self":[{"href":"https:\/\/casinovape.de\/de\/wp-json\/wp\/v2\/product\/5952","targetHints":{"allow":["GET"]}}],"collection":[{"href":"https:\/\/casinovape.de\/de\/wp-json\/wp\/v2\/product"}],"about":[{"href":"https:\/\/casinovape.de\/de\/wp-json\/wp\/v2\/types\/product"}],"replies":[{"embeddable":true,"href":"https:\/\/casinovape.de\/de\/wp-json\/wp\/v2\/comments?post=5952"}],"wp:featuredmedia":[{"embeddable":true,"href":"https:\/\/casinovape.de\/de\/wp-json\/wp\/v2\/media\/5458"}],"wp:attachment":[{"href":"https:\/\/casinovape.de\/de\/wp-json\/wp\/v2\/media?parent=5952"}],"wp:term":[{"taxonomy":"product_brand","embeddable":true,"href":"https:\/\/casinovape.de\/de\/wp-json\/wp\/v2\/product_brand?post=5952"},{"taxonomy":"product_cat","embeddable":true,"href":"https:\/\/casinovape.de\/de\/wp-json\/wp\/v2\/product_cat?post=5952"},{"taxonomy":"product_tag","embeddable":true,"href":"https:\/\/casinovape.de\/de\/wp-json\/wp\/v2\/product_tag?post=5952"}],"curies":[{"name":"wp","href":"https:\/\/api.w.org\/{rel}","templated":true}]}}