{"id":5916,"date":"2025-01-03T07:55:52","date_gmt":"2025-01-03T07:55:52","guid":{"rendered":"https:\/\/casinovape.de\/?post_type=product&#038;p=5916"},"modified":"2025-04-23T06:33:34","modified_gmt":"2025-04-23T06:33:34","slug":"request-failed-with-status-code-520","status":"publish","type":"product","link":"https:\/\/casinovape.de\/de\/produkt\/request-failed-with-status-code-520\/","title":{"rendered":"Europ\u00e4isches Lager Solobar Solo 30000 Puffs Niedriger Nikotin Kauf Original Authentisch Aufladbare Einweg-Vapes Pen"},"content":{"rendered":"<div style=\"width: 1020px;\" class=\"wp-video\"><!--[if lt IE 9]><script>document.createElement('video');<\/script><![endif]-->\n<video class=\"wp-video-shortcode\" id=\"video-5916-1\" width=\"1020\" height=\"574\" preload=\"metadata\" controls=\"controls\"><source type=\"video\/mp4\" src=\"https:\/\/casinovape.de\/wp-content\/uploads\/2024\/12\/solobar-solo-30000.mp4?_=1\" \/><a href=\"https:\/\/casinovape.de\/wp-content\/uploads\/2024\/12\/solobar-solo-30000.mp4\">https:\/\/casinovape.de\/wp-content\/uploads\/2024\/12\/solobar-solo-30000.mp4<\/a><\/video><\/div>\n<div class=\"flex-1 overflow-hidden @container\/thread\">\n<div class=\"h-full\">\n<div class=\"react-scroll-to-bottom--css-mqmrw-79elbk h-full\">\n<div class=\"react-scroll-to-bottom--css-mqmrw-1n7m0yu\">\n<div class=\"flex flex-col text-sm md:pb-9\">\n<article class=\"w-full scroll-mb-[var(--thread-trailing-height,150px)] text-token-text-primary focus-visible:outline-2 focus-visible:outline-offset-[-4px]\" dir=\"auto\" data-testid=\"conversation-turn-3\" data-scroll-anchor=\"true\">\n<div class=\"m-auto text-base py-[18px] px-3 md:px-4 w-full md:px-5 lg:px-4 xl:px-5\">\n<div class=\"mx-auto flex flex-1 gap-4 text-base md:gap-5 lg:gap-6 md:max-w-3xl lg:max-w-[40rem] xl:max-w-[48rem]\">\n<div class=\"group\/conversation-turn relative flex w-full min-w-0 flex-col agent-turn\">\n<div class=\"flex-col gap-1 md:gap-3\">\n<div class=\"flex max-w-full flex-col flex-grow\">\n<div class=\"min-h-8 text-message flex w-full flex-col items-end gap-2 whitespace-normal break-words text-start [.text-message+&amp;]:mt-5\" dir=\"auto\" data-message-author-role=\"assistant\" data-message-id=\"63cb7b2f-9776-4b2e-9419-cd940c0b8b0c\" data-message-model-slug=\"gpt-4o\">\n<div class=\"flex w-full flex-col gap-1 empty:hidden first:pt-[3px]\">\n<div class=\"markdown prose w-full break-words dark:prose-invert light\">\n<h2>Entdecken Sie die Solobar Solo 30.000 Puffs Disposable Vape: Die ultimative Innovation im Vaping-Bereich<\/h2>\n<p>Wenn Sie ein Fan von hochwertigen, langlebigen und au\u00dfergew\u00f6hnlichen Geschmacksprofilen sind, <strong>Solobar Solo 30.000 Puffs<\/strong> Einweg-Vape ist hier, um Ihr Vaperlebnis zu revolutionieren. Ob Sie ein erfahrener Vaper sind oder neu in der Welt der Einweg-Vapes, dieses Ger\u00e4t bietet unvergleichliche Leistung, beeindruckende Langlebigkeit und sanfte Z\u00fcge, was es zur perfekten Wahl f\u00fcr jeden macht, der nach einer erstklassigen Vaping-L\u00f6sung sucht.<\/p>\n<p>Mit <strong>30.000 Z\u00fcge<\/strong> in einem einzigen Ger\u00e4t, die <strong>Solobar Solo<\/strong> sticht als eine der langlebigsten Einweg-E-Zigaretten hervor, die heute erh\u00e4ltlich sind. Keine Notwendigkeit, sich um h\u00e4ufige Ersatzbeschaffungen zu k\u00fcmmern; diese aufladbare, leistungsstarke E-Zigarette bietet eine verl\u00e4ngerte Lebensdauer, die mit Ihren Anforderungen Schritt h\u00e4lt, und macht sie zu einem echten Highlight auf dem Markt. Dar\u00fcber hinaus bietet sie mit der Flexibilit\u00e4t des Aufladens und der einfachen Handhabung ein Erlebnis, das sowohl f\u00fcr Anf\u00e4nger als auch f\u00fcr erfahrene Nutzer geeignet ist.<\/p>\n<div style=\"width: 1020px;\" class=\"wp-video\"><video class=\"wp-video-shortcode\" id=\"video-5916-2\" width=\"1020\" height=\"574\" preload=\"metadata\" controls=\"controls\"><source type=\"video\/mp4\" src=\"https:\/\/casinovape.de\/wp-content\/uploads\/2024\/12\/solobar-solo-30000-2.mp4?_=2\" \/><a href=\"https:\/\/casinovape.de\/wp-content\/uploads\/2024\/12\/solobar-solo-30000-2.mp4\">https:\/\/casinovape.de\/wp-content\/uploads\/2024\/12\/solobar-solo-30000-2.mp4<\/a><\/video><\/div>\n<h3>Hauptmerkmale des Solobar Solo 30.000 Z\u00fcge Einweg-Vapes<\/h3>\n<p>The \nwird zu \nDas <strong>Solobar Solo 30.000 Puffs<\/strong> ist mit fortschrittlichen Funktionen konzipiert, die Ihr Verdampfungserlebnis verbessern und mehr als nur einen Verdampfer bieten. Hier ist eine Aufschl\u00fcsselung dessen, was dieses Ger\u00e4t so besonders macht:<\/p>\n<h4>1. <strong>30.000 Puffs f\u00fcr verl\u00e4ngerten Genuss<\/strong><\/h4>\n<p>Verabschieden Sie sich von h\u00e4ufigen Ersatzteilen mit einem Einweg-Vape, der eine enorme Menge bietet <strong>30.000 Z\u00fcge<\/strong>Ob Sie leicht oder stark dampfen, Sie werden die lange Haltbarkeit dieses Ger\u00e4ts zu sch\u00e4tzen wissen, was es zu einer kosteneffizienten und zuverl\u00e4ssigen Option f\u00fcr den langfristigen Gebrauch macht.<\/p>\n<h4>2. <strong>LED-Bildschirmdisplay<\/strong><\/h4>\n<p>The \nwird zu \nDas <strong>Solobar Solo<\/strong> bietet eine lebendige <strong>LED-Bildschirmdisplay<\/strong> Das zeigt wichtige Informationen wie Akkulaufzeit und Zuganzahl. Dies hilft Ihnen, Ihre Nutzung leicht zu \u00fcberwachen und stellt sicher, dass Sie immer die Kontrolle haben.<\/p>\n<h4>3. <strong>Luftstromregelung f\u00fcr personalisiertes Dampfen<\/strong><\/h4>\n<p>Passen Sie Ihr Dampferlebnis mit dem <strong>Luftstromregelung<\/strong> Funktion. Ob Sie einen festen Zug oder einen luftigeren Hit bevorzugen, die Anpassung der Luftstr\u00f6mung erm\u00f6glicht es Ihnen, Ihren perfekten Dampfstil zu finden.<\/p>\n<h4>4. <strong>10-30W Leistungsabgabe<\/strong><\/h4>\n<p>Erfahren Sie konstante Leistung mit dem <strong>10-30W Leistungsabgabe<\/strong> Bereich. Ob Sie einen leichteren oder st\u00e4rkeren Vape bevorzugen, passt sich das Solobar Solo Ihren Vorlieben an und liefert jedes Mal sanfte, befriedigende Z\u00fcge.<\/p>\n<h4>5. <strong>Aufladbare 880 mAh Batterie<\/strong><\/h4>\n<p>Mit einer leistungsstarken <strong>880 mAh wiederaufladbare Batterie<\/strong>, sorgt der Solobar Solo f\u00fcr ein konsistentes und verl\u00e4ngertes Vaperlebnis. Die aufladbare Funktion macht ihn zu einer umweltfreundlichen Wahl und stellt gleichzeitig sicher, dass Sie das Maximum aus Ihrem Ger\u00e4t herausholen, bevor Sie es aufladen m\u00fcssen.<\/p>\n<h4>6. <strong>Umgebungslicht Ein\/Aus<\/strong><\/h4>\n<p>F\u00fcr einen schlanken und stilvollen Touch, die <strong>Umgebungslicht<\/strong> Die Funktion f\u00fcgt einen unterhaltsamen visuellen Effekt zu Ihrem Verdampferlebnis hinzu. Sie k\u00f6nnen ihn je nach Vorliebe ein- oder ausschalten, um ein immersives und anpassbares Erlebnis zu erm\u00f6glichen.<\/p>\n<h4>7. <strong>Dual-Mesh-Spule<\/strong><\/h4>\n<p>The \nwird zu \nDas <strong>Doppel-Mesh-Spule<\/strong> Im Solobar Solo bietet eine glattere und konsistentere Verdampferfahrung, indem ein optimaler Luftstrom und eine gleichm\u00e4\u00dfige Erhitzung Ihres E-Liquids gew\u00e4hrleistet werden. Diese Funktion verbessert das Aromaprofil und sorgt jedes Mal f\u00fcr reiche, vollmundige Wolken.<\/p>\n<h4>8. <strong>Benutzerfreundliches Design<\/strong><\/h4>\n<p>Egal, ob Sie ein Anf\u00e4nger im Dampfen sind oder ein erfahrener Profi, der <strong>Solobar Solo 30.000 Puffs<\/strong> ist benutzerfreundlich konzipiert. Mit einer einfachen, intuitiven Oberfl\u00e4che ist dieses Ger\u00e4t perfekt f\u00fcr Anf\u00e4nger, die schnell und ohne Komplikationen loslegen m\u00f6chten.<\/p>\n<p><img loading=\"lazy\" decoding=\"async\" class=\"alignnone wp-image-5015 size-full\" src=\"https:\/\/casinovape.de\/wp-content\/uploads\/2024\/12\/solobar-solo-30000-2.webp\" alt=\"Europ\u00e4isches Lager Solobar Solo 30000 Puffs Niedriger Nikotin Kauf Original Authentisch Aufladbare Einweg-Vapes Pen\" width=\"1024\" height=\"494\" srcset=\"https:\/\/casinovape.de\/wp-content\/uploads\/2024\/12\/solobar-solo-30000-2.webp 1024w, https:\/\/casinovape.de\/wp-content\/uploads\/2024\/12\/solobar-solo-30000-2-300x145.webp 300w, https:\/\/casinovape.de\/wp-content\/uploads\/2024\/12\/solobar-solo-30000-2-768x371.webp 768w, https:\/\/casinovape.de\/wp-content\/uploads\/2024\/12\/solobar-solo-30000-2-18x9.webp 18w, https:\/\/casinovape.de\/wp-content\/uploads\/2024\/12\/solobar-solo-30000-2-600x289.webp 600w\" sizes=\"auto, (max-width: 1024px) 100vw, 1024px\" \/><\/p>\n<h3>Entdecken Sie die exquisiten Aromen von Solobar Solo<\/h3>\n<p>The \nwird zu \nDas <strong>Solobar Solo 30.000 Puffs<\/strong> geht es nicht nur um Leistung, sondern auch um Geschmack. Das Ger\u00e4t wird mit einer breiten Vielfalt an appetitlichen Aromen geliefert, die jeweils darauf ausgelegt sind, Ihr Verdampferlebnis zu verbessern. Diese Premium-Aromen sind so formuliert, dass sie einen reichen, befriedigenden Geschmack liefern, der Sie immer wieder zur\u00fcckkommen l\u00e4sst. Hier ist ein genauerer Blick auf die verf\u00fcgbaren Aromavarianten:<\/p>\n<h4>1. <strong>Blauer Razz-Eis<\/strong><\/h4>\n<p>Eine erfrischende Kombination aus blauer Himbeere und einem k\u00fchlen Menthol-Finish, dieses Aroma ist perfekt f\u00fcr jeden, der ein s\u00fc\u00dfes, aber frostiges Vape liebt.<\/p>\n<h4>2. <strong>Saftige Pfirsiche<\/strong><\/h4>\n<p>Dieser Geschmack liefert den echten Geschmack von reifen, saftigen Pfirsichen und bietet ein sanftes und s\u00fc\u00dfes Vaperlebnis, das genauso lecker ist wie der Biss in die echte Frucht.<\/p>\n<h4>3. <strong>Mango-Eis<\/strong><\/h4>\n<p>Ein tropischer Leckerbissen mit dem Reichtum von s\u00fc\u00dfer Mango, kombiniert mit einem Menthol-Twist f\u00fcr eine k\u00fchlende Sensation, die diesen Geschmack wirklich unwiderstehlich macht.<\/p>\n<h4>4. <strong>Ananas Apfel Birne<\/strong><\/h4>\n<p>Eine leckere Fusion aus tropischer Ananas, knackigem Apfel und saftiger Birne. Dieser fruchtgef\u00fcllte Geschmack ist perfekt f\u00fcr diejenigen, die ein s\u00fc\u00dfes und fruchtiges Vape m\u00f6chten.<\/p>\n<h4>5. <strong>Pfirsich-Beeren-Eis<\/strong><\/h4>\n<p>Eine perfekte Mischung aus reifer Pfirsich und s\u00e4uerlichen Beeren, abgeschlossen mit einer k\u00fchlen Menthol-Note. Dieser Geschmack ist eine s\u00fc\u00dfe und erfrischende Wahl f\u00fcr Liebhaber von fruchtigen Vapes.<\/p>\n<h4>6. <strong>Raspberry Cherry Eis<\/strong><\/h4>\n<p>Eine saure und herbe Kombination aus reifen Himbeeren und Kirschen, mit einem k\u00fchlen, eisigen Abgang. Dieser Geschmack ist sowohl s\u00fc\u00df als auch erfrischend.<\/p>\n<h4>7. <strong>Sauerapfel<\/strong><\/h4>\n<p>F\u00fcr diejenigen, die einen sauren, den Mund zusammenziehenden Geschmack genie\u00dfen, ist der <strong>Sauerapfel<\/strong> bietet einen intensiven, sauren Kick, erg\u00e4nzt durch eine erfrischende S\u00fc\u00dfe.<\/p>\n<h4>8. <strong>Erdbeere Wassermelone<\/strong><\/h4>\n<p>Eine klassische Fr\u00fcchte-Kombination, dieser Geschmack verbindet saftige Erdbeeren mit erfrischender Wassermelone f\u00fcr ein s\u00fc\u00dfes und befriedigendes Vape-Erlebnis.<\/p>\n<h4>9. <strong>Erdbeer-Kiwi-Eis<\/strong><\/h4>\n<p>Eine harmonische Mischung aus reifen Erdbeeren und s\u00e4uerlichem Kiwi, ausgeglichen durch einen erfrischenden eisigen Abgang. Dieser Geschmack bringt das Beste aus tropischen Fr\u00fcchten mit einer k\u00fchlen Menthol-Empfindung zusammen.<\/p>\n<h4>10. <strong>Wassermelonen-Eis<\/strong><\/h4>\n<p>Ein perfektes Sommeraroma, <strong>Wassermelonen-Eis<\/strong> verbindet s\u00fc\u00dfe, saftige Wassermelone mit einem k\u00fchlen Menthol-Finish f\u00fcr einen knackigen, erfrischenden Dampf.<\/p>\n<h3>Warum Sie Solobar Solo 30.000 Puffs kaufen sollten von <a href=\"https:\/\/casinovape.de\/de\/\">Casinovape<\/a><\/h3>\n<p>An <strong>Casinovape<\/strong>wir sind stolz darauf, das Angebot zu machen <strong>Solobar Solo 30.000 Puffs<\/strong> Einweg-Vape, zusammen mit anderen Top-Marken wie <strong>Al Fakher<\/strong>, <strong>Fizzy<\/strong>, <strong>OBEELAB HHC<\/strong>, <strong>Randm Fumot<\/strong>und <strong>SMPO DL02<\/strong>Unsere umfangreiche Auswahl stellt sicher, dass Sie Zugang zu nur den besten und vertrauensw\u00fcrdigsten Einweg-Vapes auf dem Markt haben.<\/p>\n<p>Wir sind die gr\u00f6\u00dfte Online-Verkaufsplattform f\u00fcr Einweg-E-Zigaretten <strong>Deutschland<\/strong>und wir liefern direkt von unserem <strong>Europ\u00e4ischer E-Lagerhaus<\/strong>, um eine schnelle und zuverl\u00e4ssige Lieferung zu gew\u00e4hrleisten. Ohne Mindestbestellmenge k\u00f6nnen Sie so wenig kaufen wie <strong>1 St\u00fcck<\/strong> und genie\u00dfen Sie ein problemloses Einkaufserlebnis. Das Beste daran: Wir garantieren schnelle Lieferzeiten von <strong>3-7 Tage<\/strong>, sodass Sie Ihr Genie\u00dfen beginnen k\u00f6nnen <strong>Solobar Solo 30.000 Puffs<\/strong> Sofort.<\/p>\n<p><strong>Bereit, Ihr Vaping-Erlebnis auf die n\u00e4chste Stufe zu bringen?<\/strong> Kaufen Sie das <strong>Solobar Solo 30.000 Puffs<\/strong> Heute von <a href=\"https:\/\/casinovape.de\/de\/\"><strong>Casinovape<\/strong><\/a> und entdecken Sie, warum wir das bevorzugte Ziel f\u00fcr all Ihre Bed\u00fcrfnisse im Bereich des Vapens sind.<\/p>\n<p><img loading=\"lazy\" decoding=\"async\" class=\"alignnone wp-image-4995 size-full\" src=\"https:\/\/casinovape.de\/wp-content\/uploads\/2024\/12\/solobar-solo-30000.webp\" alt=\"Europ\u00e4isches Lager Solobar Solo 30000 Puffs Niedriger Nikotin Kauf Original Authentisch Aufladbare Einweg-Vapes Pen\" width=\"1024\" height=\"654\" srcset=\"https:\/\/casinovape.de\/wp-content\/uploads\/2024\/12\/solobar-solo-30000.webp 1024w, https:\/\/casinovape.de\/wp-content\/uploads\/2024\/12\/solobar-solo-30000-300x192.webp 300w, https:\/\/casinovape.de\/wp-content\/uploads\/2024\/12\/solobar-solo-30000-768x491.webp 768w, https:\/\/casinovape.de\/wp-content\/uploads\/2024\/12\/solobar-solo-30000-18x12.webp 18w, https:\/\/casinovape.de\/wp-content\/uploads\/2024\/12\/solobar-solo-30000-600x383.webp 600w\" sizes=\"auto, (max-width: 1024px) 100vw, 1024px\" \/><\/p>\n<h3>Schlussfolgerung<\/h3>\n<p>The \nwird zu \nDas <strong>Solobar Solo 30.000 Puffs<\/strong> Einweg-Vape ist ein hochmodernes Ger\u00e4t, das beeindruckende Leistung mit einer unglaublichen Vielfalt an Geschmacksrichtungen kombiniert. Ob Sie nach verl\u00e4ngerten Vaping-Sitzungen, einem schlanken Design oder au\u00dfergew\u00f6hnlichem Geschmack suchen, dieses Ger\u00e4t erf\u00fcllt alle Anforderungen. Mit Funktionen wie <strong>Luftstromregelung<\/strong>, <strong>LED-Display<\/strong>, und ein <strong>Aufladbare Batterie<\/strong>der <strong>Solobar Solo<\/strong> ist ideal f\u00fcr jeden, der das Beste vom Besten in Sachen Einweg-Vaping-Technologie m\u00f6chte.<\/p>\n<p>Warten Sie nicht - bestellen Sie Ihre noch heute bei <a href=\"https:\/\/casinovape.de\/de\/\"><strong>Casinovape<\/strong><\/a>, Ihre vertrauensw\u00fcrdige Quelle f\u00fcr Premium-Einweg-Vapes!<\/p>\n<\/div>\n<\/div>\n<\/div>\n<\/div>\n<\/div>\n<\/div>\n<\/div>\n<\/div>\n<\/article>\n<\/div>\n<\/div>\n<\/div>\n<\/div>\n<\/div>","protected":false},"excerpt":{"rendered":"<div class=\"flex-shrink-0 flex flex-col relative items-end\">\n<div class=\"pt-0\">\n<div class=\"gizmo-shadow-stroke flex h-8 w-8 items-center justify-center overflow-hidden rounded-full\">\n<div class=\"h-full w-full\">\n<div class=\"gizmo-shadow-stroke overflow-hidden rounded-full\">The \nwird zu \nDas<strong> Solobar Solo 30.000 Puffs<\/strong> Einweg-E-Zigarette ist ein Hochleistungs-, wiederaufladbares Ger\u00e4t, das 30.000 Z\u00fcge bietet, einen einstellbaren Luftstrom, einen lebendigen LED-Bildschirm, Umgebungslicht und eine doppelte Mesh-Spule f\u00fcr ein glattes, aromatisches und langanhaltendes Dampfen bietet, was es sowohl f\u00fcr Anf\u00e4nger als auch f\u00fcr erfahrene Benutzer perfekt macht.<\/div>\n<\/div>\n<\/div>\n<\/div>\n<\/div>","protected":false},"featured_media":4993,"comment_status":"open","ping_status":"closed","template":"","meta":[],"product_brand":[],"product_cat":[41,78,79,80,82,86,87,90,94,95,96,98,99,65,66,67,68,69,70,71,72,73,74,75,76,77,57,64,45,48,50,51,52,54],"product_tag":[],"class_list":{"0":"post-5916","1":"product","2":"type-product","3":"status-publish","4":"has-post-thumbnail","6":"product_cat-solobar-disposable-vapes","7":"product_cat-buy-best-disposable-vape-flavors","8":"product_cat-apple-flavor-disposable-vapes","9":"product_cat-blue-razz-flavor-disposable-vapes","10":"product_cat-cherry-flavor-disposable-vapes","11":"product_cat-ice-flavor-disposable-vapes","12":"product_cat-kiwi-flavor-disposable-vapes","13":"product_cat-mango-flavor-disposable-vapes","14":"product_cat-peach-flavor-disposable-vapes","15":"product_cat-pineapple-flavor-disposable-vapes","16":"product_cat-raspberry-flavor-disposable-vapes","17":"product_cat-strawberry-flavor-disposable-vapes","18":"product_cat-watermelon-flavor-disposable-vapes","19":"product_cat-best-disposable-vape-in-europe","20":"product_cat-buy-disposable-vapes-in-austria","21":"product_cat-buy-disposable-vapes-in-belgium","22":"product_cat-buy-disposable-vapes-in-france","23":"product_cat-buy-disposable-vapes-in-germany","24":"product_cat-buy-disposable-vapes-in-italy","25":"product_cat-buy-disposable-vapes-in-netherlands","26":"product_cat-buy-disposable-vapes-in-norway","27":"product_cat-buy-disposable-vapes-in-poland","28":"product_cat-buy-disposable-vapes-in-portugal","29":"product_cat-buy-disposable-vapes-in-spain","30":"product_cat-buy-disposable-vapes-in-sweden","31":"product_cat-buy-disposable-vapes-in-switzerland","32":"product_cat-shop-disposable-vapes-by-puffs","33":"product_cat-30000-puff-disposable-vape","34":"product_cat-disposable-vape-types","35":"product_cat-big-puffs-disposable-vapes","36":"product_cat-digital-box-disposable-vapes","37":"product_cat-dual-mesh-disposable-vapes","38":"product_cat-lower-nicotine-disposable-vapes","39":"product_cat-rechargeable-disposable-vapes","41":"first","42":"outofstock","43":"shipping-taxable","44":"product-type-variable"},"jetpack_sharing_enabled":true,"_links":{"self":[{"href":"https:\/\/casinovape.de\/de\/wp-json\/wp\/v2\/product\/5916","targetHints":{"allow":["GET"]}}],"collection":[{"href":"https:\/\/casinovape.de\/de\/wp-json\/wp\/v2\/product"}],"about":[{"href":"https:\/\/casinovape.de\/de\/wp-json\/wp\/v2\/types\/product"}],"replies":[{"embeddable":true,"href":"https:\/\/casinovape.de\/de\/wp-json\/wp\/v2\/comments?post=5916"}],"wp:featuredmedia":[{"embeddable":true,"href":"https:\/\/casinovape.de\/de\/wp-json\/wp\/v2\/media\/4993"}],"wp:attachment":[{"href":"https:\/\/casinovape.de\/de\/wp-json\/wp\/v2\/media?parent=5916"}],"wp:term":[{"taxonomy":"product_brand","embeddable":true,"href":"https:\/\/casinovape.de\/de\/wp-json\/wp\/v2\/product_brand?post=5916"},{"taxonomy":"product_cat","embeddable":true,"href":"https:\/\/casinovape.de\/de\/wp-json\/wp\/v2\/product_cat?post=5916"},{"taxonomy":"product_tag","embeddable":true,"href":"https:\/\/casinovape.de\/de\/wp-json\/wp\/v2\/product_tag?post=5916"}],"curies":[{"name":"wp","href":"https:\/\/api.w.org\/{rel}","templated":true}]}}