{"id":5886,"date":"2025-01-03T07:55:49","date_gmt":"2025-01-03T07:55:49","guid":{"rendered":"https:\/\/casinovape.de\/?post_type=product&#038;p=5886"},"modified":"2025-06-09T01:02:12","modified_gmt":"2025-06-09T01:02:12","slug":"request-failed-with-status-code-525","status":"publish","type":"product","link":"https:\/\/casinovape.de\/de\/produkt\/request-failed-with-status-code-525\/","title":{"rendered":"Europ\u00e4isches Lager Arymi IFun 28000 Puffs Niedrig Nikotin Kaufen Original Authentisch Aufladbare Einweg-Vapes Pen"},"content":{"rendered":"<div style=\"width: 848px;\" class=\"wp-video\"><!--[if lt IE 9]><script>document.createElement('video');<\/script><![endif]-->\n<video class=\"wp-video-shortcode\" id=\"video-5886-1\" width=\"848\" height=\"478\" preload=\"metadata\" controls=\"controls\"><source type=\"video\/mp4\" src=\"https:\/\/casinovape.de\/wp-content\/uploads\/2024\/12\/VID-20241031-WA0010.mp4?_=1\" \/><a href=\"https:\/\/casinovape.de\/wp-content\/uploads\/2024\/12\/VID-20241031-WA0010.mp4\">https:\/\/casinovape.de\/wp-content\/uploads\/2024\/12\/VID-20241031-WA0010.mp4<\/a><\/video><\/div>\n<h2><strong><a href=\"https:\/\/casinovape.de\/de\/produktkategorie\/arymi-hookalit-einweg-vapes\/\">Arymi<\/a> IFun 28000 Puffs Disposable Vape \u2013 Das ultimative Vaperlebnis f\u00fcr Enthusiasten<\/strong><\/h2>\n<p>Wenn Sie nach einem leistungsstarken, bequemen und langlebigen Einweg-Vape suchen, dann ist der <strong>Arymi 28000 Puff Disposable Vape<\/strong> ist eine perfekte Wahl. Entwickelt f\u00fcr Vaper, die Qualit\u00e4t, Vielfalt und Benutzerfreundlichkeit sch\u00e4tzen, bietet dieses innovative Ger\u00e4t eine einzigartige Kombination aus langanhaltender Zufriedenheit, Premium-Geschmack und benutzerfreundlichem Design. Ob Sie ein erfahrener Vaper oder ein Neuling sind, der Arymi 28000 Puff wird Ihr Vaping-Erlebnis auf ein h\u00f6heres Level heben.<\/p>\n<h3><strong>Schl\u00fcsselmerkmale von Arymi 28000 Puff Einweg-Vape<\/strong><\/h3>\n<p>Der Arymi 28000 Puff sticht auf dem \u00fcberf\u00fcllten Markt f\u00fcr Einweg-Vapes mit seinen beeindruckenden Funktionen hervor, die unvergleichliche Leistung und Bequemlichkeit bieten. Hier ist, warum er Ihre n\u00e4chste Wahl sein sollte:<\/p>\n<ul>\n<li><strong>Massive Puff-Z\u00e4hlung<\/strong>: Mit unglaublichen 28.000 Puffs geh\u00f6rt die Arymi 28000 Puff zu den langlebigsten Einweg-Vapes, die es gibt. F\u00fcr starke Vaper bedeutet dies weniger Ersatz und mehr Zeit, um ihr Vape zu genie\u00dfen.<\/li>\n<li><strong>Zweikammerdesign<\/strong>: Im Gegensatz zu typischen Einweg-Vapes mit einem einzigen Geschmack bietet dieses Ger\u00e4t eine <strong>Zweikammer- \n;Zweikammer-System \n;Doppelkammer \n;Zwei-Kammer-System \ndual-chamber bleibt als Fachbegriff erhalten: dual-chamber<\/strong> Design, das es Ihnen erm\u00f6glicht, zwei verschiedene Geschmacksrichtungen in einem bequemen Vape-Pen zu genie\u00dfen. Jede Kammer fasst <strong>14mL Premium-E-Liquid<\/strong>, bietet eine vielf\u00e4ltige Verdampfer-Erfahrung, ohne dass ein Ger\u00e4tewechsel erforderlich ist.<\/li>\n<li><strong>Lange Akkulaufzeit mit Schnellladefunktion<\/strong>: Powered by a <strong>600mAh-Akku<\/strong>Diese Einweg-E-Zigarette ist darauf ausgelegt, eine langanhaltende Nutzung zu gew\u00e4hrleisten. Sie unterst\u00fctzt auch <strong>Typ-C Schnellladung<\/strong>, was bedeutet, dass Sie das Ger\u00e4t schnell aufladen k\u00f6nnen und sofort wieder mit dem Dampfen beginnen k\u00f6nnen.<\/li>\n<li><strong>Glatter und Aromatischer Dampf<\/strong>: Der Arymi 28000 Puff verwendet ein <strong>1,0\u03a9 Dual-Mesh-Spule<\/strong> um eine glatte Verdampfung und eine au\u00dfergew\u00f6hnliche Geschmacksabgabe zu gew\u00e4hrleisten. Ob Sie ein Fan von fruchtigen, minzigen oder dessertinspirierten Aromen sind, dieses Ger\u00e4t garantiert ein unvergessliches Dampferlebnis mit jedem Zug.<\/li>\n<li><strong>Benutzerfreundliches Design<\/strong>: Kompakt und portabel, ist das Arymi 28000 Puff f\u00fcr maximale Bequemlichkeit konzipiert. Einfach das Ger\u00e4t \u00f6ffnen, und Sie sind bereit zum Dampfen - keine Nachf\u00fcllungen, keine Kn\u00f6pfe, kein Aufwand. Es ist perfekt f\u00fcr sowohl Anf\u00e4nger als auch erfahrene Dampfer, die nach Einfachheit und Leistung suchen.<\/li>\n<li><strong>Portabilit\u00e4t und Komfort<\/strong>Die kompakte Gr\u00f6\u00dfe macht es leicht, es \u00fcberall hin mitzunehmen und zu verwenden. Ob Sie zu Hause, bei der Arbeit oder unterwegs sind, dieses Vape bietet das perfekte Gleichgewicht zwischen Portabilit\u00e4t und langanhaltender Zufriedenheit.<\/li>\n<li><strong>Qualit\u00e4tsbau<\/strong>: Entwickelt mit Haltbarkeit im Sinn, gew\u00e4hrleistet die Arymi 28000 Puff, dass jeder Zug glatt, gleichm\u00e4\u00dfig und befriedigend ist, von Anfang bis Ende.<\/li>\n<\/ul>\n<p><img loading=\"lazy\" decoding=\"async\" class=\"alignnone wp-image-4751 size-full\" src=\"https:\/\/casinovape.de\/wp-content\/uploads\/2024\/12\/arymi-hookalit.webp\" alt=\"Europ\u00e4isches Lager Arymi IFun 28000 Puffs Niedrig Nikotin Kaufen Original Authentisch Aufladbare Einweg-Vapes Pen \" width=\"904\" height=\"1280\" srcset=\"https:\/\/casinovape.de\/wp-content\/uploads\/2024\/12\/arymi-hookalit.webp 904w, https:\/\/casinovape.de\/wp-content\/uploads\/2024\/12\/arymi-hookalit-212x300.webp 212w, https:\/\/casinovape.de\/wp-content\/uploads\/2024\/12\/arymi-hookalit-723x1024.webp 723w, https:\/\/casinovape.de\/wp-content\/uploads\/2024\/12\/arymi-hookalit-768x1087.webp 768w, https:\/\/casinovape.de\/wp-content\/uploads\/2024\/12\/arymi-hookalit-8x12.webp 8w, https:\/\/casinovape.de\/wp-content\/uploads\/2024\/12\/arymi-hookalit-600x850.webp 600w\" sizes=\"auto, (max-width: 904px) 100vw, 904px\" \/><\/p>\n<div class=\"flex-1 overflow-hidden\">\n<div class=\"h-full\">\n<div class=\"react-scroll-to-bottom--css-tvqiq-79elbk h-full\">\n<div class=\"react-scroll-to-bottom--css-tvqiq-1n7m0yu\">\n<div class=\"flex flex-col text-sm md:pb-9\">\n<article class=\"w-full scroll-mb-[var(--thread-trailing-height,150px)] text-token-text-primary focus-visible:outline-2 focus-visible:outline-offset-[-4px]\" dir=\"auto\" data-testid=\"conversation-turn-3\" data-scroll-anchor=\"true\">\n<div class=\"m-auto text-base py-[18px] px-3 md:px-4 w-full md:px-5 lg:px-4 xl:px-5\">\n<div class=\"mx-auto flex flex-1 gap-4 text-base md:gap-5 lg:gap-6 md:max-w-3xl lg:max-w-[40rem] xl:max-w-[48rem]\">\n<div class=\"group\/conversation-turn relative flex w-full min-w-0 flex-col agent-turn\">\n<div class=\"flex-col gap-1 md:gap-3\">\n<div class=\"flex max-w-full flex-col flex-grow\">\n<div class=\"min-h-8 text-message flex w-full flex-col items-end gap-2 whitespace-normal break-words text-start [.text-message+&amp;]:mt-5\" dir=\"auto\" data-message-author-role=\"assistant\" data-message-id=\"cdf5512d-c0c6-4f44-96ce-7794adb624d6\" data-message-model-slug=\"gpt-4o\">\n<div class=\"flex w-full flex-col gap-1 empty:hidden first:pt-[3px]\">\n<div class=\"markdown prose w-full break-words dark:prose-invert light\">\n<h3><strong>Aromen von <a href=\"https:\/\/casinovape.de\/de\/produktkategorie\/arymi-hookalit-einweg-vapes\/\">Arymi 28000 Puff<\/a> Einweg E-Zigarette<\/strong><\/h3>\n<p>Eine der herausragenden Eigenschaften des Arymi 28000 Puff ist seine <strong>gro\u00dfe Auswahl an Geschmacksrichtungen<\/strong>Jeder Geschmack wurde sorgf\u00e4ltig entwickelt, um ein unverwechselbares und angenehmes Erlebnis zu bieten, damit f\u00fcr jeden Gaumen etwas dabei ist. Ob Sie auf tropische Fruchtblends, minzige K\u00f6stlichkeiten oder dessertinspirierte Aromen stehen, Arymi hat f\u00fcr Sie gesorgt.<\/p>\n<p>Hier sind die herausragenden Geschmacksrichtungen verf\u00fcgbar f\u00fcr die <strong>Arymi 28000 Puff Disposable Vape<\/strong>:<\/p>\n<ul>\n<li><strong>Kiwi-Passionsfrucht-Guava-Eis<\/strong>: Dieser Geschmack ist ein tropisches Paradies in jedem Zug. Der <strong>saftige Kiwi<\/strong>, <strong>Exotische Passionsfrucht<\/strong>und <strong>S\u00fc\u00dfe Guave<\/strong> passen perfekt zusammen und der eisige Menthol-Kick verleiht eine erfrischende Note. Ideal f\u00fcr diejenigen, die fruchtige Aromen mit einem zus\u00e4tzlichen Kick lieben.<\/li>\n<li><strong>Pfirsich-Eis &amp; Erdbeer-Wassermelone<\/strong>: Eine erfrischende und s\u00fc\u00dfe Kombination aus reifen <strong>Pfirsiche<\/strong>, <strong>Erdbeeren<\/strong>und <strong>Wassermelone<\/strong>, allseitig gekr\u00f6nt mit einem coolen Mentholsto\u00df. Perfekt f\u00fcr fruchtliebende Vaper, die ein bisschen eisige Erfrischung genie\u00dfen.<\/li>\n<li><strong>Bubble Fizz Cherry &amp; Blue Razz Limonade<\/strong>: Eine lustige, prickelnde Kombination aus <strong>S\u00fc\u00dfkirschen<\/strong>, <strong>Blaue Himbeeren<\/strong>und <strong>saurer Limonade<\/strong>Der leicht s\u00e4uerliche Geschmack mit einem Kaugummi-Abklang l\u00e4sst dich f\u00fchlen, als w\u00fcrdest du an einem warmen Sommertag ein prickelndes Soda schlucken.<\/li>\n<li><strong>Mixed Berries &amp; Pina Colada Rum<\/strong>F\u00fcr diejenigen, die ein tropisches Aroma lieben, ist diese Mischung aus <strong>gemischte Beeren<\/strong> und cremig <strong>Pina Colada<\/strong> Mit einem Hauch von Rum ist die perfekte Wahl. Es ist s\u00fc\u00df, cremig und dekadent - ein wahrer tropischer Ausflug in jedem Zug.<\/li>\n<li><strong>Zitrone Limette &amp; Blau Razz Gummi<\/strong>: Die w\u00fcrzige Kombination aus <strong>Zitrone<\/strong> und <strong>Lime<\/strong> mit der kaubaren, zuckrigen S\u00fc\u00dfe von <strong>Blaue Himbeere-Gummibonbons<\/strong> bietet eine s\u00fc\u00dfe und saure Geschmacksnote, die sowohl befriedigend als auch nostalgisch f\u00fcr S\u00fc\u00dfigkeitenliebhaber ist.<\/li>\n<li><strong>Himbeere Traube &amp; Erdbeere Drachenfrucht<\/strong>: Eine saftige Mischung aus <strong>Himbeeren<\/strong>, <strong>Trauben<\/strong>, und exotisch <strong>Drachenfrucht<\/strong> bietet eine kr\u00e4ftige, aromatische Kombination, die sowohl erfrischend als auch komplex ist - ideal f\u00fcr jeden, der eine aufregende Fr\u00fcchtemischung liebt.<\/li>\n<li><strong>Blaubeer-Himbeer-Mojito<\/strong>: Eine erfrischende Mischung aus <strong>Blaubeeren<\/strong> und <strong>Himbeeren<\/strong>, perfekt erg\u00e4nzt durch die k\u00fchlende Frische von <strong>Minze Mojito<\/strong>Dieser Geschmack bietet eine frische, s\u00fc\u00dfe und minzige Sensation, die ideal f\u00fcr diejenigen ist, die ein knackiges, erfrischendes Vape lieben.<\/li>\n<li><strong>Doppel-Apfel &amp; Blaubeer-Kirsche-Preiselbeere<\/strong>: Dieses anspruchsvolle Aromaprofil kombiniert <strong>S\u00fc\u00dfe \u00c4pfel<\/strong>, <strong>Sauertraubenartige Preiselbeeren<\/strong>und ein Ausbruch von <strong>Blaubeeren<\/strong> und <strong>Kirschen<\/strong>Die Balance von S\u00fc\u00dfe und S\u00e4ure macht dies zu einer perfekten Wahl f\u00fcr Fr\u00fcchte-Liebhaber.<\/li>\n<li><strong>Rote Apfelscheibe Eis &amp; Vimto Crush<\/strong>Ein knackiger, fruchtiger Mix aus <strong>rote \u00c4pfel<\/strong> und das ikonische <strong>Vimto Fruchtmix<\/strong>, abgeschlossen mit einer eisigen Note. Die Kombination aus fruchtiger S\u00fc\u00dfe und Menthol macht es ideal f\u00fcr diejenigen, die fruchtige, k\u00fchlende Vapes genie\u00dfen.<\/li>\n<li><strong>Kirsch-Cola &amp; Erdbeereis<\/strong>: Ein nostalgischer Geschmack, der den s\u00fc\u00dfen, prickelnden Geschmack von <strong>Kirsch-Cola<\/strong> und die cremige, glatte Essenz von <strong>Erdbeereis<\/strong>Es ist die perfekte Belohnung f\u00fcr alle, die ein s\u00fc\u00dfes, erfrischendes Vaperlebnis lieben.<\/li>\n<li><strong>Rainbow Candy &amp; Energy Drink<\/strong>: Eine lebendige und s\u00fc\u00dfe Geschmacksblende von <strong>Regenbogen-S\u00fc\u00dfigkeiten<\/strong> mit einem belebenden <strong>Energiegetr\u00e4nk<\/strong> Kick. Diese erfrischende und leicht s\u00e4uerliche E-Zigarette ist perfekt f\u00fcr jeden, der nach einem Schub von S\u00fc\u00dfe und Energie sucht.<\/li>\n<li><strong>Minz-Eis &amp; Bananen-Milchshake<\/strong>Eine glatte, cremige Mischung aus <strong>Bananen-Milchshake<\/strong> und <strong>Minze<\/strong>. Die k\u00fchle Minze verleiht dem reichen, cremigen Bananengeschmack einen erfrischenden Touch und macht ihn zum idealen Dessert-Vape f\u00fcr diejenigen, die ein k\u00fchles und cremiges Erlebnis genie\u00dfen.<\/li>\n<\/ul>\n<h3><strong>Warum w\u00e4hlen Sie das <a href=\"https:\/\/casinovape.de\/de\/produktkategorie\/arymi-hookalit-einweg-vapes\/\">Arymi 28000 Puff<\/a> Einweg E-Zigarette<\/strong><\/h3>\n<p>The \nwird zu \nDas <strong>Arymi 28000 Puff Disposable Vape<\/strong> ist nicht einfach nur ein weiterer Vape-Pen. Er ist darauf ausgelegt, ein au\u00dfergew\u00f6hnliches, langanhaltendes Vaperlebnis mit einer Kombination aus leistungsstarken Funktionen und einer vielf\u00e4ltigen Auswahl an Geschmacksrichtungen zu bieten. Hier sind einige Gr\u00fcnde, warum Sie ihn in Betracht ziehen sollten:<\/p>\n<ul>\n<li><strong>28.000 Puffs<\/strong>: Auf Wiedersehen mit h\u00e4ufigen Ersetzungen. Mit <strong>28.000 Z\u00fcge<\/strong>Dieses Ger\u00e4t gew\u00e4hrleistet eine langanhaltende Zufriedenheit und ist somit ein gro\u00dfartiger Wert f\u00fcr diejenigen, die regelm\u00e4\u00dfig dampfen.<\/li>\n<li><strong>Zwei-Kammer-Bequemlichkeit<\/strong>: Der <strong>Zweikammerdesign<\/strong> erm\u00f6glicht es Ihnen, zwei verschiedene Geschmacksrichtungen in einem einzigen Ger\u00e4t zu genie\u00dfen. Diese einzigartige Funktion bietet Ihnen mehr Vielfalt, ohne dass Sie mehrere Vapes mit sich tragen m\u00fcssen.<\/li>\n<li><strong>Premium-Geschmackserlebnis<\/strong>: Dank an die <strong>Doppel-Mesh-Spule<\/strong>der Arymi 28000 Puff bietet <strong>glatter Dampf<\/strong> und intensive Geschmacksabgabe mit jedem Zug. Ob Sie in der Stimmung f\u00fcr fruchtige, minzige oder dessertinspirierte Aromen sind, Sie werden bei jedem Vape Qualit\u00e4t erleben.<\/li>\n<li><strong>Benutzerfreundlich &amp; Tragbar<\/strong>: Kompakt, bequem und einfach zu bedienen, ist dieses E-Ger\u00e4t perfekt f\u00fcr sowohl Neueinsteiger als auch erfahrene Dampfer. Keine Nachf\u00fcllungen, keine Kn\u00f6pfe und keine Umst\u00e4nde \u2013 einfach nur einfaches, unkompliziertes Dampfervergn\u00fcgen.<\/li>\n<li><strong>Schnellladen<\/strong>: Mit <strong>Typ-C Schnellladung<\/strong>, k\u00f6nnen Sie das Ger\u00e4t schnell aufladen, um sicherzustellen, dass Sie immer bereit sind, Ihren Vape zu genie\u00dfen.<\/li>\n<li><strong>Hochwertige Konstruktion<\/strong>: F\u00fcr Haltbarkeit konzipiert, bietet der Arymi 28000 Puff <strong>zuverl\u00e4ssige Leistung<\/strong> Von Anfang bis Ende, gibt Ihnen Zuversicht in jedem Zug.<\/li>\n<\/ul>\n<h3><strong>Warum Arymi 28000 Puff Disposable Vapes kaufen von <a href=\"https:\/\/casinovape.de\/de\/\">Casinovape.de<\/a>?<\/strong><\/h3>\n<p>An <strong>Casinovape.de<\/strong>, wir sind die <strong>gr\u00f6\u00dfter Online-H\u00e4ndler f\u00fcr Einweg-E-Zigaretten in Deutschland<\/strong>ein breites Sortiment an hochwertigen Einweg-Vapes an, einschlie\u00dflich der <strong>Arymi 28000 Puff<\/strong>Wir bieten ein einfaches und sicheres Einkaufserlebnis, das eine schnelle Lieferung und einen exzellenten Kundenservice gew\u00e4hrleistet. Ob Sie eine einzelne Einheit kaufen oder eine Gro\u00dfbestellung aufgeben, wir haben Sie im Griff.<\/p>\n<p>Unser Engagement f\u00fcr Qualit\u00e4t, wettbewerbsf\u00e4hige Preise und Kundenzufriedenheit hat uns zum bevorzugten Ziel f\u00fcr <strong>Einweg-E-Zigarette<\/strong> Begeisterte in Deutschland. Besuche <strong>Casinovape.de<\/strong> heute und erleben Sie das ultimative <strong>E-Zigarette kaufen<\/strong> Reise mit Arymi 28000 Puff und anderen erstklassigen Einweg-Vapes.<\/p>\n<h3><strong>Schlussfolgerung<\/strong><\/h3>\n<p>The \nwird zu \nDas <strong>Arymi 28000 Puff Disposable Vape<\/strong> ist ein au\u00dfergew\u00f6hnliches Ger\u00e4t, das eine <strong>langanhaltend<\/strong>Aromatisches Vaperlebnis. Mit seinem <strong>Zweikammerdesign<\/strong>, massive Puff-Zahl und Premium-Aromen, ist es die perfekte Wahl f\u00fcr diejenigen, die nach Bequemlichkeit, Leistung und Vielfalt bei einem Einweg-Vape suchen. Exklusiv erh\u00e4ltlich bei <a href=\"https:\/\/casinovape.de\/de\/\"><strong>Casinovape.de<\/strong><\/a>, stellen Sie sicher, dass Sie den Unterschied erleben und Ihre Verdampfer-Erfahrung heute verbessern<\/p>\n<\/div>\n<\/div>\n<\/div>\n<\/div>\n<\/div>\n<\/div>\n<\/div>\n<\/div>\n<\/article>\n<\/div>\n<\/div>\n<\/div>\n<\/div>\n<\/div>","protected":false},"excerpt":{"rendered":"<p>Der Arymi IFun 28000 Puffs Disposable Vape ist ein leistungsstarker Einweg-Vaporizer mit einer unglaublichen 28.000 Puff-Z\u00e4hlung und einem Doppelkammerdesign f\u00fcr zwei Aromen, <strong>schneller Typ-C<\/strong> Aufladen und ein aromatisches, langanhaltendes Vaperlebnis, das sowohl Anf\u00e4nger als auch erfahrene Dampfer begeistern wird.<\/p>","protected":false},"featured_media":4738,"comment_status":"open","ping_status":"closed","template":"","meta":[],"product_brand":[],"product_cat":[38,78,79,80,81,82,83,84,85,86,87,88,89,91,92,93,94,96,98,99,65,66,67,68,69,70,71,72,73,74,75,76,77,57,101,45,48,46,51,52,54],"product_tag":[],"class_list":{"0":"post-5886","1":"product","2":"type-product","3":"status-publish","4":"has-post-thumbnail","6":"product_cat-arymi-hookalit-disposable-vapes","7":"product_cat-buy-best-disposable-vape-flavors","8":"product_cat-apple-flavor-disposable-vapes","9":"product_cat-blue-razz-flavor-disposable-vapes","10":"product_cat-blueberry-flavor-disposable-vapes","11":"product_cat-cherry-flavor-disposable-vapes","12":"product_cat-cola-flavor-disposable-vapes","13":"product_cat-grape-flavor-disposable-vapes","14":"product_cat-guava-flavor-disposable-vapes","15":"product_cat-ice-flavor-disposable-vapes","16":"product_cat-kiwi-flavor-disposable-vapes","17":"product_cat-lemon-flavor-disposable-vapes","18":"product_cat-lush-flavor-disposable-vapes","19":"product_cat-mint-flavor-disposable-vapes","20":"product_cat-mixed-berries-flavor-disposable-vapes","21":"product_cat-passion-fruit-flavor-disposable-vapes","22":"product_cat-peach-flavor-disposable-vapes","23":"product_cat-raspberry-flavor-disposable-vapes","24":"product_cat-strawberry-flavor-disposable-vapes","25":"product_cat-watermelon-flavor-disposable-vapes","26":"product_cat-best-disposable-vape-in-europe","27":"product_cat-buy-disposable-vapes-in-austria","28":"product_cat-buy-disposable-vapes-in-belgium","29":"product_cat-buy-disposable-vapes-in-france","30":"product_cat-buy-disposable-vapes-in-germany","31":"product_cat-buy-disposable-vapes-in-italy","32":"product_cat-buy-disposable-vapes-in-netherlands","33":"product_cat-buy-disposable-vapes-in-norway","34":"product_cat-buy-disposable-vapes-in-poland","35":"product_cat-buy-disposable-vapes-in-portugal","36":"product_cat-buy-disposable-vapes-in-spain","37":"product_cat-buy-disposable-vapes-in-sweden","38":"product_cat-buy-disposable-vapes-in-switzerland","39":"product_cat-shop-disposable-vapes-by-puffs","40":"product_cat-25000-puff-disposable-vape","41":"product_cat-disposable-vape-types","42":"product_cat-big-puffs-disposable-vapes","43":"product_cat-dual-flavor-disposable-vapes","44":"product_cat-dual-mesh-disposable-vapes","45":"product_cat-lower-nicotine-disposable-vapes","46":"product_cat-rechargeable-disposable-vapes","48":"first","49":"outofstock","50":"shipping-taxable","51":"product-type-variable"},"jetpack_sharing_enabled":true,"_links":{"self":[{"href":"https:\/\/casinovape.de\/de\/wp-json\/wp\/v2\/product\/5886","targetHints":{"allow":["GET"]}}],"collection":[{"href":"https:\/\/casinovape.de\/de\/wp-json\/wp\/v2\/product"}],"about":[{"href":"https:\/\/casinovape.de\/de\/wp-json\/wp\/v2\/types\/product"}],"replies":[{"embeddable":true,"href":"https:\/\/casinovape.de\/de\/wp-json\/wp\/v2\/comments?post=5886"}],"wp:featuredmedia":[{"embeddable":true,"href":"https:\/\/casinovape.de\/de\/wp-json\/wp\/v2\/media\/4738"}],"wp:attachment":[{"href":"https:\/\/casinovape.de\/de\/wp-json\/wp\/v2\/media?parent=5886"}],"wp:term":[{"taxonomy":"product_brand","embeddable":true,"href":"https:\/\/casinovape.de\/de\/wp-json\/wp\/v2\/product_brand?post=5886"},{"taxonomy":"product_cat","embeddable":true,"href":"https:\/\/casinovape.de\/de\/wp-json\/wp\/v2\/product_cat?post=5886"},{"taxonomy":"product_tag","embeddable":true,"href":"https:\/\/casinovape.de\/de\/wp-json\/wp\/v2\/product_tag?post=5886"}],"curies":[{"name":"wp","href":"https:\/\/api.w.org\/{rel}","templated":true}]}}