{"id":5172,"date":"2024-12-16T07:16:10","date_gmt":"2024-12-16T07:16:10","guid":{"rendered":"https:\/\/casinovape.de\/?post_type=product&#038;p=5172"},"modified":"2025-06-09T01:15:53","modified_gmt":"2025-06-09T01:15:53","slug":"europaisches-lagerhaus-vozol-star-20000-zuge-mit-niedrigem-nikotingehalt-kaufen-sie-original-authentische-wiederaufladbare-einweg-vapes-stifte","status":"publish","type":"product","link":"https:\/\/casinovape.de\/de\/produkt\/europaisches-lagerhaus-vozol-star-20000-zuge-mit-niedrigem-nikotingehalt-kaufen-sie-original-authentische-wiederaufladbare-einweg-vapes-stifte\/","title":{"rendered":"Europ\u00e4isches Lager Vozol Gear Shisha 25000 Puffs Niedriger Nikotin Kauf Original Authentisch Aufladbare Einweg-Vapes Pen"},"content":{"rendered":"<h2><img loading=\"lazy\" decoding=\"async\" class=\"alignnone wp-image-5224 size-full\" src=\"https:\/\/casinovape.de\/wp-content\/uploads\/2024\/12\/vozol-gear-shisha-25k-2-scaled.webp\" alt=\"Europ\u00e4isches Lager Vozol Gear Shisha 25000 Puffs Niedriger Nikotin Kauf Original Authentisch Aufladbare Einweg-Vapes Pen \" width=\"2560\" height=\"1280\" srcset=\"https:\/\/casinovape.de\/wp-content\/uploads\/2024\/12\/vozol-gear-shisha-25k-2-scaled.webp 2560w, https:\/\/casinovape.de\/wp-content\/uploads\/2024\/12\/vozol-gear-shisha-25k-2-300x150.webp 300w, https:\/\/casinovape.de\/wp-content\/uploads\/2024\/12\/vozol-gear-shisha-25k-2-1024x512.webp 1024w, https:\/\/casinovape.de\/wp-content\/uploads\/2024\/12\/vozol-gear-shisha-25k-2-768x384.webp 768w, https:\/\/casinovape.de\/wp-content\/uploads\/2024\/12\/vozol-gear-shisha-25k-2-1536x768.webp 1536w, https:\/\/casinovape.de\/wp-content\/uploads\/2024\/12\/vozol-gear-shisha-25k-2-2048x1024.webp 2048w, https:\/\/casinovape.de\/wp-content\/uploads\/2024\/12\/vozol-gear-shisha-25k-2-18x9.webp 18w, https:\/\/casinovape.de\/wp-content\/uploads\/2024\/12\/vozol-gear-shisha-25k-2-600x300.webp 600w\" sizes=\"auto, (max-width: 2560px) 100vw, 2560px\" \/><\/h2>\n<h2><strong><a href=\"https:\/\/casinovape.de\/de\/produktkategorie\/vozol-einweg-vapes\/\">Vozol Gear Shisha 25000 Puffs<\/a> Einweg-Vape \u2013 Das ultimative Vaperlebnis<\/strong><\/h2>\n<h3>Einleitung: Die perfekte Wahl f\u00fcr jeden Dampfer<\/h3>\n<p>The \nwird zu \nDas <strong>Vozol Gear Shisha 25000 Puffs Einweg-Vape<\/strong> wurde entwickelt, um Ihr Vaperlebnis mit modernster Technologie, Premium-Aromavarianten und \u00fcberlegener Leistung zu revolutionieren. Ob Sie Anf\u00e4nger oder erfahrener Vaper sind, dieses Ger\u00e4t liefert gleichm\u00e4\u00dfige, zufriedenstellende Z\u00fcge und Funktionen, die daf\u00fcr sorgen, dass jeder Vapezug glatt und angenehm ist. Mit einer beeindruckenden Zugzahl von bis zu 25.000 Z\u00fcgen und einem aufladbaren Design hebt sich die Gear Shisha-Serie als eine der langlebigsten und benutzerfreundlichsten Einweg-Vapes auf dem Markt hervor.<\/p>\n<p>An <strong>casinovape.de<\/strong>, bieten wir Ihnen exklusiven Zugang zu diesen Premium-Ger\u00e4ten mit schneller Lieferung von unserem <strong>Europ\u00e4ische Vape-Lagerhaus<\/strong>Wir sind auf die Bereitstellung der besten Einweg-Vapes spezialisiert, einschlie\u00dflich Marken wie <strong>Vozol<\/strong>, <strong>Fizzy<\/strong>, <strong>OBEELAB HHC<\/strong>, <strong>Randm Fumot<\/strong>und <strong>SMPO DL02<\/strong>, alle ohne Mindestbestellmenge. Unser Ziel ist es, Ihr Vaping-Erlebnis nahtlos zu gestalten, indem wir eine schnelle Lieferung innerhalb von 3-7 Tagen auf den EU-Markt anbieten.<\/p>\n<h3>Warum w\u00e4hlen<a href=\"https:\/\/casinovape.de\/de\/produktkategorie\/vozol-einweg-vapes\/\"> Vozol Gear Shisha 25000 Puffs<\/a> Einweg E-Zigarette<\/h3>\n<p>The \nwird zu \nDas <strong>Vozol Gear Shisha 25000 Puffs<\/strong> wurde mit Blick auf Bequemlichkeit, Langlebigkeit und au\u00dfergew\u00f6hnliche Geschmacksqualit\u00e4t entwickelt. Es bietet ein wirklich einzigartiges Vaperlebnis, perfekt f\u00fcr Benutzer, die eine konstante Leistung und eine benutzerfreundliche Funktionalit\u00e4t w\u00fcnschen.<\/p>\n<ul>\n<li><strong>Massive Puff-Z\u00e4hlung<\/strong>: Mit der F\u00e4higkeit, bis zu <strong>25.000 Z\u00fcge<\/strong>, dieses E-Zigarettenger\u00e4t gew\u00e4hrleistet, dass Sie langanhaltende Sitzungen genie\u00dfen k\u00f6nnen, ohne sich st\u00e4ndig Sorgen machen zu m\u00fcssen, dass der Akku leer geht.<\/li>\n<li><strong>Duale Verdampfungsmodi<\/strong>: Der <strong>\u00d6ko-Modus<\/strong> zul\u00e4sst bis zu <strong>25.000 Z\u00fcge<\/strong> f\u00fcr ein moderateres, nachhaltigeres Erlebnis, w\u00e4hrenddessen die <strong>Power-Modus<\/strong> bietet bis zu <strong>18.000 Z\u00fcge<\/strong> F\u00fcr Benutzer, die st\u00e4rkere, intensivere Wolken von Dampf bevorzugen.<\/li>\n<li><strong>Aufladbare Bequemlichkeit<\/strong>: Der <strong>Gear Shisha<\/strong> kommt mit einer leistungsstarken <strong>1000mAh Batterie<\/strong> das leicht \u00fcber die \n Ladevorrichtung wieder aufgeladen werden kann <strong>USB-C-Anschluss<\/strong>, um sicherzustellen, dass Sie Ihr Ger\u00e4t jederzeit einsatzbereit halten k\u00f6nnen.<\/li>\n<li><strong>Premium-E-Liquid-Kapazit\u00e4t<\/strong>: Vorab gef\u00fcllt mit <strong>20ml<\/strong> Von hochwertigem E-Liquid garantiert es ein verl\u00e4ngertes und problemloses Vaperlebnis.<\/li>\n<li><strong>Doppelte Mesh-Coils<\/strong>Diese innovative Spulentechnologie verbessert die Aromaretention und die Dampfproduktion und sorgt daf\u00fcr, dass jeder Zug glatt und befriedigend ist.<\/li>\n<li><strong>Einstellbarer Luftstrom<\/strong>: Ein anpassbarer Luftstrom-Regelschieber erm\u00f6glicht es den Benutzern, ihren Zug von eng bis offen zu personalisieren, f\u00fcr ein ma\u00dfgeschneidertes Vaperlebnis.<\/li>\n<li><strong>Interaktiver Hookah-Sound<\/strong>: Zur weiteren Einzigartigkeit erzeugt das Ger\u00e4t eine <strong>blubberndes Ger\u00e4usch<\/strong>, Nachahmung der traditionellen Shisha-Erfahrung.<\/li>\n<li><strong>Ergonomisches Design<\/strong>Das Ger\u00e4t ist leicht und portabel, was es perfekt f\u00fcr den Einsatz unterwegs macht. Es ist sowohl ergonomisch als auch langlebig konzipiert, um Lecks und Versch\u00fcttungen zu verhindern und die Langlebigkeit zu gew\u00e4hrleisten.<\/li>\n<\/ul>\n<h3><a href=\"https:\/\/casinovape.de\/de\/produktkategorie\/vozol-einweg-vapes\/\">Vozol Gear Shisha 25000<\/a> Funktionen:<\/h3>\n<ul>\n<li><strong>Puffanzahl<\/strong>: Bis zu <strong>25.000 Z\u00fcge<\/strong> F\u00fcr ein l\u00e4nger anhaltendes Vape-Erlebnis.<\/li>\n<li><strong>Duale Verdampfungsmodi<\/strong>: W\u00e4hlen Sie zwischen <strong>\u00d6ko-Modus<\/strong> bis zu <strong>25.000 Z\u00fcge<\/strong>) und <strong>Power-Modus<\/strong> bis zu <strong>18.000 Z\u00fcge<\/strong>) f\u00fcr ein anpassbares Erlebnis.<\/li>\n<li><strong>Aufladbar<\/strong>: <strong>1000mAh Batterie<\/strong> mit <strong>USB-C-Laden<\/strong> Zum schnellen und bequemen Aufladen.<\/li>\n<li><strong>Vorgef\u00fcllte E-Liquid<\/strong>: <strong>20ml<\/strong> von Premium-E-Liquid, vorgef\u00fcllt f\u00fcr ein problemloses Vape-Erlebnis.<\/li>\n<li><strong>Doppelte Mesh-Coils<\/strong>: Liefert konsistenten Dampf und verbesserte Aromaretention.<\/li>\n<li><strong>Einstellbarer Luftstrom<\/strong>: Verfeinern Sie Ihre Erfahrung mit dem <strong>Luftstrom-Regelschieber<\/strong>.<\/li>\n<li><strong>Farbanzeige Bildschirm<\/strong>: A <strong>2,1-Zoll-Farbdisplay<\/strong> bietet Echtzeit-Updates zu Puff-Z\u00e4hler, Batterielebensdauer und Modus-Einstellungen.<\/li>\n<li><strong>Hookah-Inspirierte Audio<\/strong>: Das Ger\u00e4t ahmt den Klang von perlendem Shisha-Rauch f\u00fcr ein immersives Erlebnis nach.<\/li>\n<li><strong>Leckresistentes Design<\/strong>: Verhindert Versch\u00fcttungen und h\u00e4lt die Sauberkeit aufrecht, sodass Ihr Ger\u00e4t ordentlich bleibt.<\/li>\n<\/ul>\n<p><img loading=\"lazy\" decoding=\"async\" class=\"alignnone wp-image-5242 size-full\" src=\"https:\/\/casinovape.de\/wp-content\/uploads\/2024\/12\/vozol-gear-shisha-25k-3-scaled.webp\" alt=\"Europ\u00e4isches Lager Vozol Gear Shisha 25000 Puffs Niedriger Nikotin Kauf Original Authentisch Aufladbare Einweg-Vapes Pen \" width=\"2071\" height=\"2560\" srcset=\"https:\/\/casinovape.de\/wp-content\/uploads\/2024\/12\/vozol-gear-shisha-25k-3-scaled.webp 2071w, https:\/\/casinovape.de\/wp-content\/uploads\/2024\/12\/vozol-gear-shisha-25k-3-243x300.webp 243w, https:\/\/casinovape.de\/wp-content\/uploads\/2024\/12\/vozol-gear-shisha-25k-3-828x1024.webp 828w, https:\/\/casinovape.de\/wp-content\/uploads\/2024\/12\/vozol-gear-shisha-25k-3-768x949.webp 768w, https:\/\/casinovape.de\/wp-content\/uploads\/2024\/12\/vozol-gear-shisha-25k-3-1243x1536.webp 1243w, https:\/\/casinovape.de\/wp-content\/uploads\/2024\/12\/vozol-gear-shisha-25k-3-1657x2048.webp 1657w, https:\/\/casinovape.de\/wp-content\/uploads\/2024\/12\/vozol-gear-shisha-25k-3-10x12.webp 10w, https:\/\/casinovape.de\/wp-content\/uploads\/2024\/12\/vozol-gear-shisha-25k-3-600x742.webp 600w\" sizes=\"auto, (max-width: 2071px) 100vw, 2071px\" \/><\/p>\n<h3>Vozol Gear <a href=\"https:\/\/casinovape.de\/de\/produktkategorie\/vozol-einweg-vapes\/\">Shisha 25000 Puffs<\/a> Aromen: Eine Sinfonie der Geschmacksrichtungen<\/h3>\n<p>Jede Geschmacksrichtung in der <strong>Vozol Gear Shisha 25000<\/strong> Die Serie ist darauf ausgerichtet, ein einzigartiges, verlockendes Dampferlebnis zu bieten. Nachfolgend finden Sie eine detaillierte Beschreibung der verf\u00fcgbaren Aromen:<\/p>\n<ol>\n<li><strong>Zwei \u00c4pfel<\/strong>: Eine k\u00f6stliche Mischung aus knackigen, saftigen roten und gr\u00fcnen \u00c4pfeln, perfekt ausbalanciert f\u00fcr einen erfrischenden, s\u00fc\u00dfen Geschmack.<\/li>\n<li><strong>Wassermelonen-Eis<\/strong>: Eine k\u00fchle und saftige Wassermelonen-Geschmacksnote, kombiniert mit einem eisigen Finish f\u00fcr ein erfrischendes Gef\u00fchl.<\/li>\n<li><strong>Mango-Einfrierung \noder \n Mango-Freeze \nbleibt \nMango Freeze<\/strong>Die tropische S\u00fc\u00dfe von Mango kombiniert mit einer eisigen K\u00fchle, bietet ein sanftes und erfrischendes Vaperlebnis.<\/li>\n<li><strong>Blaubeer-Minze<\/strong>Eine Explosion frischer Blaubeeren mit einem Hauch von Minze, die ein s\u00fc\u00dfes, aber erfrischendes Aromaprofil schafft.<\/li>\n<li><strong>Mango Pfirsich<\/strong>: Eine tropische Fusion aus reifer Mango und saftiger Pfirsich f\u00fcr ein s\u00fc\u00dfes, saftiges Vape-Erlebnis.<\/li>\n<li><strong>Zitronen Minze<\/strong>: Ein zitroniger, scharfer Geschmack, erg\u00e4nzt durch eine erfrischende Minze, perfekt f\u00fcr diejenigen, die Zitrus mit einer erfrischenden Note genie\u00dfen.<\/li>\n<li><strong>Blaubeereis<\/strong>Eine s\u00fc\u00dfe, fruchtige Blaubeeren-Note mit einem erfrischenden Menthol-Finish, perfekt f\u00fcr einen knackigen und erfrischenden Vape.<\/li>\n<li><strong>Parf\u00fcm Zitrone<\/strong>: Eine duftende und blumige Variante des klassischen Zitronen-Aromas, die ein einzigartiges, frisches Vaperlebnis bietet.<\/li>\n<li><strong>Blackberry-Eis<\/strong>: Fette, saure Brombeeren mit einem k\u00fchlen Menthol-Touch, f\u00fcr ein frisches und fruchtiges Vape-Erlebnis.<\/li>\n<li><strong>Blauer Razz-Eis<\/strong>: Ein s\u00fc\u00dfer und saurer Blaubeer-Raspberry-Geschmack, verst\u00e4rkt durch ein k\u00fchles, eisiges Finish f\u00fcr ein aufregendes Vapen.<\/li>\n<li><strong>Trauben Eis<\/strong>Ein klassischer Traubengeschmack mit einer k\u00fchlenden Eisnote, der ein sanftes und s\u00fc\u00dfes Vaperlebnis bietet.<\/li>\n<li><strong>Erdbeere Kiwi<\/strong>: Eine pikante und s\u00fc\u00dfe Mischung aus reifen Erdbeeren und tropischem Kiwi, die ein k\u00f6stlich fruchtiges Vape-Erlebnis bietet.<\/li>\n<li><strong>Blaubeer Wassermelone<\/strong>: Die S\u00fc\u00dfe von Blaubeeren, kombiniert mit dem erfrischenden Geschmack von Wassermelone, ergibt eine perfekte Fr\u00fcchte-Kombination.<\/li>\n<li><strong>Kirsch-Cola<\/strong>Eine nostalgische Kirsch-Cola-Geschmacksnote, die den klassischen Limonade-Geschmack in einem s\u00fc\u00dfen und prickelnden Erlebnis auf Ihre E-Zigarette \u00fcbertr\u00e4gt.<\/li>\n<li><strong>Blauer Mojito<\/strong>: Eine Mischung aus frischem Minze, Limette und Blaubeeren, die den erfrischenden Geschmack eines Mojito-Cocktails nachahmt.<\/li>\n<li><strong>Erdbeer-Margarita<\/strong>: Eine tropische Mischung aus reifen Erdbeeren und Limette, die ein erfrischendes und saures Vape-Erlebnis mit einer Note von Salz bietet.<\/li>\n<li><strong>Wassermelone Minze<\/strong>: S\u00fc\u00dfe, saftige Wassermelone, ausbalanciert mit einer erfrischenden minzigen Note f\u00fcr einen sanften, k\u00fchlen Dampf.<\/li>\n<li><strong>Liebe 777<\/strong>: Eine einzigartige und exotische Mischung aus verschiedenen Fr\u00fcchten, die ein s\u00fc\u00dfes und geheimnisvolles Aromaprofil bietet.<\/li>\n<li><strong>Moskauer Abende<\/strong>: Ein erfrischender, k\u00fchler Geschmack mit Ankl\u00e4ngen von Zitrus und Kr\u00e4utern, der ein lebendiges, entspannendes Dampferlebnis bietet.<\/li>\n<li><strong>Jungfern Killer<\/strong>: Eine mutige Mischung aus Fr\u00fcchten mit einem s\u00fc\u00dfen und s\u00e4uerlichen Punch, der sicherlich Ihre Geschmacksknospen zufriedenstellen wird.<\/li>\n<li><strong>Cherry-Eis<\/strong>S\u00fc\u00dfe, saftige Kirschen mit einem k\u00fchlen Menthol-Finish, die ein knackiges, aromatisches Vape liefern.<\/li>\n<li><strong>Traubenminze<\/strong>: Ein s\u00fc\u00dfer und saurer Traubengeschmack, kombiniert mit einem erfrischenden Minze, perfekt f\u00fcr diejenigen, die fruchtige Menthol-Mischungen lieben.<\/li>\n<li><strong>Pfirsich-Eis<\/strong>: Ein s\u00fc\u00dfer, saftiger Pfirsichgeschmack, erg\u00e4nzt durch eine erfrischende Menthol-Empfindung.<\/li>\n<li><strong>Berry-Eis<\/strong>Eine Mischung aus Beeren mit einem eisigen Schlag, die ein s\u00fc\u00dfes, aber erfrischendes Vape-Erlebnis bietet.<\/li>\n<li><strong>Bery Mint<\/strong>Eine Mischung aus s\u00fc\u00dfen Beeren mit einem Hauch von Minze f\u00fcr ein erfrischendes und befriedigendes Vape-Erlebnis.<\/li>\n<li><strong>Schwarze Johannisbeere Eis<\/strong>: Ein saurer schwarzer Johannisbeer-Geschmack, kombiniert mit einem k\u00fchlen, eisigen Abgang f\u00fcr ein einzigartiges, intensives Vapen.<\/li>\n<li><strong>S\u00fc\u00dfe Passionsfrucht<\/strong>Eine tropische Passionsfrucht-Geschmacknote, reich an S\u00fc\u00dfe und S\u00e4ure, f\u00fcr ein exotisches Vape-Erlebnis.<\/li>\n<li><strong>Gefrorene Erdbeere Kiwi<\/strong>: Eine gefrorene Mischung aus Erdbeere und Kiwi, die ein frostiges und fruchtiges Verdampferlebnis bietet.<\/li>\n<li><strong>Passionsfrucht Litschie Orange<\/strong>Eine tropische Trio aus Passionsfrucht, Lychee und Orange, das ein s\u00fc\u00dfes, saures und aromatisches Erlebnis bietet.<\/li>\n<li><strong>Drachenfrucht Banane Kirsche<\/strong>: Eine exotische Mischung aus Drachenfrucht, s\u00fc\u00dfer Banane und sauren Kirschen f\u00fcr ein wirklich einzigartiges, aromatisches Vape.<\/li>\n<\/ol>\n<h3>Warum bei uns kaufen?<\/h3>\n<p>An<a href=\"https:\/\/casinovape.de\/de\/\"> <strong>casinovape.de<\/strong><\/a>Wir sind stolz darauf, die beste Auswahl an Einweg-Vapes anzubieten, unterst\u00fctzt durch schnelle Lieferung und au\u00dfergew\u00f6hnlichen Kundenservice. Ob Sie ein Erstk\u00e4ufer oder ein erfahrener Dampfer sind, unser umfangreiches Sortiment an Produkten, einschlie\u00dflich der <a href=\"https:\/\/casinovape.de\/de\/produktkategorie\/vozol-einweg-vapes\/\"><strong>Vozol Gear Shisha 25000 Puffs<\/strong>,<\/a> ist konzipiert, um Ihren Anforderungen gerecht zu werden.<\/p>\n<p>Wir stellen sicher, dass alle Produkte von unserem <a href=\"https:\/\/casinovape.de\/de\/\"><strong>Europ\u00e4ische Vape-Lagerhaus<\/strong><\/a>, Ankunft innerhalb von 3-7 Tagen. Genie\u00dfen Sie die Bequemlichkeit des Kaufs von einer zuverl\u00e4ssigen Plattform ohne Mindestbestellmenge und erhalten Sie Zugang zu einigen der beliebtesten Einweg-Vape-Marken auf dem Markt.<\/p>\n<p>Besuchen Sie unsere Website, um jetzt einzukaufen und das ultimative Vaping-Erlebnis zu entdecken mit <strong>Vozol Gear Shisha 25000 Puffs Einweg-Vape<\/strong>!<\/p>","protected":false},"excerpt":{"rendered":"<p>The \nwird zu \nDas <strong>Vozol Gear Shisha 25000 Puffs Einweg-Vape<\/strong> bietet ein au\u00dfergew\u00f6hnliches Vaping-Erlebnis mit bis zu 25.000 Z\u00fcgen, Dual-Mesh-Coils f\u00fcr einen reichen Geschmack, einstellbarem Luftstrom, einem aufladbaren 1000mAh-Akku und einem 2,1-Zoll-Farbdisplay, all dies in einem schlanken, portablen Design, das auch hookah-inspirierte Audio f\u00fcr einen nostalgischen Touch bietet.<\/p>","protected":false},"featured_media":5258,"comment_status":"open","ping_status":"closed","template":"","meta":[],"product_brand":[],"product_cat":[22,78,79,80,81,82,83,84,86,87,88,90,91,93,94,96,98,99,65,66,67,68,69,70,71,72,73,74,75,76,77,57,101,45,48,50,51,47,52,54,55],"product_tag":[],"class_list":{"0":"post-5172","1":"product","2":"type-product","3":"status-publish","4":"has-post-thumbnail","6":"product_cat-vozol-disposable-vapes","7":"product_cat-buy-best-disposable-vape-flavors","8":"product_cat-apple-flavor-disposable-vapes","9":"product_cat-blue-razz-flavor-disposable-vapes","10":"product_cat-blueberry-flavor-disposable-vapes","11":"product_cat-cherry-flavor-disposable-vapes","12":"product_cat-cola-flavor-disposable-vapes","13":"product_cat-grape-flavor-disposable-vapes","14":"product_cat-ice-flavor-disposable-vapes","15":"product_cat-kiwi-flavor-disposable-vapes","16":"product_cat-lemon-flavor-disposable-vapes","17":"product_cat-mango-flavor-disposable-vapes","18":"product_cat-mint-flavor-disposable-vapes","19":"product_cat-passion-fruit-flavor-disposable-vapes","20":"product_cat-peach-flavor-disposable-vapes","21":"product_cat-raspberry-flavor-disposable-vapes","22":"product_cat-strawberry-flavor-disposable-vapes","23":"product_cat-watermelon-flavor-disposable-vapes","24":"product_cat-best-disposable-vape-in-europe","25":"product_cat-buy-disposable-vapes-in-austria","26":"product_cat-buy-disposable-vapes-in-belgium","27":"product_cat-buy-disposable-vapes-in-france","28":"product_cat-buy-disposable-vapes-in-germany","29":"product_cat-buy-disposable-vapes-in-italy","30":"product_cat-buy-disposable-vapes-in-netherlands","31":"product_cat-buy-disposable-vapes-in-norway","32":"product_cat-buy-disposable-vapes-in-poland","33":"product_cat-buy-disposable-vapes-in-portugal","34":"product_cat-buy-disposable-vapes-in-spain","35":"product_cat-buy-disposable-vapes-in-sweden","36":"product_cat-buy-disposable-vapes-in-switzerland","37":"product_cat-shop-disposable-vapes-by-puffs","38":"product_cat-25000-puff-disposable-vape","39":"product_cat-disposable-vape-types","40":"product_cat-big-puffs-disposable-vapes","41":"product_cat-digital-box-disposable-vapes","42":"product_cat-dual-mesh-disposable-vapes","43":"product_cat-full-screen-disposable-vapes","44":"product_cat-lower-nicotine-disposable-vapes","45":"product_cat-rechargeable-disposable-vapes","46":"product_cat-shisha-hookah-disposable-vapes","48":"first","49":"outofstock","50":"shipping-taxable","51":"product-type-variable"},"jetpack_sharing_enabled":true,"_links":{"self":[{"href":"https:\/\/casinovape.de\/de\/wp-json\/wp\/v2\/product\/5172","targetHints":{"allow":["GET"]}}],"collection":[{"href":"https:\/\/casinovape.de\/de\/wp-json\/wp\/v2\/product"}],"about":[{"href":"https:\/\/casinovape.de\/de\/wp-json\/wp\/v2\/types\/product"}],"replies":[{"embeddable":true,"href":"https:\/\/casinovape.de\/de\/wp-json\/wp\/v2\/comments?post=5172"}],"wp:featuredmedia":[{"embeddable":true,"href":"https:\/\/casinovape.de\/de\/wp-json\/wp\/v2\/media\/5258"}],"wp:attachment":[{"href":"https:\/\/casinovape.de\/de\/wp-json\/wp\/v2\/media?parent=5172"}],"wp:term":[{"taxonomy":"product_brand","embeddable":true,"href":"https:\/\/casinovape.de\/de\/wp-json\/wp\/v2\/product_brand?post=5172"},{"taxonomy":"product_cat","embeddable":true,"href":"https:\/\/casinovape.de\/de\/wp-json\/wp\/v2\/product_cat?post=5172"},{"taxonomy":"product_tag","embeddable":true,"href":"https:\/\/casinovape.de\/de\/wp-json\/wp\/v2\/product_tag?post=5172"}],"curies":[{"name":"wp","href":"https:\/\/api.w.org\/{rel}","templated":true}]}}