{"id":4415,"date":"2024-11-27T13:06:03","date_gmt":"2024-11-27T13:06:03","guid":{"rendered":"https:\/\/casinovape.de\/?post_type=product&#038;p=4415"},"modified":"2025-03-31T02:03:11","modified_gmt":"2025-03-31T02:03:11","slug":"europaisches-lagerhaus-fumot-randm-tornado-20000-zuge-mit-niedrigem-nikotingehalt-kaufen-sie-original-authentische-wiederaufladbare-einweg-vapes-stifte","status":"publish","type":"product","link":"https:\/\/casinovape.de\/de\/produkt\/europaisches-lagerhaus-fumot-randm-tornado-20000-zuge-mit-niedrigem-nikotingehalt-kaufen-sie-original-authentische-wiederaufladbare-einweg-vapes-stifte\/","title":{"rendered":"Europ\u00e4isches Lager Fumot RandM Tornado 20000 Puffs Niedrig Nikotin Kaufen Original Authentisch Aufladbare Einweg-Vapes Pen"},"content":{"rendered":"<div style=\"width: 1020px;\" class=\"wp-video\"><!--[if lt IE 9]><script>document.createElement('video');<\/script><![endif]-->\n<video class=\"wp-video-shortcode\" id=\"video-4415-1\" width=\"1020\" height=\"573\" preload=\"metadata\" controls=\"controls\"><source type=\"video\/mp4\" src=\"https:\/\/casinovape.de\/wp-content\/uploads\/2024\/11\/fumot-tornado-20000-\u89c6\u9891-\u538b\u7f29.mp4?_=1\" \/><a href=\"https:\/\/casinovape.de\/wp-content\/uploads\/2024\/11\/fumot-tornado-20000-\u89c6\u9891-\u538b\u7f29.mp4\">https:\/\/casinovape.de\/wp-content\/uploads\/2024\/11\/fumot-tornado-20000-\u89c6\u9891-\u538b\u7f29.mp4<\/a><\/video><\/div>\n<h2><a href=\"https:\/\/casinovape.de\/de\/produktkategorie\/randm-fumot-einweg-vapes\/\">Fumot<\/a> Tornado 20000 Puffs: Ein Game-Changer in der Disposable-Vaping-Technologie<\/h2>\n<p>In der Welt des Dampfens kann es eine entmutigende Aufgabe sein, die perfekte Einweg-E-Zigarette zu finden, die Ihren Bed\u00fcrfnissen entspricht. Doch der Fumot Tornado 20000 ist hier, um das Spiel zu \u00e4ndern. Mit SpitzenTechnologie, \u00fcberlegener Leistung und einer Vielzahl leckerer Aromen revolutioniert diese Einweg-E-Zigarette den Markt in <strong>Deutschland<\/strong> und dar\u00fcber hinaus.<\/p>\n<p>Ob Sie ein erfahrener Dampfer sind oder jemand, der gerade erst die Welt der E-Zigaretten erkundet, der Tornado 20000 ist konzipiert, um ein reibungsloses, befriedigendes und anpassbares Dampferlebnis zu bieten. Dieses Produkt sticht nicht nur durch seine <strong>Beeindruckende E-Liquid-Kapazit\u00e4t<\/strong> sondern auch f\u00fcr seine <strong>Erweiterte Funktionen<\/strong> das macht es zu einer der Top-Wahlen f\u00fcr <strong>E-Zigarette kaufen<\/strong> in Deutschland. Lassen Sie uns einen genaueren Blick darauf werfen, was der Fumot Tornado 20000 zu bieten hat.<\/p>\n<p><img loading=\"lazy\" decoding=\"async\" class=\"alignnone wp-image-2675 size-full\" src=\"https:\/\/casinovape.de\/wp-content\/uploads\/2024\/11\/Fumot-RandM-Tornado-20000-2-scaled.jpg\" alt=\"Europ\u00e4isches Lager Fumot RandM Tornado 20000 Puffs Niedrig Nikotin Kaufen Original Authentisch Aufladbare Einweg-Vapes Pen\" width=\"2560\" height=\"1641\" srcset=\"https:\/\/casinovape.de\/wp-content\/uploads\/2024\/11\/Fumot-RandM-Tornado-20000-2-scaled.jpg 2560w, https:\/\/casinovape.de\/wp-content\/uploads\/2024\/11\/Fumot-RandM-Tornado-20000-2-300x192.jpg 300w, https:\/\/casinovape.de\/wp-content\/uploads\/2024\/11\/Fumot-RandM-Tornado-20000-2-1024x657.jpg 1024w, https:\/\/casinovape.de\/wp-content\/uploads\/2024\/11\/Fumot-RandM-Tornado-20000-2-768x492.jpg 768w, https:\/\/casinovape.de\/wp-content\/uploads\/2024\/11\/Fumot-RandM-Tornado-20000-2-1536x985.jpg 1536w, https:\/\/casinovape.de\/wp-content\/uploads\/2024\/11\/Fumot-RandM-Tornado-20000-2-2048x1313.jpg 2048w, https:\/\/casinovape.de\/wp-content\/uploads\/2024\/11\/Fumot-RandM-Tornado-20000-2-18x12.jpg 18w, https:\/\/casinovape.de\/wp-content\/uploads\/2024\/11\/Fumot-RandM-Tornado-20000-2-600x385.jpg 600w\" sizes=\"auto, (max-width: 2560px) 100vw, 2560px\" \/><\/p>\n<h3><strong>Hauptmerkmale des<a href=\"https:\/\/casinovape.de\/de\/produktkategorie\/randm-fumot-einweg-vapes\/\"> Fumot<\/a>\u00a0RandM Tornado 20000 Puffs<\/strong><\/h3>\n<h4><strong>1. Doppelte Mesh-Coils f\u00fcr verbesserten Geschmack<\/strong><\/h4>\n<p>Im Herzen des <strong>Fumot Tornado 20000<\/strong> ist es <strong>Doppel-Mesh-Coil-Technologie<\/strong>die die Aromaproduktion auf die n\u00e4chste Stufe hebt. Mesh-Coils bieten eine gleichm\u00e4\u00dfigere W\u00e4rmeverteilung, um ein glatteres, reichhaltigeres und konsistenteres Aroma bei jedem Zug zu gew\u00e4hrleisten. Ob Sie ein fruchtiges Gemisch oder einen komplexen Tabakgeschmack vapen, die Dual-Mesh-Coils bringen das Beste aus jedem E-Liquid heraus und liefern einen zufriedenstellenden Hit bei jedem Mal.<\/p>\n<h4><strong>2. Beeindruckende E-Liquid-Kapazit\u00e4t: 20ml<\/strong><\/h4>\n<p>Eines der herausragenden Merkmale des Tornado 20000 ist seine enorme <strong>20ml E-Liquid-Kapazit\u00e4t<\/strong>Diese gro\u00dfe Kapazit\u00e4t bedeutet, dass Sie Ihre Lieblingsaromen l\u00e4nger genie\u00dfen k\u00f6nnen, ohne dass ein st\u00e4ndiges Nachf\u00fcllen erforderlich ist. F\u00fcr Dampfer, die lange Sessions genie\u00dfen oder die Unannehmlichkeiten des Tragens mehrerer Ger\u00e4te vermeiden m\u00f6chten, ist diese Kapazit\u00e4t ein echter Game-Changer.<\/p>\n<h4><strong>3. Intelligentes Display mit Echtzeit-Indikatoren<\/strong><\/h4>\n<p>Kein Raten mehr, wenn Ihr Ger\u00e4t aufgeladen oder nachgef\u00fcllt werden muss. <strong>Smart-Display<\/strong> Auf dem Tornado 20000 macht es einfacher als je zuvor, die Leistung Ihres Vape-Ger\u00e4ts im Auge zu behalten. Dieser LED-Bildschirm zeigt sowohl die <strong>E-Liquid-Pegel<\/strong> und <strong>Batteriestatus<\/strong>, sodass Sie f\u00fcr Ihre n\u00e4chste Sitzung immer vorbereitet sind. Es ist eine durchdachte Erg\u00e4nzung, die das Benutzererlebnis intuitiver und stressfreier macht.<\/p>\n<h4><strong>4. Bis zu 20.000 Puffs f\u00fcr eine lange Haltbarkeit<\/strong><\/h4>\n<p>Mit einer beeindruckenden Lebensspanne von <strong>bis zu 20.000 Z\u00fcge<\/strong>Der Tornado 20000 ist f\u00fcr Haltbarkeit konzipiert. Damit ist er eine der langlebigsten Einweg-E-Zigaretten, die es gibt, und bietet ein enormes Preis-Leistungs-Verh\u00e4ltnis. Ob Sie ein leichter oder starker Dampfer sind, Sie k\u00f6nnen sich darauf verlassen, dass der Tornado 20000 l\u00e4nger h\u00e4lt als viele andere Optionen auf dem Markt, wodurch die Notwendigkeit h\u00e4ufiger Ersatzteile reduziert wird.<\/p>\n<h4><strong>5. Anpassbare Nikotinst\u00e4rke<\/strong><\/h4>\n<p>Der Tornado 20000 bietet <strong>vielseitige Nikotinst\u00e4rke<\/strong> Optionen, damit Sie die ideale Stufe f\u00fcr Ihre pers\u00f6nlichen Vorlieben w\u00e4hlen k\u00f6nnen. W\u00e4hlen Sie aus <strong>0%, 2%, 3% oder 5% Nikotin<\/strong> um Ihre Erfahrung anzupassen. Ob Sie Ihre Nikotinzufuhr reduzieren m\u00f6chten oder einen st\u00e4rkeren Hit genie\u00dfen m\u00f6chten, dieses Einweg-Vape erm\u00f6glicht es Ihnen, Ihre Erfahrung nach Ihren Bed\u00fcrfnissen anzupassen.<\/p>\n<h4><strong>6. Aufladbare 850mAh Batterie<\/strong><\/h4>\n<p>Im Gegensatz zu vielen Einweg-E-Zigaretten verf\u00fcgt die Tornado 20000 \u00fcber eine leistungsstarke <strong>850mAh wiederaufladbare Batterie<\/strong>Dies stellt sicher, dass Sie aus jedem Ger\u00e4t mehr herausholen und sich nicht nach nur wenigen Benutzungen um eine leere Batterie sorgen m\u00fcssen. <strong>Typ-C-Ladeanschluss<\/strong> erm\u00f6glicht ein schnelles Aufladen, minimiert Ausfallzeiten und stellt sicher, dass Ihr Ger\u00e4t immer dann einsatzbereit ist, wenn Sie es ben\u00f6tigen.<\/p>\n<h4><strong>7. Schnellladen mit Typ-C-Anschluss<\/strong><\/h4>\n<p>The \nwird zu \nDas <strong>Typ-C Schnellladung<\/strong> Der Port ist eine moderne Funktion, die daf\u00fcr sorgt, dass Ihr Ger\u00e4t schnell und effizient aufgeladen wird. Ob zu Hause oder unterwegs, Sie k\u00f6nnen Ihren Tornado 20000 in k\u00fcrzester Zeit aufladen, sodass Sie ohne Unterbrechungen Ihre Vape-Sessions genie\u00dfen k\u00f6nnen.<\/p>\n<h4><strong>8. 30 Aromatische Optionen<\/strong><\/h4>\n<p>Der Tornado 20000 von Fumot versteht, dass Vielfalt der Schl\u00fcssel zu einem zufriedenstellenden Vaperlebnis ist, weshalb er mit <strong>30 einzigartige und leckere Geschmacksrichtungen<\/strong>Ob Sie nach etwas S\u00fc\u00dfem, Fruchtigem oder Mentholhaltigem suchen, es gibt f\u00fcr jeden eine passende Geschmacksrichtung. Diese Geschmacksrichtungen werden mit hochwertigen Inhaltsstoffen sorgf\u00e4ltig hergestellt, um ein jedes Mal ein sanftes und angenehmes Vapen zu gew\u00e4hrleisten.<\/p>\n<hr \/>\n<h3><img loading=\"lazy\" decoding=\"async\" class=\"alignnone wp-image-2676 size-full\" src=\"https:\/\/casinovape.de\/wp-content\/uploads\/2024\/11\/Fumot-RandM-Tornado-20000-3-scaled.jpg\" alt=\"Europ\u00e4isches Lager Fumot RandM Tornado 20000 Puffs Niedrig Nikotin Kaufen Original Authentisch Aufladbare Einweg-Vapes Pen\" width=\"2560\" height=\"1641\" srcset=\"https:\/\/casinovape.de\/wp-content\/uploads\/2024\/11\/Fumot-RandM-Tornado-20000-3-scaled.jpg 2560w, https:\/\/casinovape.de\/wp-content\/uploads\/2024\/11\/Fumot-RandM-Tornado-20000-3-300x192.jpg 300w, https:\/\/casinovape.de\/wp-content\/uploads\/2024\/11\/Fumot-RandM-Tornado-20000-3-1024x657.jpg 1024w, https:\/\/casinovape.de\/wp-content\/uploads\/2024\/11\/Fumot-RandM-Tornado-20000-3-768x492.jpg 768w, https:\/\/casinovape.de\/wp-content\/uploads\/2024\/11\/Fumot-RandM-Tornado-20000-3-1536x985.jpg 1536w, https:\/\/casinovape.de\/wp-content\/uploads\/2024\/11\/Fumot-RandM-Tornado-20000-3-2048x1313.jpg 2048w, https:\/\/casinovape.de\/wp-content\/uploads\/2024\/11\/Fumot-RandM-Tornado-20000-3-18x12.jpg 18w, https:\/\/casinovape.de\/wp-content\/uploads\/2024\/11\/Fumot-RandM-Tornado-20000-3-600x385.jpg 600w\" sizes=\"auto, (max-width: 2560px) 100vw, 2560px\" \/><\/h3>\n<h3><strong>Geschmacksprofil: Erleben Sie eine Welt der Aromen mit jedem Zug<\/strong><\/h3>\n<p>Wenn es um das Dampfen geht, ist der Geschmack von gr\u00f6\u00dfter Bedeutung. Mit den <strong>Fumot Tornado 20000<\/strong>Sie erleben eine Explosion von Geschmacksnoten, die tagelang genossen werden kann. Die Vielzahl an verf\u00fcgbaren Geschmacksnoten gew\u00e4hrleistet, dass jeder Dampfer etwas findet, das seinem Geschmackprofil perfekt entspricht.<\/p>\n<p>Von fruchtigen, erfrischenden Mischungen bis hin zu reichen und luxuri\u00f6sen Dessert-Aromen, <strong>Fumot Tornado 20000<\/strong> bietet ein breites Spektrum an Geschmacksrichtungen, die verschiedenen Vorlieben gerecht werden. Stellen Sie sich die erfrischende Wirkung eines k\u00fchlen Menthol, die S\u00fc\u00dfe reifer Erdbeeren oder die Cremigkeit von Vanille-Creme vor - all dies wurde von Experten sorgf\u00e4ltig entwickelt, um ein au\u00dfergew\u00f6hnliches Vaperlebnis zu bieten.<\/p>\n<p>Einer der Schl\u00fcsselfaktoren, der dieses Produkt auszeichnet, ist der <strong>Doppel-Mesh-Coil-Technologie<\/strong>, was die Intensit\u00e4t jedes Geschmacks verst\u00e4rkt. Das bedeutet, dass die bereits reichen und leckeren Aromen noch ausgepr\u00e4gter und befriedigender sind. Die Spiralen sorgen f\u00fcr eine gleichm\u00e4\u00dfige Erhitzung und verhindern trockene oder verbrannte Z\u00fcge, die manchmal die Verdampfer-Erfahrung beeintr\u00e4chtigen k\u00f6nnen.<\/p>\n<p>Wenn Sie jemand sind, der gerne eine Vielzahl von verschiedenen Geschmacksrichtungen probiert, ist der Tornado 20000 eine ideale Wahl. Sie k\u00f6nnen von einem Geschmack zum n\u00e4chsten wechseln, ohne sich um restliche Geschmacksnoten oder Verunreinigungen sorgen zu m\u00fcssen. Ob Sie einen milden Geschmack f\u00fcr einen ruhigen Moment oder etwas Intensives und St\u00e4rkendes f\u00fcr den Tag ben\u00f6tigen, der Tornado 20000 liefert jedes Mal.<\/p>\n<p>Mit Geschmacksrichtungen wie <strong>Lush Ice<\/strong>, <strong>Blaubeere Himbeere<\/strong>, <strong>Tropischer Punch<\/strong>und <strong>Menthol Minze<\/strong>Ihre Geschmacksknospen werden auf eine Behandlung warten. Die <strong>20ml E-Liquid-Kapazit\u00e4t<\/strong> stellt sicher, dass Sie jeden Geschmack genie\u00dfen k\u00f6nnen, ohne zu oft nachf\u00fcllen zu m\u00fcssen, und die gro\u00dfe Anzahl an Puffs bedeutet, dass Sie mehrere Geschmacksrichtungen w\u00e4hrend der Lebensdauer des Ger\u00e4ts erkunden k\u00f6nnen.<\/p>\n<p>Wenn Sie ein Erstlingsvaper sind oder jemand, der neue und aufregende Optionen ausprobieren m\u00f6chte, wird die umfangreiche Geschmacksselection des Tornado 20000 nie entt\u00e4uschen. Ob Sie unterwegs sind oder sich zu Hause entspannen, diese Geschmacksrichtungen werden Ihr Vaperlebnis aufwerten.<\/p>\n<p><img loading=\"lazy\" decoding=\"async\" class=\"alignnone wp-image-2677 size-full\" src=\"https:\/\/casinovape.de\/wp-content\/uploads\/2024\/11\/Fumot-RandM-Tornado-20000-scaled.jpg\" alt=\"Europ\u00e4isches Lager Fumot RandM Tornado 20000 Puffs Niedrig Nikotin Kaufen Original Authentisch Aufladbare Einweg-Vapes Pen\" width=\"2560\" height=\"1641\" srcset=\"https:\/\/casinovape.de\/wp-content\/uploads\/2024\/11\/Fumot-RandM-Tornado-20000-scaled.jpg 2560w, https:\/\/casinovape.de\/wp-content\/uploads\/2024\/11\/Fumot-RandM-Tornado-20000-300x192.jpg 300w, https:\/\/casinovape.de\/wp-content\/uploads\/2024\/11\/Fumot-RandM-Tornado-20000-1024x657.jpg 1024w, https:\/\/casinovape.de\/wp-content\/uploads\/2024\/11\/Fumot-RandM-Tornado-20000-768x492.jpg 768w, https:\/\/casinovape.de\/wp-content\/uploads\/2024\/11\/Fumot-RandM-Tornado-20000-1536x985.jpg 1536w, https:\/\/casinovape.de\/wp-content\/uploads\/2024\/11\/Fumot-RandM-Tornado-20000-2048x1313.jpg 2048w, https:\/\/casinovape.de\/wp-content\/uploads\/2024\/11\/Fumot-RandM-Tornado-20000-18x12.jpg 18w, https:\/\/casinovape.de\/wp-content\/uploads\/2024\/11\/Fumot-RandM-Tornado-20000-600x385.jpg 600w\" sizes=\"auto, (max-width: 2560px) 100vw, 2560px\" \/><\/p>\n<hr \/>\n<h2><strong>Warum Sie den kaufen sollten<a href=\"https:\/\/casinovape.de\/de\/produktkategorie\/randm-fumot-einweg-vapes\/\"> Fumot<\/a> Tornado 20000<\/strong><\/h2>\n<p>Wenn es um <strong>Einweg-E-Zigaretten<\/strong>der <strong>Fumot Tornado 20000<\/strong> sich auszeichnet durch die Kombination von <strong>fortgeschrittene Technologie<\/strong>, <strong>unglaubliche Geschmacksvielfalt<\/strong>und <strong>langanhaltende Leistung<\/strong>. Hier ist, warum Sie den Kauf des Tornado 20000 in Betracht ziehen sollten:<\/p>\n<ul>\n<li><strong>Hoher Puff-Z\u00e4hler<\/strong>: Mit der F\u00e4higkeit, bis zu <strong>20.000 Z\u00fcge<\/strong>Sie m\u00fcssen sich keine Sorgen machen, dass Ihnen das E-Liquid schnell ausgeht.<\/li>\n<li><strong>Aufladbare Batterie<\/strong>: Der <strong>850mAh wiederaufladbare Batterie<\/strong> ist ein herausragendes Merkmal und bietet eine verl\u00e4ngerte Nutzungsdauer im Vergleich zu vielen herk\u00f6mmlichen Einweg-Vapes.<\/li>\n<li><strong>Schnellladen<\/strong>: Der <strong>Typ-C Schnellladung<\/strong> Der Anschluss erm\u00f6glicht ein schnelles und einfaches Aufladen Ihres Ger\u00e4ts, sodass Sie immer unterwegs sein k\u00f6nnen.<\/li>\n<li><strong>Geschmacksvielfalt<\/strong>: Mit <strong>30 Geschmacksrichtungen<\/strong> Zur Auswahl gibt es f\u00fcr jeden etwas, egal ob Sie s\u00fc\u00dfe, fruchtige oder mentholhaltige Aromen bevorzugen.<\/li>\n<li><strong>Langfristiger Wert<\/strong>: Der Tornado 20000 ist f\u00fcr eine lange Haltbarkeit konzipiert und bietet <strong>au\u00dfergew\u00f6hnliche Haltbarkeit<\/strong> und ein gro\u00dfartiges Preis-Leistungs-Verh\u00e4ltnis.<\/li>\n<\/ul>\n<p>Wenn du suchst nach <strong>Einweg-E-Zigarette kaufen<\/strong> in <strong>Deutschland<\/strong>der <strong>Fumot Tornado 20000<\/strong> ist die ultimative Wahl. Seine Mischung aus Leistung, Bequemlichkeit und Geschmack macht ihn zu einem der besten Einweg-Vapes, die heute erh\u00e4ltlich sind.<\/p>\n<p>Besuchen Sie jetzt <a href=\"https:\/\/casinovape.de\/de\/\"><strong>casinovape.de<\/strong><\/a> heute und sicherstellen Sie sich <strong>Fumot Tornado 20000<\/strong> Um Ihr Vaperlebnis auf die n\u00e4chste Stufe zu heben!<\/p>\n<hr \/>\n<h3><strong>Schlussfolgerung<\/strong><\/h3>\n<p>The \nwird zu \nDas <strong>Fumot Tornado 20000<\/strong> ist ein revolution\u00e4res Produkt, das neue Ma\u00dfst\u00e4be f\u00fcr Einweg-Vapes setzt. Angeboten werden <strong>bis zu 20.000 Z\u00fcge<\/strong>, ein <strong>20ml E-Liquid-Kapazit\u00e4t<\/strong>und <strong>Doppel-Mesh-Coil-Technologie<\/strong>Dieses Ger\u00e4t ist darauf ausgelegt, Ihr Vaperlebnis zu verbessern. Mit seinen <strong>Aufladbare Batterie<\/strong> und <strong>30 leckere Aromen<\/strong>, es liefert Bequemlichkeit und Zufriedenheit in jedem Zug.<\/p>\n<p>F\u00fcr das beste Einweg-E-Zigarettenerlebnis suchen Sie nicht weiter als <strong>Fumot Tornado 20000<\/strong>\u2014 jetzt verf\u00fcgbar bei <a href=\"https:\/\/casinovape.de\/de\/\"><strong>casinovape.de<\/strong><\/a>, die gr\u00f6\u00dfte Online-Verkaufsplattform f\u00fcr Einweg-E-Zigaretten in Deutschland. <strong>E-Zigarette kaufen<\/strong> Heute und genie\u00dfe ein unvergleichliches Vaping-Erlebnis!<\/p>","protected":false},"excerpt":{"rendered":"<p>Entdecken Sie den Fumot RandM Tornado 20000 Puffs, ein bahnbrechendes Einweg-Vape mit bis zu 20.000 Z\u00fcgen, 20 ml E-Liquid-Kapazit\u00e4t, Dual-Mesh-Coil-Technologie und 30 einzigartigen Aromen. Aufladbar, langlebig und perfekt f\u00fcr ein gehobenes Vaperlebnis. Jetzt erh\u00e4ltlich bei<strong> casinovape.de<\/strong><\/p>","protected":false},"featured_media":2590,"comment_status":"open","ping_status":"closed","template":"","meta":[],"product_brand":[],"product_cat":[15,78,79,80,81,82,83,86,87,88,89,90,91,94,95,96,98,99,65,66,67,68,69,70,71,72,73,74,75,76,77,57,63,45,48,50,51,47,52,54,56],"product_tag":[],"class_list":{"0":"post-4415","1":"product","2":"type-product","3":"status-publish","4":"has-post-thumbnail","6":"product_cat-randm-fumot-disposable-vapes","7":"product_cat-buy-best-disposable-vape-flavors","8":"product_cat-apple-flavor-disposable-vapes","9":"product_cat-blue-razz-flavor-disposable-vapes","10":"product_cat-blueberry-flavor-disposable-vapes","11":"product_cat-cherry-flavor-disposable-vapes","12":"product_cat-cola-flavor-disposable-vapes","13":"product_cat-ice-flavor-disposable-vapes","14":"product_cat-kiwi-flavor-disposable-vapes","15":"product_cat-lemon-flavor-disposable-vapes","16":"product_cat-lush-flavor-disposable-vapes","17":"product_cat-mango-flavor-disposable-vapes","18":"product_cat-mint-flavor-disposable-vapes","19":"product_cat-peach-flavor-disposable-vapes","20":"product_cat-pineapple-flavor-disposable-vapes","21":"product_cat-raspberry-flavor-disposable-vapes","22":"product_cat-strawberry-flavor-disposable-vapes","23":"product_cat-watermelon-flavor-disposable-vapes","24":"product_cat-best-disposable-vape-in-europe","25":"product_cat-buy-disposable-vapes-in-austria","26":"product_cat-buy-disposable-vapes-in-belgium","27":"product_cat-buy-disposable-vapes-in-france","28":"product_cat-buy-disposable-vapes-in-germany","29":"product_cat-buy-disposable-vapes-in-italy","30":"product_cat-buy-disposable-vapes-in-netherlands","31":"product_cat-buy-disposable-vapes-in-norway","32":"product_cat-buy-disposable-vapes-in-poland","33":"product_cat-buy-disposable-vapes-in-portugal","34":"product_cat-buy-disposable-vapes-in-spain","35":"product_cat-buy-disposable-vapes-in-sweden","36":"product_cat-buy-disposable-vapes-in-switzerland","37":"product_cat-shop-disposable-vapes-by-puffs","38":"product_cat-20000-puff-disposable-vape","39":"product_cat-disposable-vape-types","40":"product_cat-big-puffs-disposable-vapes","41":"product_cat-digital-box-disposable-vapes","42":"product_cat-dual-mesh-disposable-vapes","43":"product_cat-full-screen-disposable-vapes","44":"product_cat-lower-nicotine-disposable-vapes","45":"product_cat-rechargeable-disposable-vapes","46":"product_cat-tornado-disposable-vapes","48":"first","49":"outofstock","50":"shipping-taxable","51":"product-type-variable","52":"has-default-attributes"},"jetpack_sharing_enabled":true,"_links":{"self":[{"href":"https:\/\/casinovape.de\/de\/wp-json\/wp\/v2\/product\/4415","targetHints":{"allow":["GET"]}}],"collection":[{"href":"https:\/\/casinovape.de\/de\/wp-json\/wp\/v2\/product"}],"about":[{"href":"https:\/\/casinovape.de\/de\/wp-json\/wp\/v2\/types\/product"}],"replies":[{"embeddable":true,"href":"https:\/\/casinovape.de\/de\/wp-json\/wp\/v2\/comments?post=4415"}],"wp:featuredmedia":[{"embeddable":true,"href":"https:\/\/casinovape.de\/de\/wp-json\/wp\/v2\/media\/2590"}],"wp:attachment":[{"href":"https:\/\/casinovape.de\/de\/wp-json\/wp\/v2\/media?parent=4415"}],"wp:term":[{"taxonomy":"product_brand","embeddable":true,"href":"https:\/\/casinovape.de\/de\/wp-json\/wp\/v2\/product_brand?post=4415"},{"taxonomy":"product_cat","embeddable":true,"href":"https:\/\/casinovape.de\/de\/wp-json\/wp\/v2\/product_cat?post=4415"},{"taxonomy":"product_tag","embeddable":true,"href":"https:\/\/casinovape.de\/de\/wp-json\/wp\/v2\/product_tag?post=4415"}],"curies":[{"name":"wp","href":"https:\/\/api.w.org\/{rel}","templated":true}]}}