{"id":4386,"date":"2024-11-27T13:05:58","date_gmt":"2024-11-27T13:05:58","guid":{"rendered":"https:\/\/casinovape.de\/?post_type=product&#038;p=4386"},"modified":"2025-05-12T07:26:20","modified_gmt":"2025-05-12T07:26:20","slug":"europaisches-lager-fumot-randm-tornado-15000-zuge-mit-niedrigem-nikotingehalt-kaufen-sie-original-authentische-wiederaufladbare-einweg-vapes-stifte-2","status":"publish","type":"product","link":"https:\/\/casinovape.de\/de\/produkt\/europaisches-lager-fumot-randm-tornado-15000-zuge-mit-niedrigem-nikotingehalt-kaufen-sie-original-authentische-wiederaufladbare-einweg-vapes-stifte-2\/","title":{"rendered":"Europ\u00e4isches Lager Fumot RandM Tornado 15000 Puffs Niedrig Nikotin Kaufen Original Authentisch Aufladbare Einweg-Vapes Pen"},"content":{"rendered":"<div style=\"width: 1020px;\" class=\"wp-video\"><!--[if lt IE 9]><script>document.createElement('video');<\/script><![endif]-->\n<video class=\"wp-video-shortcode\" id=\"video-4386-1\" width=\"1020\" height=\"574\" preload=\"metadata\" controls=\"controls\"><source type=\"video\/mp4\" src=\"https:\/\/casinovape.de\/wp-content\/uploads\/2024\/11\/tornado-15000-\u89c6\u9891-\u538b\u7f29\u7248.mp4?_=1\" \/><a href=\"https:\/\/casinovape.de\/wp-content\/uploads\/2024\/11\/tornado-15000-\u89c6\u9891-\u538b\u7f29\u7248.mp4\">https:\/\/casinovape.de\/wp-content\/uploads\/2024\/11\/tornado-15000-\u89c6\u9891-\u538b\u7f29\u7248.mp4<\/a><\/video><\/div>\n<h2><strong>Fumot RandM Tornado 15000 Puffs Einweg-E-Zigarette \u2013 Das ultimative Vaperlebnis<\/strong><\/h2>\n<p>Wenn Sie ein E-Dampfer-Enthusiast in Deutschland sind, gibt es keine bessere M\u00f6glichkeit, Ihre Gel\u00fcste zu befriedigen, als mit der Fumot RandM Tornado 15000 Puffs Disposable E-Cigarette. Bekannt f\u00fcr ihre beeindruckende Leistung und reichen Aromen, ist diese Premium-Einweg-E-Zigarette der perfekte Begleiter sowohl f\u00fcr neue Dampfer als auch f\u00fcr erfahrene Enthusiasten. Gef\u00fcllt mit Innovation und Zuverl\u00e4ssigkeit, kombiniert sie Bequemlichkeit, Stil und langanhaltende Zufriedenheit in einem Ger\u00e4t.<\/p>\n<p>Exklusiv erh\u00e4ltlich bei casinovape.de, der gr\u00f6\u00dften deutschen Online-Handelsplattform f\u00fcr Einweg-E-Zigaretten, ist der RandM Tornado 15000 konzipiert, um ein unvergleichliches Vaperlebnis zu bieten. Lassen Sie uns alles erkunden, was dieses Ger\u00e4t zu bieten hat.<\/p>\n<p><img loading=\"lazy\" decoding=\"async\" class=\"alignnone wp-image-2933 size-full\" src=\"https:\/\/casinovape.de\/wp-content\/uploads\/2024\/11\/Fumot-RandM-Tornado-15000-1-scaled.webp\" alt=\"Europ\u00e4isches Lager Fumot RandM Tornado 15000 Puffs Niedrig Nikotin Kaufen Original Authentisch Aufladbare Einweg-Vapes Pen\" width=\"2560\" height=\"1641\" srcset=\"https:\/\/casinovape.de\/wp-content\/uploads\/2024\/11\/Fumot-RandM-Tornado-15000-1-scaled.webp 2560w, https:\/\/casinovape.de\/wp-content\/uploads\/2024\/11\/Fumot-RandM-Tornado-15000-1-300x192.webp 300w, https:\/\/casinovape.de\/wp-content\/uploads\/2024\/11\/Fumot-RandM-Tornado-15000-1-1024x656.webp 1024w, https:\/\/casinovape.de\/wp-content\/uploads\/2024\/11\/Fumot-RandM-Tornado-15000-1-768x492.webp 768w, https:\/\/casinovape.de\/wp-content\/uploads\/2024\/11\/Fumot-RandM-Tornado-15000-1-1536x984.webp 1536w, https:\/\/casinovape.de\/wp-content\/uploads\/2024\/11\/Fumot-RandM-Tornado-15000-1-2048x1313.webp 2048w, https:\/\/casinovape.de\/wp-content\/uploads\/2024\/11\/Fumot-RandM-Tornado-15000-1-18x12.webp 18w, https:\/\/casinovape.de\/wp-content\/uploads\/2024\/11\/Fumot-RandM-Tornado-15000-1-600x385.webp 600w\" sizes=\"auto, (max-width: 2560px) 100vw, 2560px\" \/><\/p>\n<h3><strong>Produkt\u00fcbersicht \u2013 <a href=\"https:\/\/casinovape.de\/de\/produktkategorie\/randm-fumot-einweg-vapes\/\">Fumot<\/a> RandM Tornado 15000 Puffs<\/strong><\/h3>\n<p>Die Fumot RandM Tornado 15000 Puffs Disposable E-Cigarette sticht auf dem \u00fcberf\u00fcllten Vaping-Markt aufgrund ihrer einzigartigen Merkmale hervor. Sie ist mit einer 850mAh Batterie ausgestattet, die eine langanhaltende Nutzung f\u00fcr ausgedehnte Vaping-Sitzungen gew\u00e4hrleistet, ohne dass h\u00e4ufiges Aufladen erforderlich ist.<\/p>\n<p>Eine der herausragenden Eigenschaften dieses Vapes ist seine beeindruckende E-Liquid-Kapazit\u00e4t von 25 ml, die es Ihnen erm\u00f6glicht, Ihre Lieblings-Vape-S\u00e4fte \u00fcber einen l\u00e4ngeren Zeitraum zu genie\u00dfen. Mit bis zu 15.000 Z\u00fcgen pro Ger\u00e4t k\u00f6nnen Sie sich einem erf\u00fcllenden Erlebnis ohne Notwendigkeit von Nachf\u00fcllungen hingeben.<\/p>\n<p>Dank seiner 0,90 Ohm Mesh-Spule liefert jeder Zug reiche, glatte Wolken voller Geschmack. Ob Sie einen gelegentlichen Dampfzug genie\u00dfen m\u00f6chten oder in tiefe, aromatische Wolken eintauchen m\u00f6chten, die Mesh-Spule garantiert eine konstante Dampfproduktion.<\/p>\n<p>Dar\u00fcber hinaus erm\u00f6glicht die Integration eines Type-C-Ladeanschlusses ein schnelles und effizientes Aufladen, wodurch die Ausfallzeit zwischen den Dampf-Sitzungen minimiert wird. Die einstellbare Luftstromregelung erm\u00f6glicht es Ihnen au\u00dferdem, Ihren Zug anzupassen, um das perfekte Dampferlebnis zu finden, das auf Ihre Vorlieben zugeschnitten ist.<\/p>\n<p>Um das Ganze abzurunden, verf\u00fcgt der Fumot RandM Tornado 15000 \u00fcber ein RGB-Licht, das einen optisch auff\u00e4lligen Touch zum Ger\u00e4t hinzuf\u00fcgt und gleichzeitig den Batteriestatus anzeigt. Ob Sie zu Hause oder unterwegs dampfen, dieses Einweg-Vape ist darauf ausgelegt, sich abzuheben und eine funktionelle, stilvolle Erg\u00e4nzung zu Ihrer Dampfroutine zu bieten.<\/p>\n<h3><strong>Hauptmerkmale des <a href=\"https:\/\/casinovape.de\/de\/produktkategorie\/randm-fumot-einweg-vapes\/\">Fumot<\/a> RandM Tornado 15000 Puffs Einweg-Vape<\/strong><\/h3>\n<ul>\n<li><strong>850mAh Batterie<\/strong> \u2013 Bietet langanhaltende Leistung f\u00fcr ausgedehnte Vaping-Sitzungen.<\/li>\n<li><strong>25ml E-Liquid-Kapazit\u00e4t<\/strong> \u2013 Bietet viel Platz f\u00fcr E-Liquid und stellt sicher, dass Sie das Beste aus Ihrem Ger\u00e4t herausholen.<\/li>\n<li><strong>0,90hm Mesh Coil<\/strong> \u2013 Liefert einen weichen, gleichm\u00e4\u00dfigen Dampf und verbessert die Aromabildung mit jedem Zug.<\/li>\n<li><strong>Typ-C-Ladeanschluss<\/strong> \u2013 Genie\u00dfen Sie das schnelle Aufladen, um die Ausfallzeit zu minimieren und Ihre E-Zigarette einsatzbereit zu halten.<\/li>\n<li><strong>15000 Puffs<\/strong> \u2013 Eine beeindruckende Lebensdauer sorgt daf\u00fcr, dass Sie maximale Zufriedenheit ohne die Notwendigkeit von Nachf\u00fcllungen erhalten.<\/li>\n<li><strong>RGB-Lichtanzeige<\/strong> \u2013 Verleiht einen Hauch von Stil und h\u00e4lt Sie \u00fcber den Batteriestatus auf dem Laufenden.<\/li>\n<li><strong>Luftstromregelung<\/strong> \u2013 Passen Sie Ihr Vaping-Erlebnis mit einstellbarem Luftstrom an Ihre pers\u00f6nlichen Vorlieben an.<\/li>\n<li><strong>Aufladbar<\/strong> \u2013 Stellt sicher, dass jeder Tropfen E-Liquid genutzt wird, dank seines aufladbaren Designs.<\/li>\n<\/ul>\n<p>Mit diesen beeindruckenden Spezifikationen bietet die Fumot RandM Tornado 15000 Puffs Disposable E-Cigarette eine unvergleichliche Kombination aus Leistung, Komfort und Leistung f\u00fcr das ultimative Vaperlebnis.<\/p>\n<h3><strong>Tiefere Geschmacksprofil - Ein Geschmackserlebnis bei jedem Zug<\/strong><\/h3>\n<p>Wenn es um das Dampfen geht, ist der Geschmack alles. Mit dem Fumot RandM Tornado 15000 erleben Sie eine Explosion von Geschmacksnoten, sorgf\u00e4ltig entwickelt, um Ihre Geschmacksknospen zu befriedigen und Ihr Dampferlebnis zu erh\u00f6hen.<\/p>\n<p>Dieser Einweg-Vape bietet eine Vielzahl von 41 leckeren Aromen, von s\u00e4uerlichen Fr\u00fcchten bis hin zu erfrischenden Eisblends, um sicherzustellen, dass f\u00fcr jeden Geschmack etwas dabei ist. Hier ist ein tieferer Einblick in einige der Top-Aromen, die Sie genie\u00dfen k\u00f6nnen:<\/p>\n<p><img loading=\"lazy\" decoding=\"async\" class=\"alignnone wp-image-2934 size-full\" src=\"https:\/\/casinovape.de\/wp-content\/uploads\/2024\/11\/Fumot-RandM-Tornado-15000-3-1.webp\" alt=\"Europ\u00e4isches Lager Fumot RandM Tornado 15000 Puffs Niedrig Nikotin Kaufen Original Authentisch Aufladbare Einweg-Vapes Pen\" width=\"2048\" height=\"1313\" srcset=\"https:\/\/casinovape.de\/wp-content\/uploads\/2024\/11\/Fumot-RandM-Tornado-15000-3-1.webp 2048w, https:\/\/casinovape.de\/wp-content\/uploads\/2024\/11\/Fumot-RandM-Tornado-15000-3-1-300x192.webp 300w, https:\/\/casinovape.de\/wp-content\/uploads\/2024\/11\/Fumot-RandM-Tornado-15000-3-1-1024x657.webp 1024w, https:\/\/casinovape.de\/wp-content\/uploads\/2024\/11\/Fumot-RandM-Tornado-15000-3-1-768x492.webp 768w, https:\/\/casinovape.de\/wp-content\/uploads\/2024\/11\/Fumot-RandM-Tornado-15000-3-1-1536x985.webp 1536w, https:\/\/casinovape.de\/wp-content\/uploads\/2024\/11\/Fumot-RandM-Tornado-15000-3-1-18x12.webp 18w, https:\/\/casinovape.de\/wp-content\/uploads\/2024\/11\/Fumot-RandM-Tornado-15000-3-1-600x385.webp 600w\" sizes=\"auto, (max-width: 2048px) 100vw, 2048px\" \/><\/p>\n<h4><strong>Blaue Razz Limonade<\/strong><\/h4>\n<p>Eine erfrischende Mischung aus s\u00fc\u00dfen blauen Himbeeren und sauren Limonaden, dieser Geschmack ist perfekt f\u00fcr einen hei\u00dfen Sommertag. Die S\u00e4ure der Limonade erg\u00e4nzt die s\u00fc\u00dfen, fruchtigen Noten der blauen Himbeere und liefert ein ausgewogenes und zufriedenstellendes Verdampferlebnis.<\/p>\n<h4><strong>Pfirsich-Eis<\/strong><\/h4>\n<p>Wenn du einen saftigen, fruchtigen Geschmack mit einem coolen Finish liebst, ist Peach Ice genau das Richtige f\u00fcr dich. Dieser Geschmack kombiniert den s\u00fc\u00dfen und aromatischen Geschmack reifer Pfirsiche mit einem erfrischenden eisigen Ausatem, der ein k\u00fchlendes Gef\u00fchl bietet, das ein glattes Finish hinterl\u00e4sst.<\/p>\n<h4><strong>Sauerapfel<\/strong><\/h4>\n<p>Der Sour Apple-Geschmack liefert bei jedem Zug einen prickelnden und s\u00e4uerlichen Kick. Dieser saure und tangy Geschmack ahmt den Geschmack eines frischen gr\u00fcnen Apfels mit einer s\u00e4uerlichen Note nach, was ihn zur idealen Wahl f\u00fcr jeden macht, der nach etwas Boldo und Belebendem verlangt.<\/p>\n<h4><strong>Wassermelonen-Eis<\/strong><\/h4>\n<p>Wassermelonen-Eis ist ein Publikumsliebhaber, der nie aus der Mode kommt. Der s\u00fc\u00dfe, saftige Geschmack von Wassermelone, kombiniert mit der K\u00fchlung von Menthol, sorgt f\u00fcr ein glattes, erfrischendes Vape-Erlebnis, das perfekt f\u00fcr den ganzen Tag ist.<\/p>\n<h4><strong>Blaubeere auf Eis<\/strong><\/h4>\n<p>F\u00fcr Fans von Beerengeschmacksnoten mit einer Prise Coolness ist Blueberry On Ice genau das Richtige. Die reichen, s\u00fc\u00dfen Blaubeeren werden durch einen glatten, eisigen Abgang ausgeglichen, der das Gesamterlebnis verbessert und einen erfrischenden Nachgeschmack hinterl\u00e4sst.<\/p>\n<h4><strong>Trauben Eis<\/strong><\/h4>\n<p>Trauben-Eis ist ein weiterer Fan-Liebling und bietet den s\u00fc\u00dfen, aromatischen Geschmack reifer Trauben mit einem eisigen Menthol-Finish. Es ist die perfekte Mischung aus fruchtiger S\u00fc\u00dfe und k\u00fchler Erfrischung und schafft ein ausgewogenes Geschmacksprofil, das Sie immer wieder zur\u00fcckkommen l\u00e4sst.<\/p>\n<p>Mit 41 verschiedenen Geschmacksrichtungen zur Auswahl, gehen Ihnen nie die Optionen aus. Ob Sie gerade Lust auf etwas Fruchtiges, Erfrischendes oder sogar ein bisschen S\u00e4uerliches haben, das Fumot RandM Tornado 15000 Puffs Disposable Vape hat f\u00fcr jede Geschmacksrichtung etwas.<\/p>\n<p><img loading=\"lazy\" decoding=\"async\" class=\"alignnone wp-image-2935 size-full\" src=\"https:\/\/casinovape.de\/wp-content\/uploads\/2024\/11\/Fumot-RandM-Tornado-15000-6.webp\" alt=\"\" width=\"2048\" height=\"1313\" srcset=\"https:\/\/casinovape.de\/wp-content\/uploads\/2024\/11\/Fumot-RandM-Tornado-15000-6.webp 2048w, https:\/\/casinovape.de\/wp-content\/uploads\/2024\/11\/Fumot-RandM-Tornado-15000-6-300x192.webp 300w, https:\/\/casinovape.de\/wp-content\/uploads\/2024\/11\/Fumot-RandM-Tornado-15000-6-1024x657.webp 1024w, https:\/\/casinovape.de\/wp-content\/uploads\/2024\/11\/Fumot-RandM-Tornado-15000-6-768x492.webp 768w, https:\/\/casinovape.de\/wp-content\/uploads\/2024\/11\/Fumot-RandM-Tornado-15000-6-1536x985.webp 1536w, https:\/\/casinovape.de\/wp-content\/uploads\/2024\/11\/Fumot-RandM-Tornado-15000-6-18x12.webp 18w, https:\/\/casinovape.de\/wp-content\/uploads\/2024\/11\/Fumot-RandM-Tornado-15000-6-600x385.webp 600w\" sizes=\"auto, (max-width: 2048px) 100vw, 2048px\" \/><\/p>\n<h3><strong>Warum den Fumot RandM Tornado 15000 Puffs Einweg-Vape w\u00e4hlen?<\/strong><\/h3>\n<h4><strong>Un\u00fcbertroffene Bequemlichkeit<\/strong><\/h4>\n<p>Im Gegensatz zu herk\u00f6mmlichen Vapes, die Nachf\u00fcllen und Wartung erfordern, ist der Fumot RandM Tornado 15000 ein Einwegger\u00e4t, das Bequemlichkeit und Einfachheit bietet. Nehmen Sie es einfach in die Hand, genie\u00dfen Sie es und entsorgen Sie es verantwortungsvoll, wenn es aufgebraucht ist. Es besteht keine Notwendigkeit, sich um ein Durcheinander beim Nachf\u00fcllen oder komplexe Wartungsroutinen zu k\u00fcmmern.<\/p>\n<h4><strong>Nachhaltiges Dampfen<\/strong><\/h4>\n<p>Obwohl er wegwerfbar ist, ist dieses Vape-Ger\u00e4t darauf ausgelegt, l\u00e4nger zu halten als viele andere Modelle. Mit 15000 Z\u00fcgen \u00fcberdauert das Fumot RandM Tornado die meisten wegwerfbaren Vapes, bietet \u00fcberlegenen Wert und weniger Abfall.<\/p>\n<h4><strong>Stilvoll und Funktional<\/strong><\/h4>\n<p>Das elegante, moderne Design des Fumot RandM Tornado 15000, kombiniert mit der RGB-Lichtanzeige, bietet nicht nur ein funktionales Vaperlebnis, sondern macht auch eine Aussage. Es ist ein Ger\u00e4t, das ebenso stilvoll wie praktisch ist und Ihren Vaping-Sitzungen einen Hauch von Eleganz verleiht.<\/p>\n<h4><strong>Individualisierbares Vaperlebnis<\/strong><\/h4>\n<p>Die einstellbare Luftstromkontrolle gew\u00e4hrleistet, dass Sie Ihren Zug an Ihre Vorlieben anpassen k\u00f6nnen, egal ob Sie einen festen, kontrollierten Einzug oder einen luftigeren, offenen Zug bevorzugen. In Kombination mit der Mesh-Spule garantiert die Luftstromkontrolle, dass Sie jedes Mal einen glatten, aromatischen Dampf genie\u00dfen werden.<\/p>\n<h4><strong>Exklusive Verf\u00fcgbarkeit<\/strong><\/h4>\n<p>Exklusiv erh\u00e4ltlich bei casinovape.de, k\u00f6nnen Sie sicher sein, dass Sie ein hochwertiges Produkt von Deutschlands gr\u00f6\u00dfter Online-Verkaufsplattform f\u00fcr Einweg-E-Zigaretten erhalten. Wir bieten ein zuverl\u00e4ssiges Einkaufserlebnis mit schneller Lieferung, um sicherzustellen, dass Ihre Lieblings-Vape-Produkte nur einen Klick entfernt sind.<\/p>\n<h3><strong>Schlussfolgerung<\/strong><\/h3>\n<p>Die Fumot RandM Tornado 15000 Puffs Disposable E-Zigarette bietet ein \u00fcberlegenes Vaperlebnis mit langanhaltender Leistung, anpassbaren Funktionen und einer beeindruckenden Vielfalt an Geschmacksrichtungen. Ob Sie Anf\u00e4nger oder erfahrener Vaper sind, diese Disposable-Vape wird sicherlich alle Ihre Vaping-Bed\u00fcrfnisse befriedigen. Gehen Sie zu <a href=\"https:\/\/casinovape.de\/de\/\">casinovape.de<\/a> Um Ihren Fumot RandM Tornado heute zu kaufen und das beste Erfahrung mit Einweg-E-Zigaretten in Deutschland zu genie\u00dfen.<\/p>","protected":false},"excerpt":{"rendered":"<p>Gesch\u00e4ft <strong>Fumot RandM Tornado 15000 Puffs<\/strong> Einweg-E-Zigarette bei casinovape.de f\u00fcr ein verl\u00e4ngertes Vaperlebnis mit 41 Geschmacksrichtungen, 15000 Z\u00fcgen und anpassbarer Luftstromregelung.<\/p>","protected":false},"featured_media":2857,"comment_status":"open","ping_status":"closed","template":"","meta":[],"product_brand":[],"product_cat":[15,78,79,80,81,82,83,84,85,86,87,88,89,90,93,94,95,96,98,99,65,66,67,68,69,70,71,72,73,74,75,76,77,57,61,45,48,50,52,54,56],"product_tag":[],"class_list":{"0":"post-4386","1":"product","2":"type-product","3":"status-publish","4":"has-post-thumbnail","6":"product_cat-randm-fumot-disposable-vapes","7":"product_cat-buy-best-disposable-vape-flavors","8":"product_cat-apple-flavor-disposable-vapes","9":"product_cat-blue-razz-flavor-disposable-vapes","10":"product_cat-blueberry-flavor-disposable-vapes","11":"product_cat-cherry-flavor-disposable-vapes","12":"product_cat-cola-flavor-disposable-vapes","13":"product_cat-grape-flavor-disposable-vapes","14":"product_cat-guava-flavor-disposable-vapes","15":"product_cat-ice-flavor-disposable-vapes","16":"product_cat-kiwi-flavor-disposable-vapes","17":"product_cat-lemon-flavor-disposable-vapes","18":"product_cat-lush-flavor-disposable-vapes","19":"product_cat-mango-flavor-disposable-vapes","20":"product_cat-passion-fruit-flavor-disposable-vapes","21":"product_cat-peach-flavor-disposable-vapes","22":"product_cat-pineapple-flavor-disposable-vapes","23":"product_cat-raspberry-flavor-disposable-vapes","24":"product_cat-strawberry-flavor-disposable-vapes","25":"product_cat-watermelon-flavor-disposable-vapes","26":"product_cat-best-disposable-vape-in-europe","27":"product_cat-buy-disposable-vapes-in-austria","28":"product_cat-buy-disposable-vapes-in-belgium","29":"product_cat-buy-disposable-vapes-in-france","30":"product_cat-buy-disposable-vapes-in-germany","31":"product_cat-buy-disposable-vapes-in-italy","32":"product_cat-buy-disposable-vapes-in-netherlands","33":"product_cat-buy-disposable-vapes-in-norway","34":"product_cat-buy-disposable-vapes-in-poland","35":"product_cat-buy-disposable-vapes-in-portugal","36":"product_cat-buy-disposable-vapes-in-spain","37":"product_cat-buy-disposable-vapes-in-sweden","38":"product_cat-buy-disposable-vapes-in-switzerland","39":"product_cat-shop-disposable-vapes-by-puffs","40":"product_cat-15000-puff-disposable-vape","41":"product_cat-disposable-vape-types","42":"product_cat-big-puffs-disposable-vapes","43":"product_cat-digital-box-disposable-vapes","44":"product_cat-lower-nicotine-disposable-vapes","45":"product_cat-rechargeable-disposable-vapes","46":"product_cat-tornado-disposable-vapes","48":"first","49":"outofstock","50":"shipping-taxable","51":"product-type-variable","52":"has-default-attributes"},"jetpack_sharing_enabled":true,"_links":{"self":[{"href":"https:\/\/casinovape.de\/de\/wp-json\/wp\/v2\/product\/4386","targetHints":{"allow":["GET"]}}],"collection":[{"href":"https:\/\/casinovape.de\/de\/wp-json\/wp\/v2\/product"}],"about":[{"href":"https:\/\/casinovape.de\/de\/wp-json\/wp\/v2\/types\/product"}],"replies":[{"embeddable":true,"href":"https:\/\/casinovape.de\/de\/wp-json\/wp\/v2\/comments?post=4386"}],"wp:featuredmedia":[{"embeddable":true,"href":"https:\/\/casinovape.de\/de\/wp-json\/wp\/v2\/media\/2857"}],"wp:attachment":[{"href":"https:\/\/casinovape.de\/de\/wp-json\/wp\/v2\/media?parent=4386"}],"wp:term":[{"taxonomy":"product_brand","embeddable":true,"href":"https:\/\/casinovape.de\/de\/wp-json\/wp\/v2\/product_brand?post=4386"},{"taxonomy":"product_cat","embeddable":true,"href":"https:\/\/casinovape.de\/de\/wp-json\/wp\/v2\/product_cat?post=4386"},{"taxonomy":"product_tag","embeddable":true,"href":"https:\/\/casinovape.de\/de\/wp-json\/wp\/v2\/product_tag?post=4386"}],"curies":[{"name":"wp","href":"https:\/\/api.w.org\/{rel}","templated":true}]}}