{"id":4385,"date":"2024-11-27T13:05:57","date_gmt":"2024-11-27T13:05:57","guid":{"rendered":"https:\/\/casinovape.de\/?post_type=product&#038;p=4385"},"modified":"2025-09-06T00:40:44","modified_gmt":"2025-09-06T00:40:44","slug":"europaisches-lager-al-fakher-crown-bar-8000-puffs-pro-dual-mode-original-einweg-vapes-10-stuck-gemischte-packung","status":"publish","type":"product","link":"https:\/\/casinovape.de\/de\/produkt\/europaisches-lager-al-fakher-crown-bar-8000-puffs-pro-dual-mode-original-einweg-vapes-10-stuck-gemischte-packung\/","title":{"rendered":"Europ\u00e4ische Lager Al Fakher Crown Bar 8000 Puffs Pro Dual-Modus Original Einweg-Vapes \u2013 10-teiliges gemischtes Pack"},"content":{"rendered":"<div class=\"flex-1 overflow-hidden\">\n<div class=\"h-full\">\n<div class=\"react-scroll-to-bottom--css-zitxy-79elbk h-full\">\n<div class=\"react-scroll-to-bottom--css-zitxy-1n7m0yu\">\n<div class=\"flex flex-col text-sm md:pb-9\">\n<article class=\"w-full text-token-text-primary focus-visible:outline-2 focus-visible:outline-offset-[-4px]\" dir=\"auto\" data-testid=\"conversation-turn-3\" data-scroll-anchor=\"true\">\n<div class=\"text-base py-[18px] px-3 md:px-4 m-auto w-full md:px-5 lg:px-4 xl:px-5\">\n<div class=\"mx-auto flex flex-1 gap-4 text-base md:gap-5 lg:gap-6 md:max-w-3xl lg:max-w-[40rem] xl:max-w-[48rem]\">\n<div class=\"group\/conversation-turn relative flex w-full min-w-0 flex-col agent-turn\">\n<div class=\"flex-col gap-1 md:gap-3\">\n<div class=\"flex max-w-full flex-col flex-grow\"><img loading=\"lazy\" decoding=\"async\" class=\"alignnone wp-image-2962 size-full\" src=\"https:\/\/casinovape.de\/wp-content\/uploads\/2024\/11\/Al-Fakher-Crown-Bar-8000-Puffs-Pro-Dual-Mode-10-pieces-mixed-pack-4.webp\" alt=\"Europ\u00e4isches Lager Al Fakher Crown Bar 8000 Puffs Pro Dual Mode 0.5% Niedrig Nikotin Kaufen Original Authentisch Aufladbare Einweg-Vapes Pen - 10 St\u00fcck gemischte Packung\" width=\"1200\" height=\"1600\" srcset=\"https:\/\/casinovape.de\/wp-content\/uploads\/2024\/11\/Al-Fakher-Crown-Bar-8000-Puffs-Pro-Dual-Mode-10-pieces-mixed-pack-4.webp 1200w, https:\/\/casinovape.de\/wp-content\/uploads\/2024\/11\/Al-Fakher-Crown-Bar-8000-Puffs-Pro-Dual-Mode-10-pieces-mixed-pack-4-225x300.webp 225w, https:\/\/casinovape.de\/wp-content\/uploads\/2024\/11\/Al-Fakher-Crown-Bar-8000-Puffs-Pro-Dual-Mode-10-pieces-mixed-pack-4-768x1024.webp 768w, https:\/\/casinovape.de\/wp-content\/uploads\/2024\/11\/Al-Fakher-Crown-Bar-8000-Puffs-Pro-Dual-Mode-10-pieces-mixed-pack-4-1152x1536.webp 1152w, https:\/\/casinovape.de\/wp-content\/uploads\/2024\/11\/Al-Fakher-Crown-Bar-8000-Puffs-Pro-Dual-Mode-10-pieces-mixed-pack-4-9x12.webp 9w, https:\/\/casinovape.de\/wp-content\/uploads\/2024\/11\/Al-Fakher-Crown-Bar-8000-Puffs-Pro-Dual-Mode-10-pieces-mixed-pack-4-600x800.webp 600w\" sizes=\"auto, (max-width: 1200px) 100vw, 1200px\" \/><\/div>\n<\/div>\n<\/div>\n<\/div>\n<\/div>\n<\/article>\n<\/div>\n<\/div>\n<\/div>\n<\/div>\n<\/div>\n<div class=\"md:pt-0 dark:border-white\/20 md:border-transparent md:dark:border-transparent w-full\">\n<div class=\"\">\n<div class=\"relative w-full px-2 py-2 text-center text-xs text-token-text-secondary empty:hidden md:px-[60px]\">\n<div>\n<h2>Erfahren Sie das Beste aus Ihrem Vaping-Erlebnis mit der Al Fakher Crown Bar 8000 Puffs Pro Dual Mode<\/h2>\n<p>The \nwird zu \nDas <strong>Al Fakher Crown Bar 8000 Puffs Pro Dual Mode<\/strong> ist nicht nur ein Vape \u2013 es ist eine Revolution in der Welt des Disposable-Vapings. Sowohl f\u00fcr Anf\u00e4nger als auch f\u00fcr erfahrene Vaper bietet dieser fortschrittliche, aufladbare Disposable-Vape-Stift ein unvergleichliches Vaperlebnis, liefert premium Geschmack und eine zufriedenstellende Leistung. Ob Sie einen Mouth-to-Lung- (MTL) oder Direct-to-Lung- (DTL) Zug bevorzugen, der <strong>Dualmodus<\/strong> Die Technologie bietet die Flexibilit\u00e4t, Ihr Erlebnis anzupassen.<\/p>\n<p>Hergestellt aus hochwertigen Materialien und modernsten Funktionen ist dieser Vape-Pen darauf ausgelegt, Ihnen bei jedem Zug die vollen Vorteile eines Shisha-\u00e4hnlichen Erlebnisses zu bieten. Als Europas f\u00fchrender Online-H\u00e4ndler f\u00fcr <strong>Einweg-E-Zigaretten<\/strong>Casinovape bietet stolz an <strong>Al Fakher Crown Bar 8000 Puffs Pro<\/strong> <strong> Dualmodus <\/strong>F\u00fcr Vaper auf dem gesamten Kontinent.<\/p>\n<p>Mit einem robusten <strong>800 mAh wiederaufladbare Batterie<\/strong> und ein massiver <strong>18 ml E-Liquid-Kapazit\u00e4t<\/strong>dieser Vape ist gebaut, um zu halten und zu leisten. Genie\u00dfen Sie weiche, konsistente Wolken bis zu <strong>8000 Puffs<\/strong> Mit jedem Ger\u00e4t, um ein verl\u00e4ngertes Vaperlebnis zu gew\u00e4hrleisten, das viele seiner Konkurrenten \u00fcbertrifft.<\/p>\n<p><strong>Casinovape<\/strong> bietet die <strong>Al Fakher Crown Bar 8000 Puffs Pro<\/strong> <strong> Dualmodus <\/strong>mit <strong>Keine Mindestbestellmenge<\/strong>, was es perfekt f\u00fcr einzelne Kunden und Einzelh\u00e4ndler macht. Bestellen Sie bei uns <a href=\"https:\/\/casinovape.de\/de\/\"><strong>Europ\u00e4ische Vape-Lagerhaus<\/strong><\/a> und profitieren Sie von einer schnellen Lieferung innerhalb von 3-7 Tagen \u00fcberall in der EU.<\/p>\n<p><img loading=\"lazy\" decoding=\"async\" class=\"alignnone wp-image-2959 size-full\" src=\"https:\/\/casinovape.de\/wp-content\/uploads\/2024\/11\/Al-Fakher-Crown-Bar-8000-Puffs-Pro-Dual-Mode-10-pieces-mixed-pack-3.webp\" alt=\"Europ\u00e4isches Lager Al Fakher Crown Bar 8000 Puffs Pro Dual Mode 0.5% Niedrig Nikotin Kaufen Original Authentisch Aufladbare Einweg-Vapes Pen - 10 St\u00fcck gemischte Packung\" width=\"1280\" height=\"1280\" srcset=\"https:\/\/casinovape.de\/wp-content\/uploads\/2024\/11\/Al-Fakher-Crown-Bar-8000-Puffs-Pro-Dual-Mode-10-pieces-mixed-pack-3.webp 1280w, https:\/\/casinovape.de\/wp-content\/uploads\/2024\/11\/Al-Fakher-Crown-Bar-8000-Puffs-Pro-Dual-Mode-10-pieces-mixed-pack-3-300x300.webp 300w, https:\/\/casinovape.de\/wp-content\/uploads\/2024\/11\/Al-Fakher-Crown-Bar-8000-Puffs-Pro-Dual-Mode-10-pieces-mixed-pack-3-1024x1024.webp 1024w, https:\/\/casinovape.de\/wp-content\/uploads\/2024\/11\/Al-Fakher-Crown-Bar-8000-Puffs-Pro-Dual-Mode-10-pieces-mixed-pack-3-150x150.webp 150w, https:\/\/casinovape.de\/wp-content\/uploads\/2024\/11\/Al-Fakher-Crown-Bar-8000-Puffs-Pro-Dual-Mode-10-pieces-mixed-pack-3-768x768.webp 768w, https:\/\/casinovape.de\/wp-content\/uploads\/2024\/11\/Al-Fakher-Crown-Bar-8000-Puffs-Pro-Dual-Mode-10-pieces-mixed-pack-3-12x12.webp 12w, https:\/\/casinovape.de\/wp-content\/uploads\/2024\/11\/Al-Fakher-Crown-Bar-8000-Puffs-Pro-Dual-Mode-10-pieces-mixed-pack-3-600x600.webp 600w, https:\/\/casinovape.de\/wp-content\/uploads\/2024\/11\/Al-Fakher-Crown-Bar-8000-Puffs-Pro-Dual-Mode-10-pieces-mixed-pack-3-100x100.webp 100w\" sizes=\"auto, (max-width: 1280px) 100vw, 1280px\" \/><\/p>\n<h2><a href=\"https:\/\/casinovape.de\/de\/\">Al Fakher<\/a> Crown Bar 8000 Puffs Pro Dual Mode: Hauptmerkmale<\/h2>\n<ul>\n<li><strong>Erweiterte Puffkapazit\u00e4t<\/strong>: Genie\u00dfen Sie bis zu <strong>8000 Puffs<\/strong> pro Ger\u00e4t und gew\u00e4hrleistet ein langanhaltendes und konsistentes Vape-Erlebnis, das andere Einweg-Vapes auf dem Markt \u00fcbertrifft.<\/li>\n<li><strong>Gro\u00dfe E-Liquid-Kapazit\u00e4t<\/strong>: Jede <strong>Al Fakher Crown Bar 8000 Pro<\/strong> <strong> Dualmodus <\/strong>kommt vorab gef\u00fcllt mit <strong>18 ml<\/strong> von Premium-E-Liquid und bietet mehr Dampf-Sessions und einen verbesserten Geschmack vom ersten bis zum letzten Zug.<\/li>\n<li><strong>Aufladbares Design<\/strong>: Ausgestattet mit einem <strong>Typ-C-Ladeanschluss<\/strong> und ein robustes <strong>800 mAh wiederaufladbare Batterie<\/strong>, k\u00f6nnen Sie Ihr Ger\u00e4t schnell aufladen, um sicherzustellen, dass Ihnen w\u00e4hrend Ihrer Dampf-Sitzungen nie der Strom ausgeht.<\/li>\n<li><strong>Dual-Mode-Dampfen<\/strong>: Mit Optionen f\u00fcr <strong>Mund-zu-Lunge (MTL)<\/strong> und <strong>Direct-to-Lung (DTL) \nwird zu \nDirekt-zum-Lunge \nnein \nbleibt \nDirect-to-Lung (DTL)<\/strong> Modi, personalisieren Sie Ihr Vaperlebnis, um es an Ihre Vorliebe anzupassen - egal, ob Sie einen engeren, fokussierteren Zug oder einen vollmundigen Lungenzug w\u00fcnschen.<\/li>\n<li><strong>Authentisches Shisha-Aroma<\/strong>: Bekannt f\u00fcr seine Premium-Qualit\u00e4t, <strong>Al Fakher<\/strong> bringt die reichen, sanften und erfrischenden Aromen des traditionellen Shisha direkt zu Ihrem Vape-Pen und liefert ein Erlebnis, das sowohl befriedigend als auch authentisch ist.<\/li>\n<li><strong>LED-Display<\/strong>: \u00dcberwachen Sie Ihren E-Liquid-Pegel und die Batterielebensdauer einfach mit dem integrierten LED-Display, um Sie f\u00fcr ein problemloses Vaperlebnis zu informieren.<\/li>\n<li><strong>Keine Mindestkaufsumme<\/strong>Bei Casinovape verkaufen wir <strong>Al Fakher Crown Bar 8000 Puffs Pro<\/strong> <strong> Dualmodus <\/strong>in einzelnen Einheiten, ohne Mindestbestellmenge, ideal f\u00fcr den pers\u00f6nlichen Gebrauch und f\u00fcr Gro\u00dfk\u00e4ufe.<\/li>\n<li><strong>Schneller EU-Versand<\/strong>: Dank unserer <strong>Europ\u00e4ische Vape-Lagerhaus<\/strong>, gew\u00e4hrleisten wir eine schnelle Lieferung innerhalb <strong>3-7 Tage<\/strong> in jedes EU-Land, sodass du nicht lange warten musst, um deine E-Zigarette zu genie\u00dfen.<\/li>\n<\/ul>\n<h2>Entdecken Sie die Aromakollektion: Lassen Sie die Vielfalt Shisha-inspirierter Aromen erleben<\/h2>\n<p>Einer der H\u00f6hepunkte der <strong>Al Fakher Crown Bar 8000 Puffs Pro<\/strong> ist seine reiche Auswahl an Shisha-inspirierten Aromen. Sorgf\u00e4ltig entwickelt, um den authentischen Geschmack traditioneller Shisha nachzuahmen, bieten diese Aromen ein befriedigendes und unvergessliches Erlebnis bei jedem Zug. Jedes Aroma bietet eine einzigartige Kombination aus s\u00fc\u00dfen, fruchtigen oder minzigen Noten, sodass es f\u00fcr jeden Dampfer ein passendes Aroma gibt.<\/p>\n<h3>Aromen von Al Fakher Crown Bar 8000 Puffs Pro Dual Mode<\/h3>\n<ol>\n<li><strong>Pfirsich-Eis<\/strong>: Genie\u00dfen Sie den s\u00fc\u00dfen, saftigen Geschmack reifer Pfirsiche, erg\u00e4nzt durch ein erfrischendes, eisiges Finish, das mit jedem Zug die K\u00fchle des Sommers bringt.<\/li>\n<li><strong>Kirsch-Fiesta<\/strong>: Erleben Sie den reichen, s\u00fc\u00dfen Geschmack reifer Kirschen, der mit jedem Zug eine kr\u00e4ftige und fruchtige Wolke liefert.<\/li>\n<li><strong>Mango-Eis<\/strong>: Die tropische S\u00fc\u00dfe reifer Mangos wird perfekt mit einem k\u00fchlen, eisigen Finish ausbalanciert und bietet ein erfrischendes und exotisches Vaperlebnis.<\/li>\n<li><strong>Mango Ananas<\/strong>: Eine k\u00f6stlich tropische Mischung aus s\u00fc\u00dfer Mango und s\u00e4uerlicher Ananas, die Sie mit jedem Einatmen in ein Strandparadies entf\u00fchrt.<\/li>\n<li><strong>Klartraum<\/strong>Eine traumhafte Fusion von fruchtigen Aromen, die ein bezauberndes und magisches Dampferlebnis bietet und perfekt f\u00fcr ein aufhebendes, erfrischendes Gef\u00fchl mischt.<\/li>\n<li><strong>Hubba<\/strong>S\u00fc\u00dfe Kaugummis trifft auf eine k\u00fchlende Note und schafft eine unerwartete und bezaubernde Mischung, die zugleich Spa\u00df macht und erfrischend ist.<\/li>\n<li><strong>Zwei \u00c4pfel<\/strong>Die klassische Mischung aus s\u00fc\u00dfen roten \u00c4pfeln und sauren gr\u00fcnen \u00c4pfeln, die ein zufriedenstellendes Gleichgewicht von fruchtigen Aromen bietet, das an traditionelles Shisha erinnert.<\/li>\n<li><strong>Lush Ice<\/strong>: Tauche ein in den saftigen Geschmack von Wassermelone, abgerundet mit einer knackigen, k\u00fchlenden Note, die Ihre Sinne erfrischt.<\/li>\n<li><strong>Erdbeeren-Punsch<\/strong>Eine pikante, s\u00fc\u00dfe Mischung aus frischen Erdbeeren, die eine erfrischende Explosion von Geschmack liefert, die Ihre Geschmacksknospen begeistert.<\/li>\n<li><strong>Traubenminze<\/strong>: Ein s\u00fc\u00dfer und s\u00e4uerlicher Traubengeschmack, verst\u00e4rkt durch einen minzigen Abgang f\u00fcr ein erfrischendes und befriedigendes Erlebnis.<\/li>\n<li><strong>Magische Liebe<\/strong>: Eine mysteri\u00f6se und fruchtige Mischung, die sowohl s\u00fc\u00df als auch erfrischend ist und ein wirklich magisches Vaperlebnis bietet.<\/li>\n<li><strong>Zitronen Minze<\/strong>: Der zitronige Geschmack von frischer Zitrone, kombiniert mit der k\u00fchlen, erfrischenden Wirkung von Minze, perfekt f\u00fcr einen den ganzen Tag andauernden Dampf.<\/li>\n<li><strong>Berry-Eis<\/strong>Eine Mischung aus gemischten Beeren mit einem eisigen Hauch, die ein s\u00fc\u00dfes, aber k\u00fchles Verdampferlebnis bietet, das Beerennliebhaber zu sch\u00e4tzen wissen.<\/li>\n<li><strong>Blaue Razz Limonade<\/strong>: Saure blaue Himbeeren und zitronige Zitrone vereinen sich in diesem nostalgischen Geschmack und liefern eine perfekte Sommer-Stimmung.<\/li>\n<li><strong>Blauer Ozean<\/strong>: Ein luftiger, von den Ozeanen inspirierter Geschmack mit einer leicht salzigen Note, der Sie an einen Tag am Meer erinnert.<\/li>\n<li><strong>Schwarze Johannisbeere Eis<\/strong>: Reichhaltige schwarze Johannisbeere mit einem k\u00fchlen, eisigen Abgang, bietet ein anspruchsvolles, glattes und erfrischendes Vape-Erlebnis.<\/li>\n<li><strong>Zitrone Limette<\/strong>: Eine perfekte Balance von hellem Zitrone und Limette, die ein belebendes Zitrus-Erlebnis liefert.<\/li>\n<li><strong>Blaubeer-Kaugummi<\/strong>Eine nostalgische Geschmacksnote von s\u00fc\u00dfem Blaubeer-Kaugummi, die sowohl fruchtige als auch spielerische Noten bietet, die dich zur\u00fcck in deine Kindheit entf\u00fchren.<\/li>\n<li><strong>Kaugummi Minze<\/strong>: Der s\u00fc\u00dfe, kaubare Geschmack von Kaugummi, gemischt mit einer erfrischenden Minz-Note, macht jeden Zug zu einem au\u00dfergew\u00f6hnlichen Erlebnis.<\/li>\n<\/ol>\n<h2>Warum w\u00e4hlen <a href=\"https:\/\/casinovape.de\/de\/\">Al Fakhe<\/a>r Crown Bar 8000 Puffs Pro Dual Mode<\/h2>\n<p>The \nwird zu \nDas <strong>Al Fakher Crown Bar 8000 Puffs Pro<\/strong> sticht als eine der zuverl\u00e4ssigsten und geschmacklich besten Disposable-Vapes auf dem Markt hervor. Ob Sie neu im Vapen sind oder ein erfahrener Profi, dieses Ger\u00e4t richtet sich an alle Vorlieben und bietet anpassbare Optionen mit <strong>Dual-Mode-Technologie<\/strong> und <strong>8000 Puffs<\/strong> Pro Ger\u00e4t.<\/p>\n<p>Hier ist, warum Sie dieses Produkt w\u00e4hlen sollten:<\/p>\n<ul>\n<li><strong>Un\u00fcbertroffene Geschmacksvielfalt<\/strong>Von s\u00fc\u00df und fruchtig bis eisig und erfrischend, die <strong>Al Fakher Crown Bar 8000 Pro<\/strong> <strong> Dualmodus<\/strong>bietet eine breite Palette von Shisha-inspirierten Aromen, die darauf abzielen, dich immer wieder zur\u00fcckkommen zu lassen.<\/li>\n<li><strong>Premiumqualit\u00e4t<\/strong>: Al Fakher's Ruf in der Welt des Shisha-Dampfens spiegelt sich in diesem Ger\u00e4t wider und bietet ein Premium-Erlebnis mit authentischem Geschmack, das traditionellem Shisha ebenb\u00fcrtig ist.<\/li>\n<li><strong>Langanhaltende Leistung<\/strong>: Mit seinen <strong>8000 Puff-Kapazit\u00e4t<\/strong> und <strong>Aufladbare Batterie<\/strong>, diese E-Zigarette bietet ein verl\u00e4ngertes Vergn\u00fcgen und eliminiert die Notwendigkeit h\u00e4ufiger Ersatz.<\/li>\n<li><strong>Bequemlichkeit und Flexibilit\u00e4t<\/strong>: Der <strong>Dualmodus<\/strong> Diese Funktion erm\u00f6glicht es Ihnen, zwischen zu w\u00e4hlen <strong>MTL<\/strong> oder <strong>DTL<\/strong> Treffer, wodurch dieses Ger\u00e4t f\u00fcr alle Dampfstile geeignet ist.<\/li>\n<li><strong>Schneller und Zuverl\u00e4ssiger Versand<\/strong>: Wenn Sie bei uns bestellen <strong>Casinovape<\/strong>Sie k\u00f6nnen eine schnelle Lieferung innerhalb von <strong>3-7 Tage<\/strong>, mit direktem Versand von unserem <strong>Europ\u00e4ische Vape-Lagerhaus<\/strong>.<\/li>\n<li><strong>Keine Mindestbestellmenge<\/strong>Kaufen Sie so viele oder so wenige Einheiten, wie Sie ben\u00f6tigen. Dies richtet sich sowohl an private als auch an Einzelhandels K\u00e4ufer.<\/li>\n<\/ul>\n<h2>Bestellen Sie Ihren Al Fakher Crown Bar 8000 Puffs Pro Dual Mode noch heute!<\/h2>\n<p>Transformieren Sie Ihr Dampferlebnis mit dem <strong>Al Fakher Crown Bar 8000 Puffs Pro Dual Mode<\/strong>, ausschlie\u00dflich erh\u00e4ltlich bei<a href=\"https:\/\/casinovape.de\/de\/\"> <strong>Casinovape<\/strong><\/a>Wir sind stolz darauf, anzubieten <strong>Authentische Einweg-Vapes<\/strong> mit <strong>schneller europ\u00e4ischer Versand<\/strong>damit Sie jeden Zug genie\u00dfen k\u00f6nnen. Besuchen Sie unsere Website, um unsere Auswahl zu durchsuchen, neue Aromen zu entdecken und Ihre Bestellung noch heute aufzugeben.<\/p>\n<p>Mit <a href=\"https:\/\/casinovape.de\/de\/\"><strong>Casinovape<\/strong><\/a>, genie\u00dfen Sie das Beste an Qualit\u00e4t, Komfort und Geschmack direkt an Ihre Haust\u00fcr geliefert. <strong>Jetzt bestellen<\/strong> und erleben Sie die Zukunft des Einweg-Vapens mit dem <strong>Al Fakher Crown Bar 8000 Puffs Pro Dual Mode<\/strong>!<\/p>\n<\/div>\n<\/div>\n<\/div>\n<\/div>","protected":false},"excerpt":{"rendered":"<p>Entdecken Sie die <strong>Al Fakher Crown Bar 8000 Puffs Pro Dual Mode<em> -10-teiliges Mischpaket<\/em><\/strong> Einweg-Vape bei Casinovape. Genie\u00dfen Sie bis zu 8000 Z\u00fcge mit authentischen Shisha-Geschmacksrichtungen, aufladbarem Komfort und schneller europ\u00e4ischer Lieferung. Jetzt bestellen!<\/p>","protected":false},"featured_media":4520,"comment_status":"open","ping_status":"closed","template":"","meta":[],"product_brand":[],"product_cat":[16,78,79,80,81,82,84,86,88,89,90,91,92,94,95,98,99,65,66,67,68,69,70,71,72,73,74,75,76,77,57,58,45,48,50,47,52,54,55],"product_tag":[],"class_list":{"0":"post-4385","1":"product","2":"type-product","3":"status-publish","4":"has-post-thumbnail","6":"product_cat-al-fakher-disposable-vapes","7":"product_cat-buy-best-disposable-vape-flavors","8":"product_cat-apple-flavor-disposable-vapes","9":"product_cat-blue-razz-flavor-disposable-vapes","10":"product_cat-blueberry-flavor-disposable-vapes","11":"product_cat-cherry-flavor-disposable-vapes","12":"product_cat-grape-flavor-disposable-vapes","13":"product_cat-ice-flavor-disposable-vapes","14":"product_cat-lemon-flavor-disposable-vapes","15":"product_cat-lush-flavor-disposable-vapes","16":"product_cat-mango-flavor-disposable-vapes","17":"product_cat-mint-flavor-disposable-vapes","18":"product_cat-mixed-berries-flavor-disposable-vapes","19":"product_cat-peach-flavor-disposable-vapes","20":"product_cat-pineapple-flavor-disposable-vapes","21":"product_cat-strawberry-flavor-disposable-vapes","22":"product_cat-watermelon-flavor-disposable-vapes","23":"product_cat-best-disposable-vape-in-europe","24":"product_cat-buy-disposable-vapes-in-austria","25":"product_cat-buy-disposable-vapes-in-belgium","26":"product_cat-buy-disposable-vapes-in-france","27":"product_cat-buy-disposable-vapes-in-germany","28":"product_cat-buy-disposable-vapes-in-italy","29":"product_cat-buy-disposable-vapes-in-netherlands","30":"product_cat-buy-disposable-vapes-in-norway","31":"product_cat-buy-disposable-vapes-in-poland","32":"product_cat-buy-disposable-vapes-in-portugal","33":"product_cat-buy-disposable-vapes-in-spain","34":"product_cat-buy-disposable-vapes-in-sweden","35":"product_cat-buy-disposable-vapes-in-switzerland","36":"product_cat-shop-disposable-vapes-by-puffs","37":"product_cat-8000-puff-disposable-vape","38":"product_cat-disposable-vape-types","39":"product_cat-big-puffs-disposable-vapes","40":"product_cat-digital-box-disposable-vapes","41":"product_cat-full-screen-disposable-vapes","42":"product_cat-lower-nicotine-disposable-vapes","43":"product_cat-rechargeable-disposable-vapes","44":"product_cat-shisha-hookah-disposable-vapes","46":"first","47":"instock","48":"sale","49":"shipping-taxable","50":"purchasable","51":"product-type-variable"},"jetpack_sharing_enabled":true,"_links":{"self":[{"href":"https:\/\/casinovape.de\/de\/wp-json\/wp\/v2\/product\/4385","targetHints":{"allow":["GET"]}}],"collection":[{"href":"https:\/\/casinovape.de\/de\/wp-json\/wp\/v2\/product"}],"about":[{"href":"https:\/\/casinovape.de\/de\/wp-json\/wp\/v2\/types\/product"}],"replies":[{"embeddable":true,"href":"https:\/\/casinovape.de\/de\/wp-json\/wp\/v2\/comments?post=4385"}],"wp:featuredmedia":[{"embeddable":true,"href":"https:\/\/casinovape.de\/de\/wp-json\/wp\/v2\/media\/4520"}],"wp:attachment":[{"href":"https:\/\/casinovape.de\/de\/wp-json\/wp\/v2\/media?parent=4385"}],"wp:term":[{"taxonomy":"product_brand","embeddable":true,"href":"https:\/\/casinovape.de\/de\/wp-json\/wp\/v2\/product_brand?post=4385"},{"taxonomy":"product_cat","embeddable":true,"href":"https:\/\/casinovape.de\/de\/wp-json\/wp\/v2\/product_cat?post=4385"},{"taxonomy":"product_tag","embeddable":true,"href":"https:\/\/casinovape.de\/de\/wp-json\/wp\/v2\/product_tag?post=4385"}],"curies":[{"name":"wp","href":"https:\/\/api.w.org\/{rel}","templated":true}]}}