{"id":4352,"date":"2024-11-27T12:52:05","date_gmt":"2024-11-27T12:52:05","guid":{"rendered":"https:\/\/casinovape.de\/?post_type=product&#038;p=4352"},"modified":"2025-04-08T08:13:44","modified_gmt":"2025-04-08T08:13:44","slug":"europaisches-lagerhaus-vozol-star-20000-zuge-mit-niedrigem-nikotingehalt-kaufen-sie-original-authentische-wiederaufladbare-einweg-vapes-stifte-2","status":"publish","type":"product","link":"https:\/\/casinovape.de\/de\/produkt\/europaisches-lagerhaus-vozol-star-20000-zuge-mit-niedrigem-nikotingehalt-kaufen-sie-original-authentische-wiederaufladbare-einweg-vapes-stifte-2\/","title":{"rendered":"Europ\u00e4isches Lager Vozol Star 20000 Puffs Niedriger Nikotin Kauf Original Authentisch Aufladbare Einweg-Vapes Pen"},"content":{"rendered":"<div class=\"flex-shrink-0 flex flex-col relative items-end\">\n<div>\n<div class=\"pt-0\">\n<div class=\"gizmo-shadow-stroke flex h-8 w-8 items-center justify-center overflow-hidden rounded-full\">\n<div class=\"h-full w-full\">\n<div style=\"width: 360px;\" class=\"wp-video\"><!--[if lt IE 9]><script>document.createElement('video');<\/script><![endif]-->\n<video class=\"wp-video-shortcode\" id=\"video-4352-1\" width=\"360\" height=\"640\" preload=\"metadata\" controls=\"controls\"><source type=\"video\/mp4\" src=\"https:\/\/casinovape.de\/wp-content\/uploads\/2024\/11\/vozol-star-20000.mp4?_=1\" \/><a href=\"https:\/\/casinovape.de\/wp-content\/uploads\/2024\/11\/vozol-star-20000.mp4\">https:\/\/casinovape.de\/wp-content\/uploads\/2024\/11\/vozol-star-20000.mp4<\/a><\/video><\/div>\n<\/div>\n<\/div>\n<\/div>\n<\/div>\n<\/div>\n<div class=\"group\/conversation-turn relative flex w-full min-w-0 flex-col agent-turn\">\n<div class=\"flex-col gap-1 md:gap-3\">\n<div class=\"flex max-w-full flex-col flex-grow\">\n<div class=\"min-h-8 text-message flex w-full flex-col items-end gap-2 whitespace-normal break-words [.text-message+&amp;]:mt-5\" dir=\"auto\" data-message-author-role=\"assistant\" data-message-id=\"19eefec6-29ef-4aae-8d64-1b6d062299fc\" data-message-model-slug=\"gpt-4o\">\n<div class=\"flex w-full flex-col gap-1 empty:hidden first:pt-[3px]\">\n<div class=\"markdown prose w-full break-words dark:prose-invert light\">\n<h2><a href=\"https:\/\/casinovape.de\/de\/produktkategorie\/vozol-einweg-vapes\/\">Vozol<\/a> Star 20000 Puffs Disposable Vape: Das ultimative Vaperlebnis<\/h2>\n<p>Wenn es um Einweg-Vapes geht, das <strong>Vozol Star 20000 Puffs<\/strong> setzt einen neuen Standard f\u00fcr Leistung, Stil und Benutzerfreundlichkeit. Entwickelt mit modernster Technologie, bietet dieses Ger\u00e4t alles, was ein Dampfer verlangen k\u00f6nnte: langanhaltende Leistung, ein \u00fcberlegenes Dampferlebnis und ein elegantes Design. Ob Sie ein erfahrener Dampfer sind oder gerade erst anfangen, die Vozol Star 20000 Puffs ist ein unverzichtbares Accessoire f\u00fcr Ihre Sammlung.<\/p>\n<h2>Detaillierte Produkt\u00fcbersicht: <a href=\"https:\/\/casinovape.de\/de\/produktkategorie\/vozol-einweg-vapes\/\">Vozol Star 20000 Puffs<\/a> Einweg E-Zigarette<\/h2>\n<p>The \nwird zu \nDas <strong>Vozol Star 20000 Puffs Einweg-Vape<\/strong> ragt in dem \u00fcberf\u00fcllten Markt f\u00fcr Einweg-Vapes mit seiner beeindruckenden Leistung und benutzerfreundlichen Funktionen hervor. Im Gegensatz zu herk\u00f6mmlichen Vapes bietet die Vozol Star eine aufladbare Option, was sie sowohl umweltfreundlich als auch wirtschaftlich macht. Mit einer Vielzahl von lebendigen Aromen und einer Reihe von fortschrittlichen Funktionen ist sie darauf ausgerichtet, die Bed\u00fcrfnisse jedes Vapers zu erf\u00fcllen.<\/p>\n<h3>Leistungsstarke und langlebige Leistung<\/h3>\n<p>Eine der herausragenden Eigenschaften des Vozol Star 20000 Puffs ist seine <strong>20.000 Puffs Kapazit\u00e4t<\/strong>Diese Langlebigkeit gew\u00e4hrleistet, dass Sie verl\u00e4ngerte Dampf-Sitzungen genie\u00dfen k\u00f6nnen, ohne das Ger\u00e4t st\u00e4ndig ersetzen zu m\u00fcssen, was es f\u00fcr regelm\u00e4\u00dfige Benutzer \u00e4u\u00dferst kosteneffizient macht. Die langlebige Batterie und integrierte Funktionen wie Dual-Mesh-Coils und eine aufladbare Batterie erm\u00f6glichen es, <strong>ein angenehmes Verdampferlebnis<\/strong> Jedes Mal. Verabschieden Sie sich von h\u00e4ufigen Nachf\u00fcllungen und Ersatzteilen; die Vozol Star gew\u00e4hrleistet Haltbarkeit, ohne den Geschmack oder die Dampfqualit\u00e4t zu beeintr\u00e4chtigen.<\/p>\n<h3>Doppelte Mesh-Coils f\u00fcr \u00fcberragenden Geschmack<\/h3>\n<p>Der Vozol Star 20000 verwendet <strong>Doppel-Mesh-Coils<\/strong> die so konstruiert sind, dass sie reichhaltigere Aromen und dichteren Dampf liefern. Diese Spiralen optimieren Ihr Vaperlebnis, indem sie den Geschmack und die Dampfproduktion verbessern und bei jedem Zug ein zufriedenstellendes und angenehmes Erlebnis bieten. Ob Sie lieber <strong>leichter Dampf<\/strong> oder <strong>dichte Wolken<\/strong>, die dualen Mesh-Coils garantieren Ihnen das Aromaprofil, das Sie begehrt.<\/p>\n<h3>Duale Modi f\u00fcr Personalisierung<\/h3>\n<p>The \nwird zu \nDas <strong>Dual-Modus-Funktion<\/strong> der Vozol Star 20000 ist perfekt f\u00fcr diejenigen, die ihr Erlebnis individualisieren m\u00f6chten. <strong>\u00d6ko-Modus<\/strong> erm\u00f6glicht eine glattere, leichtere Verdampfung f\u00fcr diejenigen, die einen dezenteren Hit bevorzugen, w\u00e4hrend <strong>Power-Modus<\/strong> liefert gr\u00f6\u00dfere, intensivere Wolken f\u00fcr ein volleres Vaperlebnis. Das Umschalten zwischen diesen Modi ist einfach - dr\u00fccken Sie einfach eine Taste, um zwischen ihnen zu wechseln, und geben Ihnen so die Kontrolle \u00fcber Ihre Vaping-Sitzung.<\/p>\n<h3>Kompaktes, stilvolles und funktionales Design<\/h3>\n<p>Mit seinem stromlinienf\u00f6rmigen <strong>gradient metallic-Finish<\/strong> und <strong>Spiegel HD-Bildschirm<\/strong>, der Vozol Star 20000 leistet nicht nur hervorragend, sondern sieht auch gro\u00dfartig aus. Der <strong>Spiegelschirm<\/strong> bietet klare Informationen, einschlie\u00dflich Akkustand und E-Liquid-Status, damit Sie stets \u00fcber die Leistung Ihres Ger\u00e4ts informiert sind. <strong>kompaktes Design<\/strong> gew\u00e4hrleistet Portabilit\u00e4t und erm\u00f6glicht es Ihnen, Ihren Vape \u00fcberall hin mitzunehmen, ohne auf Stil zu verzichten.<\/p>\n<h3>Schnellladen und Komfort<\/h3>\n<p>M\u00fcde vom Warten darauf, dass Ihr Ger\u00e4t aufgeladen wird? Der <strong>Vozol Star 20000<\/strong> kann in nur <strong>30 Minuten<\/strong>, um sicherzustellen, dass du schnell wieder zum Dampfen kommst. Plus, die <strong>MTL (Mund-zu-Lunge)<\/strong> Das Design bietet ein vertrautes Gef\u00fchl \u00e4hnlich dem Rauchen und ist daher eine gute Wahl f\u00fcr diejenigen, die von Zigaretten umsteigen.<\/p>\n<h3>Hygienische und sichere Konstruktion<\/h3>\n<p>The \nwird zu \nDas <strong>Mundst\u00fcckschutz<\/strong> Diese Funktion stellt sicher, dass das Mundst\u00fcck sauber und hygienisch bleibt und h\u00e4lt Kontaminanten wie Staub und Schmutz fern, wenn es nicht verwendet wird. Diese Aufmerksamkeit f\u00fcr Hygiene ist einer der Gr\u00fcnde, warum sich die Vozol Star als erstklassiges Verdampfungsger\u00e4t hervorhebt.<\/p>\n<h3>Perfekt f\u00fcr Anf\u00e4nger und Experten gleicherma\u00dfen<\/h3>\n<p>The \nwird zu \nDas <strong>Vozol Star 20000 Puffs<\/strong> ist darauf ausgelegt, benutzerfreundlich f\u00fcr Anf\u00e4nger zu sein, mit einfachen Funktionen und leichter Handhabung. Ob Sie ein Neuling in der Welt des Vapens sind oder ein erfahrener Dampfer, dieses Ger\u00e4t ist eine ausgezeichnete Wahl. Sein unkompliziertes Design macht es ideal f\u00fcr diejenigen, die gerade erst anfangen, w\u00e4hrend seine erweiterten Funktionen die Vorlieben erfahrener Dampfer erf\u00fcllen werden.<\/p>\n<h2>Merkmale von Vozol Star 20000 Puffs Einweg-Vape<\/h2>\n<ul>\n<li><strong>20.000+ Puffs<\/strong>: Erweitern Sie die Verdampfungsvorg\u00e4nge und reduzieren Sie die Notwendigkeit h\u00e4ufiger Ersatzvorg\u00e4nge.<\/li>\n<li><strong>Aufladbar<\/strong>: Umweltfreundlich und kosteneffizient mit einer Schnelllade-Batterie (vollst\u00e4ndig aufgeladen in nur 30 Minuten).<\/li>\n<li><strong>Doppelte Mesh-Coils<\/strong>: Liefert einen reichen Geschmack und eine dichte Dampfwolke f\u00fcr einen befriedigenden Zug.<\/li>\n<li><strong>Dual-Modi<\/strong>: Eco-Modus f\u00fcr leichteren Dampf und Power-Modus f\u00fcr dichte Wolken.<\/li>\n<li><strong>LED-Bildschirmdisplay<\/strong>: Bietet Echtzeit-Updates zu Batterie- und E-Liquid-St\u00e4nden.<\/li>\n<li><strong>5% Nikotinst\u00e4rke<\/strong>: Befriedigender Nikotinschlag f\u00fcr ein erf\u00fcllendes Vaperlebnis.<\/li>\n<li><strong>MTL Design<\/strong>: Ideal f\u00fcr Mouth-to-Lung-Vaper, die ein smootheres Erlebnis \u00e4hnlich dem Rauchen m\u00f6chten.<\/li>\n<li><strong>Mundst\u00fcckschutz<\/strong>: Hygienische Konstruktion verhindert Kontamination.<\/li>\n<li><strong>Stylisches &amp; Kompaktes Design<\/strong>: Gradient-Metallic-Finish mit einem schlanken wei\u00dfen Geh\u00e4use f\u00fcr Portabilit\u00e4t und \u00e4sthetische Attraktivit\u00e4t.<\/li>\n<\/ul>\n<h2>Vozol Star 20000 Puffs Aromen<\/h2>\n<p>Der Vozol Star 20000 Puffs ist in einer breiten Vielfalt an mundwassermachenden Geschmacksrichtungen erh\u00e4ltlich. Ob Sie in der Stimmung f\u00fcr etwas Fruchtiges, Eisiges oder S\u00fc\u00dfes sind, es gibt eine Geschmacksrichtung f\u00fcr jeden. Hier ist eine vollst\u00e4ndige Liste der verf\u00fcgbaren Geschmacksrichtungen:<\/p>\n<p><img loading=\"lazy\" decoding=\"async\" class=\"alignnone wp-image-3623 size-full\" src=\"https:\/\/casinovape.de\/wp-content\/uploads\/2024\/11\/vozol-star-20000.webp\" alt=\"Europ\u00e4isches Lager Vozol Star 20000 Puffs Niedriger Nikotin Kauf Original Authentisch Aufladbare Einweg-Vapes Pen\" width=\"1131\" height=\"1600\" srcset=\"https:\/\/casinovape.de\/wp-content\/uploads\/2024\/11\/vozol-star-20000.webp 1131w, https:\/\/casinovape.de\/wp-content\/uploads\/2024\/11\/vozol-star-20000-212x300.webp 212w, https:\/\/casinovape.de\/wp-content\/uploads\/2024\/11\/vozol-star-20000-724x1024.webp 724w, https:\/\/casinovape.de\/wp-content\/uploads\/2024\/11\/vozol-star-20000-768x1086.webp 768w, https:\/\/casinovape.de\/wp-content\/uploads\/2024\/11\/vozol-star-20000-1086x1536.webp 1086w, https:\/\/casinovape.de\/wp-content\/uploads\/2024\/11\/vozol-star-20000-8x12.webp 8w, https:\/\/casinovape.de\/wp-content\/uploads\/2024\/11\/vozol-star-20000-600x849.webp 600w\" sizes=\"auto, (max-width: 1131px) 100vw, 1131px\" \/><\/p>\n<ol>\n<li><strong>Wassermelonen-Eis<\/strong>: Ein erfrischender und k\u00fchlender Wassermelonen-Geschmack, perfekt f\u00fcr hei\u00dfe Tage. Der eisige Ausatem f\u00fcgt eine erfrischende Note hinzu.<\/li>\n<li><strong>Trauben Eis<\/strong>: Ein smoother, saftiger Traubengeschmack, erg\u00e4nzt durch einen erfrischenden Eisabgang, der sowohl erfrischend als auch befriedigend ist.<\/li>\n<li><strong>Mango-Eis<\/strong>: S\u00fc\u00dfe, tropische Mango-Geschmacknote, kombiniert mit einem erfrischenden, eisigen Abgang, bietet die ultimative fruchtige Erfrischung.<\/li>\n<li><strong>Doppel-Apfel-Eis<\/strong>Eine Mischung aus zwei Apfelsorten - s\u00fc\u00df und sauer - kombiniert mit einer frostigen Eisnote f\u00fcr eine delightful Balance.<\/li>\n<li><strong>Erdbeere Kiwi<\/strong>: Die perfekte Mischung aus saftiger Erdbeere und s\u00e4uerlichem Kiwi, die ein s\u00fc\u00dfes und exotisches Aromaprofil schafft.<\/li>\n<li><strong>Himbeere Wassermelone<\/strong>Eine fruchtige Mischung aus s\u00e4uerlichen Himbeeren und s\u00fc\u00dfem Wassermelone, die ein leichtes und erfrischendes Aroma bietet.<\/li>\n<li><strong>Blauer Razz-Eis<\/strong>Eine s\u00fc\u00dfe und s\u00e4uerliche blaue Himbeeren-Note, mit einem erfrischenden eisigen Abgang, der den Geschmack erh\u00f6ht.<\/li>\n<li><strong>Erdbeere Mango<\/strong>: Eine tropische Kombination aus reifer Mango und s\u00fc\u00dfer Erdbeere, die eine perfekt ausbalancierte, fruchtige Mischung schafft.<\/li>\n<li><strong>Pfirsich Mango Wassermelone<\/strong>Eine Kombination aus saftigen Pfirsichen, tropischen Mangos und s\u00fc\u00dfen Wassermelonen, perfekt f\u00fcr diejenigen, die vielschichtige, fruchtige Aromen genie\u00dfen.<\/li>\n<li><strong>Kirsch-Cola<\/strong>: Ein nostalgischer Kirsch-Cola-Geschmack, der ein s\u00fc\u00dfes und prickelndes Vape-Erlebnis mit einem sanften Finish bietet.<\/li>\n<li><strong>Saftiges Pfirsich Eis<\/strong>: Der saftige Geschmack reifer Pfirsiche, verst\u00e4rkt durch einen erfrischenden K\u00e4lte-Finish f\u00fcr ein zus\u00e4tzliches erfrischendes Erlebnis.<\/li>\n<li><strong>Dragon StrawNana<\/strong>: Eine einzigartige Mischung aus Drachenfrucht, Erdbeere und Banane, die ein s\u00fc\u00dfes und exotisches Aromaprofil bietet.<\/li>\n<li><strong>Gemischte Beeren<\/strong>: Eine leckere Kombination aus verschiedenen Beeren, die bei jedem Puff eine s\u00fc\u00dfe und s\u00e4uerliche Geschmacksplosion liefert.<\/li>\n<li><strong>Zitrone Limette<\/strong>: Eine w\u00fcrzige Mischung aus sauren Zitronen- und Limettengeschmacksnoten, perfekt f\u00fcr diejenigen, die zitrusbasierte Vapes genie\u00dfen.<\/li>\n<li><strong>Tropischer Sturm<\/strong>: Eine tropische Mischung aus exotischen Fr\u00fcchten, die bei jedem Einatmen einen s\u00fc\u00dfen und erfrischenden Geschmack liefert.<\/li>\n<li><strong>Blaubeer Sturm<\/strong>: Ein smoother Blaubeer-Geschmack mit Ankl\u00e4ngen von S\u00fc\u00dfe und leichter S\u00e4ure, perfekt f\u00fcr Beeren-Liebhaber.<\/li>\n<li><strong>Parf\u00fcm Zitrone<\/strong>: Ein zitrusartiger und blumiger Zitronengeschmack, der einen frischen und belebenden Geschmack bietet.<\/li>\n<li><strong>Orange Ananas Litschi<\/strong>: Eine tropische Mischung aus s\u00fc\u00dfer Orange, saurer Ananas und exotischer Lychee, perfekt f\u00fcr diejenigen, die einen Hauch von tropischem Geschmack wollen.<\/li>\n<li><strong>Liebe 777<\/strong>: Eine einzigartige und mysteri\u00f6se Mischung aus Fr\u00fcchten und S\u00fc\u00dfigkeiten, die ein s\u00fc\u00dfes und aromatisches Erlebnis bietet.<\/li>\n<li><strong>Himbeere Apfel Wassermelone Ananas<\/strong>: Eine erfrischende Mischung aus Himbeere, Apfel, Wassermelone und Ananas, die eine s\u00fc\u00dfe und s\u00e4uerliche Kombination von Aromen bietet.<\/li>\n<\/ol>\n<h2>Warum w\u00e4hlen <a href=\"https:\/\/casinovape.de\/de\/produktkategorie\/vozol-einweg-vapes\/\">Vozol<\/a> Star 20000 Puffs Einweg-Vape<\/h2>\n<ul>\n<li><strong>Au\u00dfergew\u00f6hnlicher Geschmack<\/strong>: Mit fortschrittlicher Mesh-Coil-Technologie liefert der Vozol Star 20000 Puffs einen herausragenden Geschmack, der Ihre Gel\u00fcste mit jedem Zug befriedigt.<\/li>\n<li><strong>Erschwinglich &amp; Bequem<\/strong>: Mit 20.000 Z\u00fcgen bietet dieses Vape-Ger\u00e4t ein gro\u00dfes Preis-Leistungs-Verh\u00e4ltnis, reduziert den Bedarf an h\u00e4ufigen Ersatz und Nachf\u00fcllungen.<\/li>\n<li><strong>Schnellladen<\/strong>: Laden Sie Ihr Ger\u00e4t in nur 30 Minuten vollst\u00e4ndig auf, minimieren Sie Ausfallzeiten und maximieren Sie Ihr Verdampferlebnis.<\/li>\n<li><strong>Gro\u00dfe Vielfalt an Geschmacksrichtungen<\/strong>: Von fruchtigen bis hin zu eisigen Optionen gibt es einen Geschmack, der jeder Vorliebe entspricht, sodass Sie nie Langeweile bekommen.<\/li>\n<li><strong>Qualit\u00e4t und Sicherheit<\/strong>: Die Vozol Star 20000 Puffs verf\u00fcgt \u00fcber ein hygienisches Mundst\u00fcck und zuverl\u00e4ssige Leistung, um ein sicheres und angenehmes Vaperlebnis zu gew\u00e4hrleisten.<\/li>\n<\/ul>\n<h2>Kaufe Vozol Star 20000 Puffs von <a href=\"https:\/\/casinovape.de\/de\/\">Casinovape<\/a><\/h2>\n<p>Casinovape ist der f\u00fchrende <strong>Online-Handelsplattform<\/strong> f\u00fcr Einweg-E-Zigaretten in der <strong>Deutschland<\/strong>Wir bieten eine breite Palette von hochwertigen Marken an, darunter <strong>Al Fakher<\/strong>, <strong>Fizzy<\/strong>, <strong>OBEELAB HHC<\/strong>, <strong>Randm Fumot<\/strong>und <strong>SMPO DL02<\/strong>, alle zu unschlagbaren Preisen. Ohne Mindestbestellmenge und schneller Versand von unserem <strong>Europ\u00e4ischer E-Lagerhaus<\/strong>, k\u00f6nnen Sie Ihre Lieblings-Einweg-Vapes innerhalb von nur <strong>3-7 Tage<\/strong>Ob Sie nur einen oder mehrere kaufen, gew\u00e4hrleistet Casinovape ein reibungsloses und problemloses Einkaufserlebnis.<\/p>\n<p><strong>Jetzt bestellen<\/strong> und genie\u00dfen Sie das ultimative Vaping-Erlebnis mit Vozol Star 20000 Puffs!<\/p>\n<\/div>\n<\/div>\n<\/div>\n<\/div>\n<\/div>\n<\/div>","protected":false},"excerpt":{"rendered":"<p>Gesch\u00e4ft <strong>Vozol Star 20000 Puffs<\/strong> Einweg-Vape bei Casinovape, mit langer Leistung, reichen Aromen und schnellem Aufladen. Genie\u00dfen Sie das Premium-Vapen ohne Mindestbestellmenge und schnelle Lieferung aus unserem europ\u00e4ischen Lager.<\/p>","protected":false},"featured_media":5259,"comment_status":"open","ping_status":"closed","template":"","meta":[],"product_brand":[],"product_cat":[22,78,79,80,81,82,83,84,86,87,88,90,92,94,95,96,98,99,65,66,67,68,69,70,71,72,73,74,75,76,77,57,63,45,48,50,51,47,52,54],"product_tag":[],"class_list":{"0":"post-4352","1":"product","2":"type-product","3":"status-publish","4":"has-post-thumbnail","6":"product_cat-vozol-disposable-vapes","7":"product_cat-buy-best-disposable-vape-flavors","8":"product_cat-apple-flavor-disposable-vapes","9":"product_cat-blue-razz-flavor-disposable-vapes","10":"product_cat-blueberry-flavor-disposable-vapes","11":"product_cat-cherry-flavor-disposable-vapes","12":"product_cat-cola-flavor-disposable-vapes","13":"product_cat-grape-flavor-disposable-vapes","14":"product_cat-ice-flavor-disposable-vapes","15":"product_cat-kiwi-flavor-disposable-vapes","16":"product_cat-lemon-flavor-disposable-vapes","17":"product_cat-mango-flavor-disposable-vapes","18":"product_cat-mixed-berries-flavor-disposable-vapes","19":"product_cat-peach-flavor-disposable-vapes","20":"product_cat-pineapple-flavor-disposable-vapes","21":"product_cat-raspberry-flavor-disposable-vapes","22":"product_cat-strawberry-flavor-disposable-vapes","23":"product_cat-watermelon-flavor-disposable-vapes","24":"product_cat-best-disposable-vape-in-europe","25":"product_cat-buy-disposable-vapes-in-austria","26":"product_cat-buy-disposable-vapes-in-belgium","27":"product_cat-buy-disposable-vapes-in-france","28":"product_cat-buy-disposable-vapes-in-germany","29":"product_cat-buy-disposable-vapes-in-italy","30":"product_cat-buy-disposable-vapes-in-netherlands","31":"product_cat-buy-disposable-vapes-in-norway","32":"product_cat-buy-disposable-vapes-in-poland","33":"product_cat-buy-disposable-vapes-in-portugal","34":"product_cat-buy-disposable-vapes-in-spain","35":"product_cat-buy-disposable-vapes-in-sweden","36":"product_cat-buy-disposable-vapes-in-switzerland","37":"product_cat-shop-disposable-vapes-by-puffs","38":"product_cat-20000-puff-disposable-vape","39":"product_cat-disposable-vape-types","40":"product_cat-big-puffs-disposable-vapes","41":"product_cat-digital-box-disposable-vapes","42":"product_cat-dual-mesh-disposable-vapes","43":"product_cat-full-screen-disposable-vapes","44":"product_cat-lower-nicotine-disposable-vapes","45":"product_cat-rechargeable-disposable-vapes","47":"first","48":"instock","49":"sale","50":"shipping-taxable","51":"purchasable","52":"product-type-variable"},"jetpack_sharing_enabled":true,"_links":{"self":[{"href":"https:\/\/casinovape.de\/de\/wp-json\/wp\/v2\/product\/4352","targetHints":{"allow":["GET"]}}],"collection":[{"href":"https:\/\/casinovape.de\/de\/wp-json\/wp\/v2\/product"}],"about":[{"href":"https:\/\/casinovape.de\/de\/wp-json\/wp\/v2\/types\/product"}],"replies":[{"embeddable":true,"href":"https:\/\/casinovape.de\/de\/wp-json\/wp\/v2\/comments?post=4352"}],"wp:featuredmedia":[{"embeddable":true,"href":"https:\/\/casinovape.de\/de\/wp-json\/wp\/v2\/media\/5259"}],"wp:attachment":[{"href":"https:\/\/casinovape.de\/de\/wp-json\/wp\/v2\/media?parent=4352"}],"wp:term":[{"taxonomy":"product_brand","embeddable":true,"href":"https:\/\/casinovape.de\/de\/wp-json\/wp\/v2\/product_brand?post=4352"},{"taxonomy":"product_cat","embeddable":true,"href":"https:\/\/casinovape.de\/de\/wp-json\/wp\/v2\/product_cat?post=4352"},{"taxonomy":"product_tag","embeddable":true,"href":"https:\/\/casinovape.de\/de\/wp-json\/wp\/v2\/product_tag?post=4352"}],"curies":[{"name":"wp","href":"https:\/\/api.w.org\/{rel}","templated":true}]}}