{"id":13,"date":"2024-10-20T09:51:21","date_gmt":"2024-10-20T09:51:21","guid":{"rendered":"https:\/\/casinovape.de\/?page_id=13"},"modified":"2024-11-03T09:59:32","modified_gmt":"2024-11-03T09:59:32","slug":"ruckerstattungsrichtlinie-von-casinovape","status":"publish","type":"page","link":"https:\/\/casinovape.de\/de\/ruckerstattungsrichtlinie-von-casinovape\/","title":{"rendered":"CasinoVape R\u00fcckerstattungsrichtlinie"},"content":{"rendered":"<p>Bei CasinoVape setzen wir uns f\u00fcr die Lieferung von Premium-Qualit\u00e4ts-Einweg-Vapes ein und gew\u00e4hrleisten Ihre Zufriedenheit mit jedem Kauf. Unsere R\u00fcckgabe- und R\u00fcckerstattungsrichtlinie ist mit Transparenz und Fairness im Sinn gestaltet, damit Sie mit Zuversicht einkaufen k\u00f6nnen.<\/p>\r\n<hr \/>\r\n<h4>1. Auftragsstornierungen und Berechtigung f\u00fcr R\u00fcckerstattungen<\/h4>\r\n<p>Wenn Sie Ihre Bestellung stornieren m\u00f6chten, benachrichtigen Sie uns bitte innerhalb von 24 Stunden nach dem Kauf. Bestellungen, die noch nicht bearbeitet oder versendet wurden, sind f\u00fcr eine volle R\u00fcckerstattung berechtigt. Leider kann eine Bestellung nicht mehr storniert werden, sobald sie bearbeitet oder versendet wurde.<\/p>\r\n<h4>2. R\u00fcckerstattungen nach dem 24-Stunden-Fenster<\/h4>\r\n<p>Die meisten Bestellungen gehen nach 24 Stunden in die Bearbeitung \u00fcber. Teilr\u00fcckerstattungen von bis zu 50% k\u00f6nnen m\u00f6glich sein, wenn Ihre Bestellung noch nicht versendet wurde, aber Bearbeitungsgeb\u00fchren angefallen sind. Bestellungen, die bereits versendet wurden, sind nicht r\u00fcckerstattungsf\u00e4hig.<\/p>\r\n<h4>3. Besch\u00e4digte oder fehlerhafte Produkte<\/h4>\r\n<p>Wenn Sie ein fehlerhaftes oder besch\u00e4digtes Produkt erhalten, kontaktieren Sie uns bitte innerhalb von 7 Tagen nach Erhalt. Um Ihre Reklamation zu bearbeiten, k\u00f6nnen wir fotografische Beweise anfordern, um das Problem zu bewerten. Berechtigte Reklamationen k\u00f6nnen je nach Verf\u00fcgbarkeit eine volle R\u00fcckerstattung oder einen Ersatz qualifizieren.<\/p>\r\n<h4>4. Zoll und Versandversicherung<\/h4>\r\n<p>Alle Bestellungen sind w\u00e4hrend des Transports versichert. Falls Ihre Bestellung von den Zollbeh\u00f6rden zur\u00fcckgehalten wird und das Problem nicht innerhalb eines angemessenen Zeitrahmens gel\u00f6st werden kann, bieten wir eine volle R\u00fcckerstattung an.<\/p>\r\n<h4>5. Falsche Versandinformationen<\/h4>\r\n<p>Kunden sind f\u00fcr die Angabe genauer Versandinformationen verantwortlich. Jegliche Ungenauigkeiten, die zu einer R\u00fccksendung f\u00fchren, k\u00f6nnen zus\u00e4tzliche Versandkosten verursachen.<\/p>\r\n<h4>6. R\u00fcckerstattungen bei Gro\u00dfbestellungen<\/h4>\r\n<p>F\u00fcr Gro\u00dfbestellungen gelten unterschiedliche R\u00fcckerstattungsbedingungen. Im Allgemeinen sind Gro\u00dfbestellungen nach dem Versand nicht f\u00fcr R\u00fcckerstattungen berechtigt, es sei denn, es gibt ein best\u00e4tigtes Qualit\u00e4tsproblem oder es wurden die falschen Artikel geliefert.<\/p>\r\n<h4>7. Eine R\u00fcckerstattung anfordern<\/h4>\r\n<p>Um eine R\u00fcckerstattungsanfrage zu starten, kontaktieren Sie bitte unser Kundensupport-Team unter <a rel=\"noopener\">info@casinovape.de<\/a> mit Ihrer Bestellnummer und einer kurzen Beschreibung des Problems. Wir werden Ihre Anfrage innerhalb von 3-5 Werktagen \u00fcberpr\u00fcfen.<\/p>\r\n<p>Durch einen Kauf auf CasinoVape stimmen Sie diesen R\u00fcckerstattungsbedingungen zu. Wenn Sie weitere Fragen haben, z\u00f6gern Sie nicht, uns zu kontaktieren.<\/p>","protected":false},"excerpt":{"rendered":"<p>At CasinoVape, we\u2019re committed to delivering premium-quality disposable vapes and ensuring your satisfaction with each purchase. Our return and refund policy is crafted with transparency and fairness in mind so that you can shop with confidence. 1. Order Cancellations and Eligibility for Refunds If you wish to cancel your order, please notify us within 24 [\u2026]","protected":false},"author":1,"featured_media":0,"parent":0,"menu_order":0,"comment_status":"closed","ping_status":"closed","template":"page-blank-title-center.php","meta":{"footnotes":""},"class_list":["post-13","page","type-page","status-publish","hentry"],"jetpack_sharing_enabled":true,"_links":{"self":[{"href":"https:\/\/casinovape.de\/de\/wp-json\/wp\/v2\/pages\/13","targetHints":{"allow":["GET"]}}],"collection":[{"href":"https:\/\/casinovape.de\/de\/wp-json\/wp\/v2\/pages"}],"about":[{"href":"https:\/\/casinovape.de\/de\/wp-json\/wp\/v2\/types\/page"}],"author":[{"embeddable":true,"href":"https:\/\/casinovape.de\/de\/wp-json\/wp\/v2\/users\/1"}],"replies":[{"embeddable":true,"href":"https:\/\/casinovape.de\/de\/wp-json\/wp\/v2\/comments?post=13"}],"version-history":[{"count":0,"href":"https:\/\/casinovape.de\/de\/wp-json\/wp\/v2\/pages\/13\/revisions"}],"wp:attachment":[{"href":"https:\/\/casinovape.de\/de\/wp-json\/wp\/v2\/media?parent=13"}],"curies":[{"name":"wp","href":"https:\/\/api.w.org\/{rel}","templated":true}]}}