{"id":1042,"date":"2024-10-20T09:46:30","date_gmt":"2024-10-20T09:46:30","guid":{"rendered":"https:\/\/casinovape.de\/?page_id=1042"},"modified":"2024-11-03T10:00:04","modified_gmt":"2024-11-03T10:00:04","slug":"versandbedingungen-von-casinovape","status":"publish","type":"page","link":"https:\/\/casinovape.de\/de\/versandbedingungen-von-casinovape\/","title":{"rendered":"CasinoVape Versandrichtlinie"},"content":{"rendered":"<p>Willkommen bei CasinoVape! Wir freuen uns, Ihnen Premium-Einweg-Vapes von Top-Marken wie Al Fakher, Fizzy, OBEELAB HHC und SMPO DL02 direkt aus unserem europ\u00e4ischen Lager zu liefern. Ob Sie die Welt der Einweg-Vapes erkunden oder ein erfahrener Enthusiast sind, unser Versandprozess ist f\u00fcr ein reibungsloses und rechtzeitiges Erlebnis konzipiert.<\/p>\n<h3>Auftragsabwicklung und Versandzeiten<\/h3>\n<ul>\n<li><strong>Bearbeitungszeit<\/strong>: Bestellungen werden innerhalb von 1-3 Werktagen bearbeitet. Bitte beachten Sie, dass Bestellungen, die am Wochenende aufgegeben werden, erst am folgenden Montag bearbeitet werden.<\/li>\n<li><strong>Versanddauer<\/strong>: Nach der Bearbeitung dauert die Lieferung je nach Standort und gew\u00e4hlter Versandmethode in der Regel zwischen 3-7 Werktagen.<\/li>\n<\/ul>\n<h3>Versandkosten und Freibetr\u00e4ge f\u00fcr kostenlosen Versand<\/h3>\n<p>Um Ihr Einkaufserlebnis noch besser zu machen, bieten wir kostenlose Lieferung f\u00fcr qualifizierende Bestellungen an:<\/p>\n<ul>\n<li><strong>Innerhalb Deutschlands<\/strong>: Kostenfreie Standardlieferung bei Bestellungen \u00fcber 49,99 \u20ac.<\/li>\n<li><strong>Innerhalb der EU<\/strong>: Kostenfreie Standardlieferung bei Bestellungen \u00fcber 99,99 \u20ac.<\/li>\n<\/ul>\n<p>Wenn Ihre Bestellung diese Mindestwerte nicht erreicht, gelten die Standardversandraten basierend auf Ihrem Standort und der gew\u00e4hlten Lieferoption.<\/p>\n<h3>L\u00e4nder, in die wir liefern<\/h3>\n<p>Unsere Versandservices umfassen die folgenden europ\u00e4ischen L\u00e4nder direkt aus unseren EU-basierten Lagerh\u00e4usern:<\/p>\n<ul>\n<li><strong>Deutschland, \u00d6sterreich, Belgien, Frankreich, Italien, Irland, Portugal, Spanien und die Niederlande<\/strong><\/li>\n<li><strong>Nordische Regionen<\/strong>: D\u00e4nemark, Finnland und Schweden<\/li>\n<li><strong>Zentral- und Osteuropa<\/strong>: Tschechien, Ungarn, Slowakei, Slowenien, Polen, Kroatien, Bulgarien, Litauen, Lettland, Estland und Griechenland<\/li>\n<\/ul>\n<p>Wenn Ihr Land nicht aufgef\u00fchrt ist, k\u00f6nnen wir Ihnen m\u00f6glicherweise trotzdem liefern. Bitte kontaktieren Sie uns unter <a rel=\"noopener\">info@casinovape.de<\/a> um verf\u00fcgbare Optionen und Tarife zu best\u00e4tigen.<\/p>\n<h3>Bestellungs\u00e4nderungen und Stornierungen<\/h3>\n<p>Sie k\u00f6nnen Ihre Bestellung \u00e4ndern oder stornieren, solange sie noch nicht versendet wurde. Sobald die Bestellung versendet wurde, k\u00f6nnen keine weiteren \u00c4nderungen, einschlie\u00dflich Adress\u00e4nderungen oder Stornierungen, vorgenommen werden.<\/p>\n<h3>Bestellverfolgung<\/h3>\n<p>Sobald Ihre Bestellung versendet wird, erhalten Sie eine E-Mail mit einem Tracking-Link. Sie k\u00f6nnen den Fortschritt Ihres Pakets \u00fcber <a href=\"https:\/\/www.17track.net\" target=\"_new\" rel=\"noopener\">17track.net<\/a>, das Echtzeit-Tracking-Updates bereitstellt. Beachten Sie, dass die Tracking-Informationen bis zu 48 Stunden dauern k\u00f6nnen, um aktiv zu werden.<\/p>\n<h3>Zahlungsoptionen<\/h3>\n<p>Wir bieten flexible Zahlungsmethoden, einschlie\u00dflich:<\/p>\n<ul>\n<li><strong>Kreditkarte &amp; PayPal<\/strong> F\u00fcr sichere, bequeme Transaktionen.<\/li>\n<li><strong>Kryptow\u00e4hrung<\/strong> F\u00fcr Kunden, die blockchain-basierte Zahlungen bevorzugen.<\/li>\n<li><strong>SEPA-\u00dcberweisung<\/strong> F\u00fcr Kunden in verschiedenen europ\u00e4ischen L\u00e4ndern.<\/li>\n<\/ul>\n<h3>Kontaktieren Sie uns<\/h3>\n<p>Bei Fragen oder f\u00fcr Unterst\u00fctzung ist unser engagiertes Kundensupport-Team hier, um zu helfen. Bitte z\u00f6gern Sie nicht, uns zu kontaktieren unter <a rel=\"noopener\">info@casinovape.de<\/a>Wir setzen uns daf\u00fcr ein, Ihnen einen erstklassigen Service zu bieten, um Ihr Vaperlebnis zu verbessern.<\/p>\n<p>Vielen Dank f\u00fcr die Wahl von CasinoVape, wo Premium-Einweg-Vapes auf schnelle, zuverl\u00e4ssige Lieferung in ganz Europa treffen. Genie\u00dfen Sie Ihre E-Dampf-Reise mit uns!<\/p>","protected":false},"excerpt":{"rendered":"<p>Willkommen bei CasinoVape! Wir freuen uns, Ihnen Premium-Einweg-Vapes von Top-Marken wie Al Fakher, Fizzy, OBEELAB HHC und SMPO DL02 direkt aus unserem europ\u00e4ischen Lager zu liefern. Ob Sie die Welt der Einweg-Vapes erkunden oder ein erfahrener Enthusiast sind, unser Versandprozess ist f\u00fcr ein reibungsloses und rechtzeitiges Erlebnis konzipiert. Auftragsabwicklung und [\u2026]","protected":false},"author":1,"featured_media":0,"parent":0,"menu_order":0,"comment_status":"closed","ping_status":"closed","template":"page-blank-title-center.php","meta":{"footnotes":""},"class_list":["post-1042","page","type-page","status-publish","hentry"],"jetpack_sharing_enabled":true,"_links":{"self":[{"href":"https:\/\/casinovape.de\/de\/wp-json\/wp\/v2\/pages\/1042","targetHints":{"allow":["GET"]}}],"collection":[{"href":"https:\/\/casinovape.de\/de\/wp-json\/wp\/v2\/pages"}],"about":[{"href":"https:\/\/casinovape.de\/de\/wp-json\/wp\/v2\/types\/page"}],"author":[{"embeddable":true,"href":"https:\/\/casinovape.de\/de\/wp-json\/wp\/v2\/users\/1"}],"replies":[{"embeddable":true,"href":"https:\/\/casinovape.de\/de\/wp-json\/wp\/v2\/comments?post=1042"}],"version-history":[{"count":0,"href":"https:\/\/casinovape.de\/de\/wp-json\/wp\/v2\/pages\/1042\/revisions"}],"wp:attachment":[{"href":"https:\/\/casinovape.de\/de\/wp-json\/wp\/v2\/media?parent=1042"}],"curies":[{"name":"wp","href":"https:\/\/api.w.org\/{rel}","templated":true}]}}