{"id":1027,"date":"2024-10-20T09:27:32","date_gmt":"2024-10-20T09:27:32","guid":{"rendered":"https:\/\/casinovape.de\/?page_id=1027"},"modified":"2024-11-03T10:00:46","modified_gmt":"2024-11-03T10:00:46","slug":"casinovape-zahlungsmethoden","status":"publish","type":"page","link":"https:\/\/casinovape.de\/de\/casinovape-zahlungsmethoden\/","title":{"rendered":"CasinoVape Zahlungsmethoden"},"content":{"rendered":"<p>Bei CasinoVape legen wir gro\u00dfen Wert darauf, Ihnen ein nahtloses und sicheres Einkaufserlebnis zu bieten. Unser Ziel ist es, Ihnen bequeme und zuverl\u00e4ssige Zahlungsoptionen anzubieten, damit Sie Ihre Lieblings- Premium-Einweg-Vapes leicht kaufen k\u00f6nnen.<\/p>\n<h3>Kreditkarten<\/h3>\n<p>Wir akzeptieren alle g\u00e4ngigen Kreditkarten und bieten Ihnen damit eine schnelle und unkomplizierte Zahlungsmethode. W\u00e4hlen Sie einfach Ihre Produkte aus, bezahlen Sie mit Ihrer bevorzugten Karte und profitieren Sie von einer schnellen Auftragsabwicklung, um Ihre Artikel rechtzeitig zu erhalten.<\/p>\n<h3>PayPal<\/h3>\n<p>F\u00fcr Kunden, die Sicherheit und Einfachheit sch\u00e4tzen, bieten wir PayPal als Zahlungsm\u00f6glichkeit an. PayPal gew\u00e4hrleistet, dass Ihre Zahlungen sicher sind und bietet umfangreichen K\u00e4uferschutz, sodass Sie mit Zuversicht und Ruhe einkaufen k\u00f6nnen.<\/p>\n<h3>Kryptow\u00e4hrung<\/h3>\n<p>Nutzen Sie die Vorteile von digitalen W\u00e4hrungen! Im CasinoVape akzeptieren wir Kryptow\u00e4hrungen, wodurch Sie Zugang zu einer modernen und dezentralisierten Zahlungsmethode erhalten. Genie\u00dfen Sie mehr Privatsph\u00e4re und Flexibilit\u00e4t, wenn Sie sich f\u00fcr diese Option entscheiden.<\/p>\n<h3>SEPA-\u00dcberweisung<\/h3>\n<p>F\u00fcr unsere Kunden innerhalb der Europ\u00e4ischen Union bieten wir SEPA-\u00dcberweisungen an, die g\u00fcnstige und direkte Zahlungen innerhalb der Eurozone erm\u00f6glichen. Diese Methode ist ideal, wenn Sie bankbasierte Transaktionen mit niedrigen \u00dcberweisungsgeb\u00fchren bevorzugen.<\/p>\n<h3>Kundensupport<\/h3>\n<p>Wenn Sie Fragen zu unseren Zahlungsoptionen haben oder spezifische Unterst\u00fctzung ben\u00f6tigen, ist unser engagiertes Kundenservice-Team hier, um zu helfen. Z\u00f6gern Sie nicht, uns per E-Mail zu kontaktieren unter <a rel=\"noopener\">info@casinovape.de<\/a>und wir werden Ihnen gerne behilflich sein.<\/p>\n<p><strong>Versand und Lieferung<\/strong> Wir liefern aus unserem europ\u00e4ischen Lager und gew\u00e4hrleisten eine schnelle Lieferung innerhalb von 3-7 Tagen. In Deutschland versenden wir Bestellungen \u00fcber 49,99 \u20ac kostenlos; f\u00fcr EU-Bestellungen genie\u00dfen Sie kostenlosen Versand bei Eink\u00e4ufen \u00fcber 99,99 \u20ac.<\/p>\n<p>Vielen Dank f\u00fcr die Wahl von CasinoVape. Wir freuen uns darauf, Ihnen ein erstklassiges Einkaufserlebnis zu bieten!<\/p>","protected":false},"excerpt":{"rendered":"<p>Bei CasinoVape legen wir gro\u00dfen Wert darauf, Ihnen ein nahtloses und sicheres Einkaufserlebnis zu bieten. Unser Ziel ist es, Ihnen bequeme und zuverl\u00e4ssige Zahlungsoptionen anzubieten, damit Sie Ihre Lieblings- Premium-Einweg-Vapes leicht kaufen k\u00f6nnen. Kreditkarten Wir akzeptieren alle g\u00e4ngigen Kreditkarten und bieten Ihnen damit eine schnelle und unkomplizierte Zahlungsmethode. W\u00e4hlen Sie einfach Ihre Produkte, bezahlen Sie [\u2026]","protected":false},"author":1,"featured_media":0,"parent":0,"menu_order":0,"comment_status":"closed","ping_status":"closed","template":"page-blank-title-center.php","meta":{"footnotes":""},"class_list":["post-1027","page","type-page","status-publish","hentry"],"jetpack_sharing_enabled":true,"_links":{"self":[{"href":"https:\/\/casinovape.de\/de\/wp-json\/wp\/v2\/pages\/1027","targetHints":{"allow":["GET"]}}],"collection":[{"href":"https:\/\/casinovape.de\/de\/wp-json\/wp\/v2\/pages"}],"about":[{"href":"https:\/\/casinovape.de\/de\/wp-json\/wp\/v2\/types\/page"}],"author":[{"embeddable":true,"href":"https:\/\/casinovape.de\/de\/wp-json\/wp\/v2\/users\/1"}],"replies":[{"embeddable":true,"href":"https:\/\/casinovape.de\/de\/wp-json\/wp\/v2\/comments?post=1027"}],"version-history":[{"count":0,"href":"https:\/\/casinovape.de\/de\/wp-json\/wp\/v2\/pages\/1027\/revisions"}],"wp:attachment":[{"href":"https:\/\/casinovape.de\/de\/wp-json\/wp\/v2\/media?parent=1027"}],"curies":[{"name":"wp","href":"https:\/\/api.w.org\/{rel}","templated":true}]}}